{"id":1808,"date":"2022-06-27T08:32:58","date_gmt":"2022-06-27T08:32:58","guid":{"rendered":"https:\/\/machpanda.com\/?page_id=1808"},"modified":"2022-11-09T07:24:17","modified_gmt":"2022-11-09T07:24:17","slug":"why-choose-us-5","status":"publish","type":"page","link":"https:\/\/machpanda.com\/es\/why-choose-us-5\/","title":{"rendered":"Por qu\u00e9 elegirnos"},"content":{"rendered":"<div data-elementor-type=\"wp-page\" data-elementor-id=\"1808\" class=\"elementor elementor-1808\" data-elementor-post-type=\"page\">\n\t\t\t\t\t\t<section data-particle_enable=\"false\" data-particle-mobile-disabled=\"false\" class=\"elementor-section elementor-top-section elementor-element elementor-element-2410f94 ct-section-stretched elementor-section-height-min-height elementor-section-boxed elementor-section-height-default elementor-section-items-middle\" data-id=\"2410f94\" data-element_type=\"section\" data-e-type=\"section\" data-settings=\"{&quot;background_background&quot;:&quot;classic&quot;}\">\n\t\t\t\t\t\t\t<div class=\"elementor-background-overlay\"><\/div>\n\t\t\t\t\t\t\t<div class=\"elementor-container elementor-column-gap-default\">\n\t\t\t\t\t<div class=\"elementor-column elementor-col-100 elementor-top-column elementor-element elementor-element-d2a6e13\" data-id=\"d2a6e13\" data-element_type=\"column\" data-e-type=\"column\">\n\t\t\t<div class=\"elementor-widget-wrap elementor-element-populated\">\n\t\t\t\t\t\t<div class=\"elementor-element elementor-element-8ab7b8f elementor-widget elementor-widget-heading\" data-id=\"8ab7b8f\" data-element_type=\"widget\" data-e-type=\"widget\" data-widget_type=\"heading.default\">\n\t\t\t\t<div class=\"elementor-widget-container\">\n\t\t\t\t\t<h2 class=\"elementor-heading-title elementor-size-default\">Panda de Shandong<\/h2>\t\t\t\t<\/div>\n\t\t\t\t<\/div>\n\t\t\t\t\t<\/div>\n\t\t<\/div>\n\t\t\t\t\t<\/div>\n\t\t<\/section>\n\t\t\t\t<section data-particle_enable=\"false\" data-particle-mobile-disabled=\"false\" class=\"elementor-section elementor-top-section elementor-element elementor-element-4939cd3 elementor-section-boxed elementor-section-height-default elementor-section-height-default\" data-id=\"4939cd3\" data-element_type=\"section\" data-e-type=\"section\">\n\t\t\t\t\t\t<div class=\"elementor-container elementor-column-gap-default\">\n\t\t\t\t\t<div class=\"elementor-column elementor-col-100 elementor-top-column elementor-element elementor-element-c003b51\" data-id=\"c003b51\" data-element_type=\"column\" data-e-type=\"column\">\n\t\t\t<div class=\"elementor-widget-wrap elementor-element-populated\">\n\t\t\t\t\t\t<div class=\"elementor-element elementor-element-ca94af8 elementor-widget elementor-widget-heading\" data-id=\"ca94af8\" data-element_type=\"widget\" data-e-type=\"widget\" data-widget_type=\"heading.default\">\n\t\t\t\t<div class=\"elementor-widget-container\">\n\t\t\t\t\t<h2 class=\"elementor-heading-title elementor-size-default\">Por qu\u00e9 elegirnos\n<\/h2>\t\t\t\t<\/div>\n\t\t\t\t<\/div>\n\t\t\t\t<div class=\"elementor-element elementor-element-a15709c elementor-widget elementor-widget-text-editor\" data-id=\"a15709c\" data-element_type=\"widget\" data-e-type=\"widget\" data-widget_type=\"text-editor.default\">\n\t\t\t\t<div class=\"elementor-widget-container\">\n\t\t\t\t\t\t\t\t\t<p>Los productos de la empresa incluyen principalmente maquinaria de ingenier\u00eda, maquinaria vial, maquinaria log\u00edstica, camiones pesados, equipos especiales y una amplia gama de repuestos.<\/p>\t\t\t\t\t\t\t\t<\/div>\n\t\t\t\t<\/div>\n\t\t\t\t\t<\/div>\n\t\t<\/div>\n\t\t\t\t\t<\/div>\n\t\t<\/section>\n\t\t\t\t<section data-particle_enable=\"false\" data-particle-mobile-disabled=\"false\" class=\"elementor-section elementor-top-section elementor-element elementor-element-4546587 ct-section-stretched elementor-section-boxed elementor-section-height-default elementor-section-height-default\" data-id=\"4546587\" data-element_type=\"section\" data-e-type=\"section\">\n\t\t\t\t\t\t<div class=\"elementor-container elementor-column-gap-default\">\n\t\t\t\t\t<div class=\"elementor-column elementor-col-50 elementor-top-column elementor-element elementor-element-8dff220\" data-id=\"8dff220\" data-element_type=\"column\" data-e-type=\"column\">\n\t\t\t<div class=\"elementor-widget-wrap elementor-element-populated\">\n\t\t\t\t\t\t<div class=\"elementor-element elementor-element-f01fc63 elementor-widget elementor-widget-image\" data-id=\"f01fc63\" data-element_type=\"widget\" data-e-type=\"widget\" data-widget_type=\"image.default\">\n\t\t\t\t<div class=\"elementor-widget-container\">\n\t\t\t\t\t\t\t\t\t\t\t\t\t\t\t<img fetchpriority=\"high\" decoding=\"async\" width=\"664\" height=\"499\" src=\"https:\/\/machpanda.com\/wp-content\/uploads\/2022\/06\/\u672a\u6807\u9898-3-2.jpg\" class=\"attachment-large size-large wp-image-1861\" alt=\"best compact motor grader\" srcset=\"https:\/\/machpanda.com\/wp-content\/uploads\/2022\/06\/\u672a\u6807\u9898-3-2.jpg 664w, https:\/\/machpanda.com\/wp-content\/uploads\/2022\/06\/\u672a\u6807\u9898-3-2-300x225.jpg.webp 300w, https:\/\/machpanda.com\/wp-content\/uploads\/2022\/06\/\u672a\u6807\u9898-3-2-600x451.jpg.webp 600w\" sizes=\"(max-width: 664px) 100vw, 664px\" title=\"\">\t\t\t\t\t\t\t\t\t\t\t\t\t\t\t<\/div>\n\t\t\t\t<\/div>\n\t\t\t\t\t<\/div>\n\t\t<\/div>\n\t\t\t\t<div class=\"elementor-column elementor-col-50 elementor-top-column elementor-element elementor-element-0147cff\" data-id=\"0147cff\" data-element_type=\"column\" data-e-type=\"column\">\n\t\t\t<div class=\"elementor-widget-wrap elementor-element-populated\">\n\t\t\t\t\t\t<div class=\"elementor-element elementor-element-97f4612 elementor-widget elementor-widget-text-editor\" data-id=\"97f4612\" data-element_type=\"widget\" data-e-type=\"widget\" data-widget_type=\"text-editor.default\">\n\t\t\t\t<div class=\"elementor-widget-container\">\n\t\t\t\t\t\t\t\t\t<p>La empresa consta de la divisi\u00f3n de maquinaria de construcci\u00f3n; divisi\u00f3n de camiones pesados; divisi\u00f3n de mini maquinaria de construcci\u00f3n; divisi\u00f3n de repuestos.<br \/><strong>Misi\u00f3n de la empresa:<\/strong> que el mundo no tenga equipos dif\u00edciles de comprar<br \/><strong>Visi\u00f3n de la empresa:<\/strong> pueblo unido, valor unido<br \/><strong>Valores de la empresa:<\/strong> cliente primero, cooperaci\u00f3n en equipo, ganar-ganar, integridad, profesionalismo y pasi\u00f3n.<\/p>\t\t\t\t\t\t\t\t<\/div>\n\t\t\t\t<\/div>\n\t\t\t\t<div class=\"elementor-element elementor-element-e473442 elementor-widget elementor-widget-button\" data-id=\"e473442\" data-element_type=\"widget\" data-e-type=\"widget\" data-widget_type=\"button.default\">\n\t\t\t\t<div class=\"elementor-widget-container\">\n\t\t\t\t\t\t\t\t\t<div class=\"elementor-button-wrapper\">\n\t\t\t\t\t<a class=\"elementor-button elementor-button-link elementor-size-md\" href=\"https:\/\/machpanda.com\/es\/contact\/\">\n\t\t\t\t\t\t<span class=\"elementor-button-content-wrapper\">\n\t\t\t\t\t\t\t\t\t<span class=\"elementor-button-text\">Cont\u00e1ctenos<\/span>\n\t\t\t\t\t<\/span>\n\t\t\t\t\t<\/a>\n\t\t\t\t<\/div>\n\t\t\t\t\t\t\t\t<\/div>\n\t\t\t\t<\/div>\n\t\t\t\t\t<\/div>\n\t\t<\/div>\n\t\t\t\t\t<\/div>\n\t\t<\/section>\n\t\t\t\t<section data-particle_enable=\"false\" data-particle-mobile-disabled=\"false\" class=\"elementor-section elementor-top-section elementor-element elementor-element-ddda7ce ct-section-stretched elementor-section-boxed elementor-section-height-default elementor-section-height-default\" data-id=\"ddda7ce\" data-element_type=\"section\" data-e-type=\"section\">\n\t\t\t\t\t\t<div class=\"elementor-container elementor-column-gap-default\">\n\t\t\t\t\t<div class=\"elementor-column elementor-col-50 elementor-top-column elementor-element elementor-element-a96d8ff\" data-id=\"a96d8ff\" data-element_type=\"column\" data-e-type=\"column\">\n\t\t\t<div class=\"elementor-widget-wrap elementor-element-populated\">\n\t\t\t\t\t\t<div class=\"elementor-element elementor-element-25d6231 elementor-widget elementor-widget-text-editor\" data-id=\"25d6231\" data-element_type=\"widget\" data-e-type=\"widget\" data-widget_type=\"text-editor.default\">\n\t\t\t\t<div class=\"elementor-widget-container\">\n\t\t\t\t\t\t\t\t\t<p>1\u3001M\u00e1s de 30 a\u00f1os de experiencia en maquinaria de construcci\u00f3n, sirviendo a m\u00e1s de 1000 empresas en todo el mundo, pueden comprender mejor las necesidades de los clientes y ayudar a los clientes a elegir la maquinaria y las piezas de repuesto adecuadas. Ayuda a tu negocio.<br \/>2, m\u00e1s de 10 a\u00f1os de experiencia en comercio internacional, maquinaria de construcci\u00f3n profesional y conocimiento de la industria de camiones pesados. Ser capaz de comprender mejor las necesidades de los clientes y ayudarlos a elegir los modos de log\u00edstica y transporte adecuados.<br \/>3 \u3001 Fuerte cooperaci\u00f3n con los principales fabricantes de motores para proporcionar a los clientes m\u00e1quinas y repuestos nuevos originales profesionales. El s\u00f3lido sistema de cadena de suministro hace que su precio de compra sea m\u00e1s competitivo.<br \/>4 \u3001 Confiando en los s\u00f3lidos servicios de log\u00edstica de China, garantice la entrega oportuna y eficiente de mercanc\u00edas por mar, aire, ferrocarril y carretera.<br \/>5\u3001Proporcionar a los clientes la planificaci\u00f3n de proyectos; servicios de valor agregado como selecci\u00f3n de equipos, suministro de repuestos, soporte t\u00e9cnico remoto y asesor\u00eda en sitio de f\u00e1brica.<br \/>6\u3001Nuestros clientes han servido a m\u00e1s de 60 pa\u00edses y regiones en el Sudeste Asi\u00e1tico, Asia Central, Ocean\u00eda, Am\u00e9rica del Sur, Europa y \u00c1frica.<\/p>\t\t\t\t\t\t\t\t<\/div>\n\t\t\t\t<\/div>\n\t\t\t\t\t<\/div>\n\t\t<\/div>\n\t\t\t\t<div class=\"elementor-column elementor-col-50 elementor-top-column elementor-element elementor-element-69691d6\" data-id=\"69691d6\" data-element_type=\"column\" data-e-type=\"column\">\n\t\t\t<div class=\"elementor-widget-wrap elementor-element-populated\">\n\t\t\t\t\t\t<div class=\"elementor-element elementor-element-6e8ac27 elementor-widget elementor-widget-image\" data-id=\"6e8ac27\" data-element_type=\"widget\" data-e-type=\"widget\" data-widget_type=\"image.default\">\n\t\t\t\t<div class=\"elementor-widget-container\">\n\t\t\t\t\t\t\t\t\t\t\t\t\t\t\t<img decoding=\"async\" width=\"664\" height=\"499\" src=\"https:\/\/machpanda.com\/wp-content\/uploads\/2022\/06\/4-3.jpg\" class=\"attachment-large size-large wp-image-1862\" alt=\"SHANTUI Forest bulldozer\" srcset=\"https:\/\/machpanda.com\/wp-content\/uploads\/2022\/06\/4-3.jpg.webp 664w, https:\/\/machpanda.com\/wp-content\/uploads\/2022\/06\/4-3-300x225.jpg.webp 300w, https:\/\/machpanda.com\/wp-content\/uploads\/2022\/06\/4-3-600x451.jpg.webp 600w\" sizes=\"(max-width: 664px) 100vw, 664px\" title=\"\">\t\t\t\t\t\t\t\t\t\t\t\t\t\t\t<\/div>\n\t\t\t\t<\/div>\n\t\t\t\t\t<\/div>\n\t\t<\/div>\n\t\t\t\t\t<\/div>\n\t\t<\/section>\n\t\t\t\t<section data-particle_enable=\"false\" data-particle-mobile-disabled=\"false\" class=\"elementor-section elementor-top-section elementor-element elementor-element-4df3545 ct-section-stretched elementor-section-full_width elementor-section-height-default elementor-section-height-default\" data-id=\"4df3545\" data-element_type=\"section\" data-e-type=\"section\">\n\t\t\t\t\t\t<div class=\"elementor-container elementor-column-gap-default\">\n\t\t\t\t\t<div class=\"elementor-column elementor-col-100 elementor-top-column elementor-element elementor-element-d94aadc\" data-id=\"d94aadc\" data-element_type=\"column\" data-e-type=\"column\">\n\t\t\t<div class=\"elementor-widget-wrap elementor-element-populated\">\n\t\t\t\t\t\t<div class=\"elementor-element elementor-element-e20ef04 elementor-widget-divider--view-line elementor-widget elementor-widget-divider\" data-id=\"e20ef04\" data-element_type=\"widget\" data-e-type=\"widget\" data-widget_type=\"divider.default\">\n\t\t\t\t<div class=\"elementor-widget-container\">\n\t\t\t\t\t\t\t<div class=\"elementor-divider\">\n\t\t\t<span class=\"elementor-divider-separator\">\n\t\t\t\t\t\t<\/span>\n\t\t<\/div>\n\t\t\t\t\t\t<\/div>\n\t\t\t\t<\/div>\n\t\t\t\t\t<\/div>\n\t\t<\/div>\n\t\t\t\t\t<\/div>\n\t\t<\/section>\n\t\t\t\t<section data-particle_enable=\"false\" data-particle-mobile-disabled=\"false\" class=\"elementor-section elementor-top-section elementor-element elementor-element-4e12a37 ct-section-stretched elementor-section-boxed elementor-section-height-default elementor-section-height-default\" data-id=\"4e12a37\" data-element_type=\"section\" data-e-type=\"section\">\n\t\t\t\t\t\t<div class=\"elementor-container elementor-column-gap-default\">\n\t\t\t\t\t<div class=\"elementor-column elementor-col-100 elementor-top-column elementor-element elementor-element-7f1b766\" data-id=\"7f1b766\" data-element_type=\"column\" data-e-type=\"column\">\n\t\t\t<div class=\"elementor-widget-wrap elementor-element-populated\">\n\t\t\t\t\t\t<div class=\"elementor-element elementor-element-c0b911c elementor-widget elementor-widget-heading\" data-id=\"c0b911c\" data-element_type=\"widget\" data-e-type=\"widget\" data-widget_type=\"heading.default\">\n\t\t\t\t<div class=\"elementor-widget-container\">\n\t\t\t\t\t<h2 class=\"elementor-heading-title elementor-size-default\">Productos Destacados<\/h2>\t\t\t\t<\/div>\n\t\t\t\t<\/div>\n\t\t\t\t\t<\/div>\n\t\t<\/div>\n\t\t\t\t\t<\/div>\n\t\t<\/section>\n\t\t\t\t<section data-particle_enable=\"false\" data-particle-mobile-disabled=\"false\" class=\"elementor-section elementor-top-section elementor-element elementor-element-e9706a4 ct-section-stretched elementor-section-boxed elementor-section-height-default elementor-section-height-default\" data-id=\"e9706a4\" data-element_type=\"section\" data-e-type=\"section\" data-settings=\"{&quot;background_background&quot;:&quot;classic&quot;}\">\n\t\t\t\t\t\t<div class=\"elementor-container elementor-column-gap-default\">\n\t\t\t\t\t<div class=\"elementor-column elementor-col-100 elementor-top-column elementor-element elementor-element-7835a52\" data-id=\"7835a52\" data-element_type=\"column\" data-e-type=\"column\">\n\t\t\t<div class=\"elementor-widget-wrap elementor-element-populated\">\n\t\t\t\t\t\t<div class=\"elementor-element elementor-element-6d1027f elementor-widget elementor-widget-ucaddon_woocommerce_product_grid\" data-id=\"6d1027f\" data-element_type=\"widget\" data-e-type=\"widget\" data-widget_type=\"ucaddon_woocommerce_product_grid.default\">\n\t\t\t\t<div class=\"elementor-widget-container\">\n\t\t\t\t\t\n<!-- start WooCommerce Product Grid -->\n\t\t<link id='font-awesome-css' href='https:\/\/machpanda.com\/wp-content\/plugins\/unlimited-elements-for-elementor-premium\/assets_libraries\/font-awesome6\/fontawesome-all.min.css' type='text\/css' rel='stylesheet' >\n\t\t<link id='font-awesome-4-shim-css' href='https:\/\/machpanda.com\/wp-content\/plugins\/unlimited-elements-for-elementor-premium\/assets_libraries\/font-awesome6\/fontawesome-v4-shims.min.css' type='text\/css' rel='stylesheet' >\n\n<style>\/* widget: WooCommerce Product Grid *\/\n\n#uc_woocommerce_product_grid_elementor_6d1027f * {\n\t-webkit-box-sizing: border-box;\n\t-moz-box-sizing: border-box;\n\tbox-sizing: border-box;\n    \n}\n\n#uc_woocommerce_product_grid_elementor_6d1027f .add_to_cart_button.loading span.add-to-cart__loader{\n\tdisplay: inline-block !important;\n}\n\n#uc_woocommerce_product_grid_elementor_6d1027f .uc-grid-count-buttons{\n\tdisplay: flex;\n}\n\n#uc_woocommerce_product_grid_elementor_6d1027f .uc-grid-count-buttons button{\n\tdisplay: flex;\n    align-items:center;\n    justify-content:center;\n    flex-grow:0;\n    flex-shrink:0;\n    line-height:1em;\n}\n\n#uc_woocommerce_product_grid_elementor_6d1027f .uc-grid-count-buttons button:disabled{\n\topacity:0.5;\n}\n\n#uc_woocommerce_product_grid_elementor_6d1027f .uc-grid-count-buttons button svg{\n\theight:1em;\n    width:1em;\n}\n\n#uc_woocommerce_product_grid_elementor_6d1027f input.uc-grid-count-buttons__number{\n  text-align:center;\n  flex-grow:1;\n}\n\n\n#uc_woocommerce_product_grid_elementor_6d1027f \n{\n  margin:0 auto;\n  position:relative;  \n}\n\n.uc_post_grid_style_one .uc_post_grid_style_one_item {\n\tcolor: #111;\n\tfont-size: 16px;\n\toverflow: hidden;\n  \tposition: relative;\n}\n.uc_post_grid_style_one .uc_post_grid_style_one_image {\n\twidth: 100%;\n\toverflow: hidden;\n\tdisplay: block;\n  \n}\n#uc_woocommerce_product_grid_elementor_6d1027f  .uc_post_image {\n\n\tbackground-size: contain;\n    position:relative;\n\tbackground-position: center center;\n\tbackground-repeat: no-repeat;\n\tdisplay: block;\n\ttransition: all 0.25s ease-in-out;\n}\n\n.uc_post_grid_style_one .uc_title {\n    font-size: 21px;\n}\n.uc_post_grid_style_one .uc_title a {\n\n\ttext-decoration: none;\n}\n#uc_woocommerce_product_grid_elementor_6d1027f a.uc_btn, #uc_woocommerce_product_grid_elementor_6d1027f .uc-button-addcart, #uc_woocommerce_product_grid_elementor_6d1027f .added_to_cart, #uc_woocommerce_product_grid_elementor_6d1027f .ue-variable-btn{\n\tdisplay: block;\n\ttext-align: center;\n    text-decoration: none;\n    text-transform: none;\n\ttransition: all 0.25s ease-in-out;\n}\n\n#uc_woocommerce_product_grid_elementor_6d1027f .uc-button-addcart.added\n{\n  display:none;\n}\n\n#uc_woocommerce_product_grid_elementor_6d1027f.uc_post_grid_style_one .uc_post_grid_style_one_wrap {\n\t\n    display: grid;\n}\n\n    #uc_woocommerce_product_grid_elementor_6d1027f.uc_post_grid_style_one .uc_content{\n      flex-grow: 1;\n      display: flex;\n      flex-flow: column nowrap;\n    }\n    #uc_woocommerce_product_grid_elementor_6d1027f .ue_grid_item_bottom\n    {\n      margin-top:auto;\n    }\n.uc_post_grid_style_one .uc_post_grid_style_one_item {\n\tflex-direction:column;\n    display:flex;\n}\n\n\n\n\n\n\n\n@media (max-width:1023px){\n\t#uc_woocommerce_product_grid_elementor_6d1027f.uc_post_grid_style_one .uc_post_grid_style_one_wrap {\n\t\tgrid-template-columns: repeat(2, 1fr);\n\t}\n}\n@media (max-width:639px){\n\t#uc_woocommerce_product_grid_elementor_6d1027f.uc_post_grid_style_one .uc_post_grid_style_one_wrap {\n\t\tgrid-template-columns: repeat(1, 1fr);\n\t}\n}\n\n\n\n\n#uc_woocommerce_product_grid_elementor_6d1027f .ue_category_label\n{\n  display:block;\n  text-decoration:none;\n}\n\n\n\n.uc_regular_price\n{\n  text-decoration:line-through !important;\n}\n\n#uc_woocommerce_product_grid_elementor_6d1027f .ue_woocommerce_product_carousel_sale_label\n{\n  display:inline-block;\n  position:absolute;\n  left:10px;\n  top:10px;\n}\n\n<\/style>\n\n<div class=\"uc_post_grid_style_one woocommerce_product_grid\" id=\"uc_woocommerce_product_grid_elementor_6d1027f\"  style=\"direction:ltr;text-align:center;\">\n\t\t<div class=\"uc_post_grid_style_one_wrap uc-items-wrapper ue-woo-grid\">\n\t\t\t\n          <div class=\"uc_post_grid_style_one_item ue-item\" id=\"uc_woocommerce_product_grid_elementor_6d1027f_item1\">\n  \n        \t\n\t   \n   <div>\n   <a class=\"uc_post_grid_style_one_image\" href=\"https:\/\/machpanda.com\/es\/producto\/shantui-small-bulldozer-sd13\/\">\n     \n     \n      \n        <div class=\"uc_post_image\" style=\"background-image: url(https:\/\/machpanda.com\/wp-content\/uploads\/2022\/06\/Bulldozer_SHANTUI-SD13-Bulldozer.jpg);\">\n    \t\n     \n     \n     \t\t\n     \t\t            \t\n     \n     <\/div>\n   <\/a>\n   <\/div>  \n  \n  <div class=\"uc_content padding\">\n      <a class=\"ue_category_label\" href=\"https:\/\/machpanda.com\/es\/categoria-producto\/all\/bulldozer\/\">Excavadora<\/a>      <div class=\"uc_title\"><a href=\"https:\/\/machpanda.com\/es\/producto\/shantui-small-bulldozer-sd13\/\">Excavadora peque\u00f1a Shantui SD13<\/a><\/div>      \n        \n    \n             \n      <div class=\"ue_grid_item_bottom\">\n      \n       <div class=\"ue_grid_prices\">\n         \n                \n              <\/div>\n\t  \n      <div class=\"uc_post_grid_style_one_button\">\n                  <a class=\"uc_btn\" href=\"https:\/\/machpanda.com\/es\/producto\/shantui-small-bulldozer-sd13\/\" style=\"\">Detalles<\/a>  \n        \n              <\/div>\n    <\/div> \n  <\/div>\n<\/div>\n<div class=\"uc_post_grid_style_one_item ue-item\" id=\"uc_woocommerce_product_grid_elementor_6d1027f_item2\">\n  \n        \t\n\t   \n   <div>\n   <a class=\"uc_post_grid_style_one_image\" href=\"https:\/\/machpanda.com\/es\/producto\/top-loader-shantui-loader-sl60w-dealer\/\">\n     \n     \n      \n        <div class=\"uc_post_image\" style=\"background-image: url(https:\/\/machpanda.com\/wp-content\/uploads\/2022\/06\/Loader_SL60W-2.jpg);\">\n    \t\n     \n     \n     \t\t\n     \t\t            \t\n     \n     <\/div>\n   <\/a>\n   <\/div>  \n  \n  <div class=\"uc_content padding\">\n      <a class=\"ue_category_label\" href=\"https:\/\/machpanda.com\/es\/categoria-producto\/all\/loader\/\">Cargador<\/a>      <div class=\"uc_title\"><a href=\"https:\/\/machpanda.com\/es\/producto\/top-loader-shantui-loader-sl60w-dealer\/\">Concesionario Shantui loader SL60W de cargador superior<\/a><\/div>      \n        \n    \n             \n      <div class=\"ue_grid_item_bottom\">\n      \n       <div class=\"ue_grid_prices\">\n         \n                \n              <\/div>\n\t  \n      <div class=\"uc_post_grid_style_one_button\">\n                  <a class=\"uc_btn\" href=\"https:\/\/machpanda.com\/es\/producto\/top-loader-shantui-loader-sl60w-dealer\/\" style=\"\">Detalles<\/a>  \n        \n              <\/div>\n    <\/div> \n  <\/div>\n<\/div>\n<div class=\"uc_post_grid_style_one_item ue-item\" id=\"uc_woocommerce_product_grid_elementor_6d1027f_item3\">\n  \n        \t\n\t   \n   <div>\n   <a class=\"uc_post_grid_style_one_image\" href=\"https:\/\/machpanda.com\/es\/producto\/se245\/\">\n     \n     \n      \n        <div class=\"uc_post_image\" style=\"background-image: url(https:\/\/machpanda.com\/wp-content\/uploads\/2022\/06\/Excavator_SE245LC.jpg);\">\n    \t\n     \n     \n     \t\t\n     \t\t            \t\n     \n     <\/div>\n   <\/a>\n   <\/div>  \n  \n  <div class=\"uc_content padding\">\n      <a class=\"ue_category_label\" href=\"https:\/\/machpanda.com\/es\/categoria-producto\/all\/excavator\/\">Excavador<\/a>      <div class=\"uc_title\"><a href=\"https:\/\/machpanda.com\/es\/producto\/se245\/\">China excavadora SHANTUI Excavadora SE245LC<\/a><\/div>      \n        \n    \n             \n      <div class=\"ue_grid_item_bottom\">\n      \n       <div class=\"ue_grid_prices\">\n         \n                \n              <\/div>\n\t  \n      <div class=\"uc_post_grid_style_one_button\">\n                  <a class=\"uc_btn\" href=\"https:\/\/machpanda.com\/es\/producto\/se245\/\" style=\"\">Detalles<\/a>  \n        \n              <\/div>\n    <\/div> \n  <\/div>\n<\/div>\n<div class=\"uc_post_grid_style_one_item ue-item\" id=\"uc_woocommerce_product_grid_elementor_6d1027f_item4\">\n  \n        \t\n\t   \n   <div>\n   <a class=\"uc_post_grid_style_one_image\" href=\"https:\/\/machpanda.com\/es\/producto\/sem-motor-grader-919\/\">\n     \n     \n      \n        <div class=\"uc_post_image\" style=\"background-image: url(https:\/\/machpanda.com\/wp-content\/uploads\/2022\/06\/SEM919-3-no-background.jpg);\">\n    \t\n     \n     \n     \t\t\n     \t\t            \t\n     \n     <\/div>\n   <\/a>\n   <\/div>  \n  \n  <div class=\"uc_content padding\">\n      <a class=\"ue_category_label\" href=\"https:\/\/machpanda.com\/es\/categoria-producto\/all\/motor-grader\/\">Motoniveladora<\/a>      <div class=\"uc_title\"><a href=\"https:\/\/machpanda.com\/es\/producto\/sem-motor-grader-919\/\">Mejor motoniveladora SEM-919<\/a><\/div>      \n        \n    \n             \n      <div class=\"ue_grid_item_bottom\">\n      \n       <div class=\"ue_grid_prices\">\n         \n                \n              <\/div>\n\t  \n      <div class=\"uc_post_grid_style_one_button\">\n                  <a class=\"uc_btn\" href=\"https:\/\/machpanda.com\/es\/producto\/sem-motor-grader-919\/\" style=\"\">Detalles<\/a>  \n        \n              <\/div>\n    <\/div> \n  <\/div>\n<\/div>\n\n          \n\t\t<\/div>\n<\/div>\n\n\n\n  <div id=\"uc_woocommerce_product_grid_elementor_6d1027f_empty_message\" class=\"ue-no-posts-found\"  style=\"display:none\" >No se encontraron productos<\/div>\n\n\n<!-- end WooCommerce Product Grid -->\t\t\t\t<\/div>\n\t\t\t\t<\/div>\n\t\t\t\t\t<\/div>\n\t\t<\/div>\n\t\t\t\t\t<\/div>\n\t\t<\/section>\n\t\t\t\t<section data-particle_enable=\"false\" data-particle-mobile-disabled=\"false\" class=\"elementor-section elementor-top-section elementor-element elementor-element-f727647 elementor-section-boxed elementor-section-height-default elementor-section-height-default\" data-id=\"f727647\" data-element_type=\"section\" data-e-type=\"section\">\n\t\t\t\t\t\t<div class=\"elementor-container elementor-column-gap-default\">\n\t\t\t\t\t<div class=\"elementor-column elementor-col-100 elementor-top-column elementor-element elementor-element-b3ee60b\" data-id=\"b3ee60b\" data-element_type=\"column\" data-e-type=\"column\">\n\t\t\t<div class=\"elementor-widget-wrap elementor-element-populated\">\n\t\t\t\t\t\t<div class=\"elementor-element elementor-element-036429d elementor-widget elementor-widget-heading\" data-id=\"036429d\" data-element_type=\"widget\" data-e-type=\"widget\" data-widget_type=\"heading.default\">\n\t\t\t\t<div class=\"elementor-widget-container\">\n\t\t\t\t\t<h2 class=\"elementor-heading-title elementor-size-default\"><a href=\"https:\/\/en.wikipedia.org\/wiki\/Main_Page\" target=\"_blank\" rel=\"noopener\">mejor motoniveladora compacta, mejor motoniveladora compacta, mejor motoniveladora compacta<\/a><\/h2>\t\t\t\t<\/div>\n\t\t\t\t<\/div>\n\t\t\t\t\t<\/div>\n\t\t<\/div>\n\t\t\t\t\t<\/div>\n\t\t<\/section>\n\t\t\t\t<\/div>","protected":false},"excerpt":{"rendered":"<p>Shandong panda why choose us The company&#8217;s products mainly involve engineering machinery, road machinery, logistics machinery, heavy trucks, special equipment and a full range of spare parts. The company consists of construction machinery division; heavy truck division; mini construction machinery division;Spare parts division.Company mission: let the world have no hard to buy equipmentCompany vision: united [&hellip;]<\/p>\n","protected":false},"author":4,"featured_media":0,"parent":0,"menu_order":0,"comment_status":"closed","ping_status":"closed","template":"","meta":{"footnotes":""},"class_list":["post-1808","page","type-page","status-publish","hentry"],"blocksy_meta":{"styles_descriptor":{"styles":{"desktop":"","tablet":"","mobile":""},"google_fonts":[],"version":6}},"aioseo_notices":[],"_links":{"self":[{"href":"https:\/\/machpanda.com\/es\/wp-json\/wp\/v2\/pages\/1808","targetHints":{"allow":["GET"]}}],"collection":[{"href":"https:\/\/machpanda.com\/es\/wp-json\/wp\/v2\/pages"}],"about":[{"href":"https:\/\/machpanda.com\/es\/wp-json\/wp\/v2\/types\/page"}],"author":[{"embeddable":true,"href":"https:\/\/machpanda.com\/es\/wp-json\/wp\/v2\/users\/4"}],"replies":[{"embeddable":true,"href":"https:\/\/machpanda.com\/es\/wp-json\/wp\/v2\/comments?post=1808"}],"version-history":[{"count":0,"href":"https:\/\/machpanda.com\/es\/wp-json\/wp\/v2\/pages\/1808\/revisions"}],"wp:attachment":[{"href":"https:\/\/machpanda.com\/es\/wp-json\/wp\/v2\/media?parent=1808"}],"curies":[{"name":"wp","href":"https:\/\/api.w.org\/{rel}","templated":true}]}}