{"id":2967,"date":"2023-02-10T08:09:12","date_gmt":"2023-02-10T08:09:12","guid":{"rendered":"https:\/\/machpanda.com\/?page_id=2967"},"modified":"2023-02-11T02:32:16","modified_gmt":"2023-02-11T02:32:16","slug":"shantui-excavator","status":"publish","type":"page","link":"https:\/\/machpanda.com\/es\/shantui-excavator\/","title":{"rendered":"excavadora shantui"},"content":{"rendered":"<div data-elementor-type=\"wp-page\" data-elementor-id=\"2967\" class=\"elementor elementor-2967\" data-elementor-post-type=\"page\">\n\t\t\t\t\t\t<section data-particle_enable=\"false\" data-particle-mobile-disabled=\"false\" class=\"elementor-section elementor-top-section elementor-element elementor-element-434ad344 elementor-section-boxed elementor-section-height-default elementor-section-height-default\" data-id=\"434ad344\" data-element_type=\"section\" data-e-type=\"section\">\n\t\t\t\t\t\t<div class=\"elementor-container elementor-column-gap-default\">\n\t\t\t\t\t<div class=\"elementor-column elementor-col-100 elementor-top-column elementor-element elementor-element-76315648\" data-id=\"76315648\" data-element_type=\"column\" data-e-type=\"column\">\n\t\t\t<div class=\"elementor-widget-wrap elementor-element-populated\">\n\t\t\t\t\t\t<div class=\"elementor-element elementor-element-4f63030d elementor-widget elementor-widget-text-editor\" data-id=\"4f63030d\" data-element_type=\"widget\" data-e-type=\"widget\" data-widget_type=\"text-editor.default\">\n\t\t\t\t<div class=\"elementor-widget-container\">\n\t\t\t\t\t\t\t\t\t\n<p>285\/1000PDF<\/p>\n\t\t\t\t\t\t\t\t<\/div>\n\t\t\t\t<\/div>\n\t\t\t\t\t<\/div>\n\t\t<\/div>\n\t\t\t\t\t<\/div>\n\t\t<\/section>\n\t\t\t\t<section data-particle_enable=\"false\" data-particle-mobile-disabled=\"false\" class=\"elementor-section elementor-top-section elementor-element elementor-element-69702ed elementor-section-boxed elementor-section-height-default elementor-section-height-default\" data-id=\"69702ed\" data-element_type=\"section\" data-e-type=\"section\">\n\t\t\t\t\t\t<div class=\"elementor-container elementor-column-gap-default\">\n\t\t\t\t\t<div class=\"elementor-column elementor-col-100 elementor-top-column elementor-element elementor-element-5e97948\" data-id=\"5e97948\" data-element_type=\"column\" data-e-type=\"column\">\n\t\t\t<div class=\"elementor-widget-wrap elementor-element-populated\">\n\t\t\t\t\t\t<div class=\"elementor-element elementor-element-3d4e0fa elementor-widget elementor-widget-heading\" data-id=\"3d4e0fa\" data-element_type=\"widget\" data-e-type=\"widget\" data-widget_type=\"heading.default\">\n\t\t\t\t<div class=\"elementor-widget-container\">\n\t\t\t\t\t<h1 class=\"elementor-heading-title elementor-size-default\">excavadora shantui <\/h1>\t\t\t\t<\/div>\n\t\t\t\t<\/div>\n\t\t\t\t\t<\/div>\n\t\t<\/div>\n\t\t\t\t\t<\/div>\n\t\t<\/section>\n\t\t\t\t<section data-particle_enable=\"false\" data-particle-mobile-disabled=\"false\" class=\"elementor-section elementor-top-section elementor-element elementor-element-863811d elementor-section-boxed elementor-section-height-default elementor-section-height-default\" data-id=\"863811d\" data-element_type=\"section\" data-e-type=\"section\">\n\t\t\t\t\t\t<div class=\"elementor-container elementor-column-gap-default\">\n\t\t\t\t\t<div class=\"elementor-column elementor-col-100 elementor-top-column elementor-element elementor-element-ef9e161\" data-id=\"ef9e161\" data-element_type=\"column\" data-e-type=\"column\">\n\t\t\t<div class=\"elementor-widget-wrap elementor-element-populated\">\n\t\t\t\t\t\t<div class=\"elementor-element elementor-element-51deede elementor-widget elementor-widget-text-editor\" data-id=\"51deede\" data-element_type=\"widget\" data-e-type=\"widget\" data-widget_type=\"text-editor.default\">\n\t\t\t\t<div class=\"elementor-widget-container\">\n\t\t\t\t\t\t\t\t\t<p>Shantui excavator Hay muchas marcas diferentes de excavadoras en el mercado, pero Shantui recibe constantemente altas calificaciones tanto de los revisores como de los usuarios. Con sede en China, Shantui fabrica equipos de construcci\u00f3n desde 1980 y sus excavadoras son conocidas por ser duraderas, confiables y asequibles. Ya sea que est\u00e9 buscando una m\u00e1quina peque\u00f1a para hacer frente a espacios reducidos o una m\u00e1s grande para proyectos pesados, Shantui tiene una excavadora que se adaptar\u00e1 a sus necesidades. Y con una amplia red de distribuidores en todo el mundo, es f\u00e1cil encontrar las piezas y el servicio que necesita para mantener su Shantui funcionando como nuevo.<\/p>\t\t\t\t\t\t\t\t<\/div>\n\t\t\t\t<\/div>\n\t\t\t\t\t<\/div>\n\t\t<\/div>\n\t\t\t\t\t<\/div>\n\t\t<\/section>\n\t\t\t\t<section data-particle_enable=\"false\" data-particle-mobile-disabled=\"false\" class=\"elementor-section elementor-top-section elementor-element elementor-element-4e757b7 elementor-section-boxed elementor-section-height-default elementor-section-height-default\" data-id=\"4e757b7\" data-element_type=\"section\" data-e-type=\"section\">\n\t\t\t\t\t\t<div class=\"elementor-container elementor-column-gap-default\">\n\t\t\t\t\t<div class=\"elementor-column elementor-col-100 elementor-top-column elementor-element elementor-element-200f969\" data-id=\"200f969\" data-element_type=\"column\" data-e-type=\"column\">\n\t\t\t<div class=\"elementor-widget-wrap elementor-element-populated\">\n\t\t\t\t\t\t<div class=\"elementor-element elementor-element-d509047 elementor-grid-4 elementor-grid-tablet-3 elementor-grid-mobile-2 elementor-products-grid elementor-wc-products elementor-widget elementor-widget-woocommerce-products\" data-id=\"d509047\" data-element_type=\"widget\" data-e-type=\"widget\" data-widget_type=\"woocommerce-products.default\">\n\t\t\t\t<div class=\"elementor-widget-container\">\n\t\t\t\t\t<div class=\"woocommerce columns-4\"><ul class=\"products elementor-grid columns-4\" data-products=\"type-1\">\n<li class=\"product type-product post-208 status-publish first instock product_cat-excavator product_tag-excavator_se245lc product_tag-se245 has-post-thumbnail shipping-taxable product-type-simple\">\n\t<a href=\"https:\/\/machpanda.com\/es\/producto\/se245\/\" class=\"woocommerce-LoopProduct-link woocommerce-loop-product__link\"><img fetchpriority=\"high\" decoding=\"async\" width=\"300\" height=\"400\" src=\"https:\/\/machpanda.com\/wp-content\/uploads\/2022\/06\/Excavator_SE245LC-300x400.jpg\" class=\"attachment-woocommerce_thumbnail size-woocommerce_thumbnail\" alt=\"China excavator SHANTUI Excavator SE245LC\" title=\"\"><h2 class=\"woocommerce-loop-product__title\">China excavadora SHANTUI Excavadora SE245LC<\/h2>\n<\/a><a href=\"https:\/\/machpanda.com\/es\/producto\/se245\/\" aria-describedby=\"woocommerce_loop_add_to_cart_link_describedby_208\" data-quantity=\"1\" class=\"button product_type_simple\" data-product_id=\"208\" data-product_sku=\"\" aria-label=\"Leer m\u00e1s sobre \u201cChina excavator SHANTUI Excavator SE245LC\u201d\" rel=\"nofollow\" data-success_message=\"\" data-no-translation=\"\" data-trp-gettext=\"\" data-no-translation-aria-label=\"\">Lee mas<\/a>\t<span id=\"woocommerce_loop_add_to_cart_link_describedby_208\" class=\"screen-reader-text\">\n\t\t\t<\/span>\n<\/li>\n<li class=\"product type-product post-206 status-publish instock product_cat-excavator product_tag-excavator_se220 product_tag-se220 has-post-thumbnail shipping-taxable product-type-simple\">\n\t<a href=\"https:\/\/machpanda.com\/es\/producto\/se220\/\" class=\"woocommerce-LoopProduct-link woocommerce-loop-product__link\"><img decoding=\"async\" width=\"300\" height=\"400\" src=\"https:\/\/machpanda.com\/wp-content\/uploads\/2022\/06\/Excavator_SE220-300x400.jpg\" class=\"attachment-woocommerce_thumbnail size-woocommerce_thumbnail\" alt=\"SHANTUI Excavator SE220\" title=\"\"><h2 class=\"woocommerce-loop-product__title\">La mejor excavadora SHANTUI Excavator SE220<\/h2>\n<\/a><a href=\"https:\/\/machpanda.com\/es\/producto\/se220\/\" aria-describedby=\"woocommerce_loop_add_to_cart_link_describedby_206\" data-quantity=\"1\" class=\"button product_type_simple\" data-product_id=\"206\" data-product_sku=\"\" aria-label=\"Leer m\u00e1s sobre \u201cBest excavator SHANTUI Excavator SE220\u201d\" rel=\"nofollow\" data-success_message=\"\" data-no-translation=\"\" data-trp-gettext=\"\" data-no-translation-aria-label=\"\">Lee mas<\/a>\t<span id=\"woocommerce_loop_add_to_cart_link_describedby_206\" class=\"screen-reader-text\">\n\t\t\t<\/span>\n<\/li>\n<li class=\"product type-product post-204 status-publish instock product_cat-excavator product_tag-excavator_se215 product_tag-se215 has-post-thumbnail shipping-taxable product-type-simple\">\n\t<a href=\"https:\/\/machpanda.com\/es\/producto\/se215\/\" class=\"woocommerce-LoopProduct-link woocommerce-loop-product__link\"><img decoding=\"async\" width=\"300\" height=\"400\" src=\"https:\/\/machpanda.com\/wp-content\/uploads\/2022\/06\/Excavator_SE215-300x400.jpg\" class=\"attachment-woocommerce_thumbnail size-woocommerce_thumbnail\" alt=\"Best Excavator brand SHANTUI Excavator SE215\" title=\"\"><h2 class=\"woocommerce-loop-product__title\">La mejor marca de excavadoras SHANTUI Excavator SE215<\/h2>\n<\/a><a href=\"https:\/\/machpanda.com\/es\/producto\/se215\/\" aria-describedby=\"woocommerce_loop_add_to_cart_link_describedby_204\" data-quantity=\"1\" class=\"button product_type_simple\" data-product_id=\"204\" data-product_sku=\"\" aria-label=\"Leer m\u00e1s sobre \u201cBest Excavator brand SHANTUI Excavator SE215\u201d\" rel=\"nofollow\" data-success_message=\"\" data-no-translation=\"\" data-trp-gettext=\"\" data-no-translation-aria-label=\"\">Lee mas<\/a>\t<span id=\"woocommerce_loop_add_to_cart_link_describedby_204\" class=\"screen-reader-text\">\n\t\t\t<\/span>\n<\/li>\n<li class=\"product type-product post-202 status-publish last instock product_cat-excavator product_tag-excavator_se135 product_tag-se135 has-post-thumbnail shipping-taxable product-type-simple\">\n\t<a href=\"https:\/\/machpanda.com\/es\/producto\/se135\/\" class=\"woocommerce-LoopProduct-link woocommerce-loop-product__link\"><img loading=\"lazy\" decoding=\"async\" width=\"300\" height=\"400\" src=\"https:\/\/machpanda.com\/wp-content\/uploads\/2022\/06\/Excavator_SE135-300x400.jpg\" class=\"attachment-woocommerce_thumbnail size-woocommerce_thumbnail\" alt=\"Best selling excavator SHANTUI Excavator SE135\" title=\"\"><h2 class=\"woocommerce-loop-product__title\">Excavadora superventas SHANTUI Excavator SE135<\/h2>\n<\/a><a href=\"https:\/\/machpanda.com\/es\/producto\/se135\/\" aria-describedby=\"woocommerce_loop_add_to_cart_link_describedby_202\" data-quantity=\"1\" class=\"button product_type_simple\" data-product_id=\"202\" data-product_sku=\"\" aria-label=\"Leer m\u00e1s sobre \u201cBest selling excavator SHANTUI Excavator SE135\u201d\" rel=\"nofollow\" data-success_message=\"\" data-no-translation=\"\" data-trp-gettext=\"\" data-no-translation-aria-label=\"\">Lee mas<\/a>\t<span id=\"woocommerce_loop_add_to_cart_link_describedby_202\" class=\"screen-reader-text\">\n\t\t\t<\/span>\n<\/li>\n<\/ul>\n<\/div>\t\t\t\t<\/div>\n\t\t\t\t<\/div>\n\t\t\t\t\t<\/div>\n\t\t<\/div>\n\t\t\t\t\t<\/div>\n\t\t<\/section>\n\t\t\t\t<section data-particle_enable=\"false\" data-particle-mobile-disabled=\"false\" class=\"elementor-section elementor-top-section elementor-element elementor-element-62ef2a4 elementor-section-boxed elementor-section-height-default elementor-section-height-default\" data-id=\"62ef2a4\" data-element_type=\"section\" data-e-type=\"section\">\n\t\t\t\t\t\t<div class=\"elementor-container elementor-column-gap-default\">\n\t\t\t\t\t<div class=\"elementor-column elementor-col-100 elementor-top-column elementor-element elementor-element-52d88b9\" data-id=\"52d88b9\" data-element_type=\"column\" data-e-type=\"column\">\n\t\t\t<div class=\"elementor-widget-wrap elementor-element-populated\">\n\t\t\t\t\t\t<div class=\"elementor-element elementor-element-22e3b6e elementor-widget elementor-widget-heading\" data-id=\"22e3b6e\" data-element_type=\"widget\" data-e-type=\"widget\" data-widget_type=\"heading.default\">\n\t\t\t\t<div class=\"elementor-widget-container\">\n\t\t\t\t\t<h2 class=\"elementor-heading-title elementor-size-default\">precio de excavadora shantui<\/h2>\t\t\t\t<\/div>\n\t\t\t\t<\/div>\n\t\t\t\t\t<\/div>\n\t\t<\/div>\n\t\t\t\t\t<\/div>\n\t\t<\/section>\n\t\t\t\t<section data-particle_enable=\"false\" data-particle-mobile-disabled=\"false\" class=\"elementor-section elementor-top-section elementor-element elementor-element-335a9f9 elementor-section-boxed elementor-section-height-default elementor-section-height-default\" data-id=\"335a9f9\" data-element_type=\"section\" data-e-type=\"section\">\n\t\t\t\t\t\t<div class=\"elementor-container elementor-column-gap-default\">\n\t\t\t\t\t<div class=\"elementor-column elementor-col-100 elementor-top-column elementor-element elementor-element-f23e548\" data-id=\"f23e548\" data-element_type=\"column\" data-e-type=\"column\">\n\t\t\t<div class=\"elementor-widget-wrap elementor-element-populated\">\n\t\t\t\t\t\t<div class=\"elementor-element elementor-element-f2ed2e4 elementor-widget elementor-widget-text-editor\" data-id=\"f2ed2e4\" data-element_type=\"widget\" data-e-type=\"widget\" data-widget_type=\"text-editor.default\">\n\t\t\t\t<div class=\"elementor-widget-container\">\n\t\t\t\t\t\t\t\t\t<p>precio de la excavadora shantui: si est\u00e1 buscando una excavadora shantui en el mercado, querr\u00e1 conocer las diferentes opciones de precio de la excavadora shantui. Hay algunas cosas a considerar al determinar el precio adecuado para sus necesidades. Lo primero en lo que debe pensar es en qu\u00e9 tama\u00f1o de excavadora necesita. Shantui ofrece una variedad de tama\u00f1os de excavadoras, desde modelos compactos hasta modelos m\u00e1s grandes que pueden manejar trabajos m\u00e1s pesados. La segunda cosa a considerar es qu\u00e9 caracter\u00edsticas necesita. Algunas excavadoras Shantui vienen con caracter\u00edsticas est\u00e1ndar como aire acondicionado y cabina cerrada, mientras que otras ofrecen caracter\u00edsticas m\u00e1s avanzadas como seguimiento por GPS y control remoto inal\u00e1mbrico. Finalmente, considere su presupuesto y lo que est\u00e1 dispuesto a gastar en una excavadora. Shantui ofrece una variedad de opciones asequibles que se adaptan a casi cualquier presupuesto.\u00a0<\/p>\t\t\t\t\t\t\t\t<\/div>\n\t\t\t\t<\/div>\n\t\t\t\t\t<\/div>\n\t\t<\/div>\n\t\t\t\t\t<\/div>\n\t\t<\/section>\n\t\t\t\t<section data-particle_enable=\"false\" data-particle-mobile-disabled=\"false\" class=\"elementor-section elementor-top-section elementor-element elementor-element-44b4d5c elementor-section-boxed elementor-section-height-default elementor-section-height-default\" data-id=\"44b4d5c\" data-element_type=\"section\" data-e-type=\"section\">\n\t\t\t\t\t\t<div class=\"elementor-container elementor-column-gap-default\">\n\t\t\t\t\t<div class=\"elementor-column elementor-col-100 elementor-top-column elementor-element elementor-element-9cb300f\" data-id=\"9cb300f\" data-element_type=\"column\" data-e-type=\"column\">\n\t\t\t<div class=\"elementor-widget-wrap elementor-element-populated\">\n\t\t\t\t\t\t<div class=\"elementor-element elementor-element-f8f38cf elementor-grid-2 elementor-grid-tablet-3 elementor-grid-mobile-2 elementor-products-grid elementor-wc-products elementor-widget elementor-widget-woocommerce-products\" data-id=\"f8f38cf\" data-element_type=\"widget\" data-e-type=\"widget\" data-widget_type=\"woocommerce-products.default\">\n\t\t\t\t<div class=\"elementor-widget-container\">\n\t\t\t\t\t<div class=\"woocommerce columns-2\"><ul class=\"products elementor-grid columns-2\" data-products=\"type-1\">\n<li class=\"product type-product post-204 status-publish first instock product_cat-excavator product_tag-excavator_se215 product_tag-se215 has-post-thumbnail shipping-taxable product-type-simple\">\n\t<a href=\"https:\/\/machpanda.com\/es\/producto\/se215\/\" class=\"woocommerce-LoopProduct-link woocommerce-loop-product__link\"><img decoding=\"async\" width=\"300\" height=\"400\" src=\"https:\/\/machpanda.com\/wp-content\/uploads\/2022\/06\/Excavator_SE215-300x400.jpg\" class=\"attachment-woocommerce_thumbnail size-woocommerce_thumbnail\" alt=\"Best Excavator brand SHANTUI Excavator SE215\" title=\"\"><h2 class=\"woocommerce-loop-product__title\">La mejor marca de excavadoras SHANTUI Excavator SE215<\/h2>\n<\/a><a href=\"https:\/\/machpanda.com\/es\/producto\/se215\/\" aria-describedby=\"woocommerce_loop_add_to_cart_link_describedby_204\" data-quantity=\"1\" class=\"button product_type_simple\" data-product_id=\"204\" data-product_sku=\"\" aria-label=\"Leer m\u00e1s sobre \u201cBest Excavator brand SHANTUI Excavator SE215\u201d\" rel=\"nofollow\" data-success_message=\"\" data-no-translation=\"\" data-trp-gettext=\"\" data-no-translation-aria-label=\"\">Lee mas<\/a>\t<span id=\"woocommerce_loop_add_to_cart_link_describedby_204\" class=\"screen-reader-text\">\n\t\t\t<\/span>\n<\/li>\n<li class=\"product type-product post-200 status-publish last instock product_cat-excavator product_tag-excavator_se60 product_tag-se60 has-post-thumbnail shipping-taxable product-type-simple\">\n\t<a href=\"https:\/\/machpanda.com\/es\/producto\/se60\/\" class=\"woocommerce-LoopProduct-link woocommerce-loop-product__link\"><img loading=\"lazy\" decoding=\"async\" width=\"300\" height=\"400\" src=\"https:\/\/machpanda.com\/wp-content\/uploads\/2022\/06\/Excavator_SE60-300x400.jpg\" class=\"attachment-woocommerce_thumbnail size-woocommerce_thumbnail\" alt=\"Best mini excavator SHANTUI Excavator SE60\" title=\"\"><h2 class=\"woocommerce-loop-product__title\">La mejor miniexcavadora SHANTUI Excavator SE60<\/h2>\n<\/a><a href=\"https:\/\/machpanda.com\/es\/producto\/se60\/\" aria-describedby=\"woocommerce_loop_add_to_cart_link_describedby_200\" data-quantity=\"1\" class=\"button product_type_simple\" data-product_id=\"200\" data-product_sku=\"\" aria-label=\"Leer m\u00e1s sobre \u201cBest mini excavator SHANTUI Excavator SE60\u201d\" rel=\"nofollow\" data-success_message=\"\" data-no-translation=\"\" data-trp-gettext=\"\" data-no-translation-aria-label=\"\">Lee mas<\/a>\t<span id=\"woocommerce_loop_add_to_cart_link_describedby_200\" class=\"screen-reader-text\">\n\t\t\t<\/span>\n<\/li>\n<\/ul>\n<\/div>\t\t\t\t<\/div>\n\t\t\t\t<\/div>\n\t\t\t\t\t<\/div>\n\t\t<\/div>\n\t\t\t\t\t<\/div>\n\t\t<\/section>\n\t\t\t\t<section data-particle_enable=\"false\" data-particle-mobile-disabled=\"false\" class=\"elementor-section elementor-top-section elementor-element elementor-element-bf0e86a elementor-section-boxed elementor-section-height-default elementor-section-height-default\" data-id=\"bf0e86a\" data-element_type=\"section\" data-e-type=\"section\">\n\t\t\t\t\t\t<div class=\"elementor-container elementor-column-gap-default\">\n\t\t\t\t\t<div class=\"elementor-column elementor-col-100 elementor-top-column elementor-element elementor-element-bea3be0\" data-id=\"bea3be0\" data-element_type=\"column\" data-e-type=\"column\">\n\t\t\t<div class=\"elementor-widget-wrap\">\n\t\t\t\t\t\t\t<\/div>\n\t\t<\/div>\n\t\t\t\t\t<\/div>\n\t\t<\/section>\n\t\t\t\t<\/div>","protected":false},"excerpt":{"rendered":"<p>285\/1,000PDF shantui excavator Shantui excavator are many different brands of excavators on the market, but one that consistently receives high marks from reviewers and users alike is Shantui. Based in China, Shantui has been manufacturing construction equipment since 1980, and their excavators are known for being durable, reliable, and affordable. Whether you&#8217;re looking for a [&hellip;]<\/p>\n","protected":false},"author":4,"featured_media":0,"parent":0,"menu_order":0,"comment_status":"closed","ping_status":"closed","template":"","meta":{"footnotes":""},"class_list":["post-2967","page","type-page","status-publish","hentry"],"blocksy_meta":{"styles_descriptor":{"styles":{"desktop":"","tablet":"","mobile":""},"google_fonts":[],"version":6}},"aioseo_notices":[],"_links":{"self":[{"href":"https:\/\/machpanda.com\/es\/wp-json\/wp\/v2\/pages\/2967","targetHints":{"allow":["GET"]}}],"collection":[{"href":"https:\/\/machpanda.com\/es\/wp-json\/wp\/v2\/pages"}],"about":[{"href":"https:\/\/machpanda.com\/es\/wp-json\/wp\/v2\/types\/page"}],"author":[{"embeddable":true,"href":"https:\/\/machpanda.com\/es\/wp-json\/wp\/v2\/users\/4"}],"replies":[{"embeddable":true,"href":"https:\/\/machpanda.com\/es\/wp-json\/wp\/v2\/comments?post=2967"}],"version-history":[{"count":0,"href":"https:\/\/machpanda.com\/es\/wp-json\/wp\/v2\/pages\/2967\/revisions"}],"wp:attachment":[{"href":"https:\/\/machpanda.com\/es\/wp-json\/wp\/v2\/media?parent=2967"}],"curies":[{"name":"wp","href":"https:\/\/api.w.org\/{rel}","templated":true}]}}