{"id":501,"date":"2022-06-15T09:09:20","date_gmt":"2022-06-15T09:09:20","guid":{"rendered":"https:\/\/machpanda.com\/?page_id=501"},"modified":"2022-06-23T06:08:14","modified_gmt":"2022-06-23T06:08:14","slug":"industries4","status":"publish","type":"page","link":"https:\/\/machpanda.com\/es\/industries4\/","title":{"rendered":"Industrias4"},"content":{"rendered":"<div data-elementor-type=\"wp-page\" data-elementor-id=\"501\" class=\"elementor elementor-501\" data-elementor-post-type=\"page\">\n\t\t\t\t\t\t<section data-particle_enable=\"false\" data-particle-mobile-disabled=\"false\" class=\"elementor-section elementor-top-section elementor-element elementor-element-0c7cf62 ct-section-stretched elementor-section-height-min-height elementor-section-boxed elementor-section-height-default elementor-section-items-middle\" data-id=\"0c7cf62\" data-element_type=\"section\" data-e-type=\"section\" data-settings=\"{&quot;background_background&quot;:&quot;classic&quot;}\">\n\t\t\t\t\t\t\t<div class=\"elementor-background-overlay\"><\/div>\n\t\t\t\t\t\t\t<div class=\"elementor-container elementor-column-gap-default\">\n\t\t\t\t\t<div class=\"elementor-column elementor-col-100 elementor-top-column elementor-element elementor-element-7c9bed2b\" data-id=\"7c9bed2b\" data-element_type=\"column\" data-e-type=\"column\">\n\t\t\t<div class=\"elementor-widget-wrap elementor-element-populated\">\n\t\t\t\t\t\t<div class=\"elementor-element elementor-element-4409f84c elementor-widget elementor-widget-heading\" data-id=\"4409f84c\" data-element_type=\"widget\" data-e-type=\"widget\" data-widget_type=\"heading.default\">\n\t\t\t\t<div class=\"elementor-widget-container\">\n\t\t\t\t\t<h2 class=\"elementor-heading-title elementor-size-default\">Proyectos Municipales\/Zona Industrial<\/h2>\t\t\t\t<\/div>\n\t\t\t\t<\/div>\n\t\t\t\t<div class=\"elementor-element elementor-element-55ae2821 elementor-widget elementor-widget-text-editor\" data-id=\"55ae2821\" data-element_type=\"widget\" data-e-type=\"widget\" data-widget_type=\"text-editor.default\">\n\t\t\t\t<div class=\"elementor-widget-container\">\n\t\t\t\t\t\t\t\t\t<p>Este segmento puede incluir el derribo de edificios antiguos, la preparaci\u00f3n del sitio, la carga y el movimiento de materiales, la excavaci\u00f3n, la construcci\u00f3n de bases, la nivelaci\u00f3n y compactaci\u00f3n del suelo, etc.<\/p>\t\t\t\t\t\t\t\t<\/div>\n\t\t\t\t<\/div>\n\t\t\t\t\t<\/div>\n\t\t<\/div>\n\t\t\t\t\t<\/div>\n\t\t<\/section>\n\t\t\t\t<section data-particle_enable=\"false\" data-particle-mobile-disabled=\"false\" class=\"elementor-section elementor-top-section elementor-element elementor-element-da58d50 ct-section-stretched elementor-section-boxed elementor-section-height-default elementor-section-height-default\" data-id=\"da58d50\" data-element_type=\"section\" data-e-type=\"section\">\n\t\t\t\t\t\t<div class=\"elementor-container elementor-column-gap-default\">\n\t\t\t\t\t<div class=\"elementor-column elementor-col-100 elementor-top-column elementor-element elementor-element-94dfab7\" data-id=\"94dfab7\" data-element_type=\"column\" data-e-type=\"column\">\n\t\t\t<div class=\"elementor-widget-wrap elementor-element-populated\">\n\t\t\t\t\t\t<div class=\"elementor-element elementor-element-ca81583 elementor-widget elementor-widget-heading\" data-id=\"ca81583\" data-element_type=\"widget\" data-e-type=\"widget\" data-widget_type=\"heading.default\">\n\t\t\t\t<div class=\"elementor-widget-container\">\n\t\t\t\t\t<h2 class=\"elementor-heading-title elementor-size-default\">Modelo recomendado<\/h2>\t\t\t\t<\/div>\n\t\t\t\t<\/div>\n\t\t\t\t\t<\/div>\n\t\t<\/div>\n\t\t\t\t\t<\/div>\n\t\t<\/section>\n\t\t\t\t<section data-particle_enable=\"false\" data-particle-mobile-disabled=\"false\" class=\"elementor-section elementor-top-section elementor-element elementor-element-f1eb2b2 ct-section-stretched elementor-section-height-min-height elementor-section-boxed elementor-section-height-default elementor-section-items-middle\" data-id=\"f1eb2b2\" data-element_type=\"section\" data-e-type=\"section\" data-settings=\"{&quot;background_background&quot;:&quot;classic&quot;}\">\n\t\t\t\t\t\t<div class=\"elementor-container elementor-column-gap-default\">\n\t\t\t\t\t<div class=\"elementor-column elementor-col-100 elementor-top-column elementor-element elementor-element-89fdb68\" data-id=\"89fdb68\" data-element_type=\"column\" data-e-type=\"column\">\n\t\t\t<div class=\"elementor-widget-wrap elementor-element-populated\">\n\t\t\t\t\t\t<div class=\"elementor-element elementor-element-e9703a4 elementor-widget elementor-widget-ucaddon_woocommerce_product_grid\" data-id=\"e9703a4\" data-element_type=\"widget\" data-e-type=\"widget\" data-widget_type=\"ucaddon_woocommerce_product_grid.default\">\n\t\t\t\t<div class=\"elementor-widget-container\">\n\t\t\t\t\t\n<!-- start WooCommerce Product Grid -->\n\t\t<link id='font-awesome-css' href='https:\/\/machpanda.com\/wp-content\/plugins\/unlimited-elements-for-elementor-premium\/assets_libraries\/font-awesome6\/fontawesome-all.min.css' type='text\/css' rel='stylesheet' >\n\t\t<link id='font-awesome-4-shim-css' href='https:\/\/machpanda.com\/wp-content\/plugins\/unlimited-elements-for-elementor-premium\/assets_libraries\/font-awesome6\/fontawesome-v4-shims.min.css' type='text\/css' rel='stylesheet' >\n\n<style>\/* widget: WooCommerce Product Grid *\/\n\n#uc_woocommerce_product_grid_elementor_e9703a4 * {\n\t-webkit-box-sizing: border-box;\n\t-moz-box-sizing: border-box;\n\tbox-sizing: border-box;\n    \n}\n\n#uc_woocommerce_product_grid_elementor_e9703a4 .add_to_cart_button.loading span.add-to-cart__loader{\n\tdisplay: inline-block !important;\n}\n\n#uc_woocommerce_product_grid_elementor_e9703a4 .uc-grid-count-buttons{\n\tdisplay: flex;\n}\n\n#uc_woocommerce_product_grid_elementor_e9703a4 .uc-grid-count-buttons button{\n\tdisplay: flex;\n    align-items:center;\n    justify-content:center;\n    flex-grow:0;\n    flex-shrink:0;\n    line-height:1em;\n}\n\n#uc_woocommerce_product_grid_elementor_e9703a4 .uc-grid-count-buttons button:disabled{\n\topacity:0.5;\n}\n\n#uc_woocommerce_product_grid_elementor_e9703a4 .uc-grid-count-buttons button svg{\n\theight:1em;\n    width:1em;\n}\n\n#uc_woocommerce_product_grid_elementor_e9703a4 input.uc-grid-count-buttons__number{\n  text-align:center;\n  flex-grow:1;\n}\n\n\n#uc_woocommerce_product_grid_elementor_e9703a4 \n{\n  margin:0 auto;\n  position:relative;  \n}\n\n.uc_post_grid_style_one .uc_post_grid_style_one_item {\n\tcolor: #111;\n\tfont-size: 16px;\n\toverflow: hidden;\n  \tposition: relative;\n}\n.uc_post_grid_style_one .uc_post_grid_style_one_image {\n\twidth: 100%;\n\toverflow: hidden;\n\tdisplay: block;\n  \n}\n#uc_woocommerce_product_grid_elementor_e9703a4  .uc_post_image {\n\n\tbackground-size: contain;\n    position:relative;\n\tbackground-position: center center;\n\tbackground-repeat: no-repeat;\n\tdisplay: block;\n\ttransition: all 0.25s ease-in-out;\n}\n\n.uc_post_grid_style_one .uc_title {\n    font-size: 21px;\n}\n.uc_post_grid_style_one .uc_title a {\n\n\ttext-decoration: none;\n}\n#uc_woocommerce_product_grid_elementor_e9703a4 a.uc_btn, #uc_woocommerce_product_grid_elementor_e9703a4 .uc-button-addcart, #uc_woocommerce_product_grid_elementor_e9703a4 .added_to_cart, #uc_woocommerce_product_grid_elementor_e9703a4 .ue-variable-btn{\n\tdisplay: block;\n\ttext-align: center;\n    text-decoration: none;\n    text-transform: none;\n\ttransition: all 0.25s ease-in-out;\n}\n\n#uc_woocommerce_product_grid_elementor_e9703a4 .uc-button-addcart.added\n{\n  display:none;\n}\n\n#uc_woocommerce_product_grid_elementor_e9703a4.uc_post_grid_style_one .uc_post_grid_style_one_wrap {\n\t\n    display: grid;\n}\n\n    #uc_woocommerce_product_grid_elementor_e9703a4.uc_post_grid_style_one .uc_content{\n      flex-grow: 1;\n      display: flex;\n      flex-flow: column nowrap;\n    }\n    #uc_woocommerce_product_grid_elementor_e9703a4 .ue_grid_item_bottom\n    {\n      margin-top:auto;\n    }\n.uc_post_grid_style_one .uc_post_grid_style_one_item {\n\tflex-direction:column;\n    display:flex;\n}\n\n\n\n\n\n\n\n@media (max-width:1023px){\n\t#uc_woocommerce_product_grid_elementor_e9703a4.uc_post_grid_style_one .uc_post_grid_style_one_wrap {\n\t\tgrid-template-columns: repeat(2, 1fr);\n\t}\n}\n@media (max-width:639px){\n\t#uc_woocommerce_product_grid_elementor_e9703a4.uc_post_grid_style_one .uc_post_grid_style_one_wrap {\n\t\tgrid-template-columns: repeat(1, 1fr);\n\t}\n}\n\n\n\n\n#uc_woocommerce_product_grid_elementor_e9703a4 .ue_category_label\n{\n  display:block;\n  text-decoration:none;\n}\n\n\n\n.uc_regular_price\n{\n  text-decoration:line-through !important;\n}\n\n#uc_woocommerce_product_grid_elementor_e9703a4 .ue_woocommerce_product_carousel_sale_label\n{\n  display:inline-block;\n  position:absolute;\n  left:10px;\n  top:10px;\n}\n\n<\/style>\n\n<div class=\"uc_post_grid_style_one woocommerce_product_grid\" id=\"uc_woocommerce_product_grid_elementor_e9703a4\"  style=\"direction:ltr;text-align:center;\">\n\t\t<div class=\"uc_post_grid_style_one_wrap uc-items-wrapper ue-woo-grid\">\n\t\t\t\n          <div class=\"uc_post_grid_style_one_item ue-item\" id=\"uc_woocommerce_product_grid_elementor_e9703a4_item1\">\n  \n        \t\n\t   \n   <div>\n   <a class=\"uc_post_grid_style_one_image\" href=\"https:\/\/machpanda.com\/es\/producto\/se245\/\">\n     \n     \n      \n        <div class=\"uc_post_image\" style=\"background-image: url(https:\/\/machpanda.com\/wp-content\/uploads\/2022\/06\/Excavator_SE245LC.jpg);\">\n    \t\n     \n     \n     \t\t\n     \t\t            \t\n     \n     <\/div>\n   <\/a>\n   <\/div>  \n  \n  <div class=\"uc_content padding\">\n      <a class=\"ue_category_label\" href=\"https:\/\/machpanda.com\/es\/categoria-producto\/all\/excavator\/\">Excavador<\/a>      <div class=\"uc_title\"><a href=\"https:\/\/machpanda.com\/es\/producto\/se245\/\">China excavadora SHANTUI Excavadora SE245LC<\/a><\/div>      \n        \n    \n             \n      <div class=\"ue_grid_item_bottom\">\n      \n       <div class=\"ue_grid_prices\">\n         \n                \n              <\/div>\n\t  \n      <div class=\"uc_post_grid_style_one_button\">\n                  <a class=\"uc_btn\" href=\"https:\/\/machpanda.com\/es\/producto\/se245\/\" style=\"\">Detalles<\/a>  \n        \n              <\/div>\n    <\/div> \n  <\/div>\n<\/div>\n<div class=\"uc_post_grid_style_one_item ue-item\" id=\"uc_woocommerce_product_grid_elementor_e9703a4_item2\">\n  \n        \t\n\t   \n   <div>\n   <a class=\"uc_post_grid_style_one_image\" href=\"https:\/\/machpanda.com\/es\/producto\/se220\/\">\n     \n     \n      \n        <div class=\"uc_post_image\" style=\"background-image: url(https:\/\/machpanda.com\/wp-content\/uploads\/2022\/06\/Excavator_SE220.jpg);\">\n    \t\n     \n     \n     \t\t\n     \t\t            \t\n     \n     <\/div>\n   <\/a>\n   <\/div>  \n  \n  <div class=\"uc_content padding\">\n      <a class=\"ue_category_label\" href=\"https:\/\/machpanda.com\/es\/categoria-producto\/all\/excavator\/\">Excavador<\/a>      <div class=\"uc_title\"><a href=\"https:\/\/machpanda.com\/es\/producto\/se220\/\">La mejor excavadora SHANTUI Excavator SE220<\/a><\/div>      \n        \n    \n             \n      <div class=\"ue_grid_item_bottom\">\n      \n       <div class=\"ue_grid_prices\">\n         \n                \n              <\/div>\n\t  \n      <div class=\"uc_post_grid_style_one_button\">\n                  <a class=\"uc_btn\" href=\"https:\/\/machpanda.com\/es\/producto\/se220\/\" style=\"\">Detalles<\/a>  \n        \n              <\/div>\n    <\/div> \n  <\/div>\n<\/div>\n<div class=\"uc_post_grid_style_one_item ue-item\" id=\"uc_woocommerce_product_grid_elementor_e9703a4_item3\">\n  \n        \t\n\t   \n   <div>\n   <a class=\"uc_post_grid_style_one_image\" href=\"https:\/\/machpanda.com\/es\/producto\/track-type-tractor-sem822d-exporter\/\">\n     \n     \n      \n        <div class=\"uc_post_image\" style=\"background-image: url(https:\/\/machpanda.com\/wp-content\/uploads\/2022\/06\/Bulldozer_SEM822D-1-no-background.jpg);\">\n    \t\n     \n     \n     \t\t\n     \t\t            \t\n     \n     <\/div>\n   <\/a>\n   <\/div>  \n  \n  <div class=\"uc_content padding\">\n      <a class=\"ue_category_label\" href=\"https:\/\/machpanda.com\/es\/categoria-producto\/all\/bulldozer\/sem-bulldozer\/\">SEM-bulldozer<\/a>      <div class=\"uc_title\"><a href=\"https:\/\/machpanda.com\/es\/producto\/track-type-tractor-sem822d-exporter\/\">Tractor de orugas SEM822D Exportador<\/a><\/div>      \n        \n    \n             \n      <div class=\"ue_grid_item_bottom\">\n      \n       <div class=\"ue_grid_prices\">\n         \n                \n              <\/div>\n\t  \n      <div class=\"uc_post_grid_style_one_button\">\n                  <a class=\"uc_btn\" href=\"https:\/\/machpanda.com\/es\/producto\/track-type-tractor-sem822d-exporter\/\" style=\"\">Detalles<\/a>  \n        \n              <\/div>\n    <\/div> \n  <\/div>\n<\/div>\n<div class=\"uc_post_grid_style_one_item ue-item\" id=\"uc_woocommerce_product_grid_elementor_e9703a4_item4\">\n  \n        \t\n\t   \n   <div>\n   <a class=\"uc_post_grid_style_one_image\" href=\"https:\/\/machpanda.com\/es\/producto\/sem660d\/\">\n     \n     \n      \n        <div class=\"uc_post_image\" style=\"background-image: url(https:\/\/machpanda.com\/wp-content\/uploads\/2022\/06\/SEM-loader_6\u5428-SEM660D.jpg);\">\n    \t\n     \n     \n     \t\t\n     \t\t            \t\n     \n     <\/div>\n   <\/a>\n   <\/div>  \n  \n  <div class=\"uc_content padding\">\n      <a class=\"ue_category_label\" href=\"https:\/\/machpanda.com\/es\/categoria-producto\/all\/loader\/sem-loader\/\">cargador SEM<\/a>      <div class=\"uc_title\"><a href=\"https:\/\/machpanda.com\/es\/producto\/sem660d\/\">Cargadoras de ruedas SEM 6t SEM660D para empresa maderera forestal<\/a><\/div>      \n        \n    \n             \n      <div class=\"ue_grid_item_bottom\">\n      \n       <div class=\"ue_grid_prices\">\n         \n                \n              <\/div>\n\t  \n      <div class=\"uc_post_grid_style_one_button\">\n                  <a class=\"uc_btn\" href=\"https:\/\/machpanda.com\/es\/producto\/sem660d\/\" style=\"\">Detalles<\/a>  \n        \n              <\/div>\n    <\/div> \n  <\/div>\n<\/div>\n\n          \n\t\t<\/div>\n<\/div>\n\n\n\n  <div id=\"uc_woocommerce_product_grid_elementor_e9703a4_empty_message\" class=\"ue-no-posts-found\"  style=\"display:none\" >No se encontraron productos<\/div>\n\n\n<!-- end WooCommerce Product Grid -->\t\t\t\t<\/div>\n\t\t\t\t<\/div>\n\t\t\t\t\t<\/div>\n\t\t<\/div>\n\t\t\t\t\t<\/div>\n\t\t<\/section>\n\t\t\t\t<section data-particle_enable=\"false\" data-particle-mobile-disabled=\"false\" class=\"elementor-section elementor-top-section elementor-element elementor-element-525f8c7 ct-section-stretched elementor-section-boxed elementor-section-height-default elementor-section-height-default\" data-id=\"525f8c7\" data-element_type=\"section\" data-e-type=\"section\">\n\t\t\t\t\t\t<div class=\"elementor-container elementor-column-gap-default\">\n\t\t\t\t\t<div class=\"elementor-column elementor-col-20 elementor-top-column elementor-element elementor-element-459b4be\" data-id=\"459b4be\" data-element_type=\"column\" data-e-type=\"column\">\n\t\t\t<div class=\"elementor-widget-wrap elementor-element-populated\">\n\t\t\t\t\t\t<div class=\"elementor-element elementor-element-4dbaeab elementor-align-center elementor-widget elementor-widget-button\" data-id=\"4dbaeab\" data-element_type=\"widget\" data-e-type=\"widget\" data-widget_type=\"button.default\">\n\t\t\t\t<div class=\"elementor-widget-container\">\n\t\t\t\t\t\t\t\t\t<div class=\"elementor-button-wrapper\">\n\t\t\t\t\t<a class=\"elementor-button elementor-button-link elementor-size-md\" href=\"https:\/\/machpanda.com\/es\/applicable-industries\/\">\n\t\t\t\t\t\t<span class=\"elementor-button-content-wrapper\">\n\t\t\t\t\t\t\t\t\t<span class=\"elementor-button-text\">Ferrocarriles\/Carreteras\/Aeropuertos<\/span>\n\t\t\t\t\t<\/span>\n\t\t\t\t\t<\/a>\n\t\t\t\t<\/div>\n\t\t\t\t\t\t\t\t<\/div>\n\t\t\t\t<\/div>\n\t\t\t\t\t<\/div>\n\t\t<\/div>\n\t\t\t\t<div class=\"elementor-column elementor-col-20 elementor-top-column elementor-element elementor-element-24cad45\" data-id=\"24cad45\" data-element_type=\"column\" data-e-type=\"column\">\n\t\t\t<div class=\"elementor-widget-wrap elementor-element-populated\">\n\t\t\t\t\t\t<div class=\"elementor-element elementor-element-6856100 elementor-align-center elementor-widget elementor-widget-button\" data-id=\"6856100\" data-element_type=\"widget\" data-e-type=\"widget\" data-widget_type=\"button.default\">\n\t\t\t\t<div class=\"elementor-widget-container\">\n\t\t\t\t\t\t\t\t\t<div class=\"elementor-button-wrapper\">\n\t\t\t\t\t<a class=\"elementor-button elementor-button-link elementor-size-md\" href=\"https:\/\/machpanda.com\/es\/industries2%ef%bf%bc\/\">\n\t\t\t\t\t\t<span class=\"elementor-button-content-wrapper\">\n\t\t\t\t\t\t\t\t\t<span class=\"elementor-button-text\">Puerto\/Carga<\/span>\n\t\t\t\t\t<\/span>\n\t\t\t\t\t<\/a>\n\t\t\t\t<\/div>\n\t\t\t\t\t\t\t\t<\/div>\n\t\t\t\t<\/div>\n\t\t\t\t\t<\/div>\n\t\t<\/div>\n\t\t\t\t<div class=\"elementor-column elementor-col-20 elementor-top-column elementor-element elementor-element-1f9308a\" data-id=\"1f9308a\" data-element_type=\"column\" data-e-type=\"column\">\n\t\t\t<div class=\"elementor-widget-wrap elementor-element-populated\">\n\t\t\t\t\t\t<div class=\"elementor-element elementor-element-023fa2e elementor-align-center elementor-widget elementor-widget-button\" data-id=\"023fa2e\" data-element_type=\"widget\" data-e-type=\"widget\" data-widget_type=\"button.default\">\n\t\t\t\t<div class=\"elementor-widget-container\">\n\t\t\t\t\t\t\t\t\t<div class=\"elementor-button-wrapper\">\n\t\t\t\t\t<a class=\"elementor-button elementor-button-link elementor-size-md\" href=\"https:\/\/machpanda.com\/es\/industries3%ef%bf%bc\/\">\n\t\t\t\t\t\t<span class=\"elementor-button-content-wrapper\">\n\t\t\t\t\t\t\t\t\t<span class=\"elementor-button-text\">Ming\/Cantera\/Agregado<\/span>\n\t\t\t\t\t<\/span>\n\t\t\t\t\t<\/a>\n\t\t\t\t<\/div>\n\t\t\t\t\t\t\t\t<\/div>\n\t\t\t\t<\/div>\n\t\t\t\t\t<\/div>\n\t\t<\/div>\n\t\t\t\t<div class=\"elementor-column elementor-col-20 elementor-top-column elementor-element elementor-element-99ff1d0\" data-id=\"99ff1d0\" data-element_type=\"column\" data-e-type=\"column\">\n\t\t\t<div class=\"elementor-widget-wrap elementor-element-populated\">\n\t\t\t\t\t\t<div class=\"elementor-element elementor-element-efd5a0e elementor-align-center elementor-widget elementor-widget-button\" data-id=\"efd5a0e\" data-element_type=\"widget\" data-e-type=\"widget\" data-widget_type=\"button.default\">\n\t\t\t\t<div class=\"elementor-widget-container\">\n\t\t\t\t\t\t\t\t\t<div class=\"elementor-button-wrapper\">\n\t\t\t\t\t<a class=\"elementor-button elementor-button-link elementor-size-md\" href=\"https:\/\/machpanda.com\/es\/industries4\/\">\n\t\t\t\t\t\t<span class=\"elementor-button-content-wrapper\">\n\t\t\t\t\t\t\t\t\t<span class=\"elementor-button-text\">Municipal<\/span>\n\t\t\t\t\t<\/span>\n\t\t\t\t\t<\/a>\n\t\t\t\t<\/div>\n\t\t\t\t\t\t\t\t<\/div>\n\t\t\t\t<\/div>\n\t\t\t\t\t<\/div>\n\t\t<\/div>\n\t\t\t\t<div class=\"elementor-column elementor-col-20 elementor-top-column elementor-element elementor-element-77b9ea0\" data-id=\"77b9ea0\" data-element_type=\"column\" data-e-type=\"column\">\n\t\t\t<div class=\"elementor-widget-wrap elementor-element-populated\">\n\t\t\t\t\t\t<div class=\"elementor-element elementor-element-4433b5b elementor-align-center elementor-widget elementor-widget-button\" data-id=\"4433b5b\" data-element_type=\"widget\" data-e-type=\"widget\" data-widget_type=\"button.default\">\n\t\t\t\t<div class=\"elementor-widget-container\">\n\t\t\t\t\t\t\t\t\t<div class=\"elementor-button-wrapper\">\n\t\t\t\t\t<a class=\"elementor-button elementor-button-link elementor-size-md\" href=\"https:\/\/machpanda.com\/es\/industries5%ef%bf%bc\/\">\n\t\t\t\t\t\t<span class=\"elementor-button-content-wrapper\">\n\t\t\t\t\t\t\t\t\t<span class=\"elementor-button-text\">Agricultura<\/span>\n\t\t\t\t\t<\/span>\n\t\t\t\t\t<\/a>\n\t\t\t\t<\/div>\n\t\t\t\t\t\t\t\t<\/div>\n\t\t\t\t<\/div>\n\t\t\t\t\t<\/div>\n\t\t<\/div>\n\t\t\t\t\t<\/div>\n\t\t<\/section>\n\t\t\t\t<section data-particle_enable=\"false\" data-particle-mobile-disabled=\"false\" class=\"elementor-section elementor-top-section elementor-element elementor-element-314c1dd ct-section-stretched elementor-section-boxed elementor-section-height-default elementor-section-height-default\" data-id=\"314c1dd\" data-element_type=\"section\" data-e-type=\"section\">\n\t\t\t\t\t\t<div class=\"elementor-container elementor-column-gap-default\">\n\t\t\t\t\t<div class=\"elementor-column elementor-col-20 elementor-top-column elementor-element elementor-element-530ffd4\" data-id=\"530ffd4\" data-element_type=\"column\" data-e-type=\"column\">\n\t\t\t<div class=\"elementor-widget-wrap elementor-element-populated\">\n\t\t\t\t\t\t<div class=\"elementor-element elementor-element-7511f82 elementor-align-center elementor-widget elementor-widget-button\" data-id=\"7511f82\" data-element_type=\"widget\" data-e-type=\"widget\" data-widget_type=\"button.default\">\n\t\t\t\t<div class=\"elementor-widget-container\">\n\t\t\t\t\t\t\t\t\t<div class=\"elementor-button-wrapper\">\n\t\t\t\t\t<a class=\"elementor-button elementor-button-link elementor-size-md\" href=\"https:\/\/machpanda.com\/es\/industries6\/\">\n\t\t\t\t\t\t<span class=\"elementor-button-content-wrapper\">\n\t\t\t\t\t\t\t\t\t<span class=\"elementor-button-text\">conservaci\u00f3n del agua<\/span>\n\t\t\t\t\t<\/span>\n\t\t\t\t\t<\/a>\n\t\t\t\t<\/div>\n\t\t\t\t\t\t\t\t<\/div>\n\t\t\t\t<\/div>\n\t\t\t\t\t<\/div>\n\t\t<\/div>\n\t\t\t\t<div class=\"elementor-column elementor-col-20 elementor-top-column elementor-element elementor-element-c6fdc7c\" data-id=\"c6fdc7c\" data-element_type=\"column\" data-e-type=\"column\">\n\t\t\t<div class=\"elementor-widget-wrap elementor-element-populated\">\n\t\t\t\t\t\t<div class=\"elementor-element elementor-element-db6a2cd elementor-align-center elementor-widget elementor-widget-button\" data-id=\"db6a2cd\" data-element_type=\"widget\" data-e-type=\"widget\" data-widget_type=\"button.default\">\n\t\t\t\t<div class=\"elementor-widget-container\">\n\t\t\t\t\t\t\t\t\t<div class=\"elementor-button-wrapper\">\n\t\t\t\t\t<a class=\"elementor-button elementor-button-link elementor-size-md\" href=\"https:\/\/machpanda.com\/es\/industries7\/\">\n\t\t\t\t\t\t<span class=\"elementor-button-content-wrapper\">\n\t\t\t\t\t\t\t\t\t<span class=\"elementor-button-text\">Desperdicio<\/span>\n\t\t\t\t\t<\/span>\n\t\t\t\t\t<\/a>\n\t\t\t\t<\/div>\n\t\t\t\t\t\t\t\t<\/div>\n\t\t\t\t<\/div>\n\t\t\t\t\t<\/div>\n\t\t<\/div>\n\t\t\t\t<div class=\"elementor-column elementor-col-20 elementor-top-column elementor-element elementor-element-3ec3004\" data-id=\"3ec3004\" data-element_type=\"column\" data-e-type=\"column\">\n\t\t\t<div class=\"elementor-widget-wrap elementor-element-populated\">\n\t\t\t\t\t\t<div class=\"elementor-element elementor-element-b9a1da2 elementor-align-center elementor-widget elementor-widget-button\" data-id=\"b9a1da2\" data-element_type=\"widget\" data-e-type=\"widget\" data-widget_type=\"button.default\">\n\t\t\t\t<div class=\"elementor-widget-container\">\n\t\t\t\t\t\t\t\t\t<div class=\"elementor-button-wrapper\">\n\t\t\t\t\t<a class=\"elementor-button elementor-button-link elementor-size-md\" href=\"https:\/\/machpanda.com\/es\/industries8%ef%bf%bc\/\">\n\t\t\t\t\t\t<span class=\"elementor-button-content-wrapper\">\n\t\t\t\t\t\t\t\t\t<span class=\"elementor-button-text\">Patio de carb\u00f3n\/Energ\u00eda<\/span>\n\t\t\t\t\t<\/span>\n\t\t\t\t\t<\/a>\n\t\t\t\t<\/div>\n\t\t\t\t\t\t\t\t<\/div>\n\t\t\t\t<\/div>\n\t\t\t\t\t<\/div>\n\t\t<\/div>\n\t\t\t\t<div class=\"elementor-column elementor-col-20 elementor-top-column elementor-element elementor-element-55c6040\" data-id=\"55c6040\" data-element_type=\"column\" data-e-type=\"column\">\n\t\t\t<div class=\"elementor-widget-wrap elementor-element-populated\">\n\t\t\t\t\t\t<div class=\"elementor-element elementor-element-8b3c86c elementor-align-center elementor-widget elementor-widget-button\" data-id=\"8b3c86c\" data-element_type=\"widget\" data-e-type=\"widget\" data-widget_type=\"button.default\">\n\t\t\t\t<div class=\"elementor-widget-container\">\n\t\t\t\t\t\t\t\t\t<div class=\"elementor-button-wrapper\">\n\t\t\t\t\t<a class=\"elementor-button elementor-button-link elementor-size-md\" href=\"https:\/\/machpanda.com\/es\/industries9%ef%bf%bc\/\">\n\t\t\t\t\t\t<span class=\"elementor-button-content-wrapper\">\n\t\t\t\t\t\t\t\t\t<span class=\"elementor-button-text\">Proyecto de gesti\u00f3n del desierto<\/span>\n\t\t\t\t\t<\/span>\n\t\t\t\t\t<\/a>\n\t\t\t\t<\/div>\n\t\t\t\t\t\t\t\t<\/div>\n\t\t\t\t<\/div>\n\t\t\t\t\t<\/div>\n\t\t<\/div>\n\t\t\t\t<div class=\"elementor-column elementor-col-20 elementor-top-column elementor-element elementor-element-108db19\" data-id=\"108db19\" data-element_type=\"column\" data-e-type=\"column\">\n\t\t\t<div class=\"elementor-widget-wrap elementor-element-populated\">\n\t\t\t\t\t\t<div class=\"elementor-element elementor-element-7c769dc elementor-align-center elementor-widget elementor-widget-button\" data-id=\"7c769dc\" data-element_type=\"widget\" data-e-type=\"widget\" data-widget_type=\"button.default\">\n\t\t\t\t<div class=\"elementor-widget-container\">\n\t\t\t\t\t\t\t\t\t<div class=\"elementor-button-wrapper\">\n\t\t\t\t\t<a class=\"elementor-button elementor-button-link elementor-size-md\" href=\"https:\/\/machpanda.com\/es\/industries10%ef%bf%bc\/\">\n\t\t\t\t\t\t<span class=\"elementor-button-content-wrapper\">\n\t\t\t\t\t\t\t\t\t<span class=\"elementor-button-text\">Bosque\/Madera<\/span>\n\t\t\t\t\t<\/span>\n\t\t\t\t\t<\/a>\n\t\t\t\t<\/div>\n\t\t\t\t\t\t\t\t<\/div>\n\t\t\t\t<\/div>\n\t\t\t\t\t<\/div>\n\t\t<\/div>\n\t\t\t\t\t<\/div>\n\t\t<\/section>\n\t\t\t\t<\/div>","protected":false},"excerpt":{"rendered":"<p>Municipal\/Industry Zone Projects This segment might involve old building tearing down, site preparation, material loading and moving, digging, base construction, ground leveling and compaction etc. Recommended model Excavator Excavator_SE245LC Details Excavator Excavator_SE220 Details SEM-bulldozer Bulldozer_SEM822D Details SEM -loader SEM-loader-SEM660D Details No products found Railways\/Roads\/Airports Port\/Cargo Ming\/Quarry\/Aggregate Municipal Agriculture Water Conservancy Waste Coal yard\/Energy Desert Manage [&hellip;]<\/p>\n","protected":false},"author":4,"featured_media":0,"parent":0,"menu_order":0,"comment_status":"closed","ping_status":"closed","template":"","meta":{"footnotes":""},"class_list":["post-501","page","type-page","status-publish","hentry"],"blocksy_meta":{"styles_descriptor":{"styles":{"desktop":"","tablet":"","mobile":""},"google_fonts":[],"version":6}},"aioseo_notices":[],"_links":{"self":[{"href":"https:\/\/machpanda.com\/es\/wp-json\/wp\/v2\/pages\/501","targetHints":{"allow":["GET"]}}],"collection":[{"href":"https:\/\/machpanda.com\/es\/wp-json\/wp\/v2\/pages"}],"about":[{"href":"https:\/\/machpanda.com\/es\/wp-json\/wp\/v2\/types\/page"}],"author":[{"embeddable":true,"href":"https:\/\/machpanda.com\/es\/wp-json\/wp\/v2\/users\/4"}],"replies":[{"embeddable":true,"href":"https:\/\/machpanda.com\/es\/wp-json\/wp\/v2\/comments?post=501"}],"version-history":[{"count":0,"href":"https:\/\/machpanda.com\/es\/wp-json\/wp\/v2\/pages\/501\/revisions"}],"wp:attachment":[{"href":"https:\/\/machpanda.com\/es\/wp-json\/wp\/v2\/media?parent=501"}],"curies":[{"name":"wp","href":"https:\/\/api.w.org\/{rel}","templated":true}]}}