{"id":532,"date":"2022-06-15T10:08:37","date_gmt":"2022-06-15T10:08:37","guid":{"rendered":"https:\/\/machpanda.com\/?page_id=532"},"modified":"2022-06-23T07:04:52","modified_gmt":"2022-06-23T07:04:52","slug":"industries8%ef%bf%bc","status":"publish","type":"page","link":"https:\/\/machpanda.com\/es\/industries8%ef%bf%bc\/","title":{"rendered":"Industrias8\ufffc"},"content":{"rendered":"<div data-elementor-type=\"wp-page\" data-elementor-id=\"532\" class=\"elementor elementor-532\" data-elementor-post-type=\"page\">\n\t\t\t\t\t\t<section data-particle_enable=\"false\" data-particle-mobile-disabled=\"false\" class=\"elementor-section elementor-top-section elementor-element elementor-element-828dbe3 ct-section-stretched elementor-section-height-min-height elementor-section-boxed elementor-section-height-default elementor-section-items-middle\" data-id=\"828dbe3\" data-element_type=\"section\" data-e-type=\"section\" data-settings=\"{&quot;background_background&quot;:&quot;classic&quot;}\">\n\t\t\t\t\t\t\t<div class=\"elementor-background-overlay\"><\/div>\n\t\t\t\t\t\t\t<div class=\"elementor-container elementor-column-gap-default\">\n\t\t\t\t\t<div class=\"elementor-column elementor-col-100 elementor-top-column elementor-element elementor-element-769e8af\" data-id=\"769e8af\" data-element_type=\"column\" data-e-type=\"column\">\n\t\t\t<div class=\"elementor-widget-wrap elementor-element-populated\">\n\t\t\t\t\t\t<div class=\"elementor-element elementor-element-51959ba4 elementor-widget elementor-widget-heading\" data-id=\"51959ba4\" data-element_type=\"widget\" data-e-type=\"widget\" data-widget_type=\"heading.default\">\n\t\t\t\t<div class=\"elementor-widget-container\">\n\t\t\t\t\t<h2 class=\"elementor-heading-title elementor-size-default\">Patio de carb\u00f3n\/Energ\u00eda\/Planta el\u00e9ctrica<\/h2>\t\t\t\t<\/div>\n\t\t\t\t<\/div>\n\t\t\t\t<div class=\"elementor-element elementor-element-7385393d elementor-widget elementor-widget-text-editor\" data-id=\"7385393d\" data-element_type=\"widget\" data-e-type=\"widget\" data-widget_type=\"text-editor.default\">\n\t\t\t\t<div class=\"elementor-widget-container\">\n\t\t\t\t\t\t\t\t\t<p>Este segmento incluye principalmente la construcci\u00f3n de plantas de energ\u00eda y generaci\u00f3n de energ\u00eda. Involucrar\u00e1 el movimiento de tierras, nivelaci\u00f3n del sitio, compactaci\u00f3n en la etapa de construcci\u00f3n y el manejo del carb\u00f3n en el per\u00edodo de producci\u00f3n.<\/p>\t\t\t\t\t\t\t\t<\/div>\n\t\t\t\t<\/div>\n\t\t\t\t\t<\/div>\n\t\t<\/div>\n\t\t\t\t\t<\/div>\n\t\t<\/section>\n\t\t\t\t<section data-particle_enable=\"false\" data-particle-mobile-disabled=\"false\" class=\"elementor-section elementor-top-section elementor-element elementor-element-880e8ea ct-section-stretched elementor-section-boxed elementor-section-height-default elementor-section-height-default\" data-id=\"880e8ea\" data-element_type=\"section\" data-e-type=\"section\">\n\t\t\t\t\t\t<div class=\"elementor-container elementor-column-gap-default\">\n\t\t\t\t\t<div class=\"elementor-column elementor-col-100 elementor-top-column elementor-element elementor-element-a62df78\" data-id=\"a62df78\" data-element_type=\"column\" data-e-type=\"column\">\n\t\t\t<div class=\"elementor-widget-wrap elementor-element-populated\">\n\t\t\t\t\t\t<div class=\"elementor-element elementor-element-7c29a89 elementor-widget elementor-widget-heading\" data-id=\"7c29a89\" data-element_type=\"widget\" data-e-type=\"widget\" data-widget_type=\"heading.default\">\n\t\t\t\t<div class=\"elementor-widget-container\">\n\t\t\t\t\t<h2 class=\"elementor-heading-title elementor-size-default\">Modelo recomendado<\/h2>\t\t\t\t<\/div>\n\t\t\t\t<\/div>\n\t\t\t\t\t<\/div>\n\t\t<\/div>\n\t\t\t\t\t<\/div>\n\t\t<\/section>\n\t\t\t\t<section data-particle_enable=\"false\" data-particle-mobile-disabled=\"false\" class=\"elementor-section elementor-top-section elementor-element elementor-element-6f582fa ct-section-stretched elementor-section-height-min-height elementor-section-boxed elementor-section-height-default elementor-section-items-middle\" data-id=\"6f582fa\" data-element_type=\"section\" data-e-type=\"section\" data-settings=\"{&quot;background_background&quot;:&quot;classic&quot;}\">\n\t\t\t\t\t\t<div class=\"elementor-container elementor-column-gap-default\">\n\t\t\t\t\t<div class=\"elementor-column elementor-col-100 elementor-top-column elementor-element elementor-element-08bc241\" data-id=\"08bc241\" data-element_type=\"column\" data-e-type=\"column\">\n\t\t\t<div class=\"elementor-widget-wrap elementor-element-populated\">\n\t\t\t\t\t\t<div class=\"elementor-element elementor-element-b068bc2 elementor-widget elementor-widget-ucaddon_woocommerce_product_grid\" data-id=\"b068bc2\" data-element_type=\"widget\" data-e-type=\"widget\" data-widget_type=\"ucaddon_woocommerce_product_grid.default\">\n\t\t\t\t<div class=\"elementor-widget-container\">\n\t\t\t\t\t\n<!-- start WooCommerce Product Grid -->\n\t\t<link id='font-awesome-css' href='https:\/\/machpanda.com\/wp-content\/plugins\/unlimited-elements-for-elementor-premium\/assets_libraries\/font-awesome6\/fontawesome-all.min.css' type='text\/css' rel='stylesheet' >\n\t\t<link id='font-awesome-4-shim-css' href='https:\/\/machpanda.com\/wp-content\/plugins\/unlimited-elements-for-elementor-premium\/assets_libraries\/font-awesome6\/fontawesome-v4-shims.min.css' type='text\/css' rel='stylesheet' >\n\n<style>\/* widget: WooCommerce Product Grid *\/\n\n#uc_woocommerce_product_grid_elementor_b068bc2 * {\n\t-webkit-box-sizing: border-box;\n\t-moz-box-sizing: border-box;\n\tbox-sizing: border-box;\n    \n}\n\n#uc_woocommerce_product_grid_elementor_b068bc2 .add_to_cart_button.loading span.add-to-cart__loader{\n\tdisplay: inline-block !important;\n}\n\n#uc_woocommerce_product_grid_elementor_b068bc2 .uc-grid-count-buttons{\n\tdisplay: flex;\n}\n\n#uc_woocommerce_product_grid_elementor_b068bc2 .uc-grid-count-buttons button{\n\tdisplay: flex;\n    align-items:center;\n    justify-content:center;\n    flex-grow:0;\n    flex-shrink:0;\n    line-height:1em;\n}\n\n#uc_woocommerce_product_grid_elementor_b068bc2 .uc-grid-count-buttons button:disabled{\n\topacity:0.5;\n}\n\n#uc_woocommerce_product_grid_elementor_b068bc2 .uc-grid-count-buttons button svg{\n\theight:1em;\n    width:1em;\n}\n\n#uc_woocommerce_product_grid_elementor_b068bc2 input.uc-grid-count-buttons__number{\n  text-align:center;\n  flex-grow:1;\n}\n\n\n#uc_woocommerce_product_grid_elementor_b068bc2 \n{\n  margin:0 auto;\n  position:relative;  \n}\n\n.uc_post_grid_style_one .uc_post_grid_style_one_item {\n\tcolor: #111;\n\tfont-size: 16px;\n\toverflow: hidden;\n  \tposition: relative;\n}\n.uc_post_grid_style_one .uc_post_grid_style_one_image {\n\twidth: 100%;\n\toverflow: hidden;\n\tdisplay: block;\n  \n}\n#uc_woocommerce_product_grid_elementor_b068bc2  .uc_post_image {\n\n\tbackground-size: contain;\n    position:relative;\n\tbackground-position: center center;\n\tbackground-repeat: no-repeat;\n\tdisplay: block;\n\ttransition: all 0.25s ease-in-out;\n}\n\n.uc_post_grid_style_one .uc_title {\n    font-size: 21px;\n}\n.uc_post_grid_style_one .uc_title a {\n\n\ttext-decoration: none;\n}\n#uc_woocommerce_product_grid_elementor_b068bc2 a.uc_btn, #uc_woocommerce_product_grid_elementor_b068bc2 .uc-button-addcart, #uc_woocommerce_product_grid_elementor_b068bc2 .added_to_cart, #uc_woocommerce_product_grid_elementor_b068bc2 .ue-variable-btn{\n\tdisplay: block;\n\ttext-align: center;\n    text-decoration: none;\n    text-transform: none;\n\ttransition: all 0.25s ease-in-out;\n}\n\n#uc_woocommerce_product_grid_elementor_b068bc2 .uc-button-addcart.added\n{\n  display:none;\n}\n\n#uc_woocommerce_product_grid_elementor_b068bc2.uc_post_grid_style_one .uc_post_grid_style_one_wrap {\n\t\n    display: grid;\n}\n\n    #uc_woocommerce_product_grid_elementor_b068bc2.uc_post_grid_style_one .uc_content{\n      flex-grow: 1;\n      display: flex;\n      flex-flow: column nowrap;\n    }\n    #uc_woocommerce_product_grid_elementor_b068bc2 .ue_grid_item_bottom\n    {\n      margin-top:auto;\n    }\n.uc_post_grid_style_one .uc_post_grid_style_one_item {\n\tflex-direction:column;\n    display:flex;\n}\n\n\n\n\n\n\n\n@media (max-width:1023px){\n\t#uc_woocommerce_product_grid_elementor_b068bc2.uc_post_grid_style_one .uc_post_grid_style_one_wrap {\n\t\tgrid-template-columns: repeat(2, 1fr);\n\t}\n}\n@media (max-width:639px){\n\t#uc_woocommerce_product_grid_elementor_b068bc2.uc_post_grid_style_one .uc_post_grid_style_one_wrap {\n\t\tgrid-template-columns: repeat(1, 1fr);\n\t}\n}\n\n\n\n\n#uc_woocommerce_product_grid_elementor_b068bc2 .ue_category_label\n{\n  display:block;\n  text-decoration:none;\n}\n\n\n\n.uc_regular_price\n{\n  text-decoration:line-through !important;\n}\n\n#uc_woocommerce_product_grid_elementor_b068bc2 .ue_woocommerce_product_carousel_sale_label\n{\n  display:inline-block;\n  position:absolute;\n  left:10px;\n  top:10px;\n}\n\n<\/style>\n\n<div class=\"uc_post_grid_style_one woocommerce_product_grid\" id=\"uc_woocommerce_product_grid_elementor_b068bc2\"  style=\"direction:ltr;text-align:center;\">\n\t\t<div class=\"uc_post_grid_style_one_wrap uc-items-wrapper ue-woo-grid\">\n\t\t\t\n          <div class=\"uc_post_grid_style_one_item ue-item\" id=\"uc_woocommerce_product_grid_elementor_b068bc2_item1\">\n  \n        \t\n\t   \n   <div>\n   <a class=\"uc_post_grid_style_one_image\" href=\"https:\/\/machpanda.com\/es\/producto\/best-sd16-shantui-bulldozer-for-sale\/\">\n     \n     \n      \n        <div class=\"uc_post_image\" style=\"background-image: url(https:\/\/machpanda.com\/wp-content\/uploads\/2022\/06\/Bulldozer_SD16-Bulldozer.jpg);\">\n    \t\n     \n     \n     \t\t\n     \t\t            \t\n     \n     <\/div>\n   <\/a>\n   <\/div>  \n  \n  <div class=\"uc_content padding\">\n      <a class=\"ue_category_label\" href=\"https:\/\/machpanda.com\/es\/categoria-producto\/all\/bulldozer\/\">Excavadora<\/a>      <div class=\"uc_title\"><a href=\"https:\/\/machpanda.com\/es\/producto\/best-sd16-shantui-bulldozer-for-sale\/\">La mejor excavadora Shantui SD16 a la venta<\/a><\/div>      \n        \n    \n             \n      <div class=\"ue_grid_item_bottom\">\n      \n       <div class=\"ue_grid_prices\">\n         \n                \n              <\/div>\n\t  \n      <div class=\"uc_post_grid_style_one_button\">\n                  <a class=\"uc_btn\" href=\"https:\/\/machpanda.com\/es\/producto\/best-sd16-shantui-bulldozer-for-sale\/\" style=\"\">Detalles<\/a>  \n        \n              <\/div>\n    <\/div> \n  <\/div>\n<\/div>\n<div class=\"uc_post_grid_style_one_item ue-item\" id=\"uc_woocommerce_product_grid_elementor_b068bc2_item2\">\n  \n        \t\n\t   \n   <div>\n   <a class=\"uc_post_grid_style_one_image\" href=\"https:\/\/machpanda.com\/es\/producto\/sr12-5\/\">\n     \n     \n      \n        <div class=\"uc_post_image\" style=\"background-image: url(https:\/\/machpanda.com\/wp-content\/uploads\/2022\/06\/Road-Roller_SR12-5.jpg);\">\n    \t\n     \n     \n     \t\t\n     \t\t            \t\n     \n     <\/div>\n   <\/a>\n   <\/div>  \n  \n  <div class=\"uc_content padding\">\n      <a class=\"ue_category_label\" href=\"https:\/\/machpanda.com\/es\/categoria-producto\/all\/road-roller\/\">Rodillo de camino<\/a>      <div class=\"uc_title\"><a href=\"https:\/\/machpanda.com\/es\/producto\/sr12-5\/\">Mejor Rodillo compactador SHANTUI SR12-5<\/a><\/div>      \n        \n    \n             \n      <div class=\"ue_grid_item_bottom\">\n      \n       <div class=\"ue_grid_prices\">\n         \n                \n              <\/div>\n\t  \n      <div class=\"uc_post_grid_style_one_button\">\n                  <a class=\"uc_btn\" href=\"https:\/\/machpanda.com\/es\/producto\/sr12-5\/\" style=\"\">Detalles<\/a>  \n        \n              <\/div>\n    <\/div> \n  <\/div>\n<\/div>\n<div class=\"uc_post_grid_style_one_item ue-item\" id=\"uc_woocommerce_product_grid_elementor_b068bc2_item3\">\n  \n        \t\n\t   \n   <div>\n   <a class=\"uc_post_grid_style_one_image\" href=\"https:\/\/machpanda.com\/es\/producto\/sr12p-5\/\">\n     \n     \n      \n        <div class=\"uc_post_image\" style=\"background-image: url(https:\/\/machpanda.com\/wp-content\/uploads\/2022\/06\/Road-Roller_SR12P-5\u56fe\u7247.jpg);\">\n    \t\n     \n     \n     \t\t\n     \t\t            \t\n     \n     <\/div>\n   <\/a>\n   <\/div>  \n  \n  <div class=\"uc_content padding\">\n      <a class=\"ue_category_label\" href=\"https:\/\/machpanda.com\/es\/categoria-producto\/all\/road-roller\/\">Rodillo de camino<\/a>      <div class=\"uc_title\"><a href=\"https:\/\/machpanda.com\/es\/producto\/sr12p-5\/\">Mejor Rodillo compactador SHANTUI SR12P-5<\/a><\/div>      \n        \n    \n             \n      <div class=\"ue_grid_item_bottom\">\n      \n       <div class=\"ue_grid_prices\">\n         \n                \n              <\/div>\n\t  \n      <div class=\"uc_post_grid_style_one_button\">\n                  <a class=\"uc_btn\" href=\"https:\/\/machpanda.com\/es\/producto\/sr12p-5\/\" style=\"\">Detalles<\/a>  \n        \n              <\/div>\n    <\/div> \n  <\/div>\n<\/div>\n<div class=\"uc_post_grid_style_one_item ue-item\" id=\"uc_woocommerce_product_grid_elementor_b068bc2_item4\">\n  \n        \t\n\t   \n   <div>\n   <a class=\"uc_post_grid_style_one_image\" href=\"https:\/\/machpanda.com\/es\/producto\/sr14ma\/\">\n     \n     \n      \n        <div class=\"uc_post_image\" style=\"background-image: url(https:\/\/machpanda.com\/wp-content\/uploads\/2022\/06\/Road-Roller_SR14MA.jpg);\">\n    \t\n     \n     \n     \t\t\n     \t\t            \t\n     \n     <\/div>\n   <\/a>\n   <\/div>  \n  \n  <div class=\"uc_content padding\">\n      <a class=\"ue_category_label\" href=\"https:\/\/machpanda.com\/es\/categoria-producto\/all\/road-roller\/\">Rodillo de camino<\/a>      <div class=\"uc_title\"><a href=\"https:\/\/machpanda.com\/es\/producto\/sr14ma\/\">Mejor Rodillo compactador SHANTUI SR14MA<\/a><\/div>      \n        \n    \n             \n      <div class=\"ue_grid_item_bottom\">\n      \n       <div class=\"ue_grid_prices\">\n         \n                \n              <\/div>\n\t  \n      <div class=\"uc_post_grid_style_one_button\">\n                  <a class=\"uc_btn\" href=\"https:\/\/machpanda.com\/es\/producto\/sr14ma\/\" style=\"\">Detalles<\/a>  \n        \n              <\/div>\n    <\/div> \n  <\/div>\n<\/div>\n\n          \n\t\t<\/div>\n<\/div>\n\n\n\n  <div id=\"uc_woocommerce_product_grid_elementor_b068bc2_empty_message\" class=\"ue-no-posts-found\"  style=\"display:none\" >No se encontraron productos<\/div>\n\n\n<!-- end WooCommerce Product Grid -->\t\t\t\t<\/div>\n\t\t\t\t<\/div>\n\t\t\t\t\t<\/div>\n\t\t<\/div>\n\t\t\t\t\t<\/div>\n\t\t<\/section>\n\t\t\t\t<section data-particle_enable=\"false\" data-particle-mobile-disabled=\"false\" class=\"elementor-section elementor-top-section elementor-element elementor-element-1b7c55f ct-section-stretched elementor-section-boxed elementor-section-height-default elementor-section-height-default\" data-id=\"1b7c55f\" data-element_type=\"section\" data-e-type=\"section\">\n\t\t\t\t\t\t<div class=\"elementor-container elementor-column-gap-default\">\n\t\t\t\t\t<div class=\"elementor-column elementor-col-20 elementor-top-column elementor-element elementor-element-0380407\" data-id=\"0380407\" data-element_type=\"column\" data-e-type=\"column\">\n\t\t\t<div class=\"elementor-widget-wrap elementor-element-populated\">\n\t\t\t\t\t\t<div class=\"elementor-element elementor-element-16204a1 elementor-align-center elementor-widget elementor-widget-button\" data-id=\"16204a1\" data-element_type=\"widget\" data-e-type=\"widget\" data-widget_type=\"button.default\">\n\t\t\t\t<div class=\"elementor-widget-container\">\n\t\t\t\t\t\t\t\t\t<div class=\"elementor-button-wrapper\">\n\t\t\t\t\t<a class=\"elementor-button elementor-button-link elementor-size-md\" href=\"https:\/\/machpanda.com\/es\/applicable-industries\/\">\n\t\t\t\t\t\t<span class=\"elementor-button-content-wrapper\">\n\t\t\t\t\t\t\t\t\t<span class=\"elementor-button-text\">Ferrocarriles\/Carreteras\/Aeropuertos<\/span>\n\t\t\t\t\t<\/span>\n\t\t\t\t\t<\/a>\n\t\t\t\t<\/div>\n\t\t\t\t\t\t\t\t<\/div>\n\t\t\t\t<\/div>\n\t\t\t\t\t<\/div>\n\t\t<\/div>\n\t\t\t\t<div class=\"elementor-column elementor-col-20 elementor-top-column elementor-element elementor-element-fdf355d\" data-id=\"fdf355d\" data-element_type=\"column\" data-e-type=\"column\">\n\t\t\t<div class=\"elementor-widget-wrap elementor-element-populated\">\n\t\t\t\t\t\t<div class=\"elementor-element elementor-element-80aac0d elementor-align-center elementor-widget elementor-widget-button\" data-id=\"80aac0d\" data-element_type=\"widget\" data-e-type=\"widget\" data-widget_type=\"button.default\">\n\t\t\t\t<div class=\"elementor-widget-container\">\n\t\t\t\t\t\t\t\t\t<div class=\"elementor-button-wrapper\">\n\t\t\t\t\t<a class=\"elementor-button elementor-button-link elementor-size-md\" href=\"https:\/\/machpanda.com\/es\/industries2%ef%bf%bc\/\">\n\t\t\t\t\t\t<span class=\"elementor-button-content-wrapper\">\n\t\t\t\t\t\t\t\t\t<span class=\"elementor-button-text\">Puerto\/Carga<\/span>\n\t\t\t\t\t<\/span>\n\t\t\t\t\t<\/a>\n\t\t\t\t<\/div>\n\t\t\t\t\t\t\t\t<\/div>\n\t\t\t\t<\/div>\n\t\t\t\t\t<\/div>\n\t\t<\/div>\n\t\t\t\t<div class=\"elementor-column elementor-col-20 elementor-top-column elementor-element elementor-element-36a06e9\" data-id=\"36a06e9\" data-element_type=\"column\" data-e-type=\"column\">\n\t\t\t<div class=\"elementor-widget-wrap elementor-element-populated\">\n\t\t\t\t\t\t<div class=\"elementor-element elementor-element-29ee053 elementor-align-center elementor-widget elementor-widget-button\" data-id=\"29ee053\" data-element_type=\"widget\" data-e-type=\"widget\" data-widget_type=\"button.default\">\n\t\t\t\t<div class=\"elementor-widget-container\">\n\t\t\t\t\t\t\t\t\t<div class=\"elementor-button-wrapper\">\n\t\t\t\t\t<a class=\"elementor-button elementor-button-link elementor-size-md\" href=\"https:\/\/machpanda.com\/es\/industries3%ef%bf%bc\/\">\n\t\t\t\t\t\t<span class=\"elementor-button-content-wrapper\">\n\t\t\t\t\t\t\t\t\t<span class=\"elementor-button-text\">Ming\/Cantera\/Agregado<\/span>\n\t\t\t\t\t<\/span>\n\t\t\t\t\t<\/a>\n\t\t\t\t<\/div>\n\t\t\t\t\t\t\t\t<\/div>\n\t\t\t\t<\/div>\n\t\t\t\t\t<\/div>\n\t\t<\/div>\n\t\t\t\t<div class=\"elementor-column elementor-col-20 elementor-top-column elementor-element elementor-element-55d7509\" data-id=\"55d7509\" data-element_type=\"column\" data-e-type=\"column\">\n\t\t\t<div class=\"elementor-widget-wrap elementor-element-populated\">\n\t\t\t\t\t\t<div class=\"elementor-element elementor-element-b0ab2d9 elementor-align-center elementor-widget elementor-widget-button\" data-id=\"b0ab2d9\" data-element_type=\"widget\" data-e-type=\"widget\" data-widget_type=\"button.default\">\n\t\t\t\t<div class=\"elementor-widget-container\">\n\t\t\t\t\t\t\t\t\t<div class=\"elementor-button-wrapper\">\n\t\t\t\t\t<a class=\"elementor-button elementor-button-link elementor-size-md\" href=\"https:\/\/machpanda.com\/es\/industries4\/\">\n\t\t\t\t\t\t<span class=\"elementor-button-content-wrapper\">\n\t\t\t\t\t\t\t\t\t<span class=\"elementor-button-text\">Municipal<\/span>\n\t\t\t\t\t<\/span>\n\t\t\t\t\t<\/a>\n\t\t\t\t<\/div>\n\t\t\t\t\t\t\t\t<\/div>\n\t\t\t\t<\/div>\n\t\t\t\t\t<\/div>\n\t\t<\/div>\n\t\t\t\t<div class=\"elementor-column elementor-col-20 elementor-top-column elementor-element elementor-element-61a0ff0\" data-id=\"61a0ff0\" data-element_type=\"column\" data-e-type=\"column\">\n\t\t\t<div class=\"elementor-widget-wrap elementor-element-populated\">\n\t\t\t\t\t\t<div class=\"elementor-element elementor-element-d4c0100 elementor-align-center elementor-widget elementor-widget-button\" data-id=\"d4c0100\" data-element_type=\"widget\" data-e-type=\"widget\" data-widget_type=\"button.default\">\n\t\t\t\t<div class=\"elementor-widget-container\">\n\t\t\t\t\t\t\t\t\t<div class=\"elementor-button-wrapper\">\n\t\t\t\t\t<a class=\"elementor-button elementor-button-link elementor-size-md\" href=\"https:\/\/machpanda.com\/es\/industries5%ef%bf%bc\/\">\n\t\t\t\t\t\t<span class=\"elementor-button-content-wrapper\">\n\t\t\t\t\t\t\t\t\t<span class=\"elementor-button-text\">Agricultura<\/span>\n\t\t\t\t\t<\/span>\n\t\t\t\t\t<\/a>\n\t\t\t\t<\/div>\n\t\t\t\t\t\t\t\t<\/div>\n\t\t\t\t<\/div>\n\t\t\t\t\t<\/div>\n\t\t<\/div>\n\t\t\t\t\t<\/div>\n\t\t<\/section>\n\t\t\t\t<section data-particle_enable=\"false\" data-particle-mobile-disabled=\"false\" class=\"elementor-section elementor-top-section elementor-element elementor-element-27313e3 ct-section-stretched elementor-section-boxed elementor-section-height-default elementor-section-height-default\" data-id=\"27313e3\" data-element_type=\"section\" data-e-type=\"section\">\n\t\t\t\t\t\t<div class=\"elementor-container elementor-column-gap-default\">\n\t\t\t\t\t<div class=\"elementor-column elementor-col-20 elementor-top-column elementor-element elementor-element-b48683a\" data-id=\"b48683a\" data-element_type=\"column\" data-e-type=\"column\">\n\t\t\t<div class=\"elementor-widget-wrap elementor-element-populated\">\n\t\t\t\t\t\t<div class=\"elementor-element elementor-element-37ec034 elementor-align-center elementor-widget elementor-widget-button\" data-id=\"37ec034\" data-element_type=\"widget\" data-e-type=\"widget\" data-widget_type=\"button.default\">\n\t\t\t\t<div class=\"elementor-widget-container\">\n\t\t\t\t\t\t\t\t\t<div class=\"elementor-button-wrapper\">\n\t\t\t\t\t<a class=\"elementor-button elementor-button-link elementor-size-md\" href=\"https:\/\/machpanda.com\/es\/industries6\/\">\n\t\t\t\t\t\t<span class=\"elementor-button-content-wrapper\">\n\t\t\t\t\t\t\t\t\t<span class=\"elementor-button-text\">conservaci\u00f3n del agua<\/span>\n\t\t\t\t\t<\/span>\n\t\t\t\t\t<\/a>\n\t\t\t\t<\/div>\n\t\t\t\t\t\t\t\t<\/div>\n\t\t\t\t<\/div>\n\t\t\t\t\t<\/div>\n\t\t<\/div>\n\t\t\t\t<div class=\"elementor-column elementor-col-20 elementor-top-column elementor-element elementor-element-e8d1d2d\" data-id=\"e8d1d2d\" data-element_type=\"column\" data-e-type=\"column\">\n\t\t\t<div class=\"elementor-widget-wrap elementor-element-populated\">\n\t\t\t\t\t\t<div class=\"elementor-element elementor-element-dc2bee0 elementor-align-center elementor-widget elementor-widget-button\" data-id=\"dc2bee0\" data-element_type=\"widget\" data-e-type=\"widget\" data-widget_type=\"button.default\">\n\t\t\t\t<div class=\"elementor-widget-container\">\n\t\t\t\t\t\t\t\t\t<div class=\"elementor-button-wrapper\">\n\t\t\t\t\t<a class=\"elementor-button elementor-button-link elementor-size-md\" href=\"https:\/\/machpanda.com\/es\/industries7\/\">\n\t\t\t\t\t\t<span class=\"elementor-button-content-wrapper\">\n\t\t\t\t\t\t\t\t\t<span class=\"elementor-button-text\">Desperdicio<\/span>\n\t\t\t\t\t<\/span>\n\t\t\t\t\t<\/a>\n\t\t\t\t<\/div>\n\t\t\t\t\t\t\t\t<\/div>\n\t\t\t\t<\/div>\n\t\t\t\t\t<\/div>\n\t\t<\/div>\n\t\t\t\t<div class=\"elementor-column elementor-col-20 elementor-top-column elementor-element elementor-element-2c843e3\" data-id=\"2c843e3\" data-element_type=\"column\" data-e-type=\"column\">\n\t\t\t<div class=\"elementor-widget-wrap elementor-element-populated\">\n\t\t\t\t\t\t<div class=\"elementor-element elementor-element-295b7db elementor-align-center elementor-widget elementor-widget-button\" data-id=\"295b7db\" data-element_type=\"widget\" data-e-type=\"widget\" data-widget_type=\"button.default\">\n\t\t\t\t<div class=\"elementor-widget-container\">\n\t\t\t\t\t\t\t\t\t<div class=\"elementor-button-wrapper\">\n\t\t\t\t\t<a class=\"elementor-button elementor-button-link elementor-size-md\" href=\"https:\/\/machpanda.com\/es\/industries8%ef%bf%bc\/\">\n\t\t\t\t\t\t<span class=\"elementor-button-content-wrapper\">\n\t\t\t\t\t\t\t\t\t<span class=\"elementor-button-text\">Patio de carb\u00f3n\/Energ\u00eda<\/span>\n\t\t\t\t\t<\/span>\n\t\t\t\t\t<\/a>\n\t\t\t\t<\/div>\n\t\t\t\t\t\t\t\t<\/div>\n\t\t\t\t<\/div>\n\t\t\t\t\t<\/div>\n\t\t<\/div>\n\t\t\t\t<div class=\"elementor-column elementor-col-20 elementor-top-column elementor-element elementor-element-08d77a1\" data-id=\"08d77a1\" data-element_type=\"column\" data-e-type=\"column\">\n\t\t\t<div class=\"elementor-widget-wrap elementor-element-populated\">\n\t\t\t\t\t\t<div class=\"elementor-element elementor-element-dca78df elementor-align-center elementor-widget elementor-widget-button\" data-id=\"dca78df\" data-element_type=\"widget\" data-e-type=\"widget\" data-widget_type=\"button.default\">\n\t\t\t\t<div class=\"elementor-widget-container\">\n\t\t\t\t\t\t\t\t\t<div class=\"elementor-button-wrapper\">\n\t\t\t\t\t<a class=\"elementor-button elementor-button-link elementor-size-md\" href=\"https:\/\/machpanda.com\/es\/industries9%ef%bf%bc\/\">\n\t\t\t\t\t\t<span class=\"elementor-button-content-wrapper\">\n\t\t\t\t\t\t\t\t\t<span class=\"elementor-button-text\">Proyecto de gesti\u00f3n del desierto<\/span>\n\t\t\t\t\t<\/span>\n\t\t\t\t\t<\/a>\n\t\t\t\t<\/div>\n\t\t\t\t\t\t\t\t<\/div>\n\t\t\t\t<\/div>\n\t\t\t\t\t<\/div>\n\t\t<\/div>\n\t\t\t\t<div class=\"elementor-column elementor-col-20 elementor-top-column elementor-element elementor-element-904418d\" data-id=\"904418d\" data-element_type=\"column\" data-e-type=\"column\">\n\t\t\t<div class=\"elementor-widget-wrap elementor-element-populated\">\n\t\t\t\t\t\t<div class=\"elementor-element elementor-element-4c81cc4 elementor-align-center elementor-widget elementor-widget-button\" data-id=\"4c81cc4\" data-element_type=\"widget\" data-e-type=\"widget\" data-widget_type=\"button.default\">\n\t\t\t\t<div class=\"elementor-widget-container\">\n\t\t\t\t\t\t\t\t\t<div class=\"elementor-button-wrapper\">\n\t\t\t\t\t<a class=\"elementor-button elementor-button-link elementor-size-md\" href=\"https:\/\/machpanda.com\/es\/industries10%ef%bf%bc\/\">\n\t\t\t\t\t\t<span class=\"elementor-button-content-wrapper\">\n\t\t\t\t\t\t\t\t\t<span class=\"elementor-button-text\">Bosque\/Madera<\/span>\n\t\t\t\t\t<\/span>\n\t\t\t\t\t<\/a>\n\t\t\t\t<\/div>\n\t\t\t\t\t\t\t\t<\/div>\n\t\t\t\t<\/div>\n\t\t\t\t\t<\/div>\n\t\t<\/div>\n\t\t\t\t\t<\/div>\n\t\t<\/section>\n\t\t\t\t<\/div>","protected":false},"excerpt":{"rendered":"<p>Coal yard\/Energy\/Power plant This segment mainly include the construction of energy palnt and power generation. It will involve earth moving, site leveling, compaction in the construction stage and the coal handling in the production period. Recommended model Bulldozer Bulldozer_SD16 Details Road Roller Road Roller_SR12-5 Details Road Roller Road Roller_SR12P-5 Details Road Roller Road Roller_SR14MA Details [&hellip;]<\/p>\n","protected":false},"author":4,"featured_media":0,"parent":0,"menu_order":0,"comment_status":"closed","ping_status":"closed","template":"","meta":{"footnotes":""},"class_list":["post-532","page","type-page","status-publish","hentry"],"blocksy_meta":{"styles_descriptor":{"styles":{"desktop":"","tablet":"","mobile":""},"google_fonts":[],"version":6}},"aioseo_notices":[],"_links":{"self":[{"href":"https:\/\/machpanda.com\/es\/wp-json\/wp\/v2\/pages\/532","targetHints":{"allow":["GET"]}}],"collection":[{"href":"https:\/\/machpanda.com\/es\/wp-json\/wp\/v2\/pages"}],"about":[{"href":"https:\/\/machpanda.com\/es\/wp-json\/wp\/v2\/types\/page"}],"author":[{"embeddable":true,"href":"https:\/\/machpanda.com\/es\/wp-json\/wp\/v2\/users\/4"}],"replies":[{"embeddable":true,"href":"https:\/\/machpanda.com\/es\/wp-json\/wp\/v2\/comments?post=532"}],"version-history":[{"count":0,"href":"https:\/\/machpanda.com\/es\/wp-json\/wp\/v2\/pages\/532\/revisions"}],"wp:attachment":[{"href":"https:\/\/machpanda.com\/es\/wp-json\/wp\/v2\/media?parent=532"}],"curies":[{"name":"wp","href":"https:\/\/api.w.org\/{rel}","templated":true}]}}