{"id":645,"date":"2022-06-16T09:57:22","date_gmt":"2022-06-16T09:57:22","guid":{"rendered":"https:\/\/machpanda.com\/?page_id=645"},"modified":"2022-11-09T06:01:10","modified_gmt":"2022-11-09T06:01:10","slug":"motor-graders","status":"publish","type":"page","link":"https:\/\/machpanda.com\/es\/motor-graders\/","title":{"rendered":"Motoniveladoras"},"content":{"rendered":"<div data-elementor-type=\"wp-page\" data-elementor-id=\"645\" class=\"elementor elementor-645\" data-elementor-post-type=\"page\">\n\t\t\t\t\t\t<section data-particle_enable=\"false\" data-particle-mobile-disabled=\"false\" class=\"elementor-section elementor-top-section elementor-element elementor-element-b4be7aa ct-section-stretched elementor-section-height-min-height elementor-section-boxed elementor-section-height-default elementor-section-items-middle\" data-id=\"b4be7aa\" data-element_type=\"section\" data-e-type=\"section\" data-settings=\"{&quot;background_background&quot;:&quot;classic&quot;}\">\n\t\t\t\t\t\t\t<div class=\"elementor-background-overlay\"><\/div>\n\t\t\t\t\t\t\t<div class=\"elementor-container elementor-column-gap-default\">\n\t\t\t\t\t<div class=\"elementor-column elementor-col-100 elementor-top-column elementor-element elementor-element-e7f8edb\" data-id=\"e7f8edb\" data-element_type=\"column\" data-e-type=\"column\">\n\t\t\t<div class=\"elementor-widget-wrap elementor-element-populated\">\n\t\t\t\t\t\t<div class=\"elementor-element elementor-element-22c5f31 elementor-widget elementor-widget-heading\" data-id=\"22c5f31\" data-element_type=\"widget\" data-e-type=\"widget\" data-widget_type=\"heading.default\">\n\t\t\t\t<div class=\"elementor-widget-container\">\n\t\t\t\t\t<h2 class=\"elementor-heading-title elementor-size-default\">Motoniveladoras<\/h2>\t\t\t\t<\/div>\n\t\t\t\t<\/div>\n\t\t\t\t\t<\/div>\n\t\t<\/div>\n\t\t\t\t\t<\/div>\n\t\t<\/section>\n\t\t\t\t<section data-particle_enable=\"false\" data-particle-mobile-disabled=\"false\" class=\"elementor-section elementor-top-section elementor-element elementor-element-3745ae2 elementor-section-boxed elementor-section-height-default elementor-section-height-default\" data-id=\"3745ae2\" data-element_type=\"section\" data-e-type=\"section\">\n\t\t\t\t\t\t<div class=\"elementor-container elementor-column-gap-default\">\n\t\t\t\t\t<div class=\"elementor-column elementor-col-50 elementor-top-column elementor-element elementor-element-0c7a24e\" data-id=\"0c7a24e\" data-element_type=\"column\" data-e-type=\"column\">\n\t\t\t<div class=\"elementor-widget-wrap elementor-element-populated\">\n\t\t\t\t\t\t<div class=\"elementor-element elementor-element-b69c803 elementor-widget elementor-widget-text-editor\" data-id=\"b69c803\" data-element_type=\"widget\" data-e-type=\"widget\" data-widget_type=\"text-editor.default\">\n\t\t\t\t<div class=\"elementor-widget-container\">\n\t\t\t\t\t\t\t\t\t<p>La motoniveladora SEM adopta un dise\u00f1o de apariencia nuevo y mejorado, que es moderno y resistente. Este modelo adopta un sistema hidr\u00e1ulico de detecci\u00f3n de carga con prioridad proporcional y compensaci\u00f3n de presi\u00f3n, y est\u00e1 equipado con una caja de cambios controlada electr\u00f3nicamente y un eje de transmisi\u00f3n exclusivo para motoniveladoras, lo que permite un funcionamiento preciso, mayor confiabilidad y menores costos de mantenimiento y reparaci\u00f3n. Esta actualizaci\u00f3n no solo mejora significativamente la adaptabilidad a las condiciones de trabajo, la eficiencia de producci\u00f3n, la comodidad operativa y el servicio, sino que tambi\u00e9n reduce a\u00fan m\u00e1s el costo de uso integral de los clientes. Es principalmente adecuado para la construcci\u00f3n de carreteras, construcciones municipales, construcci\u00f3n de conservaci\u00f3n de agua, aeropuertos y otras aplicaciones, y ha sido muy apreciado por los clientes desde su lanzamiento.<\/p>\t\t\t\t\t\t\t\t<\/div>\n\t\t\t\t<\/div>\n\t\t\t\t<div class=\"elementor-element elementor-element-2c61b7c elementor-widget elementor-widget-button\" data-id=\"2c61b7c\" data-element_type=\"widget\" data-e-type=\"widget\" data-widget_type=\"button.default\">\n\t\t\t\t<div class=\"elementor-widget-container\">\n\t\t\t\t\t\t\t\t\t<div class=\"elementor-button-wrapper\">\n\t\t\t\t\t<a class=\"elementor-button elementor-button-link elementor-size-md\" href=\"https:\/\/machpanda.com\/es\/contact\/\">\n\t\t\t\t\t\t<span class=\"elementor-button-content-wrapper\">\n\t\t\t\t\t\t\t\t\t<span class=\"elementor-button-text\">Cont\u00e1ctenos<\/span>\n\t\t\t\t\t<\/span>\n\t\t\t\t\t<\/a>\n\t\t\t\t<\/div>\n\t\t\t\t\t\t\t\t<\/div>\n\t\t\t\t<\/div>\n\t\t\t\t\t<\/div>\n\t\t<\/div>\n\t\t\t\t<div class=\"elementor-column elementor-col-50 elementor-top-column elementor-element elementor-element-1f76b83\" data-id=\"1f76b83\" data-element_type=\"column\" data-e-type=\"column\">\n\t\t\t<div class=\"elementor-widget-wrap elementor-element-populated\">\n\t\t\t\t\t\t<div class=\"elementor-element elementor-element-72ea10f elementor-widget elementor-widget-image\" data-id=\"72ea10f\" data-element_type=\"widget\" data-e-type=\"widget\" data-widget_type=\"image.default\">\n\t\t\t\t<div class=\"elementor-widget-container\">\n\t\t\t\t\t\t\t\t\t\t\t\t\t\t\t<img fetchpriority=\"high\" decoding=\"async\" width=\"1024\" height=\"768\" src=\"https:\/\/machpanda.com\/wp-content\/uploads\/2022\/11\/\u5e26\u51f8\u5757-3-1-1-1024x768.jpg\" class=\"attachment-large size-large wp-image-2624\" alt=\"best compact motor grader\" srcset=\"https:\/\/machpanda.com\/wp-content\/uploads\/2022\/11\/\u5e26\u51f8\u5757-3-1-1-1024x768.jpg 1024w, https:\/\/machpanda.com\/wp-content\/uploads\/2022\/11\/\u5e26\u51f8\u5757-3-1-1-300x225.jpg 300w, https:\/\/machpanda.com\/wp-content\/uploads\/2022\/11\/\u5e26\u51f8\u5757-3-1-1-768x576.jpg 768w, https:\/\/machpanda.com\/wp-content\/uploads\/2022\/11\/\u5e26\u51f8\u5757-3-1-1-16x12.jpg 16w, https:\/\/machpanda.com\/wp-content\/uploads\/2022\/11\/\u5e26\u51f8\u5757-3-1-1-600x450.jpg 600w, https:\/\/machpanda.com\/wp-content\/uploads\/2022\/11\/\u5e26\u51f8\u5757-3-1-1.jpg 1440w\" sizes=\"(max-width: 1024px) 100vw, 1024px\" title=\"\">\t\t\t\t\t\t\t\t\t\t\t\t\t\t\t<\/div>\n\t\t\t\t<\/div>\n\t\t\t\t\t<\/div>\n\t\t<\/div>\n\t\t\t\t\t<\/div>\n\t\t<\/section>\n\t\t\t\t<section data-particle_enable=\"false\" data-particle-mobile-disabled=\"false\" class=\"elementor-section elementor-top-section elementor-element elementor-element-9e7d918 ct-section-stretched elementor-section-full_width elementor-section-height-default elementor-section-height-default\" data-id=\"9e7d918\" data-element_type=\"section\" data-e-type=\"section\">\n\t\t\t\t\t\t<div class=\"elementor-container elementor-column-gap-default\">\n\t\t\t\t\t<div class=\"elementor-column elementor-col-100 elementor-top-column elementor-element elementor-element-dbcdfea\" data-id=\"dbcdfea\" data-element_type=\"column\" data-e-type=\"column\">\n\t\t\t<div class=\"elementor-widget-wrap elementor-element-populated\">\n\t\t\t\t\t\t<div class=\"elementor-element elementor-element-5d4f864 elementor-widget-divider--view-line elementor-widget elementor-widget-divider\" data-id=\"5d4f864\" data-element_type=\"widget\" data-e-type=\"widget\" data-widget_type=\"divider.default\">\n\t\t\t\t<div class=\"elementor-widget-container\">\n\t\t\t\t\t\t\t<div class=\"elementor-divider\">\n\t\t\t<span class=\"elementor-divider-separator\">\n\t\t\t\t\t\t<\/span>\n\t\t<\/div>\n\t\t\t\t\t\t<\/div>\n\t\t\t\t<\/div>\n\t\t\t\t\t<\/div>\n\t\t<\/div>\n\t\t\t\t\t<\/div>\n\t\t<\/section>\n\t\t\t\t<section data-particle_enable=\"false\" data-particle-mobile-disabled=\"false\" class=\"elementor-section elementor-top-section elementor-element elementor-element-71f1e67 elementor-section-boxed elementor-section-height-default elementor-section-height-default\" data-id=\"71f1e67\" data-element_type=\"section\" data-e-type=\"section\">\n\t\t\t\t\t\t<div class=\"elementor-container elementor-column-gap-default\">\n\t\t\t\t\t<div class=\"elementor-column elementor-col-50 elementor-top-column elementor-element elementor-element-f4c453d\" data-id=\"f4c453d\" data-element_type=\"column\" data-e-type=\"column\">\n\t\t\t<div class=\"elementor-widget-wrap elementor-element-populated\">\n\t\t\t\t\t\t<div class=\"elementor-element elementor-element-1df4a17 elementor-widget elementor-widget-eael-creative-button\" data-id=\"1df4a17\" data-element_type=\"widget\" data-e-type=\"widget\" data-widget_type=\"eael-creative-button.default\">\n\t\t\t\t<div class=\"elementor-widget-container\">\n\t\t\t\t\t        <div class=\"eael-creative-button-wrapper\">\n\n            <a class=\"eael-creative-button eael-creative-button--default\" href=\"https:\/\/machpanda.com\/es\/excavator\/\" data-text=\"Go!\">\n            \t    \n                <div class=\"creative-button-inner\">\n\n                                            <span class=\"eael-creative-button-icon-left\"><i aria-hidden=\"true\" class=\"fas fa-arrow-alt-circle-right\"><\/i><\/span>                    \n                    <span class=\"cretive-button-text\">Excavador<\/span>\n\n                                    <\/div>\n\t                        <\/a>\n        <\/div>\n        \t\t\t\t<\/div>\n\t\t\t\t<\/div>\n\t\t\t\t<div class=\"elementor-element elementor-element-35b0e7b elementor-widget elementor-widget-eael-creative-button\" data-id=\"35b0e7b\" data-element_type=\"widget\" data-e-type=\"widget\" data-widget_type=\"eael-creative-button.default\">\n\t\t\t\t<div class=\"elementor-widget-container\">\n\t\t\t\t\t        <div class=\"eael-creative-button-wrapper\">\n\n            <a class=\"eael-creative-button eael-creative-button--default\" href=\"https:\/\/machpanda.com\/es\/wheel-loader-description\/\" data-text=\"Go!\">\n            \t    \n                <div class=\"creative-button-inner\">\n\n                                            <span class=\"eael-creative-button-icon-left\"><i aria-hidden=\"true\" class=\"fas fa-arrow-alt-circle-right\"><\/i><\/span>                    \n                    <span class=\"cretive-button-text\">Pala cargadora<\/span>\n\n                                    <\/div>\n\t                        <\/a>\n        <\/div>\n        \t\t\t\t<\/div>\n\t\t\t\t<\/div>\n\t\t\t\t<div class=\"elementor-element elementor-element-57c228f elementor-widget elementor-widget-eael-creative-button\" data-id=\"57c228f\" data-element_type=\"widget\" data-e-type=\"widget\" data-widget_type=\"eael-creative-button.default\">\n\t\t\t\t<div class=\"elementor-widget-container\">\n\t\t\t\t\t        <div class=\"eael-creative-button-wrapper\">\n\n            <a class=\"eael-creative-button eael-creative-button--default\" href=\"https:\/\/machpanda.com\/es\/motor-graders\/\" data-text=\"Go!\">\n            \t    \n                <div class=\"creative-button-inner\">\n\n                                            <span class=\"eael-creative-button-icon-left\"><i aria-hidden=\"true\" class=\"fas fa-arrow-alt-circle-right\"><\/i><\/span>                    \n                    <span class=\"cretive-button-text\">Motoniveladoras<\/span>\n\n                                    <\/div>\n\t                        <\/a>\n        <\/div>\n        \t\t\t\t<\/div>\n\t\t\t\t<\/div>\n\t\t\t\t<div class=\"elementor-element elementor-element-400b3a4 elementor-widget elementor-widget-eael-creative-button\" data-id=\"400b3a4\" data-element_type=\"widget\" data-e-type=\"widget\" data-widget_type=\"eael-creative-button.default\">\n\t\t\t\t<div class=\"elementor-widget-container\">\n\t\t\t\t\t        <div class=\"eael-creative-button-wrapper\">\n\n            <a class=\"eael-creative-button eael-creative-button--default\" href=\"https:\/\/machpanda.com\/es\/road-roller\/\" data-text=\"Go!\">\n            \t    \n                <div class=\"creative-button-inner\">\n\n                                            <span class=\"eael-creative-button-icon-left\"><i aria-hidden=\"true\" class=\"fas fa-arrow-alt-circle-right\"><\/i><\/span>                    \n                    <span class=\"cretive-button-text\">Rodillo de camino<\/span>\n\n                                    <\/div>\n\t                        <\/a>\n        <\/div>\n        \t\t\t\t<\/div>\n\t\t\t\t<\/div>\n\t\t\t\t<div class=\"elementor-element elementor-element-e5a553e elementor-widget elementor-widget-eael-creative-button\" data-id=\"e5a553e\" data-element_type=\"widget\" data-e-type=\"widget\" data-widget_type=\"eael-creative-button.default\">\n\t\t\t\t<div class=\"elementor-widget-container\">\n\t\t\t\t\t        <div class=\"eael-creative-button-wrapper\">\n\n            <a class=\"eael-creative-button eael-creative-button--default\" href=\"https:\/\/machpanda.com\/es\/bulldozer-description\/\" data-text=\"Go!\">\n            \t    \n                <div class=\"creative-button-inner\">\n\n                                            <span class=\"eael-creative-button-icon-left\"><i aria-hidden=\"true\" class=\"fas fa-arrow-alt-circle-right\"><\/i><\/span>                    \n                    <span class=\"cretive-button-text\">Excavadora<\/span>\n\n                                    <\/div>\n\t                        <\/a>\n        <\/div>\n        \t\t\t\t<\/div>\n\t\t\t\t<\/div>\n\t\t\t\t\t<\/div>\n\t\t<\/div>\n\t\t\t\t<div class=\"elementor-column elementor-col-50 elementor-top-column elementor-element elementor-element-fe4f793\" data-id=\"fe4f793\" data-element_type=\"column\" data-e-type=\"column\">\n\t\t\t<div class=\"elementor-widget-wrap elementor-element-populated\">\n\t\t\t\t\t\t<div class=\"elementor-element elementor-element-1fda764 eael-product-grid-column-3 elementor-widget elementor-widget-eicon-woocommerce\" data-id=\"1fda764\" data-element_type=\"widget\" data-e-type=\"widget\" data-widget_type=\"eicon-woocommerce.default\">\n\t\t\t\t<div class=\"elementor-widget-container\">\n\t\t\t\t\t\n        <div class=\"eael-product-grid eael-product-simple grid\" id=\"eael-product-grid\" data-widget-id=\"1fda764\" data-page-id=\"645\" data-nonce=\"46e83177dd\" >\n            <div class=\"woocommerce\">\n                <ul class=\"products eael-post-appender eael-post-appender-1fda764\" data-ssi-desktop=\"no\" data-ssi-tablet=\"no\" data-ssi-mobile=\"no\" data-layout-mode=\"grid\"> <li class=\"product\">\n<div class=\"eael-product-wrap\" data-src=\"\" data-src-hover=\"\">\n    <a href=\"https:\/\/machpanda.com\/es\/producto\/sg21-3\/\" class=\"woocommerce-LoopProduct-link woocommerce-loop-product__link\"><img decoding=\"async\" width=\"246\" height=\"300\" src=\"https:\/\/machpanda.com\/wp-content\/uploads\/2022\/06\/Motor-Grader_SG21-3-246x300.jpg\" class=\"attachment-woocommerce_thumbnail size-woocommerce_thumbnail wvs-archive-product-image\" alt=\"Powerful SHANTUI Motor Grader SG21-3\" loading=\"eager\" srcset=\"https:\/\/machpanda.com\/wp-content\/uploads\/2022\/06\/Motor-Grader_SG21-3-246x300.jpg 246w, https:\/\/machpanda.com\/wp-content\/uploads\/2022\/06\/Motor-Grader_SG21-3.jpg 358w\" sizes=\"(max-width: 246px) 100vw, 246px\" title=\"\"><\/a><div class=\"eael-product-title\">\n    <a href=\"https:\/\/machpanda.com\/es\/producto\/sg21-3\/\" class=\"woocommerce-LoopProduct-link woocommerce-loop-product__link\"><h2 class=\"woocommerce-loop-product__title\">Potente motoniveladora SHANTUI SG21-3<\/h2><\/a>\n    <\/div><div class=\"eael-product-price\"><\/div>    <a href=\"https:\/\/machpanda.com\/es\/producto\/sg21-3\/\" aria-describedby=\"woocommerce_loop_add_to_cart_link_describedby_247\" data-quantity=\"1\" class=\"button product_type_simple\" data-product_id=\"247\" data-product_sku=\"\" aria-label=\"Leer m\u00e1s sobre \u201cPowerful SHANTUI Motor Grader SG21-3\u201d\" rel=\"nofollow\" data-success_message=\"\" data-no-translation=\"\" data-trp-gettext=\"\" data-no-translation-aria-label=\"\">Lee mas<\/a>\t<span id=\"woocommerce_loop_add_to_cart_link_describedby_247\" class=\"screen-reader-text\">\n\t\t\t<\/span>\n    \n<\/div>\n\n<\/li> <li class=\"product\">\n<div class=\"eael-product-wrap\" data-src=\"\" data-src-hover=\"\">\n    <a href=\"https:\/\/machpanda.com\/es\/producto\/sg18-3\/\" class=\"woocommerce-LoopProduct-link woocommerce-loop-product__link\"><img decoding=\"async\" width=\"246\" height=\"300\" src=\"https:\/\/machpanda.com\/wp-content\/uploads\/2022\/06\/Motor-Grader_SG18-3-246x300.jpg\" class=\"attachment-woocommerce_thumbnail size-woocommerce_thumbnail wvs-archive-product-image\" alt=\"SHANTUI Motor Grader SG18-3\" loading=\"eager\" srcset=\"https:\/\/machpanda.com\/wp-content\/uploads\/2022\/06\/Motor-Grader_SG18-3-246x300.jpg 246w, https:\/\/machpanda.com\/wp-content\/uploads\/2022\/06\/Motor-Grader_SG18-3.jpg 358w\" sizes=\"(max-width: 246px) 100vw, 246px\" title=\"\"><\/a><div class=\"eael-product-title\">\n    <a href=\"https:\/\/machpanda.com\/es\/producto\/sg18-3\/\" class=\"woocommerce-LoopProduct-link woocommerce-loop-product__link\"><h2 class=\"woocommerce-loop-product__title\">MEJOR Motoniveladora SHANTUI SG18-3<\/h2><\/a>\n    <\/div><div class=\"eael-product-price\"><\/div>    <a href=\"https:\/\/machpanda.com\/es\/producto\/sg18-3\/\" aria-describedby=\"woocommerce_loop_add_to_cart_link_describedby_246\" data-quantity=\"1\" class=\"button product_type_simple\" data-product_id=\"246\" data-product_sku=\"\" aria-label=\"Leer m\u00e1s sobre \u201cBEST SHANTUI Motor Grader SG18-3\u201d\" rel=\"nofollow\" data-success_message=\"\" data-no-translation=\"\" data-trp-gettext=\"\" data-no-translation-aria-label=\"\">Lee mas<\/a>\t<span id=\"woocommerce_loop_add_to_cart_link_describedby_246\" class=\"screen-reader-text\">\n\t\t\t<\/span>\n    \n<\/div>\n\n<\/li> <li class=\"product\">\n<div class=\"eael-product-wrap\" data-src=\"\" data-src-hover=\"\">\n    <a href=\"https:\/\/machpanda.com\/es\/producto\/sem-motor-grader-921\/\" class=\"woocommerce-LoopProduct-link woocommerce-loop-product__link\"><img decoding=\"async\" width=\"300\" height=\"156\" src=\"https:\/\/machpanda.com\/wp-content\/uploads\/2022\/06\/SEM921-1-no-background-300x156.jpg\" class=\"attachment-woocommerce_thumbnail size-woocommerce_thumbnail wvs-archive-product-image\" alt=\"Best SEM-Motor Grader-921\" loading=\"eager\" srcset=\"https:\/\/machpanda.com\/wp-content\/uploads\/2022\/06\/SEM921-1-no-background-300x156.jpg 300w, https:\/\/machpanda.com\/wp-content\/uploads\/2022\/06\/SEM921-1-no-background-600x312.jpg 600w, https:\/\/machpanda.com\/wp-content\/uploads\/2022\/06\/SEM921-1-no-background.jpg 750w\" sizes=\"(max-width: 300px) 100vw, 300px\" title=\"\"><\/a><div class=\"eael-product-title\">\n    <a href=\"https:\/\/machpanda.com\/es\/producto\/sem-motor-grader-921\/\" class=\"woocommerce-LoopProduct-link woocommerce-loop-product__link\"><h2 class=\"woocommerce-loop-product__title\">Mejor motoniveladora SEM-921<\/h2><\/a>\n    <\/div><div class=\"eael-product-price\"><\/div>    <a href=\"https:\/\/machpanda.com\/es\/producto\/sem-motor-grader-921\/\" aria-describedby=\"woocommerce_loop_add_to_cart_link_describedby_244\" data-quantity=\"1\" class=\"button product_type_simple\" data-product_id=\"244\" data-product_sku=\"\" aria-label=\"Leer m\u00e1s sobre \u201cBest SEM-Motor Grader-921\u201d\" rel=\"nofollow\" data-success_message=\"\" data-no-translation=\"\" data-trp-gettext=\"\" data-no-translation-aria-label=\"\">Lee mas<\/a>\t<span id=\"woocommerce_loop_add_to_cart_link_describedby_244\" class=\"screen-reader-text\">\n\t\t\t<\/span>\n    \n<\/div>\n\n<\/li> <li class=\"product\">\n<div class=\"eael-product-wrap\" data-src=\"\" data-src-hover=\"\">\n    <a href=\"https:\/\/machpanda.com\/es\/producto\/sem-motor-grader-919\/\" class=\"woocommerce-LoopProduct-link woocommerce-loop-product__link\"><img decoding=\"async\" width=\"300\" height=\"156\" src=\"https:\/\/machpanda.com\/wp-content\/uploads\/2022\/06\/SEM919-3-no-background-300x156.jpg\" class=\"attachment-woocommerce_thumbnail size-woocommerce_thumbnail wvs-archive-product-image\" alt=\"Best SEM-Motor Grader-919\" loading=\"eager\" srcset=\"https:\/\/machpanda.com\/wp-content\/uploads\/2022\/06\/SEM919-3-no-background-300x156.jpg 300w, https:\/\/machpanda.com\/wp-content\/uploads\/2022\/06\/SEM919-3-no-background-600x312.jpg 600w, https:\/\/machpanda.com\/wp-content\/uploads\/2022\/06\/SEM919-3-no-background.jpg 750w\" sizes=\"(max-width: 300px) 100vw, 300px\" title=\"\"><\/a><div class=\"eael-product-title\">\n    <a href=\"https:\/\/machpanda.com\/es\/producto\/sem-motor-grader-919\/\" class=\"woocommerce-LoopProduct-link woocommerce-loop-product__link\"><h2 class=\"woocommerce-loop-product__title\">Mejor motoniveladora SEM-919<\/h2><\/a>\n    <\/div><div class=\"eael-product-price\"><\/div>    <a href=\"https:\/\/machpanda.com\/es\/producto\/sem-motor-grader-919\/\" aria-describedby=\"woocommerce_loop_add_to_cart_link_describedby_242\" data-quantity=\"1\" class=\"button product_type_simple\" data-product_id=\"242\" data-product_sku=\"\" aria-label=\"Leer m\u00e1s sobre \u201cBest SEM-Motor Grader-919\u201d\" rel=\"nofollow\" data-success_message=\"\" data-no-translation=\"\" data-trp-gettext=\"\" data-no-translation-aria-label=\"\">Lee mas<\/a>\t<span id=\"woocommerce_loop_add_to_cart_link_describedby_242\" class=\"screen-reader-text\">\n\t\t\t<\/span>\n    \n<\/div>\n\n<\/li><\/ul>            <\/div>\n        <\/div>\n\n        <script type=\"text\/javascript\">\n            jQuery(document).ready(function($) {\n                var $scope = jQuery(\".elementor-element-1fda764\");\n                var $products = $('.products', $scope);\n                var $layout_mode = $products.data('layout-mode');\n                \n                if ( $layout_mode === 'masonry' ) {\n                    \/\/ init isotope\n                    var $isotope_products = $products.isotope({\n                        itemSelector: \"li.product\",\n                        layoutMode: $layout_mode,\n                        percentPosition: true\n                    });\n\n                    $isotope_products.imagesLoaded().progress( function() {\n                        $isotope_products.isotope('layout');\n                    })\n                    \n                }\n            });\n        <\/script>\n        \t\t\t\t<\/div>\n\t\t\t\t<\/div>\n\t\t\t\t\t<\/div>\n\t\t<\/div>\n\t\t\t\t\t<\/div>\n\t\t<\/section>\n\t\t\t\t<section data-particle_enable=\"false\" data-particle-mobile-disabled=\"false\" class=\"elementor-section elementor-top-section elementor-element elementor-element-8e86471 elementor-section-boxed elementor-section-height-default elementor-section-height-default\" data-id=\"8e86471\" data-element_type=\"section\" data-e-type=\"section\">\n\t\t\t\t\t\t<div class=\"elementor-container elementor-column-gap-default\">\n\t\t\t\t\t<div class=\"elementor-column elementor-col-100 elementor-top-column elementor-element elementor-element-747d21e\" data-id=\"747d21e\" data-element_type=\"column\" data-e-type=\"column\">\n\t\t\t<div class=\"elementor-widget-wrap elementor-element-populated\">\n\t\t\t\t\t\t<div class=\"elementor-element elementor-element-48c46d7 elementor-widget elementor-widget-heading\" data-id=\"48c46d7\" data-element_type=\"widget\" data-e-type=\"widget\" data-widget_type=\"heading.default\">\n\t\t\t\t<div class=\"elementor-widget-container\">\n\t\t\t\t\t<h1 class=\"elementor-heading-title elementor-size-default\">mejor motoniveladora compacta motoniveladora rc motoniveladora casera\n\n<\/h1>\t\t\t\t<\/div>\n\t\t\t\t<\/div>\n\t\t\t\t\t<\/div>\n\t\t<\/div>\n\t\t\t\t\t<\/div>\n\t\t<\/section>\n\t\t\t\t<\/div>","protected":false},"excerpt":{"rendered":"<p>Motor Graders The SEM motor grader adopts a new and upgraded appearance design, which is fashionable and tough. This model adopts a load-sensing hydraulic system with proportional priority and pressure compensation, and is equipped with an electronically controlled gearbox and a dedicated drive axle for motor graders, which enables precise operation, higher reliability, and lower [&hellip;]<\/p>\n","protected":false},"author":4,"featured_media":0,"parent":0,"menu_order":0,"comment_status":"closed","ping_status":"closed","template":"","meta":{"footnotes":""},"class_list":["post-645","page","type-page","status-publish","hentry"],"blocksy_meta":{"styles_descriptor":{"styles":{"desktop":"","tablet":"","mobile":""},"google_fonts":[],"version":6}},"aioseo_notices":[],"_links":{"self":[{"href":"https:\/\/machpanda.com\/es\/wp-json\/wp\/v2\/pages\/645","targetHints":{"allow":["GET"]}}],"collection":[{"href":"https:\/\/machpanda.com\/es\/wp-json\/wp\/v2\/pages"}],"about":[{"href":"https:\/\/machpanda.com\/es\/wp-json\/wp\/v2\/types\/page"}],"author":[{"embeddable":true,"href":"https:\/\/machpanda.com\/es\/wp-json\/wp\/v2\/users\/4"}],"replies":[{"embeddable":true,"href":"https:\/\/machpanda.com\/es\/wp-json\/wp\/v2\/comments?post=645"}],"version-history":[{"count":0,"href":"https:\/\/machpanda.com\/es\/wp-json\/wp\/v2\/pages\/645\/revisions"}],"wp:attachment":[{"href":"https:\/\/machpanda.com\/es\/wp-json\/wp\/v2\/media?parent=645"}],"curies":[{"name":"wp","href":"https:\/\/api.w.org\/{rel}","templated":true}]}}