{"id":1073,"date":"2022-06-29T00:59:06","date_gmt":"2022-06-29T00:59:06","guid":{"rendered":"https:\/\/machpanda.com\/?post_type=product&#038;p=1073"},"modified":"2022-10-21T01:48:57","modified_gmt":"2022-10-21T01:48:57","slug":"best-shantui-road-roller-sr20ma-in-usa","status":"publish","type":"product","link":"https:\/\/machpanda.com\/es\/producto\/best-shantui-road-roller-sr20ma-in-usa\/","title":{"rendered":"BEST SHANTUI Road Roller SR20MA en EE. UU."},"content":{"rendered":"<h2>Mejor Rodillo SHANTUI SR20MA en EE.UU.<\/h2>\n<p>La tecnolog\u00eda de combinaci\u00f3n \u00fanica puede obtener una alta eficiencia de trabajo y una econom\u00eda de combustible razonable, y el consumo total de combustible es bajo;<br \/>\nComponentes el\u00e9ctricos e hidr\u00e1ulicos de marca importada, alta calidad y confiabilidad, reducen el tiempo de inactividad;<br \/>\nEl equipo tiene una alta retenci\u00f3n de valor.<br \/>\nMejor Rodillo compactador SR20MA de SHANTUI en EE.UU.,El motor SC4H de Shangchai tiene una buena econom\u00eda de combustible, versatilidad de piezas fuertes y bajo costo de mantenimiento;<br \/>\nRadiador de \u00e1rea grande de tipo de succi\u00f3n, prolonga efectivamente la vida \u00fatil del motor y los componentes hidr\u00e1ulicos;<br \/>\nRueda de acero de tecnolog\u00eda patentada de Shantui, lubricaci\u00f3n independiente del rodamiento, larga vida \u00fatil.<br \/>\nMejor Rodillo compactador SHANTUI SR20MA en EE.UU., elemento de filtro de combustible y el elemento de filtro hidr\u00e1ulico est\u00e1n dispuestos externamente, que es f\u00e1cil de mantener; abrir el cap\u00f3 para el mantenimiento diario;<br \/>\nDrene el aceite del c\u00e1rter de aceite y ll\u00e9velo al exterior del marco principal, lo cual es conveniente para el mantenimiento;<br \/>\nInstrumento de combinaci\u00f3n inteligente, con funci\u00f3n de detecci\u00f3n autom\u00e1tica de fallas, con sistema de alarma y diagn\u00f3stico de fallas completo y para todo clima;<br \/>\nToda la m\u00e1quina adopta absorci\u00f3n de impactos de tres etapas, sellado especial, vibraci\u00f3n peque\u00f1a y bajo nivel de ruido;<br \/>\nEl panel de instrumentos, el asiento y la caja de control de la cabina est\u00e1n dispuestos en combinaci\u00f3n con la ergonom\u00eda y la operaci\u00f3n es c\u00f3moda;<br \/>\nAdopte la caja de cambios integrada Hainachuan, con estructura compacta y tama\u00f1o peque\u00f1o; cambio de velocidad estable, bajo impacto, bajo nivel de ruido, baja generaci\u00f3n de calor, larga vida \u00fatil.<\/p>","protected":false},"excerpt":{"rendered":"<p>TIPO DE TAMBOR SIMPLE<\/p>\n<p>SR20MA<\/p>\n<p>PESO TOTAL<\/p>\n<p>20000kg<\/p>\n<p>POTENCIA DEL MOTOR<\/p>\n<p>Con 128kW\/1800rpm, este motor cumple con la regulaci\u00f3n de emisiones China-II.<\/p>\n<p>ANCHO DE COMPACTACI\u00d3N<\/p>\n<p>2140mm<\/p>","protected":false},"featured_media":746,"comment_status":"closed","ping_status":"closed","template":"","meta":[],"product_brand":[],"product_cat":[21],"product_tag":[67,56],"class_list":{"0":"post-1073","1":"product","2":"type-product","3":"status-publish","4":"has-post-thumbnail","6":"product_cat-road-roller","7":"product_tag-road-roller_sr20ma","8":"product_tag-sr20-1","10":"first","11":"instock","12":"shipping-taxable","13":"product-type-simple"},"aioseo_notices":[],"_links":{"self":[{"href":"https:\/\/machpanda.com\/es\/wp-json\/wp\/v2\/product\/1073","targetHints":{"allow":["GET"]}}],"collection":[{"href":"https:\/\/machpanda.com\/es\/wp-json\/wp\/v2\/product"}],"about":[{"href":"https:\/\/machpanda.com\/es\/wp-json\/wp\/v2\/types\/product"}],"replies":[{"embeddable":true,"href":"https:\/\/machpanda.com\/es\/wp-json\/wp\/v2\/comments?post=1073"}],"wp:featuredmedia":[{"embeddable":true,"href":"https:\/\/machpanda.com\/es\/wp-json\/wp\/v2\/media\/746"}],"wp:attachment":[{"href":"https:\/\/machpanda.com\/es\/wp-json\/wp\/v2\/media?parent=1073"}],"wp:term":[{"taxonomy":"product_brand","embeddable":true,"href":"https:\/\/machpanda.com\/es\/wp-json\/wp\/v2\/product_brand?post=1073"},{"taxonomy":"product_cat","embeddable":true,"href":"https:\/\/machpanda.com\/es\/wp-json\/wp\/v2\/product_cat?post=1073"},{"taxonomy":"product_tag","embeddable":true,"href":"https:\/\/machpanda.com\/es\/wp-json\/wp\/v2\/product_tag?post=1073"}],"curies":[{"name":"wp","href":"https:\/\/api.w.org\/{rel}","templated":true}]}}