{"id":166,"date":"2022-06-13T08:36:54","date_gmt":"2022-06-13T08:36:54","guid":{"rendered":"https:\/\/machpanda.com\/?post_type=product&#038;p=166"},"modified":"2023-02-20T03:42:15","modified_gmt":"2023-02-20T03:42:15","slug":"crawler-tractor-sem816d-company","status":"publish","type":"product","link":"https:\/\/machpanda.com\/es\/producto\/crawler-tractor-sem816d-company\/","title":{"rendered":"Tractor de orugas SEM816D empresa"},"content":{"rendered":"<p>Tractor de orugas SEM816D empresa<\/p>\n<p>Tractor de orugas SEM816D empresa bulldozer adopta Rexroth alem\u00e1n de nueva generaci\u00f3n de la bomba de accionamiento de la v\u00e1lvula de control integral e integrado, motor de desplazamiento, simplifica el dise\u00f1o de tuber\u00edas.<\/p>\n<p>Tractor de orugas SEM816D company\uff0c mejora a\u00fan m\u00e1s la fiabilidad. La manguera de alta presi\u00f3n Caterpillar es fiable y duradera. Tecnolog\u00eda de control Caterpillar, control preciso y alta eficiencia de transmisi\u00f3n.<\/p>\n<table style=\"border-collapse: collapse; width: 1738.53pt;\" border=\"0\" width=\"2318\" cellspacing=\"0\" cellpadding=\"0\">\n<tbody>\n<tr style=\"height: 22.50pt;\">\n<td class=\"et2\" style=\"height: 22.50pt; width: 220.05pt;\" width=\"293\" height=\"30\">Modelo<\/td>\n<td class=\"et3\" style=\"width: 303.75pt;\" width=\"405\">SEM816D<\/td>\n<td class=\"et3\" style=\"width: 303.75pt;\" width=\"405\">SEM816D LGP<\/td>\n<td class=\"et3\" style=\"width: 303.75pt;\" width=\"405\">SEM816D DS<\/td>\n<td class=\"et3\" style=\"width: 303.75pt;\" width=\"405\">SEM816D CH<\/td>\n<td class=\"et3\" style=\"width: 303.75pt;\" width=\"405\">SEM816D FR<\/td>\n<\/tr>\n<tr style=\"height: 22.50pt;\">\n<td class=\"et4\" style=\"height: 22.50pt; width: 220.05pt;\" width=\"293\" height=\"30\">Especificaciones principales<\/td>\n<td class=\"et5\" style=\"width: 1518.75pt;\" colspan=\"5\" width=\"2025\"><\/td>\n<\/tr>\n<tr style=\"height: 22.50pt;\">\n<td class=\"et2\" style=\"height: 22.50pt; width: 220.05pt;\" width=\"293\" height=\"30\">Peso operativo<\/td>\n<td class=\"et3\" style=\"width: 303.75pt;\" width=\"405\">16.900 kg<\/td>\n<td class=\"et3\" style=\"width: 303.75pt;\" width=\"405\">19.490 kg<\/td>\n<td class=\"et3\" style=\"width: 303.75pt;\" width=\"405\">19.760 kg<\/td>\n<td class=\"et3\" style=\"width: 303.75pt;\" width=\"405\">17.160 kg<\/td>\n<td class=\"et3\" style=\"width: 303.75pt;\" width=\"405\">18.580 kg<\/td>\n<\/tr>\n<tr style=\"height: 22.50pt;\">\n<td class=\"et2\" style=\"height: 22.50pt; width: 220.05pt;\" width=\"293\" height=\"30\">Presi\u00f3n sobre el suelo<\/td>\n<td class=\"et7\" style=\"width: 303.75pt;\" width=\"405\">66,8 kPa<\/td>\n<td class=\"et7\" style=\"width: 303.75pt;\" width=\"405\">31,1 kPa<\/td>\n<td class=\"et7\" style=\"width: 303.75pt;\" width=\"405\">34,8 kPa<\/td>\n<td class=\"et7\" style=\"width: 303.75pt;\" width=\"405\">61,8 kPa<\/td>\n<td class=\"et7\" style=\"width: 303.75pt;\" width=\"405\">66,9 kPa<\/td>\n<\/tr>\n<tr style=\"height: 22.50pt;\">\n<td class=\"et2\" style=\"height: 22.50pt; width: 220.05pt;\" width=\"293\" height=\"30\">Claridad del piso<\/td>\n<td class=\"et3\" style=\"width: 303.75pt;\" width=\"405\">410 mm<\/td>\n<td class=\"et3\" style=\"width: 303.75pt;\" width=\"405\">410 mm<\/td>\n<td class=\"et3\" style=\"width: 303.75pt;\" width=\"405\">410 mm<\/td>\n<td class=\"et3\" style=\"width: 303.75pt;\" width=\"405\">410 mm<\/td>\n<td class=\"et3\" style=\"width: 303.75pt;\" width=\"405\">410 mm<\/td>\n<\/tr>\n<tr style=\"height: 22.50pt;\">\n<td class=\"et2\" style=\"height: 22.50pt; width: 220.05pt;\" width=\"293\" height=\"30\">m\u00e1x. Pendiente<\/td>\n<td class=\"et7\" style=\"width: 303.75pt;\" width=\"405\">30\u00b0<\/td>\n<td class=\"et7\" style=\"width: 303.75pt;\" width=\"405\">30\u00b0<\/td>\n<td class=\"et7\" style=\"width: 303.75pt;\" width=\"405\">\/<\/td>\n<td class=\"et7\" style=\"width: 303.75pt;\" width=\"405\">30\u00b0<\/td>\n<td class=\"et7\" style=\"width: 303.75pt;\" width=\"405\">30\u00b0<\/td>\n<\/tr>\n<tr style=\"height: 22.50pt;\">\n<td class=\"et4\" style=\"height: 22.50pt; width: 220.05pt;\" width=\"293\" height=\"30\">Motor<\/td>\n<td class=\"et5\" style=\"width: 1518.75pt;\" colspan=\"5\" width=\"2025\"><\/td>\n<\/tr>\n<tr style=\"height: 22.50pt;\">\n<td class=\"et2\" style=\"height: 22.50pt; width: 220.05pt;\" width=\"293\" height=\"30\">Modelo de motor<\/td>\n<td class=\"et7\" style=\"width: 303.75pt;\" width=\"405\">WD10G178E25<\/td>\n<td class=\"et7\" style=\"width: 303.75pt;\" width=\"405\">WD10G178E25<\/td>\n<td class=\"et7\" style=\"width: 303.75pt;\" width=\"405\">WD10G178E25<\/td>\n<td class=\"et7\" style=\"width: 303.75pt;\" width=\"405\">WD10G178E25<\/td>\n<td class=\"et7\" style=\"width: 303.75pt;\" width=\"405\">WD10G178E25<\/td>\n<\/tr>\n<tr style=\"height: 22.50pt;\">\n<td class=\"et2\" style=\"height: 22.50pt; width: 220.05pt;\" width=\"293\" height=\"30\">Potencia nominal<\/td>\n<td class=\"et3\" style=\"width: 303.75pt;\" width=\"405\">131kW<\/td>\n<td class=\"et3\" style=\"width: 303.75pt;\" width=\"405\">131kW<\/td>\n<td class=\"et3\" style=\"width: 303.75pt;\" width=\"405\">131kW<\/td>\n<td class=\"et3\" style=\"width: 303.75pt;\" width=\"405\">131kW<\/td>\n<td class=\"et3\" style=\"width: 303.75pt;\" width=\"405\">131kW<\/td>\n<\/tr>\n<tr style=\"height: 22.50pt;\">\n<td class=\"et4\" style=\"height: 22.50pt; width: 220.05pt;\" width=\"293\" height=\"30\">Herramienta de trabajo<\/td>\n<td class=\"et5\" style=\"width: 1518.75pt;\" colspan=\"5\" width=\"2025\"><\/td>\n<\/tr>\n<tr style=\"height: 22.50pt;\">\n<td class=\"et2\" style=\"height: 22.50pt; width: 220.05pt;\" width=\"293\" height=\"30\">Tipo de hoja<\/td>\n<td class=\"et3\" style=\"width: 303.75pt;\" width=\"405\">SU \/ S<\/td>\n<td class=\"et3\" style=\"width: 303.75pt;\" width=\"405\">LGP<\/td>\n<td class=\"et3\" style=\"width: 303.75pt;\" width=\"405\">LGP<\/td>\n<td class=\"et3\" style=\"width: 303.75pt;\" width=\"405\">tu<\/td>\n<td class=\"et3\" style=\"width: 303.75pt;\" width=\"405\">SU Forestal \/ S Forestal<\/td>\n<\/tr>\n<tr style=\"height: 22.50pt;\">\n<td class=\"et2\" style=\"height: 22.50pt; width: 220.05pt;\" width=\"293\" height=\"30\">Capacidad de la hoja<\/td>\n<td class=\"et7\" style=\"width: 303.75pt;\" width=\"405\">4,3 mm \/ 3,5 mm<\/td>\n<td class=\"et7\" style=\"width: 303.75pt;\" width=\"405\">3,4 mm<\/td>\n<td class=\"et7\" style=\"width: 303.75pt;\" width=\"405\">3,4 mm<\/td>\n<td class=\"et7\" style=\"width: 303.75pt;\" width=\"405\">5,6 mm<\/td>\n<td class=\"et7\" style=\"width: 303.75pt;\" width=\"405\">6 mm\/5,8 mm<\/td>\n<\/tr>\n<tr style=\"height: 22.50pt;\">\n<td class=\"et2\" style=\"height: 22.50pt; width: 220.05pt;\" width=\"293\" height=\"30\">Ancho de la hoja<\/td>\n<td class=\"et3\" style=\"width: 303.75pt;\" width=\"405\">3180 mm \/ 3590 mm<\/td>\n<td class=\"et3\" style=\"width: 303.75pt;\" width=\"405\">4410 mm<\/td>\n<td class=\"et3\" style=\"width: 303.75pt;\" width=\"405\">4410 mm<\/td>\n<td class=\"et3\" style=\"width: 303.75pt;\" width=\"405\">3580 mm<\/td>\n<td class=\"et3\" style=\"width: 303.75pt;\" width=\"405\">3180 mm \/ 3590 mm<\/td>\n<\/tr>\n<tr style=\"height: 22.50pt;\">\n<td class=\"et2\" style=\"height: 22.50pt; width: 220.05pt;\" width=\"293\" height=\"30\">Altura de la hoja<\/td>\n<td class=\"et7\" style=\"width: 303.75pt;\" width=\"405\">1.240 mm \/ 1.165 mm<\/td>\n<td class=\"et7\" style=\"width: 303.75pt;\" width=\"405\">1000 mm<\/td>\n<td class=\"et7\" style=\"width: 303.75pt;\" width=\"405\">1000 mm<\/td>\n<td class=\"et7\" style=\"width: 303.75pt;\" width=\"405\">1400 mm<\/td>\n<td class=\"et7\" style=\"width: 303.75pt;\" width=\"405\">1.625 mm \/ 1.625 mm<\/td>\n<\/tr>\n<tr style=\"height: 22.50pt;\">\n<td class=\"et2\" style=\"height: 22.50pt; width: 220.05pt;\" width=\"293\" height=\"30\">m\u00e1x. Profundidad de excavaci\u00f3n de la hoja<\/td>\n<td class=\"et3\" style=\"width: 303.75pt;\" width=\"405\">430 mm \/ 430 mm<\/td>\n<td class=\"et3\" style=\"width: 303.75pt;\" width=\"405\">470 mm<\/td>\n<td class=\"et3\" style=\"width: 303.75pt;\" width=\"405\">470 mm<\/td>\n<td class=\"et3\" style=\"width: 303.75pt;\" width=\"405\">430 mm<\/td>\n<td class=\"et3\" style=\"width: 303.75pt;\" width=\"405\">430 mm \/ 430 mm<\/td>\n<\/tr>\n<tr style=\"height: 22.50pt;\">\n<td class=\"et2\" style=\"height: 22.50pt; width: 220.05pt;\" width=\"293\" height=\"30\">Distancia m\u00e1xima al suelo de elevaci\u00f3n de la hoja<\/td>\n<td class=\"et7\" style=\"width: 303.75pt;\" width=\"405\">1.041 mm \/ 1.041 mm<\/td>\n<td class=\"et7\" style=\"width: 303.75pt;\" width=\"405\">1055 mm<\/td>\n<td class=\"et7\" style=\"width: 303.75pt;\" width=\"405\">1055 mm<\/td>\n<td class=\"et7\" style=\"width: 303.75pt;\" width=\"405\">1041 mm<\/td>\n<td class=\"et7\" style=\"width: 303.75pt;\" width=\"405\">1.041 mm \/ 1.041 mm<\/td>\n<\/tr>\n<tr style=\"height: 22.50pt;\">\n<td class=\"et2\" style=\"height: 22.50pt; width: 220.05pt;\" width=\"293\" height=\"30\">Fuerza de tracci\u00f3n de salida m\u00e1x.<\/td>\n<td class=\"et3\" style=\"width: 303.75pt;\" width=\"405\">280kN<\/td>\n<td class=\"et3\" style=\"width: 303.75pt;\" width=\"405\">280kN<\/td>\n<td class=\"et3\" style=\"width: 303.75pt;\" width=\"405\">280kN<\/td>\n<td class=\"et3\" style=\"width: 303.75pt;\" width=\"405\">280kN<\/td>\n<td class=\"et3\" style=\"width: 303.75pt;\" width=\"405\">280kN<\/td>\n<\/tr>\n<tr style=\"height: 22.50pt;\">\n<td class=\"et2\" style=\"height: 22.50pt; width: 220.05pt;\" width=\"293\" height=\"30\">m\u00e1x. Profundidad de excavaci\u00f3n del desgarrador<\/td>\n<td class=\"et7\" style=\"width: 303.75pt;\" width=\"405\">584 mm<\/td>\n<td class=\"et7\" style=\"width: 303.75pt;\" width=\"405\">\/<\/td>\n<td class=\"et7\" style=\"width: 303.75pt;\" width=\"405\">\/<\/td>\n<td class=\"et7\" style=\"width: 303.75pt;\" width=\"405\">584 mm<\/td>\n<td class=\"et7\" style=\"width: 303.75pt;\" width=\"405\">584 mm<\/td>\n<\/tr>\n<tr style=\"height: 22.50pt;\">\n<td class=\"et2\" style=\"height: 22.50pt; width: 220.05pt;\" width=\"293\" height=\"30\">m\u00e1x. Espacio libre debajo de la punta<\/td>\n<td class=\"et3\" style=\"width: 303.75pt;\" width=\"405\">615 mm<\/td>\n<td class=\"et3\" style=\"width: 303.75pt;\" width=\"405\">\/<\/td>\n<td class=\"et3\" style=\"width: 303.75pt;\" width=\"405\">\/<\/td>\n<td class=\"et3\" style=\"width: 303.75pt;\" width=\"405\">615 mm<\/td>\n<td class=\"et3\" style=\"width: 303.75pt;\" width=\"405\">615 mm<\/td>\n<\/tr>\n<tr style=\"height: 22.50pt;\">\n<td class=\"et4\" style=\"height: 22.50pt; width: 220.05pt;\" width=\"293\" height=\"30\">tren motriz<\/td>\n<td class=\"et5\" style=\"width: 1518.75pt;\" colspan=\"5\" width=\"2025\"><\/td>\n<\/tr>\n<tr style=\"height: 39.00pt;\">\n<td class=\"et2\" style=\"height: 39.00pt; width: 220.05pt;\" width=\"293\" height=\"52\">Escribe<\/td>\n<td class=\"et3\" style=\"width: 303.75pt;\" width=\"405\">sistema de accionamiento hidrost\u00e1tico controlado electr\u00f3nicamente de circuito cerrado de doble trayectoria<\/td>\n<td class=\"et3\" style=\"width: 303.75pt;\" width=\"405\">sistema de accionamiento hidrost\u00e1tico controlado electr\u00f3nicamente de circuito cerrado de doble trayectoria<\/td>\n<td class=\"et3\" style=\"width: 303.75pt;\" width=\"405\">sistema de accionamiento hidrost\u00e1tico controlado electr\u00f3nicamente de circuito cerrado de doble trayectoria<\/td>\n<td class=\"et3\" style=\"width: 303.75pt;\" width=\"405\">sistema de accionamiento hidrost\u00e1tico controlado electr\u00f3nicamente de circuito cerrado de doble trayectoria<\/td>\n<td class=\"et3\" style=\"width: 303.75pt;\" width=\"405\">sistema de accionamiento hidrost\u00e1tico controlado electr\u00f3nicamente de circuito cerrado de doble trayectoria<\/td>\n<\/tr>\n<tr style=\"height: 22.50pt;\">\n<td class=\"et2\" style=\"height: 22.50pt; width: 220.05pt;\" width=\"293\" height=\"30\">Velocidad de viaje-F\/R<\/td>\n<td class=\"et7\" style=\"width: 303.75pt;\" width=\"405\">velocidades infinitamente variables 0-10 km\/h<\/td>\n<td class=\"et7\" style=\"width: 303.75pt;\" width=\"405\">Velocidades infinitamente variables 0-10 km\/h<\/td>\n<td class=\"et7\" style=\"width: 303.75pt;\" width=\"405\">velocidades infinitamente variables 0-10 km\/h<\/td>\n<td class=\"et7\" style=\"width: 303.75pt;\" width=\"405\">velocidades infinitamente variables 0-10 km\/h<\/td>\n<td class=\"et7\" style=\"width: 303.75pt;\" width=\"405\">velocidades infinitamente variables 0-10 km\/h<\/td>\n<\/tr>\n<tr style=\"height: 22.50pt;\">\n<td class=\"et2\" style=\"height: 22.50pt; width: 220.05pt;\" width=\"293\" height=\"30\">Direcci\u00f3n y freno<\/td>\n<td class=\"et3\" style=\"width: 303.75pt;\" width=\"405\">direcci\u00f3n hidrost\u00e1tica; Freno multidisco mojado<\/td>\n<td class=\"et3\" style=\"width: 303.75pt;\" width=\"405\">direcci\u00f3n hidrost\u00e1tica; Freno multidisco mojado<\/td>\n<td class=\"et3\" style=\"width: 303.75pt;\" width=\"405\">direcci\u00f3n hidrost\u00e1tica; Freno multidisco mojado<\/td>\n<td class=\"et3\" style=\"width: 303.75pt;\" width=\"405\">direcci\u00f3n hidrost\u00e1tica; Freno multidisco mojado<\/td>\n<td class=\"et3\" style=\"width: 303.75pt;\" width=\"405\">direcci\u00f3n hidrost\u00e1tica; Freno multidisco mojado<\/td>\n<\/tr>\n<tr style=\"height: 22.50pt;\">\n<td class=\"et2\" style=\"height: 22.50pt; width: 220.05pt;\" width=\"293\" height=\"30\">Radio m\u00ednimo de Streeing<\/td>\n<td class=\"et7\" style=\"width: 303.75pt;\" width=\"405\">3610 mm<\/td>\n<td class=\"et7\" style=\"width: 303.75pt;\" width=\"405\">3.740 mm<\/td>\n<td class=\"et7\" style=\"width: 303.75pt;\" width=\"405\">3.740 mm<\/td>\n<td class=\"et7\" style=\"width: 303.75pt;\" width=\"405\">3610 mm<\/td>\n<td class=\"et7\" style=\"width: 303.75pt;\" width=\"405\">3610 mm<\/td>\n<\/tr>\n<tr style=\"height: 22.50pt;\">\n<td class=\"et8\" style=\"height: 22.50pt; width: 220.05pt;\" width=\"293\" height=\"30\"><\/td>\n<td class=\"et8\" style=\"width: 303.75pt;\" width=\"405\"><\/td>\n<td class=\"et8\" style=\"width: 303.75pt;\" width=\"405\"><\/td>\n<td class=\"et8\" style=\"width: 303.75pt;\" width=\"405\"><\/td>\n<td class=\"et8\" style=\"width: 303.75pt;\" width=\"405\"><\/td>\n<td class=\"et8\" style=\"width: 303.75pt;\" width=\"405\"><\/td>\n<\/tr>\n<tr style=\"height: 22.50pt;\">\n<td class=\"et4\" style=\"height: 22.50pt; width: 220.05pt;\" width=\"293\" height=\"30\">Tren de aterrizaje<\/td>\n<td class=\"et5\" style=\"width: 1518.75pt;\" colspan=\"5\" width=\"2025\"><\/td>\n<\/tr>\n<tr style=\"height: 22.50pt;\">\n<td class=\"et2\" style=\"height: 22.50pt; width: 220.05pt;\" width=\"293\" height=\"30\">Ancho de la zapata de cadena: simple<\/td>\n<td class=\"et7\" style=\"width: 303.75pt;\" width=\"405\">510 mm<\/td>\n<td class=\"et7\" style=\"width: 303.75pt;\" width=\"405\">\/<\/td>\n<td class=\"et7\" style=\"width: 303.75pt;\" width=\"405\">950 mm<\/td>\n<td class=\"et7\" style=\"width: 303.75pt;\" width=\"405\">560 mm<\/td>\n<td class=\"et7\" style=\"width: 303.75pt;\" width=\"405\">560 mm<\/td>\n<\/tr>\n<tr style=\"height: 22.50pt;\">\n<td class=\"et2\" style=\"height: 22.50pt; width: 220.05pt;\" width=\"293\" height=\"30\">Ancho de zapata de cadena-APEX<\/td>\n<td class=\"et3\" style=\"width: 303.75pt;\" width=\"405\">\/<\/td>\n<td class=\"et3\" style=\"width: 303.75pt;\" width=\"405\">1050 mm<\/td>\n<td class=\"et3\" style=\"width: 303.75pt;\" width=\"405\">950 mm<\/td>\n<td class=\"et3\" style=\"width: 303.75pt;\" width=\"405\">\/<\/td>\n<td class=\"et3\" style=\"width: 303.75pt;\" width=\"405\">\/<\/td>\n<\/tr>\n<tr style=\"height: 22.50pt;\">\n<td class=\"et2\" style=\"height: 22.50pt; width: 220.05pt;\" width=\"293\" height=\"30\">Cantidad de zapatas de oruga<\/td>\n<td class=\"et7\" style=\"width: 303.75pt;\" width=\"405\">37<\/td>\n<td class=\"et7\" style=\"width: 303.75pt;\" width=\"405\">42<\/td>\n<td class=\"et7\" style=\"width: 303.75pt;\" width=\"405\">42<\/td>\n<td class=\"et7\" style=\"width: 303.75pt;\" width=\"405\">37<\/td>\n<td class=\"et7\" style=\"width: 303.75pt;\" width=\"405\">37<\/td>\n<\/tr>\n<tr style=\"height: 22.50pt;\">\n<td class=\"et2\" style=\"height: 22.50pt; width: 220.05pt;\" width=\"293\" height=\"30\">Longitud de pista en el suelo<\/td>\n<td class=\"et3\" style=\"width: 303.75pt;\" width=\"405\">2430 mm<\/td>\n<td class=\"et3\" style=\"width: 303.75pt;\" width=\"405\">2925 mm<\/td>\n<td class=\"et3\" style=\"width: 303.75pt;\" width=\"405\">2925 mm<\/td>\n<td class=\"et3\" style=\"width: 303.75pt;\" width=\"405\">2430 mm<\/td>\n<td class=\"et3\" style=\"width: 303.75pt;\" width=\"405\">2430 mm<\/td>\n<\/tr>\n<tr style=\"height: 22.50pt;\">\n<td class=\"et2\" style=\"height: 22.50pt; width: 220.05pt;\" width=\"293\" height=\"30\">Ancho de v\u00eda<\/td>\n<td class=\"et7\" style=\"width: 303.75pt;\" width=\"405\">1880 mm<\/td>\n<td class=\"et7\" style=\"width: 303.75pt;\" width=\"405\">2300 mm<\/td>\n<td class=\"et7\" style=\"width: 303.75pt;\" width=\"405\">2300 mm<\/td>\n<td class=\"et7\" style=\"width: 303.75pt;\" width=\"405\">1880 mm<\/td>\n<td class=\"et7\" style=\"width: 303.75pt;\" width=\"405\">1880 mm<\/td>\n<\/tr>\n<tr style=\"height: 22.50pt;\">\n<td class=\"et2\" style=\"height: 22.50pt; width: 220.05pt;\" width=\"293\" height=\"30\">Cantidad de rodillos inferiores<\/td>\n<td class=\"et3\" style=\"width: 303.75pt;\" width=\"405\">6<\/td>\n<td class=\"et3\" style=\"width: 303.75pt;\" width=\"405\">7<\/td>\n<td class=\"et3\" style=\"width: 303.75pt;\" width=\"405\">7<\/td>\n<td class=\"et3\" style=\"width: 303.75pt;\" width=\"405\">6<\/td>\n<td class=\"et3\" style=\"width: 303.75pt;\" width=\"405\">6<\/td>\n<\/tr>\n<tr style=\"height: 22.50pt;\">\n<td class=\"et2\" style=\"height: 22.50pt; width: 220.05pt;\" width=\"293\" height=\"30\">Cantidad de rodillos portadores<\/td>\n<td class=\"et7\" style=\"width: 303.75pt;\" width=\"405\">2<\/td>\n<td class=\"et7\" style=\"width: 303.75pt;\" width=\"405\">2<\/td>\n<td class=\"et7\" style=\"width: 303.75pt;\" width=\"405\">2<\/td>\n<td class=\"et7\" style=\"width: 303.75pt;\" width=\"405\">2<\/td>\n<td class=\"et7\" style=\"width: 303.75pt;\" width=\"405\">2<\/td>\n<\/tr>\n<tr style=\"height: 22.50pt;\">\n<td class=\"et4\" style=\"height: 22.50pt; width: 220.05pt;\" width=\"293\" height=\"30\">Sistema hidr\u00e1ulico<\/td>\n<td class=\"et11\" style=\"width: 303.75pt;\" width=\"405\"><\/td>\n<td class=\"et11\" style=\"width: 303.75pt;\" width=\"405\"><\/td>\n<td class=\"et11\" style=\"width: 303.75pt;\" width=\"405\"><\/td>\n<td class=\"et11\" style=\"width: 303.75pt;\" width=\"405\"><\/td>\n<td class=\"et11\" style=\"width: 303.75pt;\" width=\"405\"><\/td>\n<\/tr>\n<tr style=\"height: 22.50pt;\">\n<td class=\"et2\" style=\"height: 22.50pt; width: 220.05pt;\" width=\"293\" height=\"30\">Escribe<\/td>\n<td class=\"et7\" style=\"width: 303.75pt;\" width=\"405\">centro cerrado, control piloto<\/td>\n<td class=\"et7\" style=\"width: 303.75pt;\" width=\"405\">centro cerrado, control piloto<\/td>\n<td class=\"et7\" style=\"width: 303.75pt;\" width=\"405\">centro cerrado, control piloto<\/td>\n<td class=\"et7\" style=\"width: 303.75pt;\" width=\"405\">centro cerrado, control piloto<\/td>\n<td class=\"et7\" style=\"width: 303.75pt;\" width=\"405\">centro cerrado, control piloto<\/td>\n<\/tr>\n<tr style=\"height: 22.50pt;\">\n<td class=\"et2\" style=\"height: 22.50pt; width: 220.05pt;\" width=\"293\" height=\"30\">Presi\u00f3n del sistema hidr\u00e1ulico del implemento<\/td>\n<td class=\"et3\" style=\"width: 303.75pt;\" width=\"405\">19MPa<\/td>\n<td class=\"et3\" style=\"width: 303.75pt;\" width=\"405\">19MPa<\/td>\n<td class=\"et3\" style=\"width: 303.75pt;\" width=\"405\">19MPa<\/td>\n<td class=\"et3\" style=\"width: 303.75pt;\" width=\"405\">19MPa<\/td>\n<td class=\"et3\" style=\"width: 303.75pt;\" width=\"405\">19MPa<\/td>\n<\/tr>\n<tr style=\"height: 22.50pt;\">\n<td class=\"et4\" style=\"height: 22.50pt; width: 220.05pt;\" width=\"293\" height=\"30\">Capacidades de recarga de servicio<\/td>\n<td class=\"et5\" style=\"width: 1518.75pt;\" colspan=\"5\" width=\"2025\"><\/td>\n<\/tr>\n<tr style=\"height: 22.50pt;\">\n<td class=\"et2\" style=\"height: 22.50pt; width: 220.05pt;\" width=\"293\" height=\"30\">Dep\u00f3sito de combustible<\/td>\n<td class=\"et3\" style=\"width: 303.75pt;\" width=\"405\">320L<\/td>\n<td class=\"et3\" style=\"width: 303.75pt;\" width=\"405\">320L<\/td>\n<td class=\"et3\" style=\"width: 303.75pt;\" width=\"405\">320L<\/td>\n<td class=\"et3\" style=\"width: 303.75pt;\" width=\"405\">320L<\/td>\n<td class=\"et3\" style=\"width: 303.75pt;\" width=\"405\">320L<\/td>\n<\/tr>\n<tr style=\"height: 22.50pt;\">\n<td class=\"et2\" style=\"height: 22.50pt; width: 220.05pt;\" width=\"293\" height=\"30\">Sistema de refrigeraci\u00f3n<\/td>\n<td class=\"et7\" style=\"width: 303.75pt;\" width=\"405\">45L<\/td>\n<td class=\"et7\" style=\"width: 303.75pt;\" width=\"405\">45L<\/td>\n<td class=\"et7\" style=\"width: 303.75pt;\" width=\"405\">45L<\/td>\n<td class=\"et7\" style=\"width: 303.75pt;\" width=\"405\">45L<\/td>\n<td class=\"et7\" style=\"width: 303.75pt;\" width=\"405\">45L<\/td>\n<\/tr>\n<tr style=\"height: 22.50pt;\">\n<td class=\"et2\" style=\"height: 22.50pt; width: 220.05pt;\" width=\"293\" height=\"30\">Tanque Hidr\u00e1ulico<\/td>\n<td class=\"et3\" style=\"width: 303.75pt;\" width=\"405\">140L<\/td>\n<td class=\"et3\" style=\"width: 303.75pt;\" width=\"405\">140L<\/td>\n<td class=\"et3\" style=\"width: 303.75pt;\" width=\"405\">140L<\/td>\n<td class=\"et3\" style=\"width: 303.75pt;\" width=\"405\">140L<\/td>\n<td class=\"et3\" style=\"width: 303.75pt;\" width=\"405\">140L<\/td>\n<\/tr>\n<tr style=\"height: 22.50pt;\">\n<td class=\"et2\" style=\"height: 22.50pt; width: 220.05pt;\" width=\"293\" height=\"30\">Caja del eje de pivote (cada lado)<\/td>\n<td class=\"et7\" style=\"width: 303.75pt;\" width=\"405\">1.2L<\/td>\n<td class=\"et7\" style=\"width: 303.75pt;\" width=\"405\">1.2L<\/td>\n<td class=\"et7\" style=\"width: 303.75pt;\" width=\"405\">1.2L<\/td>\n<td class=\"et7\" style=\"width: 303.75pt;\" width=\"405\">1.2L<\/td>\n<td class=\"et7\" style=\"width: 303.75pt;\" width=\"405\">1.2L<\/td>\n<\/tr>\n<tr style=\"height: 22.50pt;\">\n<td class=\"et2\" style=\"height: 22.50pt; width: 220.05pt;\" width=\"293\" height=\"30\">C\u00e1rter del motor<\/td>\n<td class=\"et3\" style=\"width: 303.75pt;\" width=\"405\">24L<\/td>\n<td class=\"et3\" style=\"width: 303.75pt;\" width=\"405\">24L<\/td>\n<td class=\"et3\" style=\"width: 303.75pt;\" width=\"405\">24L<\/td>\n<td class=\"et3\" style=\"width: 303.75pt;\" width=\"405\">24L<\/td>\n<td class=\"et3\" style=\"width: 303.75pt;\" width=\"405\">24L<\/td>\n<\/tr>\n<tr style=\"height: 22.50pt;\">\n<td class=\"et2\" style=\"height: 22.50pt; width: 220.05pt;\" width=\"293\" height=\"30\">Transmisi\u00f3n final (cada lado)<\/td>\n<td class=\"et7\" style=\"width: 303.75pt;\" width=\"405\">30L<\/td>\n<td class=\"et7\" style=\"width: 303.75pt;\" width=\"405\">40L<\/td>\n<td class=\"et7\" style=\"width: 303.75pt;\" width=\"405\">40L<\/td>\n<td class=\"et7\" style=\"width: 303.75pt;\" width=\"405\">30L<\/td>\n<td class=\"et7\" style=\"width: 303.75pt;\" width=\"405\">30L<\/td>\n<\/tr>\n<\/tbody>\n<\/table>","protected":false},"excerpt":{"rendered":"<p>Peso de trabajo: 16.900 kg<\/p>\n<p>Presi\u00f3n sobre el suelo: 66,8 kPa<\/p>\n<p>Distancia al suelo: 410 mm<\/p>","protected":false},"featured_media":825,"comment_status":"closed","ping_status":"closed","template":"","meta":[],"product_brand":[],"product_cat":[22],"product_tag":[105],"class_list":{"0":"post-166","1":"product","2":"type-product","3":"status-publish","4":"has-post-thumbnail","6":"product_cat-sem-bulldozer","7":"product_tag-bulldozer_sem816dlgp","9":"first","10":"instock","11":"shipping-taxable","12":"product-type-simple"},"aioseo_notices":[],"_links":{"self":[{"href":"https:\/\/machpanda.com\/es\/wp-json\/wp\/v2\/product\/166","targetHints":{"allow":["GET"]}}],"collection":[{"href":"https:\/\/machpanda.com\/es\/wp-json\/wp\/v2\/product"}],"about":[{"href":"https:\/\/machpanda.com\/es\/wp-json\/wp\/v2\/types\/product"}],"replies":[{"embeddable":true,"href":"https:\/\/machpanda.com\/es\/wp-json\/wp\/v2\/comments?post=166"}],"wp:featuredmedia":[{"embeddable":true,"href":"https:\/\/machpanda.com\/es\/wp-json\/wp\/v2\/media\/825"}],"wp:attachment":[{"href":"https:\/\/machpanda.com\/es\/wp-json\/wp\/v2\/media?parent=166"}],"wp:term":[{"taxonomy":"product_brand","embeddable":true,"href":"https:\/\/machpanda.com\/es\/wp-json\/wp\/v2\/product_brand?post=166"},{"taxonomy":"product_cat","embeddable":true,"href":"https:\/\/machpanda.com\/es\/wp-json\/wp\/v2\/product_cat?post=166"},{"taxonomy":"product_tag","embeddable":true,"href":"https:\/\/machpanda.com\/es\/wp-json\/wp\/v2\/product_tag?post=166"}],"curies":[{"name":"wp","href":"https:\/\/api.w.org\/{rel}","templated":true}]}}