{"id":169,"date":"2022-06-13T09:27:07","date_gmt":"2022-06-13T09:27:07","guid":{"rendered":"https:\/\/machpanda.com\/?post_type=product&#038;p=169"},"modified":"2023-02-20T03:37:32","modified_gmt":"2023-02-20T03:37:32","slug":"track-type-tractor-sem822d-exporter","status":"publish","type":"product","link":"https:\/\/machpanda.com\/es\/producto\/track-type-tractor-sem822d-exporter\/","title":{"rendered":"Tractor de orugas SEM822D Exportador"},"content":{"rendered":"<p>Tractor de orugas SEM822D Exportador,Tractor de orugas SEM822D Exportador\uff0cLa tecnolog\u00eda de transmisi\u00f3n hidrost\u00e1tica se hereda del sistema de transmisi\u00f3n hidrost\u00e1tica de doble circuito cerrado controlado electr\u00f3nicamente del bulldozer Caterpillar de tercera generaci\u00f3n, con alta eficiencia de operaci\u00f3n, la bomba de accionamiento alem\u00e1n Rexroth, motor de accionamiento, y la tuber\u00eda de aceite de alta presi\u00f3n Caterpillar se utilizan para una alta fiabilidad y larga vida \u00fatil; Tecnolog\u00eda de control de Caterpillar, control preciso, direcci\u00f3n de meseta de alta eficiencia de transmisi\u00f3n, direcci\u00f3n asistida, cambio de velocidad continuo, ahorra tiempo de trabajo, acelera enormemente la eficiencia de trabajo, ahorra convertidor de par, caja de cambios y caja de eje trasero, ahorra costo de mantenimiento de 60% Mango de marcha de control el\u00e9ctrico multifuncional.<\/p>\n<div class=\"magic-7\">\n<div class=\"magic-8\">\n<div class=\"magic-9\">\n<h3><b>Exportador de Tractor de orugas SEM822D,Sistema de tracci\u00f3n hidrost\u00e1tica<\/b><\/h3>\n<div>* El sistema hidrost\u00e1tico mejorado no s\u00f3lo aprovecha la transmisi\u00f3n hidrost\u00e1tica autom\u00e1tica de doble v\u00eda de Caterpillar con tecnolog\u00eda de control electr\u00f3nico del TTT de tercera generaci\u00f3n, sino que tambi\u00e9n aumenta la eficiencia y la fiabilidad.<br \/>\n* Adopta la nueva generaci\u00f3n de bombas de accionamiento alemanas Rexroth para combinar la v\u00e1lvula de control, el motor de oruga y el dise\u00f1o simplificado de la l\u00ednea de mangueras, para seguir aumentando la fiabilidad.<br \/>\n* La manguera de alta presi\u00f3n Caterpillar proporciona fiabilidad y durabilidad. La tecnolog\u00eda de control Caterpillar proporciona un control preciso y una alta eficiencia de transmisi\u00f3n.<br \/>\n* Integraci\u00f3n del dep\u00f3sito de aceite hidrost\u00e1tico y el dep\u00f3sito de aceite hidr\u00e1ulico para mejorar la precisi\u00f3n del filtrado y la capacidad de refrigeraci\u00f3n del sistema hidr\u00e1ulico, aumentando la fiabilidad y reduciendo los costes de mantenimiento.<br \/>\n* Los costes de mantenimiento se reducen en 60% en comparaci\u00f3n con los competidores con convertidor de par y transmisi\u00f3n y eje trasero.<br \/>\n* La rotaci\u00f3n en sentido contrario, el giro motorizado y la velocidad infinitamente variable ahorran mucho tiempo y aumentan la eficacia del trabajo.<\/div>\n<div><\/div>\n<h3><span data-spm-anchor-id=\"a2700.details.0.i2.2f3e7ba4YRpatO\"><b>Tractor de orugas SEM822D Exportador,Operaci\u00f3n c\u00f3moda<\/b><\/span><\/h3>\n<div><span data-spm-anchor-id=\"a2700.details.0.i2.2f3e7ba4YRpatO\"><br \/>\n* Contrarrotaci\u00f3n: las orugas giran en sentido contrario para ofrecer la mejor maniobrabilidad de su clase.<br \/>\n* Giro motorizado: la m\u00e1quina mantiene toda su potencia durante los giros para aumentar la productividad.<br \/>\n* Control de crucero: los operadores pueden conservar los ajustes de velocidad anteriores, lo que facilita el manejo.<br \/>\n* El joystick multifunci\u00f3n permite la contrarrotaci\u00f3n, el giro motorizado y el control de crucero.<br \/>\n* El control de joystick del piloto proporciona un manejo c\u00f3modo y preciso de la cuchilla<\/span><\/div>\n<\/div>\n<\/div>\n<\/div>","protected":false},"excerpt":{"rendered":"<p>Peso de trabajo: 24.000 kg<\/p>\n<p>Presi\u00f3n sobre el suelo: 71,2 kPa<\/p>\n<p>Distancia al suelo: 400 mm<\/p>","protected":false},"featured_media":821,"comment_status":"closed","ping_status":"closed","template":"","meta":[],"product_brand":[],"product_cat":[22],"product_tag":[104,23],"class_list":{"0":"post-169","1":"product","2":"type-product","3":"status-publish","4":"has-post-thumbnail","6":"product_cat-sem-bulldozer","7":"product_tag-bulldozer_sem822d","8":"product_tag-sem822","10":"first","11":"instock","12":"shipping-taxable","13":"product-type-simple"},"aioseo_notices":[],"_links":{"self":[{"href":"https:\/\/machpanda.com\/es\/wp-json\/wp\/v2\/product\/169","targetHints":{"allow":["GET"]}}],"collection":[{"href":"https:\/\/machpanda.com\/es\/wp-json\/wp\/v2\/product"}],"about":[{"href":"https:\/\/machpanda.com\/es\/wp-json\/wp\/v2\/types\/product"}],"replies":[{"embeddable":true,"href":"https:\/\/machpanda.com\/es\/wp-json\/wp\/v2\/comments?post=169"}],"wp:featuredmedia":[{"embeddable":true,"href":"https:\/\/machpanda.com\/es\/wp-json\/wp\/v2\/media\/821"}],"wp:attachment":[{"href":"https:\/\/machpanda.com\/es\/wp-json\/wp\/v2\/media?parent=169"}],"wp:term":[{"taxonomy":"product_brand","embeddable":true,"href":"https:\/\/machpanda.com\/es\/wp-json\/wp\/v2\/product_brand?post=169"},{"taxonomy":"product_cat","embeddable":true,"href":"https:\/\/machpanda.com\/es\/wp-json\/wp\/v2\/product_cat?post=169"},{"taxonomy":"product_tag","embeddable":true,"href":"https:\/\/machpanda.com\/es\/wp-json\/wp\/v2\/product_tag?post=169"}],"curies":[{"name":"wp","href":"https:\/\/api.w.org\/{rel}","templated":true}]}}