{"id":173,"date":"2022-06-13T09:33:51","date_gmt":"2022-06-13T09:33:51","guid":{"rendered":"https:\/\/machpanda.com\/?post_type=product&#038;p=173"},"modified":"2023-02-20T03:25:53","modified_gmt":"2023-02-20T03:25:53","slug":"best-sd16-shantui-bulldozer-for-sale","status":"publish","type":"product","link":"https:\/\/machpanda.com\/es\/producto\/best-sd16-shantui-bulldozer-for-sale\/","title":{"rendered":"La mejor excavadora Shantui SD16 a la venta"},"content":{"rendered":"<p>El mejor bulldozer SD16 Shantui a la venta, Weichai WD10G178E25 presenta ventajas como potencia robusta, f\u00e1cil mantenimiento, alta eficiencia de combusti\u00f3n y cumple con la regulaci\u00f3n de emisi\u00f3n China-II.<\/p>\n<p>La servotransmisi\u00f3n planetaria con lubricaci\u00f3n forzada y el sistema de direcci\u00f3n asistida hidr\u00e1ulicamente logran operaciones ligeras de la m\u00e1quina y cuentan con alta potencia de transmisi\u00f3n y alta productividad.<\/p>\n<p>El sistema cerrado mantiene la presi\u00f3n del tanque de agua en un valor espec\u00edfico y puede mejorar la temperatura de evaporaci\u00f3n y la eficiencia de disipaci\u00f3n de calor del refrigerante.<\/p>\n<p>Mejor bulldozer SD16 Shantui para la venta, El ventilador es impulsado por el motor para mejorar el efecto de enfriamiento con suministro de aire forzado.<\/p>\n<p>El sistema hidr\u00e1ulico de trabajo principal de 14MPa se adopta para reducir notablemente la tasa de mal funcionamiento de las unidades hidr\u00e1ulicas, presentando una alta estabilidad de operaci\u00f3n y una funci\u00f3n de protecci\u00f3n contra sobrecarga.<\/p>\n<p>La aplicaci\u00f3n de conectores estancos, nuevos rel\u00e9s e instrumentos moldeados por inyecci\u00f3n puede eliminar eficazmente las aver\u00edas del sistema el\u00e9ctrico.<\/p>\n<p>La caja de instrumentos integra el aire acondicionado, los dispositivos el\u00e9ctricos y los instrumentos, y se caracteriza por su bello aspecto y su alta calidad.<\/p>\n<p>El mejor bulldozer SD16 Shantui para la venta, El marco principal tipo caja completa adopta una estructura integral tipo caja completa soldada de placas de acero y est\u00e1 soldada junto con la carcasa del eje real para realizar una alta capacidad de carga contra la carga de impacto y momento de flexi\u00f3n y las soldaduras de alta calidad garantizan el ciclo de vida del marco principal.<\/p>\n<p>La estructura de suspensi\u00f3n de la viga de equilibrio de tipo oscilante con viga extendida est\u00e1 conectada con el marco y el sistema de desplazamiento para transmitir la carga de trabajo y la carga de impacto al marco principal durante el trabajo, lo que mejora efectivamente la estabilidad de las excavadoras de tama\u00f1o peque\u00f1o en condiciones de trabajo complicadas.<\/p>\n<p data-spm-anchor-id=\"a2700.details.0.i20.6bb33c32D4AFUT\">La hoja inclinable recta est\u00e1ndar presenta una poderosa fuerza de corte y el desgarrador de tres v\u00e1stagos se puede usar para desgarrar arcilla y tierra congelada, presenta una alta eficiencia de trabajo y una fuerza de penetraci\u00f3n s\u00faper fuerte.<\/p>\n<p data-spm-anchor-id=\"a2700.details.0.i20.6bb33c32D4AFUT\">","protected":false},"excerpt":{"rendered":"<p>Potencia del motor: 131kw\/1850rpm<br \/>\nPeso total: 17.000 kg (est\u00e1ndar)<br \/>\nModelo de motor: Wd10\/wp10<\/p>","protected":false},"featured_media":818,"comment_status":"closed","ping_status":"closed","template":"","meta":[],"product_brand":[],"product_cat":[17],"product_tag":[102],"class_list":{"0":"post-173","1":"product","2":"type-product","3":"status-publish","4":"has-post-thumbnail","6":"product_cat-bulldozer","7":"product_tag-bulldozer_sd16","9":"first","10":"instock","11":"shipping-taxable","12":"product-type-simple"},"aioseo_notices":[],"_links":{"self":[{"href":"https:\/\/machpanda.com\/es\/wp-json\/wp\/v2\/product\/173","targetHints":{"allow":["GET"]}}],"collection":[{"href":"https:\/\/machpanda.com\/es\/wp-json\/wp\/v2\/product"}],"about":[{"href":"https:\/\/machpanda.com\/es\/wp-json\/wp\/v2\/types\/product"}],"replies":[{"embeddable":true,"href":"https:\/\/machpanda.com\/es\/wp-json\/wp\/v2\/comments?post=173"}],"wp:featuredmedia":[{"embeddable":true,"href":"https:\/\/machpanda.com\/es\/wp-json\/wp\/v2\/media\/818"}],"wp:attachment":[{"href":"https:\/\/machpanda.com\/es\/wp-json\/wp\/v2\/media?parent=173"}],"wp:term":[{"taxonomy":"product_brand","embeddable":true,"href":"https:\/\/machpanda.com\/es\/wp-json\/wp\/v2\/product_brand?post=173"},{"taxonomy":"product_cat","embeddable":true,"href":"https:\/\/machpanda.com\/es\/wp-json\/wp\/v2\/product_cat?post=173"},{"taxonomy":"product_tag","embeddable":true,"href":"https:\/\/machpanda.com\/es\/wp-json\/wp\/v2\/product_tag?post=173"}],"curies":[{"name":"wp","href":"https:\/\/api.w.org\/{rel}","templated":true}]}}