{"id":181,"date":"2022-06-13T09:40:27","date_gmt":"2022-06-13T09:40:27","guid":{"rendered":"https:\/\/machpanda.com\/?post_type=product&#038;p=181"},"modified":"2023-02-20T03:01:31","modified_gmt":"2023-02-20T03:01:31","slug":"d80-d85-shantui-bulldozer-supplier","status":"publish","type":"product","link":"https:\/\/machpanda.com\/es\/producto\/d80-d85-shantui-bulldozer-supplier\/","title":{"rendered":"Proveedor de excavadora Shantui D80.D85"},"content":{"rendered":"<div class=\"text-title\">Proveedor de excavadora Shantui D80.D85<\/div>\n<h3 class=\"text-content\"><b>D80.D85 Shantui Bulldozer,<\/b><b>D80.D85 Shantui Bulldozer Proveedor Sistema de alimentaci\u00f3n<\/b><\/h3>\n<div class=\"text-content\">\n<div><span data-spm-anchor-id=\"a2700.details.0.i5.1ab5723eXtSOwo\">equipado con motor de control electr\u00f3nico WP12\/QSNT-C235, con gran potencia, alta eficiencia y ahorro de energ\u00eda, bajo costo de mantenimiento. El coeficiente de reserva de par es grande y la potencia nominal alcanza los 175kw. El sistema de admisi\u00f3n de aire sellado radial se adopta para mejorar efectivamente la vida \u00fatil del motor.<\/span><\/div>\n<div><\/div>\n<h3><span data-spm-anchor-id=\"a2700.details.0.i5.1ab5723eXtSOwo\"><b>Sistema de transmisi\u00f3n<\/b><\/span><\/h3>\n<div><span data-spm-anchor-id=\"a2700.details.0.i5.1ab5723eXtSOwo\"><br \/>\nEl sistema de transmisi\u00f3n se adapta perfectamente a la curva del motor, con un \u00e1rea m\u00e1s amplia de alta eficiencia y una mayor eficiencia de transmisi\u00f3n.<\/span><\/div>\n<h3><span data-spm-anchor-id=\"a2700.details.0.i5.1ab5723eXtSOwo\"><br \/>\n<b>Entorno de conducci\u00f3n<\/b><\/span><\/h3>\n<div><span data-spm-anchor-id=\"a2700.details.0.i5.1ab5723eXtSOwo\"><br \/>\ncabina hexa\u00e9drica, espacio interior supergrande y amplio campo de visi\u00f3n.<\/span><\/div>\n<h3><span data-spm-anchor-id=\"a2700.details.0.i5.1ab5723eXtSOwo\"><br \/>\n<b><\/b><\/span><\/h3>\n<h3 class=\"text-content\"><b>D80.D85 Shantui Bulldozer,<\/b><span data-spm-anchor-id=\"a2700.details.0.i5.1ab5723eXtSOwo\"><b>D80.D85 Shantui Bulldozer Proveedor Adaptabilidad al trabajo<\/b><\/span><\/h3>\n<div><span data-spm-anchor-id=\"a2700.details.0.i5.1ab5723eXtSOwo\"><br \/>\nSistema de chasis de empuje de monta\u00f1a estable y confiable, adecuado para todo tipo de malas condiciones de trabajo, larga longitud de puesta a tierra del<br \/>\nproducto, gran distancia al suelo, conducci\u00f3n estable, buena transitabilidad<\/span><\/div>\n<\/div>","protected":false},"excerpt":{"rendered":"<p>Potencia del motor: 175kW\/1800rpm<br \/>\nPeso de la m\u00e1quina: 23450 kg (est\u00e1ndar)<br \/>\nModelo de motor: WP12\/QSNT-C235<\/p>","protected":false},"featured_media":809,"comment_status":"closed","ping_status":"closed","template":"","meta":[],"product_brand":[],"product_cat":[17],"product_tag":[99,26],"class_list":{"0":"post-181","1":"product","2":"type-product","3":"status-publish","4":"has-post-thumbnail","6":"product_cat-bulldozer","7":"product_tag-bulldozer_sd22","8":"product_tag-shantui-sd22","10":"first","11":"instock","12":"shipping-taxable","13":"product-type-simple"},"aioseo_notices":[],"_links":{"self":[{"href":"https:\/\/machpanda.com\/es\/wp-json\/wp\/v2\/product\/181","targetHints":{"allow":["GET"]}}],"collection":[{"href":"https:\/\/machpanda.com\/es\/wp-json\/wp\/v2\/product"}],"about":[{"href":"https:\/\/machpanda.com\/es\/wp-json\/wp\/v2\/types\/product"}],"replies":[{"embeddable":true,"href":"https:\/\/machpanda.com\/es\/wp-json\/wp\/v2\/comments?post=181"}],"wp:featuredmedia":[{"embeddable":true,"href":"https:\/\/machpanda.com\/es\/wp-json\/wp\/v2\/media\/809"}],"wp:attachment":[{"href":"https:\/\/machpanda.com\/es\/wp-json\/wp\/v2\/media?parent=181"}],"wp:term":[{"taxonomy":"product_brand","embeddable":true,"href":"https:\/\/machpanda.com\/es\/wp-json\/wp\/v2\/product_brand?post=181"},{"taxonomy":"product_cat","embeddable":true,"href":"https:\/\/machpanda.com\/es\/wp-json\/wp\/v2\/product_cat?post=181"},{"taxonomy":"product_tag","embeddable":true,"href":"https:\/\/machpanda.com\/es\/wp-json\/wp\/v2\/product_tag?post=181"}],"curies":[{"name":"wp","href":"https:\/\/api.w.org\/{rel}","templated":true}]}}