{"id":183,"date":"2022-06-13T09:45:22","date_gmt":"2022-06-13T09:45:22","guid":{"rendered":"https:\/\/machpanda.com\/?post_type=product&#038;p=183"},"modified":"2023-02-20T02:39:41","modified_gmt":"2023-02-20T02:39:41","slug":"shantui-bulldozer-price-22f-best-price","status":"publish","type":"product","link":"https:\/\/machpanda.com\/es\/producto\/shantui-bulldozer-price-22f-best-price\/","title":{"rendered":"Precio de excavadora Shantui 22F mejor precio"},"content":{"rendered":"<p>Shantui bulldozer price 22F best price ,forest felling bulldozer is dedicated to felling anti-rollover cab and cab. It can be equipped with a wide 610mm crawler and mechanical winch. It has good passing performance and self-rescue performance.<\/p>\n<p>Shantui bulldozer price 22F best price,It is suitable for rainforest and forestry logging, skidding and towing transportation operations. The standard logging shovel can powerfully clear all kinds of thorns and obstacles on the logging road. The winch is used for hauling trees in forest operations and self-rescue of bulldozers. The winch self-rescue function can guarantee the safety of operators.<\/p>\n<table>\n<tbody>\n<tr>\n<td width=\"96\">Tipo de modelo<\/td>\n<td colspan=\"4\" width=\"422\">CumminsNT855-C280S10; Motor diesel turboalimentado de 4 tiempos, refrigerado por agua, con v\u00e1lvulas en cabeza e inyecci\u00f3n directa en l\u00ednea<\/td>\n<\/tr>\n<tr>\n<td width=\"96\">Potencia nominal<\/td>\n<td colspan=\"4\" width=\"422\">162 kilovatios<\/td>\n<\/tr>\n<tr>\n<td width=\"96\">N\u00famero de cilindros<\/td>\n<td colspan=\"4\" width=\"422\">6: 139,7 x 152,4 mm (di\u00e1metro x carrera)<\/td>\n<\/tr>\n<tr>\n<td width=\"96\">Desplazamiento del pist\u00f3n<\/td>\n<td colspan=\"4\" width=\"422\">14,01 litros<\/td>\n<\/tr>\n<tr>\n<td width=\"96\">m\u00edn. el consumo de combustible<\/td>\n<td colspan=\"4\" width=\"422\">205 g\/kW\u00b7h<\/td>\n<\/tr>\n<tr>\n<td width=\"96\">Tuerca maxima<\/td>\n<td colspan=\"4\" width=\"422\">1030 N\u00b7m a 1250 rpm<\/td>\n<\/tr>\n<tr>\n<td width=\"96\">Convertidor de par<\/td>\n<td colspan=\"4\" width=\"422\">3 elementos, 1 etapa, 1 fase<\/td>\n<\/tr>\n<tr>\n<td width=\"96\">Transmisi\u00f3n<\/td>\n<td colspan=\"4\" width=\"422\">Engranaje planetario, embrague multidisco, conectado hidr\u00e1ulicamente, lubricaci\u00f3n forzada<\/td>\n<\/tr>\n<tr>\n<td width=\"96\">Accionamiento principal<\/td>\n<td colspan=\"4\" width=\"422\">Engranaje c\u00f3nico en espiral, lubricaci\u00f3n por salpicadura, reducci\u00f3n de velocidad de una etapa<\/td>\n<\/tr>\n<tr>\n<td width=\"96\">Embrague de direcci\u00f3n<\/td>\n<td colspan=\"4\" width=\"422\">H\u00famedo, multidisco, accionado por resorte, separado hidr\u00e1ulicamente, control hidr\u00e1ulico<\/td>\n<\/tr>\n<tr>\n<td width=\"96\">Freno de direcci\u00f3n<\/td>\n<td colspan=\"4\" width=\"422\">Operaci\u00f3n de interconexi\u00f3n hidr\u00e1ulica h\u00fameda, flotante, de encendido y apagado directo<\/td>\n<\/tr>\n<tr>\n<td width=\"96\">Ultima vuelta<\/td>\n<td colspan=\"4\" width=\"422\">Reducci\u00f3n de velocidad de 2 etapas del engranaje recto, lubricaci\u00f3n por salpicadura<\/td>\n<\/tr>\n<tr>\n<td width=\"96\">Engranaje<\/td>\n<td width=\"130\">1\u00ba<\/td>\n<td width=\"130\">2do<\/td>\n<td colspan=\"2\" width=\"162\">3ro<\/td>\n<\/tr>\n<tr>\n<td width=\"96\">Delantero<\/td>\n<td width=\"130\">0~3,6 km\/h<\/td>\n<td width=\"130\">0~6,5 km\/h<\/td>\n<td colspan=\"2\" width=\"162\">0~11,2 km\/h<\/td>\n<\/tr>\n<tr>\n<td width=\"96\">Reverso<\/td>\n<td width=\"130\">0~4,3 km\/h<\/td>\n<td width=\"130\">0~7,7 km\/h<\/td>\n<td colspan=\"2\" width=\"162\">0~13,2 km\/h<\/td>\n<\/tr>\n<tr>\n<td width=\"96\">Escribe<\/td>\n<td colspan=\"4\" width=\"422\">Tipo oscilante de viga rociada, estructura suspendida de barra ecualizadora<\/td>\n<\/tr>\n<tr>\n<td width=\"96\">Rodillos superiores<\/td>\n<td colspan=\"4\" width=\"422\">2 de cada lado<\/td>\n<\/tr>\n<tr>\n<td width=\"96\">Rodillos inferiores<\/td>\n<td colspan=\"4\" width=\"422\">6 de cada lado<\/td>\n<\/tr>\n<tr>\n<td width=\"96\">Tipo de pista<\/td>\n<td colspan=\"4\" width=\"422\">Ensamblado, de una sola garra<\/td>\n<\/tr>\n<tr>\n<td width=\"96\">Ancho de las zapatas<\/td>\n<td colspan=\"4\" width=\"422\">610mm<\/td>\n<\/tr>\n<tr>\n<td width=\"96\">Tono<\/td>\n<td colspan=\"4\" width=\"422\">216mm<\/td>\n<\/tr>\n<tr>\n<td colspan=\"4\" width=\"371\">Presi\u00f3n m\u00e1xima<\/td>\n<td width=\"146\">14 MPa<\/td>\n<\/tr>\n<tr>\n<td colspan=\"4\" width=\"371\">tipo de bomba<\/td>\n<td width=\"146\">Bomba de engranajes<\/td>\n<\/tr>\n<tr>\n<td colspan=\"4\" width=\"371\">Descarga<\/td>\n<td width=\"146\">262 L\/min<\/td>\n<\/tr>\n<tr>\n<td colspan=\"4\" width=\"371\">Di\u00e1metro del cilindro de trabajo \u00d7 no.<\/td>\n<td width=\"146\">120 mm \u00d7 2<\/td>\n<\/tr>\n<tr>\n<td colspan=\"4\" width=\"371\">Tipo de hoja<\/td>\n<td width=\"146\">Inclinaci\u00f3n recta<\/td>\n<\/tr>\n<tr>\n<td colspan=\"4\" width=\"371\">Capacidad de explanaci\u00f3n<\/td>\n<td width=\"146\">6,4 m3<\/td>\n<\/tr>\n<tr>\n<td colspan=\"4\" width=\"371\">Eficiencia (Valor te\u00f3rico 40 m)<\/td>\n<td width=\"146\">330 m3\/hora<\/td>\n<\/tr>\n<tr>\n<td colspan=\"4\" width=\"371\">Ancho de hoja<\/td>\n<td width=\"146\">3725mm<\/td>\n<\/tr>\n<tr>\n<td colspan=\"4\" width=\"371\">Altura de la hoja<\/td>\n<td width=\"146\">1315mm<\/td>\n<\/tr>\n<tr>\n<td colspan=\"4\" width=\"371\">Ca\u00edda m\u00e1xima bajo tierra<\/td>\n<td width=\"146\">538mm<\/td>\n<\/tr>\n<tr>\n<td colspan=\"4\" width=\"371\">Ajuste de inclinaci\u00f3n m\u00e1xima<\/td>\n<td width=\"146\">&gt;735mm<\/td>\n<\/tr>\n<tr>\n<td colspan=\"4\" width=\"371\">peso de la hoja<\/td>\n<td width=\"146\">2830 kg<\/td>\n<\/tr>\n<\/tbody>\n<\/table>","protected":false},"excerpt":{"rendered":"<p>Shantui bulldozer price 22F best price ,forest felling bulldozer is dedicated to felling anti-rollover cab and cab. It can be equipped with a wide 610mm crawler and mechanical winch. It has good passing performance and self-rescue performance. Shantui bulldozer price 22F best price,It is suitable for rainforest and forestry logging, skidding and towing transportation operations. [&hellip;]<\/p>\n","protected":false},"featured_media":801,"comment_status":"closed","ping_status":"closed","template":"","meta":[],"product_brand":[],"product_cat":[17],"product_tag":[98],"class_list":{"0":"post-183","1":"product","2":"type-product","3":"status-publish","4":"has-post-thumbnail","6":"product_cat-bulldozer","7":"product_tag-bulldozer_22f","9":"first","10":"instock","11":"shipping-taxable","12":"product-type-simple"},"aioseo_notices":[],"_links":{"self":[{"href":"https:\/\/machpanda.com\/es\/wp-json\/wp\/v2\/product\/183","targetHints":{"allow":["GET"]}}],"collection":[{"href":"https:\/\/machpanda.com\/es\/wp-json\/wp\/v2\/product"}],"about":[{"href":"https:\/\/machpanda.com\/es\/wp-json\/wp\/v2\/types\/product"}],"replies":[{"embeddable":true,"href":"https:\/\/machpanda.com\/es\/wp-json\/wp\/v2\/comments?post=183"}],"wp:featuredmedia":[{"embeddable":true,"href":"https:\/\/machpanda.com\/es\/wp-json\/wp\/v2\/media\/801"}],"wp:attachment":[{"href":"https:\/\/machpanda.com\/es\/wp-json\/wp\/v2\/media?parent=183"}],"wp:term":[{"taxonomy":"product_brand","embeddable":true,"href":"https:\/\/machpanda.com\/es\/wp-json\/wp\/v2\/product_brand?post=183"},{"taxonomy":"product_cat","embeddable":true,"href":"https:\/\/machpanda.com\/es\/wp-json\/wp\/v2\/product_cat?post=183"},{"taxonomy":"product_tag","embeddable":true,"href":"https:\/\/machpanda.com\/es\/wp-json\/wp\/v2\/product_tag?post=183"}],"curies":[{"name":"wp","href":"https:\/\/api.w.org\/{rel}","templated":true}]}}