{"id":198,"date":"2022-06-13T09:48:55","date_gmt":"2022-06-13T09:48:55","guid":{"rendered":"https:\/\/machpanda.com\/?post_type=product&#038;p=198"},"modified":"2023-02-20T02:34:44","modified_gmt":"2023-02-20T02:34:44","slug":"shantui-bulldozer-for-sale-sd32","status":"publish","type":"product","link":"https:\/\/machpanda.com\/es\/producto\/shantui-bulldozer-for-sale-sd32\/","title":{"rendered":"Bulldozer Shantui a la venta SD32"},"content":{"rendered":"<p>&nbsp;<\/p>\n<p>El bulldozer Shantui a la venta SD32, el motor Chongfa NTAA855-C360S10 est\u00e1 equipado con un turbocompresor de gases de escape, que presenta una gran potencia y alta eficiencia y ahorro de energ\u00eda, y puede funcionar normalmente incluso en las tierras altas a una altura de hasta 3600 m. Dependiendo de las demandas de los clientes, la opci\u00f3n de motores Cummins y Weichai est\u00e1 disponible.<\/p>\n<p>Bulldozer Shantui a la venta SD32, la transmisi\u00f3n de cambio de potencia de alta confiabilidad, el convertidor de par hidr\u00e1ulico estable y la transmisi\u00f3n final de engranaje recto de dos etapas cuentan con alta capacidad de transmisi\u00f3n de potencia y eficiencia y alta productividad.<\/p>\n<p>Bulldozer Shantui a la venta SD32, el tanque de agua del motor independiente, el enfriador de aceite del chasis y el intercooler agua-aire integrado en el motor Chongfa brindan un rendimiento de enfriamiento destacado y operaciones de mantenimiento simples para garantizar el funcionamiento continuo de la m\u00e1quina.<\/p>\n<p>El bastidor principal tipo caja completo con la aplicaci\u00f3n de materiales de alto rendimiento y fundiciones de alta resistencia presenta una alta capacidad de carga contra la carga de impacto y el momento de flexi\u00f3n para soportar el trabajo continuo de alta resistencia de la m\u00e1quina en condiciones de trabajo severas y las soldaduras de alta calidad garantizan el ciclo de vida del marco principal.<\/p>\n<p>El mando final de mando bajo puede proporcionar una fuerza de mando potente y una capacidad de ascenso eficiente. El chasis sobre orugas de Shantui ha alcanzado el nivel avanzado internacional en el nivel de proceso y puede adaptarse a varias condiciones de trabajo complicadas, presentando una alta confiabilidad y capacidad de carga.<\/p>\n<p><span data-spm-anchor-id=\"a2700.details.0.i1.6ff58479tAahoS\">La hoja inclinable recta est\u00e1ndar cuenta con una potente fuerza de corte y los desgarradores de un solo v\u00e1stago y de tres v\u00e1stagos con \u00e1ngulo de penetraci\u00f3n ajustable se pueden utilizar para desgarrar arcilla y tierra congelada, as\u00ed como para decapar caras de trabajo duro, como grava y sal endurecida. m\u00edo.<\/span><\/p>","protected":false},"excerpt":{"rendered":"<p>Potencia del motor: 257kw\/2000rpm<br \/>\nPeso de la m\u00e1quina: 40200 kg (est\u00e1ndar)<br \/>\nModelo de motor: Wp12\/ Qsnt-c345<\/p>","protected":false},"featured_media":799,"comment_status":"closed","ping_status":"closed","template":"","meta":[],"product_brand":[],"product_cat":[17],"product_tag":[96,27],"class_list":{"0":"post-198","1":"product","2":"type-product","3":"status-publish","4":"has-post-thumbnail","6":"product_cat-bulldozer","7":"product_tag-bulldozer_sd32","8":"product_tag-shantui-sd32","10":"first","11":"instock","12":"shipping-taxable","13":"product-type-simple"},"aioseo_notices":[],"_links":{"self":[{"href":"https:\/\/machpanda.com\/es\/wp-json\/wp\/v2\/product\/198","targetHints":{"allow":["GET"]}}],"collection":[{"href":"https:\/\/machpanda.com\/es\/wp-json\/wp\/v2\/product"}],"about":[{"href":"https:\/\/machpanda.com\/es\/wp-json\/wp\/v2\/types\/product"}],"replies":[{"embeddable":true,"href":"https:\/\/machpanda.com\/es\/wp-json\/wp\/v2\/comments?post=198"}],"wp:featuredmedia":[{"embeddable":true,"href":"https:\/\/machpanda.com\/es\/wp-json\/wp\/v2\/media\/799"}],"wp:attachment":[{"href":"https:\/\/machpanda.com\/es\/wp-json\/wp\/v2\/media?parent=198"}],"wp:term":[{"taxonomy":"product_brand","embeddable":true,"href":"https:\/\/machpanda.com\/es\/wp-json\/wp\/v2\/product_brand?post=198"},{"taxonomy":"product_cat","embeddable":true,"href":"https:\/\/machpanda.com\/es\/wp-json\/wp\/v2\/product_cat?post=198"},{"taxonomy":"product_tag","embeddable":true,"href":"https:\/\/machpanda.com\/es\/wp-json\/wp\/v2\/product_tag?post=198"}],"curies":[{"name":"wp","href":"https:\/\/api.w.org\/{rel}","templated":true}]}}