{"id":202,"date":"2022-06-13T09:54:01","date_gmt":"2022-06-13T09:54:01","guid":{"rendered":"https:\/\/machpanda.com\/?post_type=product&#038;p=202"},"modified":"2023-02-20T07:17:33","modified_gmt":"2023-02-20T07:17:33","slug":"se135","status":"publish","type":"product","link":"https:\/\/machpanda.com\/es\/producto\/se135\/","title":{"rendered":"Excavadora superventas SHANTUI Excavator SE135"},"content":{"rendered":"<div>Excavadora m\u00e1s vendida Excavadora SHANTUI SE135\uff0c Dispositivo de trabajo mejorado.<\/div>\n<div>\n<p>M\u00e1quina excavadora m\u00e1s vendida M\u00e1quina excavadora SHANTUI SE135\uff0cEl dise\u00f1o de las partes estructurales est\u00e1 optimizado y las ubicaciones cr\u00edticas de carga est\u00e1n reforzadas para resistir condiciones de trabajo severas.<\/p>\n<p>M\u00e1quina excavadora m\u00e1s vendida M\u00e1quina excavadora SHANTUI SE135\uff0cLas placas base, placas laterales y placas de refuerzo de la cuchara est\u00e1n hechas de material resistente al desgaste de alta resistencia para mejorar la durabilidad de la cuchara.<\/p>\n<p data-spm-anchor-id=\"a2700.details.0.i21.597361e7yIyouO\">Excavadora m\u00e1s vendida Excavadora SHANTUI SE135\uff0cLas plumas, brazos de cuchara y cucharas de especificaciones diversificadas se pueden combinar f\u00e1cilmente para adaptarse a las condiciones de trabajo diversificadas.<\/p>\n<table style=\"border-collapse: collapse; width: 447.77pt;\" border=\"0\" width=\"597\" cellspacing=\"0\" cellpadding=\"0\">\n<tbody>\n<tr style=\"height: 41.25pt;\">\n<td class=\"et2\" style=\"height: 41.25pt; width: 54.00pt;\" width=\"72\" height=\"55\">Art\u00edculo comparativo<\/td>\n<td class=\"et2\" style=\"width: 139.50pt;\" width=\"186\">SE135 (versi\u00f3n est\u00e1ndar)<\/td>\n<td class=\"et2\" style=\"width: 254.25pt;\" width=\"339\">SE135W (versi\u00f3n del motor Weichai)<\/td>\n<\/tr>\n<tr style=\"height: 43.50pt;\">\n<td class=\"et3\" style=\"height: 43.50pt; width: 54.00pt;\" width=\"72\" height=\"58\">Dimensiones totales<\/td>\n<td class=\"et3\" style=\"width: 139.50pt;\" width=\"186\"><\/td>\n<td class=\"et3\" style=\"width: 254.25pt;\" width=\"339\"><\/td>\n<\/tr>\n<tr style=\"height: 43.50pt;\">\n<td class=\"et4\" style=\"height: 43.50pt; width: 54.00pt;\" width=\"72\" height=\"58\">Longitud total (mm)<\/td>\n<td class=\"et4\" style=\"width: 139.50pt;\" align=\"right\" width=\"186\">7860<\/td>\n<td class=\"et4\" style=\"width: 254.25pt;\" align=\"right\" width=\"339\">7860<\/td>\n<\/tr>\n<tr style=\"height: 72.00pt;\">\n<td class=\"et4\" style=\"height: 72.00pt; width: 54.00pt;\" width=\"72\" height=\"96\">Longitud del suelo (Durante el transporte) (mm)<\/td>\n<td class=\"et4\" style=\"width: 139.50pt;\" align=\"right\" width=\"186\">4320<\/td>\n<td class=\"et4\" style=\"width: 254.25pt;\" align=\"right\" width=\"339\">4320<\/td>\n<\/tr>\n<tr style=\"height: 86.25pt;\">\n<td class=\"et4\" style=\"height: 86.25pt; width: 54.00pt;\" width=\"72\" height=\"115\">Altura total (Hasta la parte superior de la pluma) (mm)<\/td>\n<td class=\"et4\" style=\"width: 139.50pt;\" align=\"right\" width=\"186\">2800<\/td>\n<td class=\"et4\" style=\"width: 254.25pt;\" align=\"right\" width=\"339\">2800<\/td>\n<\/tr>\n<tr style=\"height: 43.50pt;\">\n<td class=\"et4\" style=\"height: 43.50pt; width: 54.00pt;\" width=\"72\" height=\"58\">Ancho total (mm)<\/td>\n<td class=\"et4\" style=\"width: 139.50pt;\" align=\"right\" width=\"186\">2500<\/td>\n<td class=\"et4\" style=\"width: 254.25pt;\" align=\"right\" width=\"339\">2500<\/td>\n<\/tr>\n<tr style=\"height: 72.00pt;\">\n<td class=\"et4\" style=\"height: 72.00pt; width: 54.00pt;\" width=\"72\" height=\"96\">Altura total (hasta la parte superior de la cabina) (mm)<\/td>\n<td class=\"et4\" style=\"width: 139.50pt;\" align=\"right\" width=\"186\">2855<\/td>\n<td class=\"et4\" style=\"width: 254.25pt;\" align=\"right\" width=\"339\">2855<\/td>\n<\/tr>\n<tr style=\"height: 86.25pt;\">\n<td class=\"et4\" style=\"height: 86.25pt; width: 54.00pt;\" width=\"72\" height=\"115\">Distancia al suelo del contrapeso (mm)<\/td>\n<td class=\"et4\" style=\"width: 139.50pt;\" align=\"right\" width=\"186\">915<\/td>\n<td class=\"et4\" style=\"width: 254.25pt;\" align=\"right\" width=\"339\">915<\/td>\n<\/tr>\n<tr style=\"height: 57.75pt;\">\n<td class=\"et4\" style=\"height: 57.75pt; width: 54.00pt;\" width=\"72\" height=\"77\">Distancia m\u00ednima al suelo (mm)<\/td>\n<td class=\"et4\" style=\"width: 139.50pt;\" align=\"right\" width=\"186\">425<\/td>\n<td class=\"et4\" style=\"width: 254.25pt;\" align=\"right\" width=\"339\">425<\/td>\n<\/tr>\n<tr style=\"height: 57.75pt;\">\n<td class=\"et4\" style=\"height: 57.75pt; width: 54.00pt;\" width=\"72\" height=\"77\">Radio de giro de la cola (mm)<\/td>\n<td class=\"et4\" style=\"width: 139.50pt;\" align=\"right\" width=\"186\">2380<\/td>\n<td class=\"et4\" style=\"width: 254.25pt;\" align=\"right\" width=\"339\">2380<\/td>\n<\/tr>\n<tr style=\"height: 43.50pt;\">\n<td class=\"et4\" style=\"height: 43.50pt; width: 54.00pt;\" width=\"72\" height=\"58\">Longitud de pista (mm)<\/td>\n<td class=\"et4\" style=\"width: 139.50pt;\" align=\"right\" width=\"186\">3645<\/td>\n<td class=\"et4\" style=\"width: 254.25pt;\" align=\"right\" width=\"339\">3645<\/td>\n<\/tr>\n<tr style=\"height: 43.50pt;\">\n<td class=\"et4\" style=\"height: 43.50pt; width: 54.00pt;\" width=\"72\" height=\"58\">Ancho de v\u00eda (mm)<\/td>\n<td class=\"et4\" style=\"width: 139.50pt;\" align=\"right\" width=\"186\">2000<\/td>\n<td class=\"et4\" style=\"width: 254.25pt;\" align=\"right\" width=\"339\">2000<\/td>\n<\/tr>\n<tr style=\"height: 43.50pt;\">\n<td class=\"et4\" style=\"height: 43.50pt; width: 54.00pt;\" width=\"72\" height=\"58\">Ancho de v\u00eda (mm)<\/td>\n<td class=\"et4\" style=\"width: 139.50pt;\" align=\"right\" width=\"186\">2500<\/td>\n<td class=\"et4\" style=\"width: 254.25pt;\" align=\"right\" width=\"339\">2500<\/td>\n<\/tr>\n<tr style=\"height: 72.00pt;\">\n<td class=\"et4\" style=\"height: 72.00pt; width: 54.00pt;\" width=\"72\" height=\"96\">Ancho de zapata de oruga est\u00e1ndar (mm)<\/td>\n<td class=\"et4\" style=\"width: 139.50pt;\" align=\"right\" width=\"186\">500<\/td>\n<td class=\"et4\" style=\"width: 254.25pt;\" align=\"right\" width=\"339\">500<\/td>\n<\/tr>\n<tr style=\"height: 43.50pt;\">\n<td class=\"et4\" style=\"height: 43.50pt; width: 54.00pt;\" width=\"72\" height=\"58\">Ancho del plato giratorio (mm)<\/td>\n<td class=\"et4\" style=\"width: 139.50pt;\" align=\"right\" width=\"186\">2490<\/td>\n<td class=\"et4\" style=\"width: 254.25pt;\" align=\"right\" width=\"339\">2490<\/td>\n<\/tr>\n<tr style=\"height: 86.25pt;\">\n<td class=\"et4\" style=\"height: 86.25pt; width: 54.00pt;\" width=\"72\" height=\"115\">Distancia del centro de giro a la cola (mm)<\/td>\n<td class=\"et4\" style=\"width: 139.50pt;\" align=\"right\" width=\"186\">2375<\/td>\n<td class=\"et4\" style=\"width: 254.25pt;\" align=\"right\" width=\"339\">2375<\/td>\n<\/tr>\n<tr style=\"height: 29.25pt;\">\n<td class=\"et3\" style=\"height: 29.25pt; width: 54.00pt;\" width=\"72\" height=\"39\">Rango de trabajo<\/td>\n<td class=\"et3\" style=\"width: 139.50pt;\" width=\"186\"><\/td>\n<td class=\"et3\" style=\"width: 254.25pt;\" width=\"339\"><\/td>\n<\/tr>\n<tr style=\"height: 57.75pt;\">\n<td class=\"et4\" style=\"height: 57.75pt; width: 54.00pt;\" width=\"72\" height=\"77\">Altura m\u00e1xima de excavaci\u00f3n (mm)<\/td>\n<td class=\"et4\" style=\"width: 139.50pt;\" align=\"right\" width=\"186\">8495<\/td>\n<td class=\"et4\" style=\"width: 254.25pt;\" align=\"right\" width=\"339\">8495<\/td>\n<\/tr>\n<tr style=\"height: 57.75pt;\">\n<td class=\"et4\" style=\"height: 57.75pt; width: 54.00pt;\" width=\"72\" height=\"77\">Altura m\u00e1xima de descarga (mm)<\/td>\n<td class=\"et4\" style=\"width: 139.50pt;\" align=\"right\" width=\"186\">6060<\/td>\n<td class=\"et4\" style=\"width: 254.25pt;\" align=\"right\" width=\"339\">6060<\/td>\n<\/tr>\n<tr style=\"height: 57.75pt;\">\n<td class=\"et4\" style=\"height: 57.75pt; width: 54.00pt;\" width=\"72\" height=\"77\">Profundidad m\u00e1xima de excavaci\u00f3n (mm)<\/td>\n<td class=\"et4\" style=\"width: 139.50pt;\" align=\"right\" width=\"186\">5490<\/td>\n<td class=\"et4\" style=\"width: 254.25pt;\" align=\"right\" width=\"339\">5490<\/td>\n<\/tr>\n<tr style=\"height: 72.00pt;\">\n<td class=\"et4\" style=\"height: 72.00pt; width: 54.00pt;\" width=\"72\" height=\"96\">Profundidad m\u00e1xima de excavaci\u00f3n vertical (mm)<\/td>\n<td class=\"et4\" style=\"width: 139.50pt;\" align=\"right\" width=\"186\">4625<\/td>\n<td class=\"et4\" style=\"width: 254.25pt;\" align=\"right\" width=\"339\">4625<\/td>\n<\/tr>\n<tr style=\"height: 57.75pt;\">\n<td class=\"et4\" style=\"height: 57.75pt; width: 54.00pt;\" width=\"72\" height=\"77\">Distancia m\u00e1xima de excavaci\u00f3n (mm)<\/td>\n<td class=\"et4\" style=\"width: 139.50pt;\" align=\"right\" width=\"186\">8300<\/td>\n<td class=\"et4\" style=\"width: 254.25pt;\" align=\"right\" width=\"339\">8300<\/td>\n<\/tr>\n<tr style=\"height: 100.50pt;\">\n<td class=\"et4\" style=\"height: 100.50pt; width: 54.00pt;\" width=\"72\" height=\"134\">Distancia m\u00e1xima de excavaci\u00f3n a nivel del suelo (mm)<\/td>\n<td class=\"et4\" style=\"width: 139.50pt;\" align=\"right\" width=\"186\">8175<\/td>\n<td class=\"et4\" style=\"width: 254.25pt;\" align=\"right\" width=\"339\">8175<\/td>\n<\/tr>\n<tr style=\"height: 86.25pt;\">\n<td class=\"et4\" style=\"height: 86.25pt; width: 54.00pt;\" width=\"72\" height=\"115\">Radio de giro m\u00ednimo del dispositivo de trabajo (mm)<\/td>\n<td class=\"et4\" style=\"width: 139.50pt;\" align=\"right\" width=\"186\">2445<\/td>\n<td class=\"et4\" style=\"width: 254.25pt;\" align=\"right\" width=\"339\">2445<\/td>\n<\/tr>\n<tr style=\"height: 100.50pt;\">\n<td class=\"et4\" style=\"height: 100.50pt; width: 54.00pt;\" width=\"72\" height=\"134\">Altura m\u00e1xima de elevaci\u00f3n de la hoja de la excavadora (mm)<\/td>\n<td class=\"et4\" style=\"width: 139.50pt;\" width=\"186\">&#8211;<\/td>\n<td class=\"et4\" style=\"width: 254.25pt;\" width=\"339\">&#8211;<\/td>\n<\/tr>\n<tr style=\"height: 86.25pt;\">\n<td class=\"et4\" style=\"height: 86.25pt; width: 54.00pt;\" width=\"72\" height=\"115\">Profundidad m\u00e1xima de excavaci\u00f3n de la hoja de la excavadora (mm)<\/td>\n<td class=\"et4\" style=\"width: 139.50pt;\" width=\"186\">&#8211;<\/td>\n<td class=\"et4\" style=\"width: 254.25pt;\" width=\"339\">&#8211;<\/td>\n<\/tr>\n<tr style=\"height: 15.00pt;\">\n<td class=\"et3\" style=\"height: 15.00pt; width: 54.00pt;\" width=\"72\" height=\"20\">Motor<\/td>\n<td class=\"et3\" style=\"width: 139.50pt;\" width=\"186\"><\/td>\n<td class=\"et3\" style=\"width: 254.25pt;\" width=\"339\"><\/td>\n<\/tr>\n<tr style=\"height: 15.00pt;\">\n<td class=\"et4\" style=\"height: 15.00pt; width: 54.00pt;\" width=\"72\" height=\"20\">Modelo<\/td>\n<td class=\"et4\" style=\"width: 139.50pt;\" width=\"186\">QSF3.8T (China III)<\/td>\n<td class=\"et4\" style=\"width: 254.25pt;\" width=\"339\">WP4.1 (China III)<\/td>\n<\/tr>\n<tr style=\"height: 43.50pt;\">\n<td class=\"et4\" style=\"height: 43.50pt; width: 54.00pt;\" width=\"72\" height=\"58\">Escribe<\/td>\n<td class=\"et4\" style=\"width: 139.50pt;\" width=\"186\">4 cilindros en l\u00ednea, refrigerado por agua y turboalimentado<\/td>\n<td class=\"et4\" style=\"width: 254.25pt;\" width=\"339\">4 cilindros en l\u00ednea, common rail de alta presi\u00f3n, refrigerado por agua y turboalimentado<\/td>\n<\/tr>\n<tr style=\"height: 29.25pt;\">\n<td class=\"et4\" style=\"height: 29.25pt; width: 54.00pt;\" width=\"72\" height=\"39\">Desplazamiento (L)<\/td>\n<td class=\"et4\" style=\"width: 139.50pt;\" align=\"right\" width=\"186\">3.76<\/td>\n<td class=\"et4\" style=\"width: 254.25pt;\" align=\"right\" width=\"339\">3.76<\/td>\n<\/tr>\n<tr style=\"height: 43.50pt;\">\n<td class=\"et4\" style=\"height: 43.50pt; width: 54.00pt;\" width=\"72\" height=\"58\">Potencia nominal (kW\/rpm)<\/td>\n<td class=\"et4\" style=\"width: 139.50pt;\" width=\"186\">86\/2200<\/td>\n<td class=\"et4\" style=\"width: 254.25pt;\" width=\"339\">92\/2200<\/td>\n<\/tr>\n<tr style=\"height: 29.25pt;\">\n<td class=\"et3\" style=\"height: 29.25pt; width: 54.00pt;\" width=\"72\" height=\"39\">Sistema hidr\u00e1ulico<\/td>\n<td class=\"et3\" style=\"width: 139.50pt;\" width=\"186\"><\/td>\n<td class=\"et3\" style=\"width: 254.25pt;\" width=\"339\"><\/td>\n<\/tr>\n<tr style=\"height: 43.50pt;\">\n<td class=\"et4\" style=\"height: 43.50pt; width: 54.00pt;\" width=\"72\" height=\"58\">Tipo de bomba hidr\u00e1ulica<\/td>\n<td class=\"et4\" style=\"width: 139.50pt;\" width=\"186\">Bomba de \u00e9mbolo d\u00faplex de desplazamiento variable<\/td>\n<td class=\"et4\" style=\"width: 254.25pt;\" width=\"339\">Bomba de \u00e9mbolo d\u00faplex de desplazamiento variable<\/td>\n<\/tr>\n<tr style=\"height: 57.75pt;\">\n<td class=\"et4\" style=\"height: 57.75pt; width: 54.00pt;\" width=\"72\" height=\"77\">Flujo de trabajo nominal (L\/min)<\/td>\n<td class=\"et4\" style=\"width: 139.50pt;\" width=\"186\">2&#215;130<\/td>\n<td class=\"et4\" style=\"width: 254.25pt;\" width=\"339\">2&#215;130<\/td>\n<\/tr>\n<tr style=\"height: 15.00pt;\">\n<td class=\"et3\" style=\"height: 15.00pt; width: 54.00pt;\" width=\"72\" height=\"20\">Balde<\/td>\n<td class=\"et3\" style=\"width: 139.50pt;\" width=\"186\"><\/td>\n<td class=\"et3\" style=\"width: 254.25pt;\" width=\"339\"><\/td>\n<\/tr>\n<tr style=\"height: 43.50pt;\">\n<td class=\"et4\" style=\"height: 43.50pt; width: 54.00pt;\" width=\"72\" height=\"58\">Capacidad de la cuchara (m\u00b3)<\/td>\n<td class=\"et4\" style=\"width: 139.50pt;\" width=\"186\">0,4~0,65 (0,55)<\/td>\n<td class=\"et4\" style=\"width: 254.25pt;\" width=\"339\">0,4~0,65 (0,55)<\/td>\n<\/tr>\n<tr style=\"height: 29.25pt;\">\n<td class=\"et3\" style=\"height: 29.25pt; width: 54.00pt;\" width=\"72\" height=\"39\">Sistema de giro<\/td>\n<td class=\"et3\" style=\"width: 139.50pt;\" width=\"186\"><\/td>\n<td class=\"et3\" style=\"width: 254.25pt;\" width=\"339\"><\/td>\n<\/tr>\n<tr style=\"height: 57.75pt;\">\n<td class=\"et4\" style=\"height: 57.75pt; width: 54.00pt;\" width=\"72\" height=\"77\">Velocidad m\u00e1xima de giro (r\/min)<\/td>\n<td class=\"et4\" style=\"width: 139.50pt;\" align=\"right\" width=\"186\">11.3<\/td>\n<td class=\"et4\" style=\"width: 254.25pt;\" align=\"right\" width=\"339\">11.3<\/td>\n<\/tr>\n<tr style=\"height: 29.25pt;\">\n<td class=\"et4\" style=\"height: 29.25pt; width: 54.00pt;\" width=\"72\" height=\"39\">Tipo de freno<\/td>\n<td class=\"et4\" style=\"width: 139.50pt;\" width=\"186\">Aplicado mec\u00e1nicamente y liberado por presi\u00f3n.<\/td>\n<td class=\"et4\" style=\"width: 254.25pt;\" width=\"339\">Aplicado mec\u00e1nicamente y liberado por presi\u00f3n.<\/td>\n<\/tr>\n<tr style=\"height: 29.25pt;\">\n<td class=\"et3\" style=\"height: 29.25pt; width: 54.00pt;\" width=\"72\" height=\"39\">Fuerza de excavaci\u00f3n<\/td>\n<td class=\"et3\" style=\"width: 139.50pt;\" width=\"186\"><\/td>\n<td class=\"et3\" style=\"width: 254.25pt;\" width=\"339\"><\/td>\n<\/tr>\n<tr style=\"height: 72.00pt;\">\n<td class=\"et4\" style=\"height: 72.00pt; width: 54.00pt;\" width=\"72\" height=\"96\">Fuerza de excavaci\u00f3n del brazo de la cuchara (KN)<\/td>\n<td class=\"et4\" style=\"width: 139.50pt;\" align=\"right\" width=\"186\">70<\/td>\n<td class=\"et4\" style=\"width: 254.25pt;\" align=\"right\" width=\"339\">70<\/td>\n<\/tr>\n<tr style=\"height: 57.75pt;\">\n<td class=\"et4\" style=\"height: 57.75pt; width: 54.00pt;\" width=\"72\" height=\"77\">Fuerza de excavaci\u00f3n del cuchar\u00f3n (KN)<\/td>\n<td class=\"et4\" style=\"width: 139.50pt;\" align=\"right\" width=\"186\">97<\/td>\n<td class=\"et4\" style=\"width: 254.25pt;\" align=\"right\" width=\"339\">97<\/td>\n<\/tr>\n<tr style=\"height: 72.00pt;\">\n<td class=\"et3\" style=\"height: 72.00pt; width: 54.00pt;\" width=\"72\" height=\"96\">Peso operativo y presi\u00f3n sobre el suelo<\/td>\n<td class=\"et3\" style=\"width: 139.50pt;\" width=\"186\"><\/td>\n<td class=\"et3\" style=\"width: 254.25pt;\" width=\"339\"><\/td>\n<\/tr>\n<tr style=\"height: 43.50pt;\">\n<td class=\"et4\" style=\"height: 43.50pt; width: 54.00pt;\" width=\"72\" height=\"58\">Peso operativo (kg)<\/td>\n<td class=\"et4\" style=\"width: 139.50pt;\" align=\"right\" width=\"186\">13500<\/td>\n<td class=\"et4\" style=\"width: 254.25pt;\" align=\"right\" width=\"339\">13500<\/td>\n<\/tr>\n<tr style=\"height: 43.50pt;\">\n<td class=\"et4\" style=\"height: 43.50pt; width: 54.00pt;\" width=\"72\" height=\"58\">Presi\u00f3n sobre el suelo (kPa)<\/td>\n<td class=\"et4\" style=\"width: 139.50pt;\" align=\"right\" width=\"186\">41.5<\/td>\n<td class=\"et4\" style=\"width: 254.25pt;\" align=\"right\" width=\"339\">41.5<\/td>\n<\/tr>\n<tr style=\"height: 29.25pt;\">\n<td class=\"et3\" style=\"height: 29.25pt; width: 54.00pt;\" width=\"72\" height=\"39\">Sistema de viaje<\/td>\n<td class=\"et3\" style=\"width: 139.50pt;\" width=\"186\"><\/td>\n<td class=\"et3\" style=\"width: 254.25pt;\" width=\"339\"><\/td>\n<\/tr>\n<tr style=\"height: 43.50pt;\">\n<td class=\"et4\" style=\"height: 43.50pt; width: 54.00pt;\" width=\"72\" height=\"58\">motor de viaje<\/td>\n<td class=\"et4\" style=\"width: 139.50pt;\" width=\"186\">Motor de \u00e9mbolo de desplazamiento variable axial<\/td>\n<td class=\"et4\" style=\"width: 254.25pt;\" width=\"339\">Motor de \u00e9mbolo de desplazamiento variable axial<\/td>\n<\/tr>\n<tr style=\"height: 43.50pt;\">\n<td class=\"et4\" style=\"height: 43.50pt; width: 54.00pt;\" width=\"72\" height=\"58\">Velocidad de viaje (km\/h)<\/td>\n<td class=\"et4\" style=\"width: 139.50pt;\" width=\"186\">3.25\/5.2<\/td>\n<td class=\"et4\" style=\"width: 254.25pt;\" width=\"339\">3.25\/5.3<\/td>\n<\/tr>\n<tr style=\"height: 43.50pt;\">\n<td class=\"et4\" style=\"height: 43.50pt; width: 54.00pt;\" width=\"72\" height=\"58\">Fuerza de tracci\u00f3n (KN)<\/td>\n<td class=\"et4\" style=\"width: 139.50pt;\" align=\"right\" width=\"186\">118<\/td>\n<td class=\"et4\" style=\"width: 254.25pt;\" align=\"right\" width=\"339\">118<\/td>\n<\/tr>\n<tr style=\"height: 29.25pt;\">\n<td class=\"et4\" style=\"height: 29.25pt; width: 54.00pt;\" width=\"72\" height=\"39\">Trepabilidad<\/td>\n<td class=\"et4\" style=\"width: 139.50pt;\" width=\"186\">70% (35\u00b0)<\/td>\n<td class=\"et4\" style=\"width: 254.25pt;\" width=\"339\">70% (35\u00b0)<\/td>\n<\/tr>\n<tr style=\"height: 29.25pt;\">\n<td class=\"et3\" style=\"height: 29.25pt; width: 54.00pt;\" width=\"72\" height=\"39\">Capacidad del tanque<\/td>\n<td class=\"et3\" style=\"width: 139.50pt;\" width=\"186\"><\/td>\n<td class=\"et3\" style=\"width: 254.25pt;\" width=\"339\"><\/td>\n<\/tr>\n<tr style=\"height: 57.75pt;\">\n<td class=\"et4\" style=\"height: 57.75pt; width: 54.00pt;\" width=\"72\" height=\"77\">Capacidad del tanque de combustible (L)<\/td>\n<td class=\"et4\" style=\"width: 139.50pt;\" align=\"right\" width=\"186\">220<\/td>\n<td class=\"et4\" style=\"width: 254.25pt;\" align=\"right\" width=\"339\">245<\/td>\n<\/tr>\n<tr style=\"height: 43.50pt;\">\n<td class=\"et4\" style=\"height: 43.50pt; width: 54.00pt;\" width=\"72\" height=\"58\">Sistema de refrigeraci\u00f3n (L)<\/td>\n<td class=\"et4\" style=\"width: 139.50pt;\" align=\"right\" width=\"186\">20<\/td>\n<td class=\"et4\" style=\"width: 254.25pt;\" align=\"right\" width=\"339\">20<\/td>\n<\/tr>\n<tr style=\"height: 57.75pt;\">\n<td class=\"et4\" style=\"height: 57.75pt; width: 54.00pt;\" width=\"72\" height=\"77\">Capacidad de aceite del motor (L)<\/td>\n<td class=\"et4\" style=\"width: 139.50pt;\" align=\"right\" width=\"186\">12<\/td>\n<td class=\"et4\" style=\"width: 254.25pt;\" align=\"right\" width=\"339\">12<\/td>\n<\/tr>\n<tr style=\"height: 86.25pt;\">\n<td class=\"et4\" style=\"height: 86.25pt; width: 54.00pt;\" width=\"72\" height=\"115\">Capacidad del sistema\/dep\u00f3sito de aceite hidr\u00e1ulico (L)<\/td>\n<td class=\"et4\" style=\"width: 139.50pt;\" width=\"186\">177\/205L<\/td>\n<td class=\"et4\" style=\"width: 254.25pt;\" width=\"339\">177\/205L<\/td>\n<\/tr>\n<\/tbody>\n<\/table>\n<\/div>","protected":false},"excerpt":{"rendered":"<p>Peso de la m\u00e1quina: 13500 kg<br \/>\nCapacidad del cuchar\u00f3n: 0,4~0,65 (0,55) m\u00b3<br \/>\nPotencia del motor: 86kw\/2200rpm<\/p>","protected":false},"featured_media":797,"comment_status":"closed","ping_status":"closed","template":"","meta":[],"product_brand":[],"product_cat":[18],"product_tag":[94,29],"class_list":{"0":"post-202","1":"product","2":"type-product","3":"status-publish","4":"has-post-thumbnail","6":"product_cat-excavator","7":"product_tag-excavator_se135","8":"product_tag-se135","10":"first","11":"instock","12":"shipping-taxable","13":"product-type-simple"},"aioseo_notices":[],"_links":{"self":[{"href":"https:\/\/machpanda.com\/es\/wp-json\/wp\/v2\/product\/202","targetHints":{"allow":["GET"]}}],"collection":[{"href":"https:\/\/machpanda.com\/es\/wp-json\/wp\/v2\/product"}],"about":[{"href":"https:\/\/machpanda.com\/es\/wp-json\/wp\/v2\/types\/product"}],"replies":[{"embeddable":true,"href":"https:\/\/machpanda.com\/es\/wp-json\/wp\/v2\/comments?post=202"}],"wp:featuredmedia":[{"embeddable":true,"href":"https:\/\/machpanda.com\/es\/wp-json\/wp\/v2\/media\/797"}],"wp:attachment":[{"href":"https:\/\/machpanda.com\/es\/wp-json\/wp\/v2\/media?parent=202"}],"wp:term":[{"taxonomy":"product_brand","embeddable":true,"href":"https:\/\/machpanda.com\/es\/wp-json\/wp\/v2\/product_brand?post=202"},{"taxonomy":"product_cat","embeddable":true,"href":"https:\/\/machpanda.com\/es\/wp-json\/wp\/v2\/product_cat?post=202"},{"taxonomy":"product_tag","embeddable":true,"href":"https:\/\/machpanda.com\/es\/wp-json\/wp\/v2\/product_tag?post=202"}],"curies":[{"name":"wp","href":"https:\/\/api.w.org\/{rel}","templated":true}]}}