{"id":204,"date":"2022-06-13T09:55:47","date_gmt":"2022-06-13T09:55:47","guid":{"rendered":"https:\/\/machpanda.com\/?post_type=product&#038;p=204"},"modified":"2023-02-20T07:12:32","modified_gmt":"2023-02-20T07:12:32","slug":"se215","status":"publish","type":"product","link":"https:\/\/machpanda.com\/es\/producto\/se215\/","title":{"rendered":"La mejor marca de excavadoras SHANTUI Excavator SE215"},"content":{"rendered":"<p>La mejor excavadora de la marca SHANTUI SE215, El sistema de potencia que cumple con China-III, el control de aceleraci\u00f3n porcentual, y el sistema hidr\u00e1ulico de flujo positivo completamente controlado electr\u00f3nicamente presentan una p\u00e9rdida de energ\u00eda reducida, alta eficiencia y ahorro de energ\u00eda, y buena coordinaci\u00f3n de movimiento. El radiador en paralelo se adopta para prevenir eficazmente el sobrecalentamiento. El sistema de escape se optimiza en base a la simulaci\u00f3n Fluent para reducir el ruido de escape y mejorar la eficiencia de utilizaci\u00f3n de la potencia del motor. La ruta de transmisi\u00f3n se optimiza en base al principio de simulaci\u00f3n del sistema de vibraci\u00f3n MATLAB para que el nivel de ruido de la m\u00e1quina sea superior al requisito de la norma CE. El filtro de combustible integrado de tres etapas y la bomba de combustible el\u00e9ctrica garantizan la buena adaptabilidad del combustible y protegen eficazmente el motor.<\/p>\n<h3>Mejor Excavadora marca SHANTUI Excavadora SE215 Fiabilidad del producto<\/h3>\n<p>Las piezas centrales de alta calidad y el dispositivo de trabajo de dise\u00f1o optimizado presentan una calidad estable y confiable.<\/p>\n<h3>Mejor Excavadora marca SHANTUI Excavadora SE215 Operaciones y mantenimientos<\/h3>\n<p>La gran pantalla en color puede monitorizar en tiempo real el estado de trabajo del modo de la m\u00e1quina e incorpora la funci\u00f3n de autodiagn\u00f3stico y registro de aver\u00edas. El control de potencia multietapa se adopta para los aceleradores manuales y electr\u00f3nicos para que el usuario pueda seleccionar diferentes modos de trabajo en funci\u00f3n de sus propias necesidades. El terminal de informaci\u00f3n inteligente de la excavadora, facilita la gesti\u00f3n de la excavadora. Los accesorios opcionales diversificados, incluyendo martillo rompedor, ripper y dispositivo de cambio r\u00e1pido, pueden ser equipados para realizar las operaciones de excavaci\u00f3n, relleno, rotura y nivelaci\u00f3n, presentando capacidad multifuncional. Las ubicaciones de instalaci\u00f3n remota para las piezas de mantenimiento facilitan las operaciones de mantenimiento.<\/p>\n<h3>Mejor Excavadora marca SHANTUI Excavadora SE215 Confort<\/h3>\n<p>Dentro de la espaciosa cabina, la disposici\u00f3n y la combinaci\u00f3n de colores de la tapicer\u00eda est\u00e1n dise\u00f1adas seg\u00fan el principio ergon\u00f3mico. El sistema de aire acondicionado completamente autom\u00e1tico, el ajuste y la distribuci\u00f3n autom\u00e1ticos de las salidas de aire y los asientos ajustables en altura y posici\u00f3n ofrecen una excelente adaptabilidad. La cabina est\u00e1 equipada con amortiguadores compuestos para mitigar eficazmente la vibraci\u00f3n de la cabina.<\/p>\n<h3>Mejor Excavadora marca SHANTUI Excavadora SE215 Apariencia<\/h3>\n<p>El modelado completamente nuevo est\u00e1 dise\u00f1ado seg\u00fan el principio bi\u00f3nico y est\u00e1 cubierto con revestimientos completamente moldeados y tratados con electroforesis.<\/p>","protected":false},"excerpt":{"rendered":"<p>Peso de la m\u00e1quina: 20800 kg<br \/>\nCapacidad de la cuchara: 0,90 m\u00b3<br \/>\nPotencia del motor: 86kw\/2200rpm<\/p>","protected":false},"featured_media":796,"comment_status":"closed","ping_status":"closed","template":"","meta":[],"product_brand":[],"product_cat":[18],"product_tag":[93,30],"class_list":{"0":"post-204","1":"product","2":"type-product","3":"status-publish","4":"has-post-thumbnail","6":"product_cat-excavator","7":"product_tag-excavator_se215","8":"product_tag-se215","10":"first","11":"instock","12":"shipping-taxable","13":"product-type-simple"},"aioseo_notices":[],"_links":{"self":[{"href":"https:\/\/machpanda.com\/es\/wp-json\/wp\/v2\/product\/204","targetHints":{"allow":["GET"]}}],"collection":[{"href":"https:\/\/machpanda.com\/es\/wp-json\/wp\/v2\/product"}],"about":[{"href":"https:\/\/machpanda.com\/es\/wp-json\/wp\/v2\/types\/product"}],"replies":[{"embeddable":true,"href":"https:\/\/machpanda.com\/es\/wp-json\/wp\/v2\/comments?post=204"}],"wp:featuredmedia":[{"embeddable":true,"href":"https:\/\/machpanda.com\/es\/wp-json\/wp\/v2\/media\/796"}],"wp:attachment":[{"href":"https:\/\/machpanda.com\/es\/wp-json\/wp\/v2\/media?parent=204"}],"wp:term":[{"taxonomy":"product_brand","embeddable":true,"href":"https:\/\/machpanda.com\/es\/wp-json\/wp\/v2\/product_brand?post=204"},{"taxonomy":"product_cat","embeddable":true,"href":"https:\/\/machpanda.com\/es\/wp-json\/wp\/v2\/product_cat?post=204"},{"taxonomy":"product_tag","embeddable":true,"href":"https:\/\/machpanda.com\/es\/wp-json\/wp\/v2\/product_tag?post=204"}],"curies":[{"name":"wp","href":"https:\/\/api.w.org\/{rel}","templated":true}]}}