{"id":206,"date":"2022-06-13T09:57:19","date_gmt":"2022-06-13T09:57:19","guid":{"rendered":"https:\/\/machpanda.com\/?post_type=product&#038;p=206"},"modified":"2023-02-20T07:10:18","modified_gmt":"2023-02-20T07:10:18","slug":"se220","status":"publish","type":"product","link":"https:\/\/machpanda.com\/es\/producto\/se220\/","title":{"rendered":"La mejor excavadora SHANTUI Excavator SE220"},"content":{"rendered":"<h3><span style=\"font-weight: 400;\"><b><strong>La mejor excavadora SHANTUI SE220\uff0cEl radiador paralelo es adoptado para prevenir efectivamente el sobrecalentamiento. <\/strong><\/b><\/span><\/h3>\n<p style=\"font-weight: 400;\">El sistema de escape est\u00e1 optimizado en base a la simulaci\u00f3n Fluent para reducir el ruido del escape y mejorar la eficiencia de utilizaci\u00f3n de la potencia del motor. La ruta de transmisi\u00f3n est\u00e1 optimizada seg\u00fan el principio de simulaci\u00f3n del sistema de vibraci\u00f3n de MATLAB para que el nivel de ruido de la m\u00e1quina sea superior al requisito de la norma CE. El filtro de combustible integrado de tres etapas y la bomba de combustible el\u00e9ctrica garantizan una buena adaptabilidad del combustible y protegen eficazmente el motor.<\/p>\n<h3><b><strong>Mejor excavadora Excavadora SHANTUI SE220 Fiabilidad del producto<\/strong><\/b><\/h3>\n<p>Las piezas centrales de alta calidad y el dispositivo de trabajo de dise\u00f1o optimizado presentan una calidad estable y confiable.<\/p>\n<h3><b><strong>Mejor excavadora Excavadora SHANTUI SE220 Operaciones y mantenimiento<\/strong><\/b><\/h3>\n<p>La gran pantalla a color puede monitorear en tiempo real el estado de funcionamiento del modo de m\u00e1quina e incorpora la funci\u00f3n de registro y autodiagn\u00f3stico de mal funcionamiento.<br \/>\nEl control de potencia de etapas m\u00faltiples se adopta para los aceleradores manual y electr\u00f3nico para que el usuario pueda seleccionar diferentes modos de trabajo seg\u00fan sus propias necesidades. Los accesorios opcionales diversificados, incluidos el martillo rompedor, el desgarrador y el dispositivo de cambio r\u00e1pido, se pueden equipar para realizar operaciones de excavaci\u00f3n, relleno sanitario, rotura y nivelaci\u00f3n, con capacidad multifunci\u00f3n.<br \/>\nLas ubicaciones de instalaci\u00f3n remota para las piezas de mantenimiento facilitan las operaciones de mantenimiento.<\/p>\n<h3><b><strong>Mejor excavadora Excavadora SHANTUI SE220 Comfort<\/strong><\/b><\/h3>\n<p>Dentro de la espaciosa cabina, la disposici\u00f3n y la combinaci\u00f3n de colores de la tapicer\u00eda est\u00e1n dise\u00f1adas seg\u00fan el principio ergon\u00f3mico. El sistema de aire acondicionado completamente autom\u00e1tico, el ajuste y la distribuci\u00f3n autom\u00e1ticos de las salidas de aire y los asientos ajustables en altura y posici\u00f3n ofrecen una excelente adaptabilidad. La cabina est\u00e1 equipada con amortiguadores compuestos para mitigar eficazmente la vibraci\u00f3n de la cabina.<\/p>\n<h3><b><strong>Mejor excavadora SHANTUI Excavadora SE220 Apariencia<\/strong><\/b><\/h3>\n<p data-spm-anchor-id=\"a2700.details.0.i27.1f1a4820RNlUTd\">El modelado completamente nuevo est\u00e1 dise\u00f1ado seg\u00fan el principio bi\u00f3nico y est\u00e1 cubierto con revestimientos completamente moldeados y tratados con electroforesis.<\/p>","protected":false},"excerpt":{"rendered":"<p>Peso total: 21900kg<br \/>\nCapacidad de la cuchara: 1,05 m\u00b3<br \/>\nPotencia del motor: 124kw\/2050rpm<\/p>","protected":false},"featured_media":794,"comment_status":"closed","ping_status":"closed","template":"","meta":[],"product_brand":[],"product_cat":[18],"product_tag":[92,31],"class_list":{"0":"post-206","1":"product","2":"type-product","3":"status-publish","4":"has-post-thumbnail","6":"product_cat-excavator","7":"product_tag-excavator_se220","8":"product_tag-se220","10":"first","11":"instock","12":"shipping-taxable","13":"product-type-simple"},"aioseo_notices":[],"_links":{"self":[{"href":"https:\/\/machpanda.com\/es\/wp-json\/wp\/v2\/product\/206","targetHints":{"allow":["GET"]}}],"collection":[{"href":"https:\/\/machpanda.com\/es\/wp-json\/wp\/v2\/product"}],"about":[{"href":"https:\/\/machpanda.com\/es\/wp-json\/wp\/v2\/types\/product"}],"replies":[{"embeddable":true,"href":"https:\/\/machpanda.com\/es\/wp-json\/wp\/v2\/comments?post=206"}],"wp:featuredmedia":[{"embeddable":true,"href":"https:\/\/machpanda.com\/es\/wp-json\/wp\/v2\/media\/794"}],"wp:attachment":[{"href":"https:\/\/machpanda.com\/es\/wp-json\/wp\/v2\/media?parent=206"}],"wp:term":[{"taxonomy":"product_brand","embeddable":true,"href":"https:\/\/machpanda.com\/es\/wp-json\/wp\/v2\/product_brand?post=206"},{"taxonomy":"product_cat","embeddable":true,"href":"https:\/\/machpanda.com\/es\/wp-json\/wp\/v2\/product_cat?post=206"},{"taxonomy":"product_tag","embeddable":true,"href":"https:\/\/machpanda.com\/es\/wp-json\/wp\/v2\/product_tag?post=206"}],"curies":[{"name":"wp","href":"https:\/\/api.w.org\/{rel}","templated":true}]}}