{"id":208,"date":"2022-06-13T09:59:59","date_gmt":"2022-06-13T09:59:59","guid":{"rendered":"https:\/\/machpanda.com\/?post_type=product&#038;p=208"},"modified":"2023-02-20T07:07:36","modified_gmt":"2023-02-20T07:07:36","slug":"se245","status":"publish","type":"product","link":"https:\/\/machpanda.com\/es\/producto\/se245\/","title":{"rendered":"China excavadora SHANTUI Excavadora SE245LC"},"content":{"rendered":"<h3>Excavadora China Excavadora SHANTUI SE245LC Caracter\u00edsticas t\u00e9cnicas<\/h3>\n<p>La SHANTUI SE245LC combina velocidad, eficiencia y potencia. Dise\u00f1ada especialmente para operaciones en minas peque\u00f1as, puede desplazarse con potencia por caminos escarpados y con pendiente, presentando una mayor adaptabilidad a las condiciones de trabajo, mayor altura de excavaci\u00f3n, mayor radio de excavaci\u00f3n, controles flexibles y suaves, y una alta eficiencia de trabajo en la mina.<\/p>\n<h3>China Excavadora SHANTUI Excavadora SE245LC Mayor productividad<\/h3>\n<p>La confianza viene de la potencia. Equipado con motor Cummin s QSB7, SHANTUI SE245LC ofrece una combinaci\u00f3n precisa de menor velocidad del motor y la presi\u00f3n de la bomba hidr\u00e1ulica grande y el flujo proporciona m\u00e1s trabajo por unidad de combustible.<\/p>\n<h3>China Excavadora SHANTUI Excavadora SE245LC Dise\u00f1ada para Operadores<\/h3>\n<p>La cabina de tama\u00f1o completo con certificaci\u00f3n ROPS es silenciosa y c\u00f3moda. Asiento con suspensi\u00f3n totalmente ajustable puede maximizar los niveles de confort y reduce la fatiga del operador.<\/p>\n<h3>China Excavadora SHANTUI Excavadora SE245LC Construida para el mundo duro<\/h3>\n<p>El dise\u00f1o de la SE245LC est\u00e1 completamente optimizado y los principales puntos de tensi\u00f3n est\u00e1n reforzados para resistir condiciones de trabajo severas. Mediante ingenier\u00eda y software avanzados, analizamos cuidadosamente cada estructura para crear m\u00e1quinas duraderas y fiables para aplicaciones exigentes.<\/p>\n<h3>China excavadora SHANTUI Excavadora SE245LC Con seguridad a casa todos los d\u00edas<\/h3>\n<p>La cabina certificada ROPS y FOPS proporciona un entorno de trabajo seguro. El nivel de activaci\u00f3n hidr\u00e1ulica bloquea todas las funciones hidr\u00e1ulicas. Entre y salga de la cabina y camine por la estructura superior con seguridad gracias a los pasamanos, el revestimiento antideslizante y los pernos avellanados que est\u00e1n pensados para reducir los resbalones y los tropiezos. La c\u00e1mara de visi\u00f3n trasera tambi\u00e9n es opcional para proteger el trabajo desde todos los \u00e1ngulos.<\/p>\n<h3>Excavadora China Excavadora SHANTUI SE245LC Menores costes de mantenimiento<\/h3>\n<p>La mayor\u00eda de los puntos de mantenimiento rutinario est\u00e1n a nivel del suelo. Los 3 niveles de filtraci\u00f3n del combustible protegen el motor del gas\u00f3leo sucio. Los componentes el\u00e9ctricos est\u00e1n dispuestos en el centro para facilitar las comprobaciones y el mantenimiento. El llenado de refrigerante, la sustituci\u00f3n del elemento del filtro de aire y el interruptor principal de encendido son f\u00e1cilmente accesibles. El radiador paralelo evita eficazmente el sobrecalentamiento y facilita la limpieza.<\/p>\n<h3>China Excavadora SHANTUI Excavadora SE245LC Aditamentos SHANTUI construidos a prop\u00f3sito<\/h3>\n<p>Cambie r\u00e1pida y f\u00e1cilmente los implementos con los servicios hidr\u00e1ulicos auxiliares opcionales. Mejore sus capacidades de trabajo con una variedad de implementos que incluyen cucharones, martillos, garfios y acopladores.<\/p>\n<p data-spm-anchor-id=\"a2700.details.0.i31.2f656c7edUuwOU\">El distribuidor SHANTUI puede instalar kits hidr\u00e1ulicos para operar correctamente los accesorios, maximizando el tiempo de actividad de la m\u00e1quina y los beneficios.<\/p>","protected":false},"excerpt":{"rendered":"<p>Peso de la m\u00e1quina: 24800 kg<br \/>\nCapacidad de la cuchara: 1,2 m\u00b3<br \/>\nPotencia del motor: 150kw\/2050rpm<\/p>","protected":false},"featured_media":792,"comment_status":"closed","ping_status":"closed","template":"","meta":[],"product_brand":[],"product_cat":[18],"product_tag":[91,32],"class_list":{"0":"post-208","1":"product","2":"type-product","3":"status-publish","4":"has-post-thumbnail","6":"product_cat-excavator","7":"product_tag-excavator_se245lc","8":"product_tag-se245","10":"first","11":"instock","12":"shipping-taxable","13":"product-type-simple"},"aioseo_notices":[],"_links":{"self":[{"href":"https:\/\/machpanda.com\/es\/wp-json\/wp\/v2\/product\/208","targetHints":{"allow":["GET"]}}],"collection":[{"href":"https:\/\/machpanda.com\/es\/wp-json\/wp\/v2\/product"}],"about":[{"href":"https:\/\/machpanda.com\/es\/wp-json\/wp\/v2\/types\/product"}],"replies":[{"embeddable":true,"href":"https:\/\/machpanda.com\/es\/wp-json\/wp\/v2\/comments?post=208"}],"wp:featuredmedia":[{"embeddable":true,"href":"https:\/\/machpanda.com\/es\/wp-json\/wp\/v2\/media\/792"}],"wp:attachment":[{"href":"https:\/\/machpanda.com\/es\/wp-json\/wp\/v2\/media?parent=208"}],"wp:term":[{"taxonomy":"product_brand","embeddable":true,"href":"https:\/\/machpanda.com\/es\/wp-json\/wp\/v2\/product_brand?post=208"},{"taxonomy":"product_cat","embeddable":true,"href":"https:\/\/machpanda.com\/es\/wp-json\/wp\/v2\/product_cat?post=208"},{"taxonomy":"product_tag","embeddable":true,"href":"https:\/\/machpanda.com\/es\/wp-json\/wp\/v2\/product_tag?post=208"}],"curies":[{"name":"wp","href":"https:\/\/api.w.org\/{rel}","templated":true}]}}