{"id":2092,"date":"2022-08-09T06:03:09","date_gmt":"2022-08-09T06:03:09","guid":{"rendered":"https:\/\/machpanda.com\/?post_type=product&#038;p=2092"},"modified":"2023-02-20T03:45:44","modified_gmt":"2023-02-20T03:45:44","slug":"wheel-loader-for-sale-with-electric-drive-sem-658f","status":"publish","type":"product","link":"https:\/\/machpanda.com\/es\/producto\/wheel-loader-for-sale-with-electric-drive-sem-658f\/","title":{"rendered":"cargadora de ruedas a la venta con accionamiento el\u00e9ctrico SEM-658F"},"content":{"rendered":"<h3><a href=\"https:\/\/machpanda.com\/es\/wheel-loader-description\/\">Pala cargadora<\/a> se vende con accionamiento el\u00e9ctrico SEM-658F<\/h3>\n<p>cargador de ruedas para la venta con accionamiento el\u00e9ctrico SEM-658F, m\u00e1s fiable, buena protecci\u00f3n de la transmisi\u00f3n del sistema de transporte y remolque, la salida inteligente y estable, de tres niveles de control de bajo nivel; auto-desarrollado de control electr\u00f3nico del eje del equipo es duradero, a largo plazo de fugas y la conexi\u00f3n del motor, punto de fallo ; cargador de ruedas con accionamiento el\u00e9ctrico Programa de protecci\u00f3n autom\u00e1tica para garantizar la seguridad de los equipos y el equipo; IP67 hardware a prueba de agua, como un buen cargador de ruedas el\u00e9ctrico, personal de conexi\u00f3n de aparatos el\u00e9ctricos, mazo de cables, etc, con un alto rendimiento a prueba de agua.<br \/>\ncargadora de ruedas con accionamiento el\u00e9ctrico\uff0cBater\u00eda de fosfato de hierro de litio de alta eficiencia y alta potencia, adapt\u00e1ndose a 6-10 horas de trabajo y los cambios ambientales, utilizando la bater\u00eda en tiempo real las condiciones de trabajo en tiempo real (20% 50%) y carga r\u00e1pida (20% 50%) todos los d\u00edas, 240kW condiciones de pila de carga);<\/p>\n<h3>Cargadora de ruedas en venta con accionamiento el\u00e9ctrico SEM-658F, Nuevo dise\u00f1o<\/h3>\n<p>cargador de ruedas para la venta con accionamiento el\u00e9ctrico SEM-658F, ahora lanz\u00f3 un nuevo entorno de dise\u00f1o, equipado con aire acondicionado, aire acondicionado c\u00f3modo; aire acondicionado c\u00f3modo y confortable, amplio, amplio, amplio, amplio, amplio 8 sistemas de aire acondicionado, el seguimiento del estado de la m\u00e1quina; el mejor tipo de rueda en cualquier momento Cargador, cargador de ruedas con accionamiento el\u00e9ctrico\uff0ccargador de ruedas con accionamiento el\u00e9ctrico\uff0cinterruptor de conmutaci\u00f3n manual, interruptor de operaci\u00f3n manual interruptor r\u00e1pido; bot\u00f3n de conmutaci\u00f3n r\u00e1pida, bot\u00f3n de conmutaci\u00f3n r\u00e1pida, la mano izquierda, m\u00e1s eficiente.<\/p>\n<table>\n<tbody>\n<tr>\n<td>Modelo<\/td>\n<td width=\"54.0000%\">Cargadora el\u00e9ctrica SEM658F<\/p>\n<p>&nbsp;<\/td>\n<\/tr>\n<tr>\n<td>Los par\u00e1metros principales<\/td>\n<td width=\"54.0000%\"><\/td>\n<\/tr>\n<tr>\n<td>Capacidad nominal<\/td>\n<td width=\"54.0000%\">5.500 kg<\/td>\n<\/tr>\n<tr>\n<td>Capacidad de la cuchara<\/td>\n<td width=\"54.0000%\">2,6-5,0 m\u00b3<\/td>\n<\/tr>\n<tr>\n<td>El peso de trabajo de la m\u00e1quina.<\/td>\n<td width=\"54.0000%\">17.600 kg<\/td>\n<\/tr>\n<tr>\n<td>Capacidad nominal del cuchar\u00f3n<\/td>\n<td width=\"54.0000%\">3,5 m\u00b3<\/td>\n<\/tr>\n<tr>\n<td>La fuerza de elevaci\u00f3n m\u00e1xima<\/td>\n<td width=\"54.0000%\">178kN<\/td>\n<\/tr>\n<tr>\n<td>Distancia de descarga<\/td>\n<td width=\"54.0000%\">1369 mm<\/td>\n<\/tr>\n<tr>\n<td>Toda la longitud de la m\u00e1quina<\/td>\n<td width=\"54.0000%\">8616 mm<\/td>\n<\/tr>\n<tr>\n<td>El ancho exterior del cubo.<\/td>\n<td width=\"54.0000%\">3200 mm<\/td>\n<\/tr>\n<tr>\n<td>Toda la altura de la m\u00e1quina<\/td>\n<td width=\"54.0000%\">3465 mm<\/td>\n<\/tr>\n<tr>\n<td>la distancia entre ejes<\/td>\n<td width=\"54.0000%\">3300 mm<\/td>\n<\/tr>\n<tr>\n<td>distancia entre ejes<\/td>\n<td width=\"54.0000%\">2250 mm<\/td>\n<\/tr>\n<tr>\n<td>la tracci\u00f3n<\/td>\n<td width=\"54.0000%\">170kN<\/td>\n<\/tr>\n<tr>\n<td>Altura de descarga<\/td>\n<td width=\"54.0000%\">3111 mm<\/td>\n<\/tr>\n<tr>\n<td>M\u00e1xima capacidad de escalada<\/td>\n<td width=\"54.0000%\">24\u00b0<\/td>\n<\/tr>\n<tr>\n<td>La bater\u00eda<\/td>\n<td width=\"54.0000%\"><\/td>\n<\/tr>\n<tr>\n<td>Tipo de Bater\u00eda<\/td>\n<td width=\"54.0000%\">\u00a0Bater\u00eda de fosfato de hierro y litio<\/td>\n<\/tr>\n<tr>\n<td>la energ\u00eda de la bater\u00eda<\/td>\n<td width=\"54.0000%\">282,6kWh<\/td>\n<\/tr>\n<tr>\n<td>Transmisi\u00f3n<\/td>\n<td width=\"54.0000%\">\u00a0Bater\u00eda de fosfato de hierro y litio<\/td>\n<\/tr>\n<tr>\n<td>Engranaje de caja de cambios<\/td>\n<td width=\"54.0000%\">dos delanteros dos traseros<\/td>\n<\/tr>\n<tr>\n<td>la velocidad de avance<\/td>\n<td width=\"54.0000%\">11,8\/35 km\/h<\/td>\n<\/tr>\n<tr>\n<td>La velocidad de retroceso<\/td>\n<td width=\"54.0000%\">11,8\/35 km\/h<\/td>\n<\/tr>\n<tr>\n<td>Tres t\u00e9rminos y tiempo<\/td>\n<td width=\"54.0000%\">9,6 s<\/td>\n<\/tr>\n<tr>\n<td>\u00c1ngulo de direcci\u00f3n<\/td>\n<td width=\"54.0000%\">38\u00b0<\/td>\n<\/tr>\n<\/tbody>\n<\/table>\n<p>&nbsp;<\/p>","protected":false},"excerpt":{"rendered":"<p>Carga nominal: 5.500 kg<\/p>\n<p>Capacidad del cuchar\u00f3n: 2,6-5,0 m\u00b3<\/p>\n<p>Peso de trabajo de la m\u00e1quina: 17.600 kg<\/p>","protected":false},"featured_media":2093,"comment_status":"closed","ping_status":"closed","template":"","meta":[],"product_brand":[],"product_cat":[33],"product_tag":[],"class_list":{"0":"post-2092","1":"product","2":"type-product","3":"status-publish","4":"has-post-thumbnail","6":"product_cat-sem-loader","8":"first","9":"instock","10":"shipping-taxable","11":"product-type-simple"},"aioseo_notices":[],"_links":{"self":[{"href":"https:\/\/machpanda.com\/es\/wp-json\/wp\/v2\/product\/2092","targetHints":{"allow":["GET"]}}],"collection":[{"href":"https:\/\/machpanda.com\/es\/wp-json\/wp\/v2\/product"}],"about":[{"href":"https:\/\/machpanda.com\/es\/wp-json\/wp\/v2\/types\/product"}],"replies":[{"embeddable":true,"href":"https:\/\/machpanda.com\/es\/wp-json\/wp\/v2\/comments?post=2092"}],"wp:featuredmedia":[{"embeddable":true,"href":"https:\/\/machpanda.com\/es\/wp-json\/wp\/v2\/media\/2093"}],"wp:attachment":[{"href":"https:\/\/machpanda.com\/es\/wp-json\/wp\/v2\/media?parent=2092"}],"wp:term":[{"taxonomy":"product_brand","embeddable":true,"href":"https:\/\/machpanda.com\/es\/wp-json\/wp\/v2\/product_brand?post=2092"},{"taxonomy":"product_cat","embeddable":true,"href":"https:\/\/machpanda.com\/es\/wp-json\/wp\/v2\/product_cat?post=2092"},{"taxonomy":"product_tag","embeddable":true,"href":"https:\/\/machpanda.com\/es\/wp-json\/wp\/v2\/product_tag?post=2092"}],"curies":[{"name":"wp","href":"https:\/\/api.w.org\/{rel}","templated":true}]}}