{"id":210,"date":"2022-06-14T00:48:20","date_gmt":"2022-06-14T00:48:20","guid":{"rendered":"https:\/\/machpanda.com\/?post_type=product&#038;p=210"},"modified":"2023-02-20T06:41:54","modified_gmt":"2023-02-20T06:41:54","slug":"sem-big-loader-630b-company","status":"publish","type":"product","link":"https:\/\/machpanda.com\/es\/producto\/sem-big-loader-630b-company\/","title":{"rendered":"SEM gran cargadora 630B empresa"},"content":{"rendered":"<h2><a href=\"https:\/\/machpanda.com\/es\/producto\/630b\/\">SEM cargadora grande 630B<\/a> empresa, motor turboalimentado de emisiones National II<\/h2>\n<p>Adaptaci\u00f3n optimizada del convertidor de par, mayor fuerza de tracci\u00f3n y mayor eficiencia, ahorro de combustible y respeto al medio ambiente La f\u00e1brica de Caterpillar Wuxi produce tuber\u00edas de aceite de alta presi\u00f3n seg\u00fan la norma DIN, y optimiza el dise\u00f1o de la tuber\u00eda para aumentar el tama\u00f1o de la cuchara , La eficiencia de producci\u00f3n se ha incrementado en 10%, y la altura de descarga se ha incrementado hasta 1 metro. Se ha mejorado significativamente el rendimiento de arranque.<\/p>","protected":false},"excerpt":{"rendered":"<p>Peso de trabajo de toda la m\u00e1quina (kg): 9700<br \/>\nCapacidad est\u00e1ndar de la cuchara (m\u00b3): 1,4-2,5<br \/>\nFuerza m\u00e1xima de excavaci\u00f3n (kN): 127<\/p>","protected":false},"featured_media":791,"comment_status":"closed","ping_status":"closed","template":"","meta":[],"product_brand":[],"product_cat":[33],"product_tag":[90],"class_list":{"0":"post-210","1":"product","2":"type-product","3":"status-publish","4":"has-post-thumbnail","6":"product_cat-sem-loader","7":"product_tag-sem-loader-630b","9":"first","10":"instock","11":"shipping-taxable","12":"product-type-simple"},"aioseo_notices":[],"_links":{"self":[{"href":"https:\/\/machpanda.com\/es\/wp-json\/wp\/v2\/product\/210","targetHints":{"allow":["GET"]}}],"collection":[{"href":"https:\/\/machpanda.com\/es\/wp-json\/wp\/v2\/product"}],"about":[{"href":"https:\/\/machpanda.com\/es\/wp-json\/wp\/v2\/types\/product"}],"replies":[{"embeddable":true,"href":"https:\/\/machpanda.com\/es\/wp-json\/wp\/v2\/comments?post=210"}],"wp:featuredmedia":[{"embeddable":true,"href":"https:\/\/machpanda.com\/es\/wp-json\/wp\/v2\/media\/791"}],"wp:attachment":[{"href":"https:\/\/machpanda.com\/es\/wp-json\/wp\/v2\/media?parent=210"}],"wp:term":[{"taxonomy":"product_brand","embeddable":true,"href":"https:\/\/machpanda.com\/es\/wp-json\/wp\/v2\/product_brand?post=210"},{"taxonomy":"product_cat","embeddable":true,"href":"https:\/\/machpanda.com\/es\/wp-json\/wp\/v2\/product_cat?post=210"},{"taxonomy":"product_tag","embeddable":true,"href":"https:\/\/machpanda.com\/es\/wp-json\/wp\/v2\/product_tag?post=210"}],"curies":[{"name":"wp","href":"https:\/\/api.w.org\/{rel}","templated":true}]}}