{"id":216,"date":"2022-06-14T00:52:39","date_gmt":"2022-06-14T00:52:39","guid":{"rendered":"https:\/\/machpanda.com\/?post_type=product&#038;p=216"},"modified":"2023-02-20T07:02:04","modified_gmt":"2023-02-20T07:02:04","slug":"655d","status":"publish","type":"product","link":"https:\/\/machpanda.com\/es\/producto\/655d\/","title":{"rendered":"Cargadores de ruedas SEM 5t SEM655D"},"content":{"rendered":"<p style=\"font-weight: 400;\">Cargadores de ruedas SEM 5t SEM655D<\/p>\n<p style=\"font-weight: 400;\">El producto adopta la idea de dise\u00f1o de \"heredar lo cl\u00e1sico, innovar y mejorar\". Las partes principales adoptan la configuraci\u00f3n cl\u00e1sica que ha sido probada durante muchos a\u00f1os, la estructura es simple, la fiabilidad es alta, la generalidad es buena, la cantidad es grande, el mantenimiento es simple. Sobre esta base, el rendimiento de funcionamiento, la eficiencia, la comodidad, la fiabilidad y la seguridad se mejoran ampliamente. Se trata de un excelente producto de \"fitness de ciclo completo\".<\/p>\n<p style=\"font-weight: 400;\">Cargadores de ruedas SEM 5t SEM655D<\/p>\n<p style=\"font-weight: 400;\">Esta serie de cargadoras en China 3-5 toneladas clase cargadoras, las ventas durante mucho tiempo para mantener la posici\u00f3n de liderazgo. Nueva cabina estructura del bastidor, instrumento VDO, gran espacio, amplia visi\u00f3n, l\u00edder en la industria de la comodidad. Componentes de transmisi\u00f3n cl\u00e1sico maduro, caja de eje fijo, y el motor para lograr la mejor combinaci\u00f3n, ahorro de energ\u00eda y eficiente.<br \/>\nTracci\u00f3n \u22659,0 toneladas, fuerza de elevaci\u00f3n \u226512,0 toneladas, capacidad operativa l\u00edder en la industria, conquistar una variedad de malas condiciones.<\/p>\n<p style=\"font-weight: 400;\" data-spm-anchor-id=\"a2700.details.0.i32.55f42eb1ksDQtJ\">Cargadores de ruedas SEM 5t SEM655D<\/p>\n<p style=\"font-weight: 400;\" data-spm-anchor-id=\"a2700.details.0.i32.55f42eb1ksDQtJ\">Optimizaci\u00f3n del tipo de cuchara, baja resistencia a la inserci\u00f3n, alto coeficiente de cuchara, excelente capacidad de excavaci\u00f3n con pala. Gran distancia entre ejes, radio de giro (centro del neum\u00e1tico), flexible y adaptable.<br \/>\nPuede equiparse con cuchara aumentada, pinza para madera, horquilla para hierba, m\u00e1quina de tubo de agarre, barredora y otras m\u00e1quinas para satisfacer los requisitos de una variedad de condiciones de trabajo.<\/p>","protected":false},"excerpt":{"rendered":"<p>Carga \u00fatil nominal: 5000 kg<\/p>\n<p>Peso operativo est\u00e1ndar del cuchar\u00f3n: 16.800 kg<\/p>\n<p>Capacidad del cuchar\u00f3n: 2,7-4,5 m\u00b3<\/p>","protected":false},"featured_media":790,"comment_status":"closed","ping_status":"closed","template":"","meta":[],"product_brand":[],"product_cat":[33],"product_tag":[89],"class_list":{"0":"post-216","1":"product","2":"type-product","3":"status-publish","4":"has-post-thumbnail","6":"product_cat-sem-loader","7":"product_tag-sem-loader-655d","9":"first","10":"instock","11":"shipping-taxable","12":"product-type-simple"},"aioseo_notices":[],"_links":{"self":[{"href":"https:\/\/machpanda.com\/es\/wp-json\/wp\/v2\/product\/216","targetHints":{"allow":["GET"]}}],"collection":[{"href":"https:\/\/machpanda.com\/es\/wp-json\/wp\/v2\/product"}],"about":[{"href":"https:\/\/machpanda.com\/es\/wp-json\/wp\/v2\/types\/product"}],"replies":[{"embeddable":true,"href":"https:\/\/machpanda.com\/es\/wp-json\/wp\/v2\/comments?post=216"}],"wp:featuredmedia":[{"embeddable":true,"href":"https:\/\/machpanda.com\/es\/wp-json\/wp\/v2\/media\/790"}],"wp:attachment":[{"href":"https:\/\/machpanda.com\/es\/wp-json\/wp\/v2\/media?parent=216"}],"wp:term":[{"taxonomy":"product_brand","embeddable":true,"href":"https:\/\/machpanda.com\/es\/wp-json\/wp\/v2\/product_brand?post=216"},{"taxonomy":"product_cat","embeddable":true,"href":"https:\/\/machpanda.com\/es\/wp-json\/wp\/v2\/product_cat?post=216"},{"taxonomy":"product_tag","embeddable":true,"href":"https:\/\/machpanda.com\/es\/wp-json\/wp\/v2\/product_tag?post=216"}],"curies":[{"name":"wp","href":"https:\/\/api.w.org\/{rel}","templated":true}]}}