{"id":223,"date":"2022-06-14T01:05:13","date_gmt":"2022-06-14T01:05:13","guid":{"rendered":"https:\/\/machpanda.com\/?post_type=product&#038;p=223"},"modified":"2023-02-20T06:36:25","modified_gmt":"2023-02-20T06:36:25","slug":"sem660d","status":"publish","type":"product","link":"https:\/\/machpanda.com\/es\/producto\/sem660d\/","title":{"rendered":"Cargadoras de ruedas SEM 6t SEM660D para empresa maderera forestal"},"content":{"rendered":"<p><strong>Cargadoras de ruedas SEM 6t SEM660D para empresa maderera forestal <\/strong><\/p>\n<h4><span style=\"color: #000000;\"><b>SEM 6t Cargadoras de Ruedas SEM660D para la empresa forestal Logging Motor<\/b><\/span><\/h4>\n<p><span style=\"color: #000000;\"><br \/>\n* Tecnolog\u00eda de control de energ\u00eda t\u00e9rmica de alta eficiencia, que brinda mayor confiabilidad y eficiencia<br \/>\n* Potente motor con reserva de par 30%, lo que hace que esta m\u00e1quina sea adecuada para la mayor\u00eda de las aplicaciones<br \/>\n* Tecnolog\u00eda especial de control de consumo de aceite en pist\u00f3n y manguitos. La tasa de combustible\/aceite es inferior a 0,21 TP2T<br \/>\n* Dise\u00f1o duradero del cuerpo del motor y menor ruido.<\/span><\/p>\n<h4><span style=\"color: #000000;\"><b>Cargadoras de ruedas SEM 6t SEM660D para empresa maderera forestal <\/b><\/span><b style=\"color: #000000;\">Sistema hidr\u00e1ulico eficiente<\/b><\/h4>\n<p data-spm-anchor-id=\"a2700.details.0.i26.6e2210e7ROSzjO\"><span style=\"color: #000000;\">* El sistema hidr\u00e1ulico de direcci\u00f3n con detecci\u00f3n de carga completa proporciona un menor consumo de combustible y una buena comodidad para el operador<br \/>\n* La bomba, la v\u00e1lvula y la manguera profesionales garantizan una mayor fiabilidad<br \/>\n* El excelente enrutamiento de la l\u00ednea reduce las fugas anormales, lo que hace que el sistema hidr\u00e1ulico sea m\u00e1s confiable<br \/>\n* El tiempo de ciclo r\u00e1pido a 7,8 s garantiza una mayor productividad<\/span><\/p>\n<div data-spm-anchor-id=\"a2700.details.0.i26.6e2210e7ROSzjO\">\n<table style=\"border-collapse: collapse; width: 700.52pt;\" border=\"0\" width=\"934\" cellspacing=\"0\" cellpadding=\"0\">\n<tbody>\n<tr style=\"height: 22.50pt;\">\n<td class=\"et2\" style=\"height: 22.50pt; width: 229.05pt;\" width=\"305\" height=\"30\"><span style=\"color: #000000;\">Modelo<\/span><\/td>\n<td class=\"et3\" style=\"width: 236.05pt;\" width=\"314\"><span style=\"color: #000000;\">SEM660D<\/span><\/td>\n<td class=\"et3\" style=\"width: 236.05pt;\" width=\"314\"><span style=\"color: #000000;\">SEM660D para UEEA<\/span><\/td>\n<\/tr>\n<tr style=\"height: 22.50pt;\">\n<td class=\"et4\" style=\"height: 22.50pt; width: 229.05pt;\" width=\"305\" height=\"30\"><span style=\"color: #000000;\">Especificaciones principales<\/span><\/td>\n<td class=\"et4\" style=\"width: 472.10pt;\" colspan=\"2\" width=\"629\"><\/td>\n<\/tr>\n<tr style=\"height: 22.50pt;\">\n<td class=\"et2\" style=\"height: 22.50pt; width: 229.05pt;\" width=\"305\" height=\"30\"><span style=\"color: #000000;\">Carga \u00fatil nominal<\/span><\/td>\n<td class=\"et3\" style=\"width: 236.05pt;\" width=\"314\"><span style=\"color: #000000;\">6.000 kg<\/span><\/td>\n<td class=\"et3\" style=\"width: 236.05pt;\" width=\"314\"><span style=\"color: #000000;\">6.000 kg<\/span><\/td>\n<\/tr>\n<tr style=\"height: 22.50pt;\">\n<td class=\"et2\" style=\"height: 22.50pt; width: 229.05pt;\" width=\"305\" height=\"30\"><span style=\"color: #000000;\">Peso operativo con cuchar\u00f3n est\u00e1ndar<\/span><\/td>\n<td class=\"et2\" style=\"width: 236.05pt;\" width=\"314\"><span style=\"color: #000000;\">20.000 kg<\/span><\/td>\n<td class=\"et2\" style=\"width: 236.05pt;\" width=\"314\"><span style=\"color: #000000;\">20.300 kg<\/span><\/td>\n<\/tr>\n<tr style=\"height: 22.50pt;\">\n<td class=\"et2\" style=\"height: 22.50pt; width: 229.05pt;\" width=\"305\" height=\"30\"><span style=\"color: #000000;\">Capacidad del cuchar\u00f3n<\/span><\/td>\n<td class=\"et3\" style=\"width: 236.05pt;\" width=\"314\"><span style=\"color: #000000;\">3,3-5,5 m<\/span><\/td>\n<td class=\"et3\" style=\"width: 236.05pt;\" width=\"314\"><span style=\"color: #000000;\">3,3-5,5 m<\/span><\/td>\n<\/tr>\n<tr style=\"height: 22.50pt;\">\n<td class=\"et4\" style=\"height: 22.50pt; width: 229.05pt;\" width=\"305\" height=\"30\"><span style=\"color: #000000;\">Especificaciones de funcionamiento<\/span><\/td>\n<td class=\"et4\" style=\"width: 472.10pt;\" colspan=\"2\" width=\"629\"><\/td>\n<\/tr>\n<tr style=\"height: 22.50pt;\">\n<td class=\"et2\" style=\"height: 22.50pt; width: 229.05pt;\" width=\"305\" height=\"30\"><span style=\"color: #000000;\">Fuerza de ruptura<\/span><\/td>\n<td class=\"et3\" style=\"width: 236.05pt;\" width=\"314\"><span style=\"color: #000000;\">183kN<\/span><\/td>\n<td class=\"et3\" style=\"width: 236.05pt;\" width=\"314\"><span style=\"color: #000000;\">197kN<\/span><\/td>\n<\/tr>\n<tr style=\"height: 22.50pt;\">\n<td class=\"et2\" style=\"height: 22.50pt; width: 229.05pt;\" width=\"305\" height=\"30\"><span style=\"color: #000000;\">m\u00e1x. Fuerza de la barra de tiro<\/span><\/td>\n<td class=\"et2\" style=\"width: 236.05pt;\" width=\"314\"><span style=\"color: #000000;\">194kN<\/span><\/td>\n<td class=\"et2\" style=\"width: 236.05pt;\" width=\"314\"><span style=\"color: #000000;\">194kN<\/span><\/td>\n<\/tr>\n<tr style=\"height: 22.50pt;\">\n<td class=\"et4\" style=\"height: 22.50pt; width: 229.05pt;\" width=\"305\" height=\"30\"><span style=\"color: #000000;\">Transmisi\u00f3n<\/span><\/td>\n<td class=\"et4\" style=\"width: 472.10pt;\" colspan=\"2\" width=\"629\"><\/td>\n<\/tr>\n<tr style=\"height: 22.50pt;\">\n<td class=\"et2\" style=\"height: 22.50pt; width: 229.05pt;\" width=\"305\" height=\"30\"><span style=\"color: #000000;\">Engranajes de transmisi\u00f3n<\/span><\/td>\n<td class=\"et2\" style=\"width: 236.05pt;\" width=\"314\"><span style=\"color: #000000;\">F4\/R4<\/span><\/td>\n<td class=\"et2\" style=\"width: 236.05pt;\" width=\"314\"><span style=\"color: #000000;\">F4\/R4<\/span><\/td>\n<\/tr>\n<tr style=\"height: 22.50pt;\">\n<td class=\"et2\" style=\"height: 22.50pt; width: 229.05pt;\" width=\"305\" height=\"30\"><span style=\"color: #000000;\">Tipo de convertidor de par<\/span><\/td>\n<td class=\"et3\" style=\"width: 236.05pt;\" width=\"314\"><span style=\"color: #000000;\">Etapa \u00fanica, 3 elementos<\/span><\/td>\n<td class=\"et3\" style=\"width: 236.05pt;\" width=\"314\"><span style=\"color: #000000;\">Etapa \u00fanica, 3 elementos<\/span><\/td>\n<\/tr>\n<tr style=\"height: 22.50pt;\">\n<td class=\"et2\" style=\"height: 22.50pt; width: 229.05pt;\" width=\"305\" height=\"30\"><span style=\"color: #000000;\">M\u00e1xima velocidad<\/span><\/td>\n<td class=\"et2\" style=\"width: 236.05pt;\" width=\"314\"><span style=\"color: #000000;\">38 km\/h<\/span><\/td>\n<td class=\"et2\" style=\"width: 236.05pt;\" width=\"314\"><span style=\"color: #000000;\">39 km\/h<\/span><\/td>\n<\/tr>\n<tr style=\"height: 22.50pt;\">\n<td class=\"et2\" style=\"height: 22.50pt; width: 229.05pt;\" width=\"305\" height=\"30\"><span style=\"color: #000000;\">Fabricante y tipo<\/span><\/td>\n<td class=\"et3\" style=\"width: 236.05pt;\" width=\"314\"><span style=\"color: #000000;\">TR200<\/span><\/td>\n<td class=\"et3\" style=\"width: 236.05pt;\" width=\"314\"><span style=\"color: #000000;\">TR200<\/span><\/td>\n<\/tr>\n<tr style=\"height: 22.50pt;\">\n<td class=\"et4\" style=\"height: 22.50pt; width: 229.05pt;\" width=\"305\" height=\"30\"><span style=\"color: #000000;\">Eje (Eje, Neum\u00e1tico y Frenos)<\/span><\/td>\n<td class=\"et4\" style=\"width: 472.10pt;\" colspan=\"2\" width=\"629\"><\/td>\n<\/tr>\n<tr style=\"height: 22.50pt;\">\n<td class=\"et2\" style=\"height: 22.50pt; width: 229.05pt;\" width=\"305\" height=\"30\"><span style=\"color: #000000;\">Oscilaci\u00f3n trasera +\/-<\/span><\/td>\n<td class=\"et6\" style=\"width: 236.05pt;\" width=\"314\"><span style=\"color: #000000;\">\u00b111\u00b0<\/span><\/td>\n<td class=\"et6\" style=\"width: 236.05pt;\" width=\"314\"><span style=\"color: #000000;\">\u00b111\u00b0<\/span><\/td>\n<\/tr>\n<tr style=\"height: 22.50pt;\">\n<td class=\"et4\" style=\"height: 22.50pt; width: 229.05pt;\" width=\"305\" height=\"30\"><span style=\"color: #000000;\">Motor<\/span><\/td>\n<td class=\"et4\" style=\"width: 472.10pt;\" colspan=\"2\" width=\"629\"><\/td>\n<\/tr>\n<tr style=\"height: 22.50pt;\">\n<td class=\"et2\" style=\"height: 22.50pt; width: 229.05pt;\" width=\"305\" height=\"30\"><span style=\"color: #000000;\">Modelo de motor<\/span><\/td>\n<td class=\"et3\" style=\"width: 236.05pt;\" width=\"314\"><span style=\"color: #000000;\">WD10G240<\/span><\/td>\n<td class=\"et3\" style=\"width: 236.05pt;\" width=\"314\"><span style=\"color: #000000;\">WD10G240<\/span><\/td>\n<\/tr>\n<tr style=\"height: 22.50pt;\">\n<td class=\"et2\" style=\"height: 22.50pt; width: 229.05pt;\" width=\"305\" height=\"30\"><span style=\"color: #000000;\">Potencia nominal<\/span><\/td>\n<td class=\"et2\" style=\"width: 236.05pt;\" width=\"314\"><span style=\"color: #000000;\">178kW<\/span><\/td>\n<td class=\"et2\" style=\"width: 236.05pt;\" width=\"314\"><span style=\"color: #000000;\">178kW<\/span><\/td>\n<\/tr>\n<tr style=\"height: 22.50pt;\">\n<td class=\"et2\" style=\"height: 22.50pt; width: 229.05pt;\" width=\"305\" height=\"30\"><span style=\"color: #000000;\">Velocidad nominal<\/span><\/td>\n<td class=\"et3\" style=\"width: 236.05pt;\" width=\"314\"><span style=\"color: #000000;\">2000 r\/min<\/span><\/td>\n<td class=\"et3\" style=\"width: 236.05pt;\" width=\"314\"><span style=\"color: #000000;\">2000 r\/min<\/span><\/td>\n<\/tr>\n<tr style=\"height: 22.50pt;\">\n<td class=\"et2\" style=\"height: 22.50pt; width: 229.05pt;\" width=\"305\" height=\"30\"><span style=\"color: #000000;\">Desplazamiento<\/span><\/td>\n<td class=\"et2\" style=\"width: 236.05pt;\" width=\"314\"><span style=\"color: #000000;\">9.7L<\/span><\/td>\n<td class=\"et2\" style=\"width: 236.05pt;\" width=\"314\"><span style=\"color: #000000;\">9.7L<\/span><\/td>\n<\/tr>\n<tr style=\"height: 22.50pt;\">\n<td class=\"et2\" style=\"height: 22.50pt; width: 229.05pt;\" width=\"305\" height=\"30\"><span style=\"color: #000000;\">Emisi\u00f3n<\/span><\/td>\n<td class=\"et3\" style=\"width: 236.05pt;\" width=\"314\"><span style=\"color: #000000;\">T2\/Etapa2<\/span><\/td>\n<td class=\"et3\" style=\"width: 236.05pt;\" width=\"314\"><span style=\"color: #000000;\">T2\/Etapa2<\/span><\/td>\n<\/tr>\n<tr style=\"height: 22.50pt;\">\n<td class=\"et4\" style=\"height: 22.50pt; width: 229.05pt;\" width=\"305\" height=\"30\"><span style=\"color: #000000;\">Implementar sistema hidr\u00e1ulico<\/span><\/td>\n<td class=\"et4\" style=\"width: 472.10pt;\" colspan=\"2\" width=\"629\"><\/td>\n<\/tr>\n<tr style=\"height: 22.50pt;\">\n<td class=\"et2\" style=\"height: 22.50pt; width: 229.05pt;\" width=\"305\" height=\"30\"><span style=\"color: #000000;\">Implementar tipo de sistema<\/span><\/td>\n<td class=\"et3\" style=\"width: 236.05pt;\" width=\"314\"><span style=\"color: #000000;\">Sistema de flujo compartido de detecci\u00f3n de carga \u00fanica<\/span><\/td>\n<td class=\"et3\" style=\"width: 236.05pt;\" width=\"314\"><span style=\"color: #000000;\">Sistema de flujo compartido de detecci\u00f3n de carga \u00fanica<\/span><\/td>\n<\/tr>\n<tr style=\"height: 22.50pt;\">\n<td class=\"et2\" style=\"height: 22.50pt; width: 229.05pt;\" width=\"305\" height=\"30\"><span style=\"color: #000000;\">Tiempo de ciclo hidr\u00e1ulico<\/span><\/td>\n<td class=\"et2\" style=\"width: 236.05pt;\" width=\"314\"><span style=\"color: #000000;\">9.7s<\/span><\/td>\n<td class=\"et2\" style=\"width: 236.05pt;\" width=\"314\"><span style=\"color: #000000;\">9.7s<\/span><\/td>\n<\/tr>\n<tr style=\"height: 22.50pt;\">\n<td class=\"et2\" style=\"height: 22.50pt; width: 229.05pt;\" width=\"305\" height=\"30\"><span style=\"color: #000000;\">Ajuste de presi\u00f3n del sistema<\/span><\/td>\n<td class=\"et3\" style=\"width: 236.05pt;\" width=\"314\"><span style=\"color: #000000;\">18Mpa<\/span><\/td>\n<td class=\"et3\" style=\"width: 236.05pt;\" width=\"314\"><span style=\"color: #000000;\">18Mpa<\/span><\/td>\n<\/tr>\n<tr style=\"height: 22.50pt;\">\n<td class=\"et2\" style=\"height: 22.50pt; width: 229.05pt;\" width=\"305\" height=\"30\"><span style=\"color: #000000;\">Elevar<\/span><\/td>\n<td class=\"et2\" style=\"width: 236.05pt;\" width=\"314\"><span style=\"color: #000000;\">5,3 s<\/span><\/td>\n<td class=\"et2\" style=\"width: 236.05pt;\" width=\"314\"><span style=\"color: #000000;\">5,3 s<\/span><\/td>\n<\/tr>\n<tr style=\"height: 22.50pt;\">\n<td class=\"et4\" style=\"height: 22.50pt; width: 229.05pt;\" width=\"305\" height=\"30\"><span style=\"color: #000000;\">Sistema de frenos<\/span><\/td>\n<td class=\"et4\" style=\"width: 472.10pt;\" colspan=\"2\" width=\"629\"><\/td>\n<\/tr>\n<tr style=\"height: 22.50pt;\">\n<td class=\"et2\" style=\"height: 22.50pt; width: 229.05pt;\" width=\"305\" height=\"30\"><span style=\"color: #000000;\">Freno de servicio<\/span><\/td>\n<td class=\"et2\" style=\"width: 236.05pt;\" width=\"314\"><span style=\"color: #000000;\">Seco y calibrador, control de aire a aceite<\/span><\/td>\n<td class=\"et2\" style=\"width: 236.05pt;\" width=\"314\"><span style=\"color: #000000;\">Seco y calibrador, control de aire a aceite<\/span><\/td>\n<\/tr>\n<tr style=\"height: 22.50pt;\">\n<td class=\"et2\" style=\"height: 22.50pt; width: 229.05pt;\" width=\"305\" height=\"30\"><span style=\"color: #000000;\">Freno de mano<\/span><\/td>\n<td class=\"et3\" style=\"width: 472.10pt;\" colspan=\"2\" width=\"629\"><span style=\"color: #000000;\">Freno de zapata tipo tambor, aplicado por resorte y liberado por aceite<\/span><\/td>\n<\/tr>\n<tr style=\"height: 22.50pt;\">\n<td class=\"et4\" style=\"height: 22.50pt; width: 229.05pt;\" width=\"305\" height=\"30\"><span style=\"color: #000000;\">Capacidad de recarga del servicio<\/span><\/td>\n<td class=\"et4\" style=\"width: 472.10pt;\" colspan=\"2\" width=\"629\"><\/td>\n<\/tr>\n<tr style=\"height: 22.50pt;\">\n<td class=\"et2\" style=\"height: 22.50pt; width: 229.05pt;\" width=\"305\" height=\"30\"><span style=\"color: #000000;\">Dep\u00f3sito de combustible<\/span><\/td>\n<td class=\"et3\" style=\"width: 236.05pt;\" width=\"314\"><span style=\"color: #000000;\">252L<\/span><\/td>\n<td class=\"et3\" style=\"width: 236.05pt;\" width=\"314\"><span style=\"color: #000000;\">252L<\/span><\/td>\n<\/tr>\n<tr style=\"height: 22.50pt;\">\n<td class=\"et2\" style=\"height: 22.50pt; width: 229.05pt;\" width=\"305\" height=\"30\"><span style=\"color: #000000;\">Aceite lubricante del motor<\/span><\/td>\n<td class=\"et2\" style=\"width: 236.05pt;\" width=\"314\"><span style=\"color: #000000;\">21L<\/span><\/td>\n<td class=\"et2\" style=\"width: 236.05pt;\" width=\"314\"><span style=\"color: #000000;\">21L<\/span><\/td>\n<\/tr>\n<tr style=\"height: 22.50pt;\">\n<td class=\"et2\" style=\"height: 22.50pt; width: 229.05pt;\" width=\"305\" height=\"30\"><span style=\"color: #000000;\">Sistema hidr\u00e1ulico<\/span><\/td>\n<td class=\"et3\" style=\"width: 236.05pt;\" width=\"314\"><span style=\"color: #000000;\">165L<\/span><\/td>\n<td class=\"et3\" style=\"width: 236.05pt;\" width=\"314\"><span style=\"color: #000000;\">165L<\/span><\/td>\n<\/tr>\n<tr style=\"height: 22.50pt;\">\n<td class=\"et2\" style=\"height: 22.50pt; width: 229.05pt;\" width=\"305\" height=\"30\"><span style=\"color: #000000;\">Aceite de la transmisi\u00f3n<\/span><\/td>\n<td class=\"et2\" style=\"width: 236.05pt;\" width=\"314\"><span style=\"color: #000000;\">53L<\/span><\/td>\n<td class=\"et2\" style=\"width: 236.05pt;\" width=\"314\"><span style=\"color: #000000;\">53L<\/span><\/td>\n<\/tr>\n<tr style=\"height: 22.50pt;\">\n<td class=\"et4\" style=\"height: 22.50pt; width: 229.05pt;\" width=\"305\" height=\"30\"><span style=\"color: #000000;\">Neum\u00e1ticos<\/span><\/td>\n<td class=\"et4\" style=\"width: 472.10pt;\" colspan=\"2\" width=\"629\"><\/td>\n<\/tr>\n<tr style=\"height: 22.50pt;\">\n<td class=\"et2\" style=\"height: 22.50pt; width: 229.05pt;\" width=\"305\" height=\"30\"><span style=\"color: #000000;\">Tama\u00f1o<\/span><\/td>\n<td class=\"et2\" style=\"width: 236.05pt;\" width=\"314\"><span style=\"color: #000000;\">23.5-25<\/span><\/td>\n<td class=\"et2\" style=\"width: 236.05pt;\" width=\"314\"><span style=\"color: #000000;\">23.5-25<\/span><\/td>\n<\/tr>\n<tr style=\"height: 22.50pt;\">\n<td class=\"et2\" style=\"height: 22.50pt; width: 229.05pt;\" width=\"305\" height=\"30\"><span style=\"color: #000000;\">Escribe<\/span><\/td>\n<td class=\"et3\" style=\"width: 236.05pt;\" width=\"314\"><span style=\"color: #000000;\">Sesgo PR20<\/span><\/td>\n<td class=\"et3\" style=\"width: 236.05pt;\" width=\"314\"><span style=\"color: #000000;\">Sesgo PR20<\/span><\/td>\n<\/tr>\n<\/tbody>\n<\/table>\n<\/div>","protected":false},"excerpt":{"rendered":"<p>Carga \u00fatil nominal: 6000 kg<\/p>\n<p>Peso de trabajo del cuchar\u00f3n est\u00e1ndar: 20 000 kg<\/p>\n<p>Capacidad del cuchar\u00f3n: 3,3-5,5 m\u00b3<\/p>","protected":false},"featured_media":788,"comment_status":"closed","ping_status":"closed","template":"","meta":[],"product_brand":[],"product_cat":[33],"product_tag":[88],"class_list":{"0":"post-223","1":"product","2":"type-product","3":"status-publish","4":"has-post-thumbnail","6":"product_cat-sem-loader","7":"product_tag-sem-loader-sem660d","9":"first","10":"instock","11":"shipping-taxable","12":"product-type-simple"},"aioseo_notices":[],"_links":{"self":[{"href":"https:\/\/machpanda.com\/es\/wp-json\/wp\/v2\/product\/223","targetHints":{"allow":["GET"]}}],"collection":[{"href":"https:\/\/machpanda.com\/es\/wp-json\/wp\/v2\/product"}],"about":[{"href":"https:\/\/machpanda.com\/es\/wp-json\/wp\/v2\/types\/product"}],"replies":[{"embeddable":true,"href":"https:\/\/machpanda.com\/es\/wp-json\/wp\/v2\/comments?post=223"}],"wp:featuredmedia":[{"embeddable":true,"href":"https:\/\/machpanda.com\/es\/wp-json\/wp\/v2\/media\/788"}],"wp:attachment":[{"href":"https:\/\/machpanda.com\/es\/wp-json\/wp\/v2\/media?parent=223"}],"wp:term":[{"taxonomy":"product_brand","embeddable":true,"href":"https:\/\/machpanda.com\/es\/wp-json\/wp\/v2\/product_brand?post=223"},{"taxonomy":"product_cat","embeddable":true,"href":"https:\/\/machpanda.com\/es\/wp-json\/wp\/v2\/product_cat?post=223"},{"taxonomy":"product_tag","embeddable":true,"href":"https:\/\/machpanda.com\/es\/wp-json\/wp\/v2\/product_tag?post=223"}],"curies":[{"name":"wp","href":"https:\/\/api.w.org\/{rel}","templated":true}]}}