{"id":226,"date":"2022-06-14T01:07:34","date_gmt":"2022-06-14T01:07:34","guid":{"rendered":"https:\/\/machpanda.com\/?post_type=product&#038;p=226"},"modified":"2023-02-20T07:00:16","modified_gmt":"2023-02-20T07:00:16","slug":"sem636d","status":"publish","type":"product","link":"https:\/\/machpanda.com\/es\/producto\/sem636d\/","title":{"rendered":"Cargadora de ruedas compacta SEM 636D case"},"content":{"rendered":"<h2><strong><u>Cargadora compacta SEM 636D Ventajas de la SEM636D:<\/u><\/strong><\/h2>\n<p>* SEM636D Cargadora de ruedasAlta productividad<\/p>\n<p>* La mejor confiabilidad y durabilidad de su clase<\/p>\n<p>* Excelente econom\u00eda de combustible<\/p>\n<p>* Comodidad excepcional del operador<\/p>\n<h2><strong><u>SEM 636D cargador de ruedas compacto caso Caracter\u00edsticas notables:<\/u><\/strong><\/h2>\n<h3><strong>SEM636D Cargadora de ruedas Motor Weichai<\/strong><\/h3>\n<p>-El filtro de aire brinda confiabilidad a la m\u00e1quina incluso en las aplicaciones m\u00e1s severas<\/p>\n<h3><strong>SEM 636D case cargadora compacta de ruedas Sistema hidr\u00e1ulico eficiente<\/strong><\/h3>\n<p>-Sistema compartido de flujo de una sola bomba.<\/p>\n<p>-M\u00e1s eficiencia y mayor fuerza de arranque<\/p>\n<p>-Combinaci\u00f3n perfecta entre la velocidad de la m\u00e1quina y el sistema hidr\u00e1ulico para lograr una alta eficiencia<\/p>\n<p>-Control hidr\u00e1ulico con joystick para un control f\u00e1cil y preciso<\/p>\n<h3><strong>SEM 636D case cargadora compacta de ruedas Puesto del operador<\/strong><\/h3>\n<p>-Estaci\u00f3n de operador premium con gran espacio y visibilidad superior<\/p>\n<p>-El soporte MAC patentado proporciona menos ruido y m\u00e1s comodidad<\/p>\n<p>-Asiento de suspensi\u00f3n ajustable<\/p>\n<p>-La ventana lateral corrediza y el aire acondicionado con circulaci\u00f3n de aire fresco brindan comodidad al operador<\/p>\n<p>-El cambio de palanca \u00fanica es flexible y conveniente<\/p>\n<p>-La salida de flujo de aire ajustable ofrece un mejor rendimiento de descongelaci\u00f3n<\/p>\n<h3><strong>SEM 636D case cargadora compacta de ruedas Tren de transmisi\u00f3n fiable<\/strong><\/h3>\n<p>-La transmisi\u00f3n de contraeje con componentes centrales mejorados proporciona una alta confiabilidad<\/p>\n<p>-La gran fuerza de tracci\u00f3n en el borde en la 1.\u00aa marcha y la velocidad m\u00e1s alta en la 2.\u00aa marcha proporcionan una alta eficiencia para aplicaciones de carga y transporte<\/p>\n<p>-El interruptor de selecci\u00f3n de corte del embrague garantiza un funcionamiento estable y seguro<\/p>\n<p>-Simplemente convertir Torque y la eficiencia es alta<\/p>\n<p>-Cambio suave y c\u00f3modo<\/p>\n<h3><strong>SEM 636D case cargadora compacta de ruedas Sistema de refrigeraci\u00f3n avanzado<\/strong><\/h3>\n<p>-Paquete de enfriamiento de alta eficiencia<\/p>\n<p>-Los montajes de amortiguadores aseguran la confiabilidad en aplicaciones severas<\/p>\n<h3><strong>Caso SEM 636D compacto <a href=\"https:\/\/machpanda.com\/es\/producto\/sem636d\/\">pala cargadora<\/a> Estructura s\u00f3lida<\/strong><\/h3>\n<p>-Las estructuras se someten a an\u00e1lisis de elementos finitos (FEA) y an\u00e1lisis de tensi\u00f3n en la m\u00e1quina (OMSA) para garantizar la durabilidad<\/p>\n<p>-Los cucharones Performance Series (PS) mejoran la capacidad de carga<\/p>\n<h3><strong>SEM 636D case cargadora compacta de ruedas Serviceability<\/strong><\/h3>\n<p>-Los puertos de prueba de presi\u00f3n del sistema son est\u00e1ndar<\/p>\n<p>-La puerta abierta lateral del cofre del motor de gran \u00e1ngulo proporciona un f\u00e1cil acceso para el servicio<\/p>\n<p>-El convertidor de par est\u00e1 aislado de la transmisi\u00f3n, lo que facilita el mantenimiento<\/p>\n<h3><strong>SEM 636D case cargadora compacta de ruedas Seguridad<\/strong><\/h3>\n<p>-El dise\u00f1o de seguridad cumple con todos los requisitos reglamentarios<\/p>\n<p>-Sistema de producci\u00f3n de Caterpillar (CPS) aprovechado en el proceso de fabricaci\u00f3n<\/p>\n<p>-El dise\u00f1o t\u00e1ctil de 3 puntos brinda comodidad al operador al ingresar a la cabina<\/p>\n<p>-La alarma de respaldo garantiza la seguridad de la m\u00e1quina<\/p>\n<h3><strong>SEM 636D case cargadora compacta de ruedas Aplicaciones de la m\u00e1quina<\/strong><\/h3>\n<p data-spm-anchor-id=\"a2700.wholesale.0.i29.3fd85210b7fh6R\">-M\u00faltiples herramientas de trabajo est\u00e1n disponibles para la selecci\u00f3n<\/p>\n<table style=\"border-collapse: collapse; width: 591.02pt;\" border=\"0\" width=\"788\" cellspacing=\"0\" cellpadding=\"0\">\n<tbody>\n<tr style=\"height: 15.75pt;\">\n<td class=\"et2\" style=\"height: 15.75pt; width: 54.00pt;\" width=\"72\" height=\"21\">Modelo<\/td>\n<td class=\"et2\" style=\"width: 537.00pt;\" colspan=\"4\" width=\"716\"><\/td>\n<\/tr>\n<tr style=\"height: 15.75pt;\">\n<td class=\"et3\" style=\"height: 15.75pt; width: 54.00pt;\" width=\"72\" height=\"21\">Modelo<\/td>\n<td class=\"et4\" style=\"width: 106.50pt;\" width=\"142\">SEM636D Weichai<\/td>\n<td class=\"et4\" style=\"width: 131.25pt;\" width=\"175\">Cummins SEM636D<\/td>\n<td class=\"et4\" style=\"width: 155.25pt;\" width=\"207\">SEM636D para UEEA<\/td>\n<td class=\"et4\" style=\"width: 144.00pt;\" width=\"192\">SEM636D para Ucrania<\/td>\n<\/tr>\n<tr style=\"height: 47.25pt;\">\n<td class=\"et2\" style=\"height: 47.25pt; width: 54.00pt;\" width=\"72\" height=\"63\">Especificaciones principales<\/td>\n<td class=\"et2\" style=\"width: 537.00pt;\" colspan=\"4\" width=\"716\"><\/td>\n<\/tr>\n<tr style=\"height: 31.50pt;\">\n<td class=\"et3\" style=\"height: 31.50pt; width: 54.00pt;\" width=\"72\" height=\"42\">Carga \u00fatil nominal<\/td>\n<td class=\"et4\" style=\"width: 106.50pt;\" width=\"142\">3.000 kg<\/td>\n<td class=\"et4\" style=\"width: 131.25pt;\" width=\"175\">3.000 kg<\/td>\n<td class=\"et4\" style=\"width: 155.25pt;\" width=\"207\">3.000 kg<\/td>\n<td class=\"et4\" style=\"width: 144.00pt;\" width=\"192\">3.000 kg<\/td>\n<\/tr>\n<tr style=\"height: 78.75pt;\">\n<td class=\"et3\" style=\"height: 78.75pt; width: 54.00pt;\" width=\"72\" height=\"105\">Peso operativo con cuchar\u00f3n est\u00e1ndar<\/td>\n<td class=\"et5\" style=\"width: 106.50pt;\" width=\"142\">10.133 kg<\/td>\n<td class=\"et5\" style=\"width: 131.25pt;\" width=\"175\">10.047 kg<\/td>\n<td class=\"et5\" style=\"width: 155.25pt;\" width=\"207\">10.400 kg<\/td>\n<td class=\"et5\" style=\"width: 144.00pt;\" width=\"192\">9.872 kg<\/td>\n<\/tr>\n<tr style=\"height: 31.50pt;\">\n<td class=\"et3\" style=\"height: 31.50pt; width: 54.00pt;\" width=\"72\" height=\"42\">Capacidad del cuchar\u00f3n<\/td>\n<td class=\"et4\" style=\"width: 106.50pt;\" width=\"142\">1,5-2,5 m\u00b3<\/td>\n<td class=\"et4\" style=\"width: 131.25pt;\" width=\"175\">1.5-2.5<span class=\"font3\">m\u00b3<\/span><\/td>\n<td class=\"et4\" style=\"width: 155.25pt;\" width=\"207\">1,5-2,5 m\u00b3<\/td>\n<td class=\"et4\" style=\"width: 144.00pt;\" width=\"192\">1,4-2,5 m\u00b3<\/td>\n<\/tr>\n<tr style=\"height: 47.25pt;\">\n<td class=\"et2\" style=\"height: 47.25pt; width: 54.00pt;\" width=\"72\" height=\"63\">Especificaciones de funcionamiento<\/td>\n<td class=\"et2\" style=\"width: 537.00pt;\" colspan=\"4\" width=\"716\"><\/td>\n<\/tr>\n<tr style=\"height: 31.50pt;\">\n<td class=\"et3\" style=\"height: 31.50pt; width: 54.00pt;\" width=\"72\" height=\"42\">Fuerza de ruptura<\/td>\n<td class=\"et4\" style=\"width: 106.50pt;\" width=\"142\">113kN<\/td>\n<td class=\"et4\" style=\"width: 131.25pt;\" width=\"175\">113kN<\/td>\n<td class=\"et4\" style=\"width: 155.25pt;\" width=\"207\">113kN<\/td>\n<td class=\"et4\" style=\"width: 144.00pt;\" width=\"192\">114kN<\/td>\n<\/tr>\n<tr style=\"height: 31.50pt;\">\n<td class=\"et2\" style=\"height: 31.50pt; width: 54.00pt;\" width=\"72\" height=\"42\">Transmisi\u00f3n<\/td>\n<td class=\"et2\" style=\"width: 537.00pt;\" colspan=\"4\" width=\"716\"><\/td>\n<\/tr>\n<tr style=\"height: 31.50pt;\">\n<td class=\"et3\" style=\"height: 31.50pt; width: 54.00pt;\" width=\"72\" height=\"42\">Engranajes de transmisi\u00f3n<\/td>\n<td class=\"et4\" style=\"width: 106.50pt;\" width=\"142\">F4\/R2<\/td>\n<td class=\"et4\" style=\"width: 131.25pt;\" width=\"175\">\/<\/td>\n<td class=\"et4\" style=\"width: 155.25pt;\" width=\"207\">F4\/R2<\/td>\n<td class=\"et4\" style=\"width: 144.00pt;\" width=\"192\">F4\/R2<\/td>\n<\/tr>\n<tr style=\"height: 47.25pt;\">\n<td class=\"et3\" style=\"height: 47.25pt; width: 54.00pt;\" width=\"72\" height=\"63\">Tipo de convertidor de par<\/td>\n<td class=\"et5\" style=\"width: 106.50pt;\" width=\"142\">Etapa \u00fanica, 3 Elementos<\/td>\n<td class=\"et5\" style=\"width: 131.25pt;\" width=\"175\">Etapa \u00fanica, 3 Elementos<\/td>\n<td class=\"et5\" style=\"width: 155.25pt;\" width=\"207\">Etapa \u00fanica, 3 Elementos<\/td>\n<td class=\"et5\" style=\"width: 144.00pt;\" width=\"192\">Etapa \u00fanica, 3 Elementos<\/td>\n<\/tr>\n<tr style=\"height: 31.50pt;\">\n<td class=\"et3\" style=\"height: 31.50pt; width: 54.00pt;\" width=\"72\" height=\"42\">Fabricante y tipo<\/td>\n<td class=\"et4\" style=\"width: 106.50pt;\" width=\"142\">SEM TR100<\/td>\n<td class=\"et4\" style=\"width: 131.25pt;\" width=\"175\">SEM TR100<\/td>\n<td class=\"et4\" style=\"width: 155.25pt;\" width=\"207\">SEM TR100<\/td>\n<td class=\"et4\" style=\"width: 144.00pt;\" width=\"192\">Oruga y SEM TR100<\/td>\n<\/tr>\n<tr style=\"height: 47.25pt;\">\n<td class=\"et2\" style=\"height: 47.25pt; width: 54.00pt;\" width=\"72\" height=\"63\">Eje (Eje, Neum\u00e1tico y Frenos)<\/td>\n<td class=\"et2\" style=\"width: 537.00pt;\" colspan=\"4\" width=\"716\"><\/td>\n<\/tr>\n<tr style=\"height: 47.25pt;\">\n<td class=\"et3\" style=\"height: 47.25pt; width: 54.00pt;\" width=\"72\" height=\"63\">Oscilaci\u00f3n trasera +\/-<\/td>\n<td class=\"et7\" style=\"width: 106.50pt;\" width=\"142\">\u00b112\u00b0<\/td>\n<td class=\"et7\" style=\"width: 131.25pt;\" width=\"175\">\u00b112\u00b0<\/td>\n<td class=\"et7\" style=\"width: 155.25pt;\" width=\"207\">\u00b112\u00b0<\/td>\n<td class=\"et7\" style=\"width: 144.00pt;\" width=\"192\">\u00b112\u00b0<\/td>\n<\/tr>\n<tr style=\"height: 15.75pt;\">\n<td class=\"et2\" style=\"height: 15.75pt; width: 54.00pt;\" width=\"72\" height=\"21\">Motor<\/td>\n<td class=\"et2\" style=\"width: 537.00pt;\" colspan=\"4\" width=\"716\"><\/td>\n<\/tr>\n<tr style=\"height: 31.50pt;\">\n<td class=\"et3\" style=\"height: 31.50pt; width: 54.00pt;\" width=\"72\" height=\"42\">Modelo de motor<\/td>\n<td class=\"et4\" style=\"width: 106.50pt;\" width=\"142\">WP6G125E22<\/td>\n<td class=\"et4\" style=\"width: 131.25pt;\" width=\"175\">Cummins 6BT5.9<\/td>\n<td class=\"et4\" style=\"width: 155.25pt;\" width=\"207\">WP6G125E22<\/td>\n<td class=\"et4\" style=\"width: 144.00pt;\" width=\"192\">WDEC WP6G125E333<\/td>\n<\/tr>\n<tr style=\"height: 31.50pt;\">\n<td class=\"et3\" style=\"height: 31.50pt; width: 54.00pt;\" width=\"72\" height=\"42\">Potencia nominal<\/td>\n<td class=\"et5\" style=\"width: 106.50pt;\" width=\"142\">92kW<\/td>\n<td class=\"et5\" style=\"width: 131.25pt;\" width=\"175\">92kW<\/td>\n<td class=\"et5\" style=\"width: 155.25pt;\" width=\"207\">92kW<\/td>\n<td class=\"et5\" style=\"width: 144.00pt;\" width=\"192\">92kW\/125HP<\/td>\n<\/tr>\n<tr style=\"height: 31.50pt;\">\n<td class=\"et3\" style=\"height: 31.50pt; width: 54.00pt;\" width=\"72\" height=\"42\">Velocidad nominal<\/td>\n<td class=\"et4\" style=\"width: 106.50pt;\" width=\"142\">2200 r\/min<\/td>\n<td class=\"et4\" style=\"width: 131.25pt;\" width=\"175\">2200 r\/min<\/td>\n<td class=\"et4\" style=\"width: 155.25pt;\" width=\"207\">2200 r\/min<\/td>\n<td class=\"et4\" style=\"width: 144.00pt;\" width=\"192\">2000 r\/min<\/td>\n<\/tr>\n<tr style=\"height: 31.50pt;\">\n<td class=\"et3\" style=\"height: 31.50pt; width: 54.00pt;\" width=\"72\" height=\"42\">Desplazamiento<\/td>\n<td class=\"et5\" style=\"width: 106.50pt;\" width=\"142\">6.7L<\/td>\n<td class=\"et5\" style=\"width: 131.25pt;\" width=\"175\">6.7L<\/td>\n<td class=\"et5\" style=\"width: 155.25pt;\" width=\"207\">6.7L<\/td>\n<td class=\"et5\" style=\"width: 144.00pt;\" width=\"192\">6.75L<\/td>\n<\/tr>\n<tr style=\"height: 15.75pt;\">\n<td class=\"et3\" style=\"height: 15.75pt; width: 54.00pt;\" width=\"72\" height=\"21\">Emisi\u00f3n<\/td>\n<td class=\"et4\" style=\"width: 106.50pt;\" width=\"142\">T2\/Etapa2<\/td>\n<td class=\"et4\" style=\"width: 131.25pt;\" width=\"175\">T2\/Etapa2<\/td>\n<td class=\"et4\" style=\"width: 155.25pt;\" width=\"207\">T2\/Etapa2<\/td>\n<td class=\"et4\" style=\"width: 144.00pt;\" width=\"192\">\/<\/td>\n<\/tr>\n<tr style=\"height: 63.00pt;\">\n<td class=\"et2\" style=\"height: 63.00pt; width: 54.00pt;\" width=\"72\" height=\"84\">Implementar sistema hidr\u00e1ulico<\/td>\n<td class=\"et2\" style=\"width: 537.00pt;\" colspan=\"4\" width=\"716\"><\/td>\n<\/tr>\n<tr style=\"height: 47.25pt;\">\n<td class=\"et3\" style=\"height: 47.25pt; width: 54.00pt;\" width=\"72\" height=\"63\">Implementar tipo de sistema<\/td>\n<td class=\"et4\" style=\"width: 106.50pt;\" width=\"142\">Bomba de engranajes<\/td>\n<td class=\"et4\" style=\"width: 131.25pt;\" width=\"175\">Bomba de engranajes<\/td>\n<td class=\"et4\" style=\"width: 155.25pt;\" width=\"207\">Bomba de engranajes<\/td>\n<td class=\"et4\" style=\"width: 144.00pt;\" width=\"192\">centro abierto<\/td>\n<\/tr>\n<tr style=\"height: 47.25pt;\">\n<td class=\"et3\" style=\"height: 47.25pt; width: 54.00pt;\" width=\"72\" height=\"63\">Tiempo de ciclo hidr\u00e1ulico<\/td>\n<td class=\"et5\" style=\"width: 106.50pt;\" width=\"142\">8.3s<\/td>\n<td class=\"et5\" style=\"width: 131.25pt;\" width=\"175\">8.3s<\/td>\n<td class=\"et5\" style=\"width: 155.25pt;\" width=\"207\">8.3s<\/td>\n<td class=\"et5\" style=\"width: 144.00pt;\" width=\"192\">8.38s<\/td>\n<\/tr>\n<tr style=\"height: 47.25pt;\">\n<td class=\"et3\" style=\"height: 47.25pt; width: 54.00pt;\" width=\"72\" height=\"63\">Ajuste de presi\u00f3n del sistema<\/td>\n<td class=\"et4\" style=\"width: 106.50pt;\" width=\"142\">18 MPa<\/td>\n<td class=\"et4\" style=\"width: 131.25pt;\" width=\"175\">18 MPa<\/td>\n<td class=\"et4\" style=\"width: 155.25pt;\" width=\"207\">18 MPa<\/td>\n<td class=\"et4\" style=\"width: 144.00pt;\" width=\"192\">18 MPa<\/td>\n<\/tr>\n<tr style=\"height: 15.75pt;\">\n<td class=\"et3\" style=\"height: 15.75pt; width: 54.00pt;\" width=\"72\" height=\"21\">Elevar<\/td>\n<td class=\"et5\" style=\"width: 106.50pt;\" width=\"142\">4,6 s<\/td>\n<td class=\"et5\" style=\"width: 131.25pt;\" width=\"175\">4,6 s<\/td>\n<td class=\"et5\" style=\"width: 155.25pt;\" width=\"207\">4,6 s<\/td>\n<td class=\"et5\" style=\"width: 144.00pt;\" width=\"192\">4.85s<\/td>\n<\/tr>\n<tr style=\"height: 31.50pt;\">\n<td class=\"et2\" style=\"height: 31.50pt; width: 54.00pt;\" width=\"72\" height=\"42\">Sistema de frenos<\/td>\n<td class=\"et2\" style=\"width: 537.00pt;\" colspan=\"4\" width=\"716\"><\/td>\n<\/tr>\n<tr style=\"height: 31.50pt;\">\n<td class=\"et3\" style=\"height: 31.50pt; width: 54.00pt;\" width=\"72\" height=\"42\">Freno de servicio<\/td>\n<td class=\"et5\" style=\"width: 106.50pt;\" width=\"142\">Seco y calibrador, control de aire a aceite<\/td>\n<td class=\"et5\" style=\"width: 131.25pt;\" width=\"175\">Caliper Dry Dics, Actuaci\u00f3n de aire sobre aceite<\/td>\n<td class=\"et5\" style=\"width: 155.25pt;\" width=\"207\">Seco y calibrador, control de aire a aceite<\/td>\n<td class=\"et5\" style=\"width: 144.00pt;\" width=\"192\">Seco y calibrador, control de aire a aceite<\/td>\n<\/tr>\n<tr style=\"height: 31.50pt;\">\n<td class=\"et3\" style=\"height: 31.50pt; width: 54.00pt;\" width=\"72\" height=\"42\">Freno de mano<\/td>\n<td class=\"et4\" style=\"width: 106.50pt;\" width=\"142\">Freno de zapata tipo tambor<\/td>\n<td class=\"et4\" style=\"width: 131.25pt;\" width=\"175\">Freno de zapata tipo tambor<\/td>\n<td class=\"et4\" style=\"width: 155.25pt;\" width=\"207\">Freno de zapata tipo tambor<\/td>\n<td class=\"et4\" style=\"width: 144.00pt;\" width=\"192\">Tambor \/ Zapato<\/td>\n<\/tr>\n<tr style=\"height: 47.25pt;\">\n<td class=\"et2\" style=\"height: 47.25pt; width: 54.00pt;\" width=\"72\" height=\"63\">Capacidad de recarga del servicio<\/td>\n<td class=\"et2\" style=\"width: 537.00pt;\" colspan=\"4\" width=\"716\"><\/td>\n<\/tr>\n<tr style=\"height: 15.75pt;\">\n<td class=\"et3\" style=\"height: 15.75pt; width: 54.00pt;\" width=\"72\" height=\"21\">Dep\u00f3sito de combustible<\/td>\n<td class=\"et4\" style=\"width: 106.50pt;\" width=\"142\">160L<\/td>\n<td class=\"et4\" style=\"width: 131.25pt;\" width=\"175\">160L<\/td>\n<td class=\"et4\" style=\"width: 155.25pt;\" width=\"207\">160L<\/td>\n<td class=\"et4\" style=\"width: 144.00pt;\" width=\"192\">\/<\/td>\n<\/tr>\n<tr style=\"height: 47.25pt;\">\n<td class=\"et3\" style=\"height: 47.25pt; width: 54.00pt;\" width=\"72\" height=\"63\">Aceite lubricante del motor<\/td>\n<td class=\"et5\" style=\"width: 106.50pt;\" width=\"142\">17L<\/td>\n<td class=\"et5\" style=\"width: 131.25pt;\" width=\"175\">17L<\/td>\n<td class=\"et5\" style=\"width: 155.25pt;\" width=\"207\">17L<\/td>\n<td class=\"et5\" style=\"width: 144.00pt;\" width=\"192\">\/<\/td>\n<\/tr>\n<tr style=\"height: 31.50pt;\">\n<td class=\"et3\" style=\"height: 31.50pt; width: 54.00pt;\" width=\"72\" height=\"42\">Sistema hidr\u00e1ulico<\/td>\n<td class=\"et4\" style=\"width: 106.50pt;\" width=\"142\">95L<\/td>\n<td class=\"et4\" style=\"width: 131.25pt;\" width=\"175\">95L<\/td>\n<td class=\"et4\" style=\"width: 155.25pt;\" width=\"207\">95L<\/td>\n<td class=\"et4\" style=\"width: 144.00pt;\" width=\"192\">\/<\/td>\n<\/tr>\n<tr style=\"height: 31.50pt;\">\n<td class=\"et3\" style=\"height: 31.50pt; width: 54.00pt;\" width=\"72\" height=\"42\">Aceite de la transmisi\u00f3n<\/td>\n<td class=\"et5\" style=\"width: 106.50pt;\" width=\"142\">45L<\/td>\n<td class=\"et5\" style=\"width: 131.25pt;\" width=\"175\">45L<\/td>\n<td class=\"et5\" style=\"width: 155.25pt;\" width=\"207\">45L<\/td>\n<td class=\"et5\" style=\"width: 144.00pt;\" width=\"192\">\/<\/td>\n<\/tr>\n<tr style=\"height: 15.75pt;\">\n<td class=\"et2\" style=\"height: 15.75pt; width: 54.00pt;\" width=\"72\" height=\"21\">Neum\u00e1ticos<\/td>\n<td class=\"et2\" style=\"width: 537.00pt;\" colspan=\"4\" width=\"716\"><\/td>\n<\/tr>\n<tr style=\"height: 15.75pt;\">\n<td class=\"et3\" style=\"height: 15.75pt; width: 54.00pt;\" width=\"72\" height=\"21\">Tama\u00f1o<\/td>\n<td class=\"et5\" style=\"width: 106.50pt;\" width=\"142\">17.5-25<\/td>\n<td class=\"et5\" style=\"width: 131.25pt;\" width=\"175\">17.5-25<\/td>\n<td class=\"et5\" style=\"width: 155.25pt;\" width=\"207\">17.5-25<\/td>\n<td class=\"et5\" style=\"width: 144.00pt;\" width=\"192\">17.5-25<\/td>\n<\/tr>\n<tr style=\"height: 15.75pt;\">\n<td class=\"et3\" style=\"height: 15.75pt; width: 54.00pt;\" width=\"72\" height=\"21\">Escribe<\/td>\n<td class=\"et4\" style=\"width: 106.50pt;\" width=\"142\">relaciones p\u00fablicas<\/td>\n<td class=\"et4\" style=\"width: 131.25pt;\" width=\"175\">relaciones p\u00fablicas<\/td>\n<td class=\"et4\" style=\"width: 155.25pt;\" width=\"207\">relaciones p\u00fablicas<\/td>\n<td class=\"et4\" style=\"width: 144.00pt;\" width=\"192\">Parcialidad<\/td>\n<\/tr>\n<tr style=\"height: 15.75pt;\">\n<td class=\"et3\" style=\"height: 15.75pt; width: 54.00pt;\" width=\"72\" height=\"21\">Capa<\/td>\n<td class=\"et5\" style=\"width: 106.50pt;\" align=\"right\" width=\"142\">12<\/td>\n<td class=\"et5\" style=\"width: 131.25pt;\" align=\"right\" width=\"175\">12<\/td>\n<td class=\"et5\" style=\"width: 155.25pt;\" align=\"right\" width=\"207\">12<\/td>\n<td class=\"et5\" style=\"width: 144.00pt;\" align=\"right\" width=\"192\">12<\/td>\n<\/tr>\n<\/tbody>\n<\/table>","protected":false},"excerpt":{"rendered":"<ul>\n<li>Carga \u00fatil nominal: 3000 kg<\/li>\n<li>Peso operativo con cuchar\u00f3n est\u00e1ndar: 9900 kg<\/li>\n<li>Capacidad del cuchar\u00f3n: 1,5-2,5 m\u00b3<\/li>\n<\/ul>","protected":false},"featured_media":786,"comment_status":"closed","ping_status":"closed","template":"","meta":[],"product_brand":[],"product_cat":[33],"product_tag":[87,34],"class_list":{"0":"post-226","1":"product","2":"type-product","3":"status-publish","4":"has-post-thumbnail","6":"product_cat-sem-loader","7":"product_tag-sem-loader_sem636d","8":"product_tag-sem636d","10":"first","11":"instock","12":"shipping-taxable","13":"product-type-simple"},"aioseo_notices":[],"_links":{"self":[{"href":"https:\/\/machpanda.com\/es\/wp-json\/wp\/v2\/product\/226","targetHints":{"allow":["GET"]}}],"collection":[{"href":"https:\/\/machpanda.com\/es\/wp-json\/wp\/v2\/product"}],"about":[{"href":"https:\/\/machpanda.com\/es\/wp-json\/wp\/v2\/types\/product"}],"replies":[{"embeddable":true,"href":"https:\/\/machpanda.com\/es\/wp-json\/wp\/v2\/comments?post=226"}],"wp:featuredmedia":[{"embeddable":true,"href":"https:\/\/machpanda.com\/es\/wp-json\/wp\/v2\/media\/786"}],"wp:attachment":[{"href":"https:\/\/machpanda.com\/es\/wp-json\/wp\/v2\/media?parent=226"}],"wp:term":[{"taxonomy":"product_brand","embeddable":true,"href":"https:\/\/machpanda.com\/es\/wp-json\/wp\/v2\/product_brand?post=226"},{"taxonomy":"product_cat","embeddable":true,"href":"https:\/\/machpanda.com\/es\/wp-json\/wp\/v2\/product_cat?post=226"},{"taxonomy":"product_tag","embeddable":true,"href":"https:\/\/machpanda.com\/es\/wp-json\/wp\/v2\/product_tag?post=226"}],"curies":[{"name":"wp","href":"https:\/\/api.w.org\/{rel}","templated":true}]}}