{"id":228,"date":"2022-06-14T01:10:01","date_gmt":"2022-06-14T01:10:01","guid":{"rendered":"https:\/\/machpanda.com\/?post_type=product&#038;p=228"},"modified":"2023-02-20T06:56:19","modified_gmt":"2023-02-20T06:56:19","slug":"sem655d","status":"publish","type":"product","link":"https:\/\/machpanda.com\/es\/producto\/sem655d\/","title":{"rendered":"Cargadoras de ruedas SEM 5t 655D"},"content":{"rendered":"<p style=\"text-align: left;\" align=\"center\"><strong>\u00a0SEM Cargadoras sobre ruedas de 5 t 655D Aplicaciones de la m\u00e1quina<\/strong><\/p>\n<ul style=\"text-align: left;\">\n<li>El dise\u00f1o robusto de la SEM655D la convierte en la m\u00e1quina perfecta para el manejo de carga portuaria, dep\u00f3sitos de minerales, acer\u00edas y otras aplicaciones de alta demanda.<\/li>\n<li>En aplicaciones de canteras y agregados y miner\u00eda de carb\u00f3n, el 656D puede cargar m\u00e1s, moverse m\u00e1s r\u00e1pido y quemar menos combustible<\/li>\n<li>Varias herramientas de trabajo est\u00e1n disponibles para una mayor versatilidad<\/li>\n<\/ul>\n<p style=\"text-align: left;\" align=\"center\"><strong>\u00a0SEM Cargadoras sobre ruedas de 5 t Motor optimizado 655D<\/strong><\/p>\n<ul style=\"text-align: left;\">\n<li>El motor de baja velocidad con E-fan proporciona una mayor eficiencia operativa<\/li>\n<li>El prefiltro de combustible mejorado elimina el agua y los contaminantes del combustible para una mejor protecci\u00f3n del sistema de combustible<\/li>\n<li>El filtro de aire brinda confiabilidad a la m\u00e1quina incluso en las aplicaciones m\u00e1s severas<\/li>\n<\/ul>\n<p style=\"text-align: left;\" align=\"center\"><strong>\u00a0SEM Cargadoras de ruedas de 5 t 655D Sistema hidr\u00e1ulico eficiente<\/strong><\/p>\n<ul style=\"text-align: left;\">\n<li>El avanzado sistema hidr\u00e1ulico de detecci\u00f3n de carga con circuitos de flujo compartido mejora la eficiencia<\/li>\n<li>Los componentes hidr\u00e1ulicos de clase mundial garantizan una alta confiabilidad<\/li>\n<li>El sistema hidr\u00e1ulico optimizado combinado con el tren de transmisi\u00f3n reduce el tiempo de ciclo de la m\u00e1quina y aumenta la productividad<\/li>\n<\/ul>\n<p style=\"text-align: left;\" align=\"center\"><strong>\u00a0SEM Cargadoras sobre ruedas 5t 655D Puesto de mando<\/strong><\/p>\n<ul style=\"text-align: left;\">\n<li>Estaci\u00f3n del operador premium con mayor espacio y visibilidad superior<\/li>\n<li>La ventana lateral corrediza y el aire acondicionado con circulaci\u00f3n de aire fresco brindan comodidad al operador<\/li>\n<li>Control hidr\u00e1ulico con joystick para un funcionamiento f\u00e1cil y preciso<\/li>\n<li>Tablero de instrumentos multifunci\u00f3n con alarma de 3 niveles<\/li>\n<li>Asiento con suspensi\u00f3n ajustable<\/li>\n<\/ul>\n<p style=\"text-align: left;\" align=\"center\"><strong>\u00a0SEM Cargadoras sobre ruedas de 5 t 655D Tren de potencia fiable<\/strong><\/p>\n<ul style=\"text-align: left;\">\n<li>La transmisi\u00f3n del contraeje con componentes centrales mejorados brinda una alta confiabilidad<\/li>\n<li>La gran fuerza de tracci\u00f3n en la primera marcha y la velocidad m\u00e1s alta en la segunda proporcionan una alta eficiencia para aplicaciones de carga y transporte<\/li>\n<li>El interruptor de selecci\u00f3n de corte del embrague garantiza un funcionamiento estable y seguro<\/li>\n<li>El eje dise\u00f1ado y fabricado por SEM proporciona el mejor rendimiento de su clase en aplicaciones de servicio pesado<\/li>\n<\/ul>\n<p style=\"text-align: left;\" align=\"center\"><strong>\u00a0SEM Cargadoras sobre ruedas de 5 t 655D Sistema avanzado de refrigeraci\u00f3n<\/strong><\/p>\n<ul style=\"text-align: left;\">\n<li>El paquete de enfriamiento est\u00e1ndar brinda alta confiabilidad en condiciones ambientales de 50 \u2103.<\/li>\n<li>Los montajes de amortiguadores aseguran la confiabilidad en aplicaciones severas<\/li>\n<\/ul>\n<p style=\"text-align: left;\" align=\"center\"><strong>\u00a0SEM Cargadoras de ruedas de 5t 655D Estructura s\u00f3lida<\/strong><\/p>\n<ul style=\"text-align: left;\">\n<li>Las estructuras se someten a an\u00e1lisis de elementos finitos (FEA) y an\u00e1lisis de tensi\u00f3n en la m\u00e1quina (OMSA) para garantizar la durabilidad<\/li>\n<li>Los cucharones de la serie Performance (PS) mejoran la capacidad de carga<\/li>\n<\/ul>\n<p style=\"text-align: left;\" align=\"center\"><strong>\u00a0SEM Cargadoras sobre ruedas de 5 t 655D Mantenimiento<\/strong><\/p>\n<ul>\n<li style=\"text-align: left;\">Los puntos de lubricaci\u00f3n centralizados reducen el tiempo de mantenimiento<\/li>\n<li style=\"text-align: left;\">Los puertos de prueba de presi\u00f3n del sistema son est\u00e1ndar<\/li>\n<li style=\"text-align: left;\">F\u00e1cil acceso al puerto de conexi\u00f3n de carga de aire externo<\/li>\n<li style=\"text-align: left;\">La parrilla del cap\u00f3 del motor se abre para facilitar el acceso al servicio<\/li>\n<li style=\"text-align: left;\" data-spm-anchor-id=\"a2700.details.0.i32.3ce23ddfEbP097\">El convertidor de par est\u00e1 aislado de la transmisi\u00f3n, lo que facilita el mantenimiento<\/li>\n<\/ul>","protected":false},"excerpt":{"rendered":"<p>Carga \u00fatil nominal:<br \/>\nPeso de trabajo del cuchar\u00f3n est\u00e1ndar de 5.000 kg: 16.800 kg<br \/>\nCapacidad del cuchar\u00f3n: 2,7-4,5 m\u00b3<\/p>","protected":false},"featured_media":784,"comment_status":"closed","ping_status":"closed","template":"","meta":[],"product_brand":[],"product_cat":[33],"product_tag":[86,35],"class_list":{"0":"post-228","1":"product","2":"type-product","3":"status-publish","4":"has-post-thumbnail","6":"product_cat-sem-loader","7":"product_tag-sem-loader_sem655d","8":"product_tag-sem655d","10":"first","11":"instock","12":"shipping-taxable","13":"product-type-simple"},"aioseo_notices":[],"_links":{"self":[{"href":"https:\/\/machpanda.com\/es\/wp-json\/wp\/v2\/product\/228","targetHints":{"allow":["GET"]}}],"collection":[{"href":"https:\/\/machpanda.com\/es\/wp-json\/wp\/v2\/product"}],"about":[{"href":"https:\/\/machpanda.com\/es\/wp-json\/wp\/v2\/types\/product"}],"replies":[{"embeddable":true,"href":"https:\/\/machpanda.com\/es\/wp-json\/wp\/v2\/comments?post=228"}],"wp:featuredmedia":[{"embeddable":true,"href":"https:\/\/machpanda.com\/es\/wp-json\/wp\/v2\/media\/784"}],"wp:attachment":[{"href":"https:\/\/machpanda.com\/es\/wp-json\/wp\/v2\/media?parent=228"}],"wp:term":[{"taxonomy":"product_brand","embeddable":true,"href":"https:\/\/machpanda.com\/es\/wp-json\/wp\/v2\/product_brand?post=228"},{"taxonomy":"product_cat","embeddable":true,"href":"https:\/\/machpanda.com\/es\/wp-json\/wp\/v2\/product_cat?post=228"},{"taxonomy":"product_tag","embeddable":true,"href":"https:\/\/machpanda.com\/es\/wp-json\/wp\/v2\/product_tag?post=228"}],"curies":[{"name":"wp","href":"https:\/\/api.w.org\/{rel}","templated":true}]}}