{"id":234,"date":"2022-06-14T01:17:13","date_gmt":"2022-06-14T01:17:13","guid":{"rendered":"https:\/\/machpanda.com\/?post_type=product&#038;p=234"},"modified":"2023-02-20T06:50:25","modified_gmt":"2023-02-20T06:50:25","slug":"sem660d-2","status":"publish","type":"product","link":"https:\/\/machpanda.com\/es\/producto\/sem660d-2\/","title":{"rendered":"Las mejores cargadoras de ruedas SEM 6t SEM660D para empresas madereras forestales"},"content":{"rendered":"<p><a href=\"https:\/\/machpanda.com\/es\/producto\/sem660d-2\/\">Mejor SEM 6t Cargadoras de Ruedas SEM660D<\/a> para la empresa de tala forestal de SEM660D est\u00e1 equipado con un 178kW @ 2000rpm motor de baja velocidad, ventilador electromagn\u00e9tico est\u00e1ndar, menor consumo de combustible, menor ruido, gran reserva de par, potencia fuerte, equipado con filtro de seguridad de combustible para proteger el sistema de combustible.<\/p>\n<p>Mejor SEM 6t Cargadoras de Ruedas SEM660D para la empresa forestal Logging Motor<br \/>\n* Tecnolog\u00eda de control de energ\u00eda t\u00e9rmica de alta eficiencia, que brinda mayor confiabilidad y eficiencia<br \/>\n* Potente motor con reserva de par 30%, lo que hace que esta m\u00e1quina sea adecuada para la mayor\u00eda de las aplicaciones<br \/>\n* Tecnolog\u00eda especial de control de consumo de aceite en pist\u00f3n y manguitos. La tasa de combustible\/aceite es inferior a 0,21 TP2T<br \/>\n* Dise\u00f1o duradero del cuerpo del motor y menor ruido.<br \/>\nMejor SEM 6t Cargadoras de Ruedas SEM660D para la tala forestal empresa Eficiente Sistema Hidr\u00e1ulico<br \/>\n* El sistema hidr\u00e1ulico de direcci\u00f3n con detecci\u00f3n de carga completa proporciona un menor consumo de combustible y una buena comodidad para el operador<br \/>\n* La bomba, la v\u00e1lvula y la manguera profesionales garantizan una mayor fiabilidad<br \/>\n* El excelente enrutamiento de la l\u00ednea reduce las fugas anormales, lo que hace que el sistema hidr\u00e1ulico sea m\u00e1s confiable<br \/>\n* El tiempo de ciclo r\u00e1pido a 7,8 s garantiza una mayor productividad<\/p>\n<p>Mejor SEM 6t Cargadoras de Ruedas SEM660D para la tala forestal empresa Estaci\u00f3n de Operador<br \/>\n* Asiento premium de primera clase con suspensi\u00f3n ajustable, reposabrazos y cintur\u00f3n de seguridad<br \/>\n* AC (opcional) para un mejor control de la temperatura dentro de la cabina<\/p>","protected":false},"excerpt":{"rendered":"<p>Carga \u00fatil nominal: 6000 kg<br \/>\nPeso operativo del cuchar\u00f3n est\u00e1ndar: 20 117 kg<br \/>\nCapacidad del cuchar\u00f3n: 2,9-5,5 m\u00b3<\/p>","protected":false},"featured_media":780,"comment_status":"closed","ping_status":"closed","template":"","meta":[],"product_brand":[],"product_cat":[33],"product_tag":[84,38],"class_list":{"0":"post-234","1":"product","2":"type-product","3":"status-publish","4":"has-post-thumbnail","6":"product_cat-sem-loader","7":"product_tag-sem-loader_sem660d","8":"product_tag-sem668d","10":"first","11":"instock","12":"shipping-taxable","13":"product-type-simple"},"aioseo_notices":[],"_links":{"self":[{"href":"https:\/\/machpanda.com\/es\/wp-json\/wp\/v2\/product\/234","targetHints":{"allow":["GET"]}}],"collection":[{"href":"https:\/\/machpanda.com\/es\/wp-json\/wp\/v2\/product"}],"about":[{"href":"https:\/\/machpanda.com\/es\/wp-json\/wp\/v2\/types\/product"}],"replies":[{"embeddable":true,"href":"https:\/\/machpanda.com\/es\/wp-json\/wp\/v2\/comments?post=234"}],"wp:featuredmedia":[{"embeddable":true,"href":"https:\/\/machpanda.com\/es\/wp-json\/wp\/v2\/media\/780"}],"wp:attachment":[{"href":"https:\/\/machpanda.com\/es\/wp-json\/wp\/v2\/media?parent=234"}],"wp:term":[{"taxonomy":"product_brand","embeddable":true,"href":"https:\/\/machpanda.com\/es\/wp-json\/wp\/v2\/product_brand?post=234"},{"taxonomy":"product_cat","embeddable":true,"href":"https:\/\/machpanda.com\/es\/wp-json\/wp\/v2\/product_cat?post=234"},{"taxonomy":"product_tag","embeddable":true,"href":"https:\/\/machpanda.com\/es\/wp-json\/wp\/v2\/product_tag?post=234"}],"curies":[{"name":"wp","href":"https:\/\/api.w.org\/{rel}","templated":true}]}}