{"id":236,"date":"2022-06-14T01:19:41","date_gmt":"2022-06-14T01:19:41","guid":{"rendered":"https:\/\/machpanda.com\/?post_type=product&#038;p=236"},"modified":"2023-02-20T06:14:22","modified_gmt":"2023-02-20T06:14:22","slug":"sl30wn-shantui-loader-for-sale","status":"publish","type":"product","link":"https:\/\/machpanda.com\/es\/producto\/sl30wn-shantui-loader-for-sale\/","title":{"rendered":"Venta de cargadora SL30WN SHANTUI"},"content":{"rendered":"<h2>Pala cargadora SL30WN SHANTUI en venta Empresas es un producto de pala cargadora de eje fijo de potencia peque\u00f1a y media desarrollado por Shantui luego de una extensa investigaci\u00f3n de mercado y aplicaci\u00f3n de nuevas tecnolog\u00edas y m\u00e9todos de dise\u00f1o modernos.<\/h2>\n<p>Pala cargadora SL30WN SHANTUI en venta, Toda la m\u00e1quina adopta un motor de baja velocidad emparejado con un conversor de par hidr\u00e1ulico de gran capacidad desarrollado independientemente por Shantui. El sistema hidr\u00e1ulico adopta una tecnolog\u00eda avanzada de confluencia de bomba doble y descarga prioritaria.<\/p>\n<p>SL30WN SHANTUI cargador para la venta, El sistema el\u00e9ctrico adopta instrumentos digitales fiables y hermosos. Toda la m\u00e1quina tiene una estructura avanzada. Coincidencia razonable, operaci\u00f3n ligera y flexible, calidad confiable, es un producto cargador que combina las caracter\u00edsticas de ahorro de energ\u00eda, alta eficiencia y protecci\u00f3n del medio ambiente.<\/p>\n<p>La selecci\u00f3n de velocidad de los cuatro primeros y el segundo, y la mayor altura de carga y descarga son especialmente adecuados para las condiciones de funcionamiento de potencia media y peque\u00f1a, como la pala, la carga, el transporte de materiales sueltos y la construcci\u00f3n de movimiento de tierras.<\/p>\n<table style=\"border-collapse: collapse; width: 435.77pt;\" border=\"0\" width=\"581\" cellspacing=\"0\" cellpadding=\"0\">\n<tbody>\n<tr style=\"height: 22.50pt;\">\n<td class=\"et2\" style=\"height: 22.50pt; width: 206.05pt;\" width=\"274\" height=\"30\">Nombre del par\u00e1metro<\/td>\n<td class=\"et2\" style=\"width: 230.05pt;\" width=\"306\">SL30WN<\/td>\n<\/tr>\n<tr style=\"height: 22.50pt;\">\n<td class=\"et3\" style=\"height: 22.50pt; width: 206.05pt;\" width=\"274\" height=\"30\">Par\u00e1metros de rendimiento<\/td>\n<td class=\"et3\" style=\"width: 230.05pt;\" width=\"306\"><\/td>\n<\/tr>\n<tr style=\"height: 22.50pt;\">\n<td class=\"et5\" style=\"height: 22.50pt; width: 206.05pt;\" width=\"274\" height=\"30\">Peso operativo (Kg)<\/td>\n<td class=\"et5\" style=\"width: 230.05pt;\" width=\"306\">10300<\/td>\n<\/tr>\n<tr style=\"height: 22.50pt;\">\n<td class=\"et5\" style=\"height: 22.50pt; width: 206.05pt;\" width=\"274\" height=\"30\">Altura m\u00e1xima de descarga (mm)<\/td>\n<td class=\"et5\" style=\"width: 230.05pt;\" width=\"306\">3057 (pluma extendida) 3200 (pluma larga)<\/td>\n<\/tr>\n<tr style=\"height: 22.50pt;\">\n<td class=\"et5\" style=\"height: 22.50pt; width: 206.05pt;\" width=\"274\" height=\"30\">Alcance de descarga (mm)<\/td>\n<td class=\"et5\" style=\"width: 230.05pt;\" width=\"306\">906 (pluma extendida) 886 (pluma larga)<\/td>\n<\/tr>\n<tr style=\"height: 22.50pt;\">\n<td class=\"et5\" style=\"height: 22.50pt; width: 206.05pt;\" width=\"274\" height=\"30\">Fuerza m\u00e1xima de arranque (kN)<\/td>\n<td class=\"et5\" style=\"width: 230.05pt;\" width=\"306\">\u2265105<\/td>\n<\/tr>\n<tr style=\"height: 22.50pt;\">\n<td class=\"et5\" style=\"height: 22.50pt; width: 206.05pt;\" width=\"274\" height=\"30\">Tiempo total del ciclo (s)<\/td>\n<td class=\"et5\" style=\"width: 230.05pt;\" width=\"306\">9<\/td>\n<\/tr>\n<tr style=\"height: 22.50pt;\">\n<td class=\"et3\" style=\"height: 22.50pt; width: 206.05pt;\" width=\"274\" height=\"30\">Motor<\/td>\n<td class=\"et3\" style=\"width: 230.05pt;\" width=\"306\"><\/td>\n<\/tr>\n<tr style=\"height: 22.50pt;\">\n<td class=\"et5\" style=\"height: 22.50pt; width: 206.05pt;\" width=\"274\" height=\"30\">Modelo de motor<\/td>\n<td class=\"et5\" style=\"width: 230.05pt;\" width=\"306\">WP6<\/td>\n<\/tr>\n<tr style=\"height: 22.50pt;\">\n<td class=\"et5\" style=\"height: 22.50pt; width: 206.05pt;\" width=\"274\" height=\"30\">Potencia nominal\/velocidad nominal (kW\/rpm)<\/td>\n<td class=\"et5\" style=\"width: 230.05pt;\" width=\"306\">92\/2000<\/td>\n<\/tr>\n<tr style=\"height: 22.50pt;\">\n<td class=\"et3\" style=\"height: 22.50pt; width: 206.05pt;\" width=\"274\" height=\"30\">Dimensiones totales<\/td>\n<td class=\"et3\" style=\"width: 230.05pt;\" width=\"306\"><\/td>\n<\/tr>\n<tr style=\"height: 22.50pt;\">\n<td class=\"et5\" style=\"height: 22.50pt; width: 206.05pt;\" width=\"274\" height=\"30\">Dimensiones totales de la m\u00e1quina (mm)<\/td>\n<td class=\"et5\" style=\"width: 230.05pt;\" width=\"306\">7170*2484*3235<\/td>\n<\/tr>\n<tr style=\"height: 22.50pt;\">\n<td class=\"et3\" style=\"height: 22.50pt; width: 206.05pt;\" width=\"274\" height=\"30\">Rendimiento de conducci\u00f3n<\/td>\n<td class=\"et3\" style=\"width: 230.05pt;\" width=\"306\"><\/td>\n<\/tr>\n<tr style=\"height: 22.50pt;\">\n<td class=\"et5\" style=\"height: 22.50pt; width: 206.05pt;\" width=\"274\" height=\"30\">Velocidad de avance (km\/h)<\/td>\n<td class=\"et5\" style=\"width: 230.05pt;\" width=\"306\">F1:0-7,F2:0-12,F3:0-23,F4:0-37<\/td>\n<\/tr>\n<tr style=\"height: 22.50pt;\">\n<td class=\"et5\" style=\"height: 22.50pt; width: 206.05pt;\" width=\"274\" height=\"30\">Velocidad de marcha atr\u00e1s (km\/h)<\/td>\n<td class=\"et5\" style=\"width: 230.05pt;\" width=\"306\">R1:0-8.3,R2:0-28<\/td>\n<\/tr>\n<tr style=\"height: 22.50pt;\">\n<td class=\"et3\" style=\"height: 22.50pt; width: 206.05pt;\" width=\"274\" height=\"30\">Sistema de chasis<\/td>\n<td class=\"et3\" style=\"width: 230.05pt;\" width=\"306\"><\/td>\n<\/tr>\n<tr style=\"height: 22.50pt;\">\n<td class=\"et5\" style=\"height: 22.50pt; width: 206.05pt;\" width=\"274\" height=\"30\">Distancia entre ejes (mm)<\/td>\n<td class=\"et5\" style=\"width: 230.05pt;\" width=\"306\">2700<\/td>\n<\/tr>\n<tr style=\"height: 22.50pt;\">\n<td class=\"et3\" style=\"height: 22.50pt; width: 206.05pt;\" width=\"274\" height=\"30\">Capacidad del tanque<\/td>\n<td class=\"et3\" style=\"width: 230.05pt;\" width=\"306\"><\/td>\n<\/tr>\n<tr style=\"height: 22.50pt;\">\n<td class=\"et5\" style=\"height: 22.50pt; width: 206.05pt;\" width=\"274\" height=\"30\">Tanque de combustible (L)<\/td>\n<td class=\"et5\" style=\"width: 230.05pt;\" width=\"306\">150<\/td>\n<\/tr>\n<tr style=\"height: 22.50pt;\">\n<td class=\"et3\" style=\"height: 22.50pt; width: 206.05pt;\" width=\"274\" height=\"30\">dispositivo de trabajo<\/td>\n<td class=\"et3\" style=\"width: 230.05pt;\" width=\"306\"><\/td>\n<\/tr>\n<tr style=\"height: 22.50pt;\">\n<td class=\"et5\" style=\"height: 22.50pt; width: 206.05pt;\" width=\"274\" height=\"30\">Capacidad nominal de la cuchara (m\u00b3)<\/td>\n<td class=\"et5\" style=\"width: 230.05pt;\" width=\"306\">1.7<\/td>\n<\/tr>\n<tr style=\"height: 22.50pt;\">\n<td class=\"et5\" style=\"height: 22.50pt; width: 206.05pt;\" width=\"274\" height=\"30\">Capacidad de carga nominal (t)<\/td>\n<td class=\"et5\" style=\"width: 230.05pt;\" width=\"306\">3<\/td>\n<\/tr>\n<\/tbody>\n<\/table>","protected":false},"excerpt":{"rendered":"<p>Peso de trabajo: 10300 kg<br \/>\nCapacidad de la cuchara: 1,7 m\u00b3<br \/>\nPotencia\/velocidad: 92kw\/2000rpm<\/p>","protected":false},"featured_media":768,"comment_status":"closed","ping_status":"closed","template":"","meta":[],"product_brand":[],"product_cat":[19],"product_tag":[83,39],"class_list":{"0":"post-236","1":"product","2":"type-product","3":"status-publish","4":"has-post-thumbnail","6":"product_cat-loader","7":"product_tag-loader_sl30wn","8":"product_tag-sl30","10":"first","11":"instock","12":"shipping-taxable","13":"product-type-simple"},"aioseo_notices":[],"_links":{"self":[{"href":"https:\/\/machpanda.com\/es\/wp-json\/wp\/v2\/product\/236","targetHints":{"allow":["GET"]}}],"collection":[{"href":"https:\/\/machpanda.com\/es\/wp-json\/wp\/v2\/product"}],"about":[{"href":"https:\/\/machpanda.com\/es\/wp-json\/wp\/v2\/types\/product"}],"replies":[{"embeddable":true,"href":"https:\/\/machpanda.com\/es\/wp-json\/wp\/v2\/comments?post=236"}],"wp:featuredmedia":[{"embeddable":true,"href":"https:\/\/machpanda.com\/es\/wp-json\/wp\/v2\/media\/768"}],"wp:attachment":[{"href":"https:\/\/machpanda.com\/es\/wp-json\/wp\/v2\/media?parent=236"}],"wp:term":[{"taxonomy":"product_brand","embeddable":true,"href":"https:\/\/machpanda.com\/es\/wp-json\/wp\/v2\/product_brand?post=236"},{"taxonomy":"product_cat","embeddable":true,"href":"https:\/\/machpanda.com\/es\/wp-json\/wp\/v2\/product_cat?post=236"},{"taxonomy":"product_tag","embeddable":true,"href":"https:\/\/machpanda.com\/es\/wp-json\/wp\/v2\/product_tag?post=236"}],"curies":[{"name":"wp","href":"https:\/\/api.w.org\/{rel}","templated":true}]}}