{"id":240,"date":"2022-06-14T01:23:51","date_gmt":"2022-06-14T01:23:51","guid":{"rendered":"https:\/\/machpanda.com\/?post_type=product&#038;p=240"},"modified":"2023-02-20T03:50:39","modified_gmt":"2023-02-20T03:50:39","slug":"top-loader-shantui-loader-sl60w-dealer","status":"publish","type":"product","link":"https:\/\/machpanda.com\/es\/producto\/top-loader-shantui-loader-sl60w-dealer\/","title":{"rendered":"Concesionario Shantui loader SL60W de cargador superior"},"content":{"rendered":"<h2>Cargador superior Shantui SL60W distribuidor\uff0cNueva generaci\u00f3n de motores de ahorro de energ\u00eda de Weichai.<\/h2>\n<p>Cargador superior <a href=\"https:\/\/machpanda.com\/es\/producto\/sl60w-2\/\">Cargadora Shantui SL60W<\/a> distribuidor\uff0ccon las normas de emisi\u00f3n Nacional II, alta eficiencia y ahorro de energ\u00eda, y fuerte poder.<br \/>\nDistribuidor del cargador superior Shantui SL60W, Adopta un convertidor de par de tres elementos monof\u00e1sico de una sola etapa y una caja de cambios de potencia de eje fijo para transmitir la potencia. La potencia est\u00e1 bien adaptada y el movimiento es suave. Estructura dividida, f\u00e1cil mantenimiento.<\/p>\n<p>Cuatro marchas adelante y cuatro marchas atr\u00e1s para seleccionar la velocidad. Es especialmente adecuada para trabajos pesados, largas distancias y otras operaciones industriales y mineras duras, y el funcionamiento es m\u00e1s potente y el movimiento m\u00e1s r\u00e1pido.<br \/>\nCon una distancia entre ejes de 3400mm y un peso muerto de 21t, la carga pesada es m\u00e1s estable. El proveedor de la pala cargadora SHANTUI SL60W no s\u00f3lo garantiza una excelente adaptabilidad y flexibilidad en el sitio, sino que tambi\u00e9n garantiza una s\u00faper estabilidad de operaci\u00f3n. \u00a1Las operaciones de trabajo pesado en las minas en general, como el desbroce son f\u00e1ciles!<\/p>\n<p>Hay muy poca diferencia de par entre los ejes de transmisi\u00f3n delantero y trasero en las curvas.<\/p>\n<p>Se evita la diferencia de deslizamiento entre las ruedas delanteras y traseras, y la huella de las ruedas delanteras y traseras se solapa, lo que mejora la vida \u00fatil del neum\u00e1tico y la capacidad de paso de la m\u00e1quina, y reduce la p\u00e9rdida de energ\u00eda.<br \/>\nLas partes estructurales de la m\u00e1quina principal est\u00e1n optimizadas por dise\u00f1o de elementos finitos, adoptan estructura de placa, soldadura autom\u00e1tica por robot, anti-carga, anti-deformaci\u00f3n, toda la m\u00e1quina es firme y compacta, y tiene buena estabilidad.<\/p>\n<h2>Cargador superior Shantui SL60W distribuidor, los componentes clave son importados mangueras de alta presi\u00f3n<\/h2>\n<p>Se fabrican mediante un proceso sin pelado. Adoptar la norma DIN, la superficie del cono de 24 \u00b0 y dos juntas t\u00f3ricas, resistente al calor y resistente a alta presi\u00f3n, completamente a prueba de fugas y fiable en el rendimiento.<br \/>\nEl bastidor oscilante est\u00e1 dise\u00f1ado para oscilar hacia arriba y hacia abajo 12\u00b0, lo que permite a la cargadora aterrizar de forma m\u00e1s eficiente en carreteras accidentadas, con mayor adherencia, mejor estabilidad y transitabilidad.<\/p>\n<p>Los bastidores delantero y trasero est\u00e1n articulados con rodamientos de rodillos c\u00f3nicos, que son fiables en su uso y f\u00e1ciles de mantener.<br \/>\nSHANTUI Cargador SL60W Proveedor que proporciona una variedad de dispositivos de trabajo tales como cucharas para madera, cucharas para hierba, cucharas para carb\u00f3n y trituradoras.<\/p>","protected":false},"excerpt":{"rendered":"<p>Peso de trabajo: 21000kg<br \/>\nCapacidad de la cuchara: 3,5 m\u00b3<br \/>\nPotencia\/velocidad: 175kw\/2200rpm<\/p>","protected":false},"featured_media":764,"comment_status":"closed","ping_status":"closed","template":"","meta":[],"product_brand":[],"product_cat":[19],"product_tag":[81,40],"class_list":{"0":"post-240","1":"product","2":"type-product","3":"status-publish","4":"has-post-thumbnail","6":"product_cat-loader","7":"product_tag-loader_sl60w-2","8":"product_tag-sl60w-2","10":"first","11":"instock","12":"shipping-taxable","13":"product-type-simple"},"aioseo_notices":[],"_links":{"self":[{"href":"https:\/\/machpanda.com\/es\/wp-json\/wp\/v2\/product\/240","targetHints":{"allow":["GET"]}}],"collection":[{"href":"https:\/\/machpanda.com\/es\/wp-json\/wp\/v2\/product"}],"about":[{"href":"https:\/\/machpanda.com\/es\/wp-json\/wp\/v2\/types\/product"}],"replies":[{"embeddable":true,"href":"https:\/\/machpanda.com\/es\/wp-json\/wp\/v2\/comments?post=240"}],"wp:featuredmedia":[{"embeddable":true,"href":"https:\/\/machpanda.com\/es\/wp-json\/wp\/v2\/media\/764"}],"wp:attachment":[{"href":"https:\/\/machpanda.com\/es\/wp-json\/wp\/v2\/media?parent=240"}],"wp:term":[{"taxonomy":"product_brand","embeddable":true,"href":"https:\/\/machpanda.com\/es\/wp-json\/wp\/v2\/product_brand?post=240"},{"taxonomy":"product_cat","embeddable":true,"href":"https:\/\/machpanda.com\/es\/wp-json\/wp\/v2\/product_cat?post=240"},{"taxonomy":"product_tag","embeddable":true,"href":"https:\/\/machpanda.com\/es\/wp-json\/wp\/v2\/product_tag?post=240"}],"curies":[{"name":"wp","href":"https:\/\/api.w.org\/{rel}","templated":true}]}}