{"id":242,"date":"2022-06-14T01:43:43","date_gmt":"2022-06-14T01:43:43","guid":{"rendered":"https:\/\/machpanda.com\/?post_type=product&#038;p=242"},"modified":"2022-09-05T07:39:19","modified_gmt":"2022-09-05T07:39:19","slug":"sem-motor-grader-919","status":"publish","type":"product","link":"https:\/\/machpanda.com\/es\/producto\/sem-motor-grader-919\/","title":{"rendered":"Mejor motoniveladora SEM-919"},"content":{"rendered":"<p>Best SEM-Motor Grader-919\uff0cNacional de emisi\u00f3n II est\u00e1 equipado con un motor sobrealimentado e intercooler, con gran reserva de par y fuerte potencia; Best SEM-Motor Grader-919\uff0c El nuevo dise\u00f1o del sistema de refrigeraci\u00f3n cumple con los requisitos de trabajo de la temperatura ambiente de menos 40 \u00b0C ~ menos 50 \u00b0C;Best SEM-Motor Grader-919\uff0cBest SEM-Motor Grader-919\uff0c Caja de cambios de tecnolog\u00eda avanzada internacional, control electrohidr\u00e1ulico Power shift, seis marchas delanteras y tres traseras; Eje trasero de tracci\u00f3n de tres etapas.<\/p>\n<p>Mejor motoniveladora SEM-919\uff1a<\/p>\n<ul>\n<li>Motor shangchai de bajo consumo de combustible.<\/li>\n<li>Baja vibraci\u00f3n, ruido, polvo y cabina resistente a los rayos UV<\/li>\n<li>Eje h\u00famedo Meritor con bloqueo de diferencial &quot;sin giro&quot; como est\u00e1ndar<\/li>\n<li data-spm-anchor-id=\"a2700.details.0.i29.1c6539818ozHcF\">La caja de equilibrio permite que las 4 ruedas traseras giren hacia arriba y hacia abajo +\/- 15\u00b0<br \/>\n<table style=\"border-collapse: collapse; width: 664.52pt;\" border=\"0\" width=\"886\" cellspacing=\"0\" cellpadding=\"0\">\n<tbody>\n<tr style=\"height: 15.75pt;\">\n<td class=\"et2\" style=\"height: 15.75pt; width: 332.25pt;\" width=\"443\" height=\"21\">del<\/td>\n<td class=\"et3\" style=\"width: 332.25pt;\" width=\"443\">SEM919<\/td>\n<\/tr>\n<tr style=\"height: 15.75pt;\">\n<td class=\"et4\" style=\"height: 15.75pt; width: 332.25pt;\" width=\"443\" height=\"21\">Peso operativo<\/td>\n<td class=\"et4\" style=\"width: 332.25pt;\" width=\"443\"><\/td>\n<\/tr>\n<tr style=\"height: 15.75pt;\">\n<td class=\"et2\" style=\"height: 15.75pt; width: 332.25pt;\" width=\"443\" height=\"21\">Est\u00e1ndar<\/td>\n<td class=\"et3\" style=\"width: 332.25pt;\" width=\"443\">15.070 kg\/15.370 kg (con ROPS)<\/td>\n<\/tr>\n<tr style=\"height: 15.75pt;\">\n<td class=\"et2\" style=\"height: 15.75pt; width: 332.25pt;\" width=\"443\" height=\"21\">Con contrapeso delantero y trasero<\/td>\n<td class=\"et2\" style=\"width: 332.25pt;\" width=\"443\">15\u00a0870 kg\/16\u00a0170 kg (con ROPS)<\/td>\n<\/tr>\n<tr style=\"height: 15.75pt;\">\n<td class=\"et2\" style=\"height: 15.75pt; width: 332.25pt;\" width=\"443\" height=\"21\">con cuchilla frontal<\/td>\n<td class=\"et3\" style=\"width: 332.25pt;\" width=\"443\">16.270 kg\/16.570 kg (con ROPS)<\/td>\n<\/tr>\n<tr style=\"height: 15.75pt;\">\n<td class=\"et2\" style=\"height: 15.75pt; width: 332.25pt;\" width=\"443\" height=\"21\">Con Desgarrador+Hoja Delantera<\/td>\n<td class=\"et2\" style=\"width: 332.25pt;\" width=\"443\">17.280 kg \/ 17.580 kg (con ROPS)<\/td>\n<\/tr>\n<tr style=\"height: 15.75pt;\">\n<td class=\"et4\" style=\"height: 15.75pt; width: 332.25pt;\" width=\"443\" height=\"21\">Especificaciones de funcionamiento<\/td>\n<td class=\"et4\" style=\"width: 332.25pt;\" width=\"443\"><\/td>\n<\/tr>\n<tr style=\"height: 15.75pt;\">\n<td class=\"et2\" style=\"height: 15.75pt; width: 332.25pt;\" width=\"443\" height=\"21\">Velocidad m\u00e1xima, adelante<\/td>\n<td class=\"et2\" style=\"width: 332.25pt;\" width=\"443\">40kph<\/td>\n<\/tr>\n<tr style=\"height: 15.75pt;\">\n<td class=\"et2\" style=\"height: 15.75pt; width: 332.25pt;\" width=\"443\" height=\"21\">Velocidad m\u00e1xima, marcha atr\u00e1s<\/td>\n<td class=\"et3\" style=\"width: 332.25pt;\" width=\"443\">25kph<\/td>\n<\/tr>\n<tr style=\"height: 15.75pt;\">\n<td class=\"et2\" style=\"height: 15.75pt; width: 332.25pt;\" width=\"443\" height=\"21\">m\u00edn. Radio de giro<\/td>\n<td class=\"et2\" style=\"width: 332.25pt;\" width=\"443\">7.800 mm<\/td>\n<\/tr>\n<tr style=\"height: 15.75pt;\">\n<td class=\"et2\" style=\"height: 15.75pt; width: 332.25pt;\" width=\"443\" height=\"21\">\u00c1ngulo de articulaci\u00f3n, izquierda\/derecha<\/td>\n<td class=\"et3\" style=\"width: 332.25pt;\" width=\"443\">20\u00b0<\/td>\n<\/tr>\n<tr style=\"height: 15.75pt;\">\n<td class=\"et2\" style=\"height: 15.75pt; width: 332.25pt;\" width=\"443\" height=\"21\">Trepabilidad<\/td>\n<td class=\"et2\" style=\"width: 332.25pt;\" width=\"443\">30\u00b0<\/td>\n<\/tr>\n<tr style=\"height: 15.75pt;\">\n<td class=\"et2\" style=\"height: 15.75pt; width: 332.25pt;\" width=\"443\" height=\"21\">distancia entre ejes<\/td>\n<td class=\"et3\" style=\"width: 332.25pt;\" width=\"443\">6140 mm<\/td>\n<\/tr>\n<tr style=\"height: 15.75pt;\">\n<td class=\"et2\" style=\"height: 15.75pt; width: 332.25pt;\" width=\"443\" height=\"21\">Velocidad de viaje, adelante<\/td>\n<td class=\"et2\" style=\"width: 332.25pt;\" width=\"443\">5,3\/9,1\/12\/20\/25\/40 km\/h<\/td>\n<\/tr>\n<tr style=\"height: 15.75pt;\">\n<td class=\"et2\" style=\"height: 15.75pt; width: 332.25pt;\" width=\"443\" height=\"21\">Velocidad de viaje, marcha atr\u00e1s<\/td>\n<td class=\"et3\" style=\"width: 332.25pt;\" width=\"443\">5,3\/12\/25 km\/h<\/td>\n<\/tr>\n<tr style=\"height: 15.75pt;\">\n<td class=\"et2\" style=\"height: 15.75pt; width: 332.25pt;\" width=\"443\" height=\"21\">Fuerza de tracci\u00f3n<\/td>\n<td class=\"et2\" style=\"width: 332.25pt;\" width=\"443\">85kN<\/td>\n<\/tr>\n<tr style=\"height: 15.75pt;\">\n<td class=\"et4\" style=\"height: 15.75pt; width: 332.25pt;\" width=\"443\" height=\"21\">Motor<\/td>\n<td class=\"et4\" style=\"width: 332.25pt;\" width=\"443\"><\/td>\n<\/tr>\n<tr style=\"height: 15.75pt;\">\n<td class=\"et2\" style=\"height: 15.75pt; width: 332.25pt;\" width=\"443\" height=\"21\">Fabricante del motor<\/td>\n<td class=\"et2\" style=\"width: 332.25pt;\" width=\"443\">SDEC<\/td>\n<\/tr>\n<tr style=\"height: 15.75pt;\">\n<td class=\"et2\" style=\"height: 15.75pt; width: 332.25pt;\" width=\"443\" height=\"21\">Modelo de motor<\/td>\n<td class=\"et3\" style=\"width: 332.25pt;\" width=\"443\">SC9DK190.1G2<\/td>\n<\/tr>\n<tr style=\"height: 15.75pt;\">\n<td class=\"et2\" style=\"height: 15.75pt; width: 332.25pt;\" width=\"443\" height=\"21\">Potencia nominal<\/td>\n<td class=\"et2\" style=\"width: 332.25pt;\" width=\"443\">140 a 2200 kW a RPM<\/td>\n<\/tr>\n<tr style=\"height: 15.75pt;\">\n<td class=\"et2\" style=\"height: 15.75pt; width: 332.25pt;\" width=\"443\" height=\"21\">m\u00e1x. Esfuerzo de torsi\u00f3n<\/td>\n<td class=\"et3\" style=\"width: 332.25pt;\" width=\"443\">720 a 1400~1600 kN a RPM<\/td>\n<\/tr>\n<tr style=\"height: 15.75pt;\">\n<td class=\"et2\" style=\"height: 15.75pt; width: 332.25pt;\" width=\"443\" height=\"21\">Emisi\u00f3n<\/td>\n<td class=\"et2\" style=\"width: 332.25pt;\" width=\"443\">El nivel 2<\/td>\n<\/tr>\n<tr style=\"height: 15.75pt;\">\n<td class=\"et2\" style=\"height: 15.75pt; width: 332.25pt;\" width=\"443\" height=\"21\">Transmisi\u00f3n<\/td>\n<td class=\"et3\" style=\"width: 332.25pt;\" width=\"443\">Hangchi 6WG180<\/td>\n<\/tr>\n<tr style=\"height: 15.75pt;\">\n<td class=\"et2\" style=\"height: 15.75pt; width: 332.25pt;\" width=\"443\" height=\"21\">Desplazamiento<\/td>\n<td class=\"et2\" style=\"width: 332.25pt;\" width=\"443\">8.82L<\/td>\n<\/tr>\n<tr style=\"height: 15.75pt;\">\n<td class=\"et2\" style=\"height: 15.75pt; width: 332.25pt;\" width=\"443\" height=\"21\">Aburrir<\/td>\n<td class=\"et3\" style=\"width: 332.25pt;\" width=\"443\">114L<\/td>\n<\/tr>\n<tr style=\"height: 15.75pt;\">\n<td class=\"et2\" style=\"height: 15.75pt; width: 332.25pt;\" width=\"443\" height=\"21\">Carrera<\/td>\n<td class=\"et2\" style=\"width: 332.25pt;\" width=\"443\">144L<\/td>\n<\/tr>\n<tr style=\"height: 15.75pt;\">\n<td class=\"et2\" style=\"height: 15.75pt; width: 332.25pt;\" width=\"443\" height=\"21\">N\u00famero de cilindros<\/td>\n<td class=\"et3\" style=\"width: 332.25pt;\" align=\"right\" width=\"443\">6<\/td>\n<\/tr>\n<tr style=\"height: 15.75pt;\">\n<td class=\"et4\" style=\"height: 15.75pt; width: 332.25pt;\" width=\"443\" height=\"21\">Transmisi\u00f3n<\/td>\n<td class=\"et4\" style=\"width: 332.25pt;\" width=\"443\"><\/td>\n<\/tr>\n<tr style=\"height: 15.75pt;\">\n<td class=\"et2\" style=\"height: 15.75pt; width: 332.25pt;\" width=\"443\" height=\"21\">Marca \/ Fabricante<\/td>\n<td class=\"et3\" style=\"width: 332.25pt;\" width=\"443\">Avance \/ HangChi 6WG180<\/td>\n<\/tr>\n<tr style=\"height: 15.75pt;\">\n<td class=\"et2\" style=\"height: 15.75pt; width: 332.25pt;\" width=\"443\" height=\"21\">Escribe<\/td>\n<td class=\"et2\" style=\"width: 332.25pt;\" width=\"443\">Convertidor Powershift<\/td>\n<\/tr>\n<tr style=\"height: 15.75pt;\">\n<td class=\"et2\" style=\"height: 15.75pt; width: 332.25pt;\" width=\"443\" height=\"21\">Presi\u00f3n de la servotransmisi\u00f3n<\/td>\n<td class=\"et3\" style=\"width: 332.25pt;\" width=\"443\">1.3~1.7MPa<\/td>\n<\/tr>\n<tr style=\"height: 15.75pt;\">\n<td class=\"et2\" style=\"height: 15.75pt; width: 332.25pt;\" width=\"443\" height=\"21\">Engranajes de avance\/retroceso<\/td>\n<td class=\"et2\" style=\"width: 332.25pt;\" width=\"443\">6 Adelante \/ 3 Atr\u00e1s<\/td>\n<\/tr>\n<tr style=\"height: 15.75pt;\">\n<td class=\"et2\" style=\"height: 15.75pt; width: 332.25pt;\" width=\"443\" height=\"21\">Freno de mano<\/td>\n<td class=\"et3\" style=\"width: 332.25pt;\" width=\"443\">Accionado por aire, resorte<\/td>\n<\/tr>\n<tr style=\"height: 15.75pt;\">\n<td class=\"et4\" style=\"height: 15.75pt; width: 332.25pt;\" width=\"443\" height=\"21\">Eje t\u00e1ndem<\/td>\n<td class=\"et4\" style=\"width: 332.25pt;\" width=\"443\"><\/td>\n<\/tr>\n<tr style=\"height: 15.75pt;\">\n<td class=\"et2\" style=\"height: 15.75pt; width: 332.25pt;\" width=\"443\" height=\"21\">Marca \/ Fabricante<\/td>\n<td class=\"et3\" style=\"width: 332.25pt;\" width=\"443\">SEM\/Oruga<\/td>\n<\/tr>\n<tr style=\"height: 15.75pt;\">\n<td class=\"et2\" style=\"height: 15.75pt; width: 332.25pt;\" width=\"443\" height=\"21\">Modelo<\/td>\n<td class=\"et2\" style=\"width: 332.25pt;\" width=\"443\">ST23<\/td>\n<\/tr>\n<tr style=\"height: 15.75pt;\">\n<td class=\"et2\" style=\"height: 15.75pt; width: 332.25pt;\" width=\"443\" height=\"21\">Diferencial<\/td>\n<td class=\"et3\" style=\"width: 332.25pt;\" width=\"443\">Sin giro<\/td>\n<\/tr>\n<tr style=\"height: 15.75pt;\">\n<td class=\"et2\" style=\"height: 15.75pt; width: 332.25pt;\" width=\"443\" height=\"21\">Freno de servicio<\/td>\n<td class=\"et2\" style=\"width: 332.25pt;\" width=\"443\">Aire a aceite, disco<\/td>\n<\/tr>\n<tr style=\"height: 15.75pt;\">\n<td class=\"et2\" style=\"height: 15.75pt; width: 332.25pt;\" width=\"443\" height=\"21\">Secundario<\/td>\n<td class=\"et3\" style=\"width: 332.25pt;\" width=\"443\">Circuito dual<\/td>\n<\/tr>\n<tr style=\"height: 15.75pt;\">\n<td class=\"et2\" style=\"height: 15.75pt; width: 332.25pt;\" width=\"443\" height=\"21\">Oscilaci\u00f3n frontal arriba<\/td>\n<td class=\"et2\" style=\"width: 332.25pt;\" width=\"443\">15\u00b0<\/td>\n<\/tr>\n<tr style=\"height: 15.75pt;\">\n<td class=\"et2\" style=\"height: 15.75pt; width: 332.25pt;\" width=\"443\" height=\"21\">Oscilaci\u00f3n Delantera Abajo<\/td>\n<td class=\"et3\" style=\"width: 332.25pt;\" width=\"443\">25\u00b0<\/td>\n<\/tr>\n<tr style=\"height: 15.75pt;\">\n<td class=\"et4\" style=\"height: 15.75pt; width: 332.25pt;\" width=\"443\" height=\"21\">Eje frontal<\/td>\n<td class=\"et4\" style=\"width: 332.25pt;\" width=\"443\"><\/td>\n<\/tr>\n<tr style=\"height: 15.75pt;\">\n<td class=\"et2\" style=\"height: 15.75pt; width: 332.25pt;\" width=\"443\" height=\"21\">Claridad del piso<\/td>\n<td class=\"et3\" style=\"width: 332.25pt;\" width=\"443\">602 mm<\/td>\n<\/tr>\n<tr style=\"height: 15.75pt;\">\n<td class=\"et2\" style=\"height: 15.75pt; width: 332.25pt;\" width=\"443\" height=\"21\">Inclinaci\u00f3n de las ruedas, izquierda\/derecha<\/td>\n<td class=\"et2\" style=\"width: 332.25pt;\" width=\"443\">\u00b118\u00b0<\/td>\n<\/tr>\n<tr style=\"height: 15.75pt;\">\n<td class=\"et2\" style=\"height: 15.75pt; width: 332.25pt;\" width=\"443\" height=\"21\">m\u00e1x. Oscilaci\u00f3n<\/td>\n<td class=\"et3\" style=\"width: 332.25pt;\" width=\"443\">\u00b116\u00b0<\/td>\n<\/tr>\n<tr style=\"height: 15.75pt;\">\n<td class=\"et2\" style=\"height: 15.75pt; width: 332.25pt;\" width=\"443\" height=\"21\">Rango de direcci\u00f3n, izquierda \/ derecha<\/td>\n<td class=\"et2\" style=\"width: 332.25pt;\" width=\"443\">\u00b147,5\u00b0<\/td>\n<\/tr>\n<tr style=\"height: 15.75pt;\">\n<td class=\"et4\" style=\"height: 15.75pt; width: 332.25pt;\" width=\"443\" height=\"21\">Sistema hidr\u00e1ulico<\/td>\n<td class=\"et4\" style=\"width: 332.25pt;\" width=\"443\"><\/td>\n<\/tr>\n<tr style=\"height: 15.75pt;\">\n<td class=\"et2\" style=\"height: 15.75pt; width: 332.25pt;\" width=\"443\" height=\"21\">Tipo de circuito<\/td>\n<td class=\"et2\" style=\"width: 332.25pt;\" width=\"443\">Detecci\u00f3n de carga, PPPC<\/td>\n<\/tr>\n<tr style=\"height: 15.75pt;\">\n<td class=\"et2\" style=\"height: 15.75pt; width: 332.25pt;\" width=\"443\" height=\"21\">Tipo de bomba<\/td>\n<td class=\"et3\" style=\"width: 332.25pt;\" width=\"443\">Pist\u00f3n variable<\/td>\n<\/tr>\n<tr style=\"height: 15.75pt;\">\n<td class=\"et2\" style=\"height: 15.75pt; width: 332.25pt;\" width=\"443\" height=\"21\">m\u00e1x. Salida de la bomba<\/td>\n<td class=\"et2\" style=\"width: 332.25pt;\" width=\"443\">162,8 l\/min<\/td>\n<\/tr>\n<tr style=\"height: 15.75pt;\">\n<td class=\"et2\" style=\"height: 15.75pt; width: 332.25pt;\" width=\"443\" height=\"21\">m\u00e1x. Presi\u00f3n del sistema<\/td>\n<td class=\"et3\" style=\"width: 332.25pt;\" width=\"443\">22 MPa<\/td>\n<\/tr>\n<tr style=\"height: 15.75pt;\">\n<td class=\"et2\" style=\"height: 15.75pt; width: 332.25pt;\" width=\"443\" height=\"21\">Presi\u00f3n de espera<\/td>\n<td class=\"et2\" style=\"width: 332.25pt;\" width=\"443\">2.4~2.6MPa<\/td>\n<\/tr>\n<tr style=\"height: 15.75pt;\">\n<td class=\"et4\" style=\"height: 15.75pt; width: 332.25pt;\" width=\"443\" height=\"21\">Vertedera del arado<\/td>\n<td class=\"et4\" style=\"width: 332.25pt;\" width=\"443\"><\/td>\n<\/tr>\n<tr style=\"height: 15.75pt;\">\n<td class=\"et2\" style=\"height: 15.75pt; width: 332.25pt;\" width=\"443\" height=\"21\">Ancho de hoja, est\u00e1ndar<\/td>\n<td class=\"et2\" style=\"width: 332.25pt;\" width=\"443\">3974 mm<\/td>\n<\/tr>\n<tr style=\"height: 15.75pt;\">\n<td class=\"et2\" style=\"height: 15.75pt; width: 332.25pt;\" width=\"443\" height=\"21\">Ancho de hoja, opcional<\/td>\n<td class=\"et3\" style=\"width: 332.25pt;\" width=\"443\">3669 mm \/ 4279 mm<\/td>\n<\/tr>\n<tr style=\"height: 15.75pt;\">\n<td class=\"et2\" style=\"height: 15.75pt; width: 332.25pt;\" width=\"443\" height=\"21\">Altura de la vertedera<\/td>\n<td class=\"et2\" style=\"width: 332.25pt;\" width=\"443\">610 mm<\/td>\n<\/tr>\n<tr style=\"height: 15.75pt;\">\n<td class=\"et2\" style=\"height: 15.75pt; width: 332.25pt;\" width=\"443\" height=\"21\">Grosor de la vertedera<\/td>\n<td class=\"et3\" style=\"width: 332.25pt;\" width=\"443\">25 mm<\/td>\n<\/tr>\n<tr style=\"height: 15.75pt;\">\n<td class=\"et2\" style=\"height: 15.75pt; width: 332.25pt;\" width=\"443\" height=\"21\">Aclaramiento de la garganta<\/td>\n<td class=\"et2\" style=\"width: 332.25pt;\" width=\"443\">85 mm<\/td>\n<\/tr>\n<tr style=\"height: 15.75pt;\">\n<td class=\"et2\" style=\"height: 15.75pt; width: 332.25pt;\" width=\"443\" height=\"21\">Funci\u00f3n flotante<\/td>\n<td class=\"et3\" style=\"width: 332.25pt;\" width=\"443\">Est\u00e1ndar<\/td>\n<\/tr>\n<tr style=\"height: 15.75pt;\">\n<td class=\"et2\" style=\"height: 15.75pt; width: 332.25pt;\" width=\"443\" height=\"21\">Desplazador lateral de vertedera, izq.<\/td>\n<td class=\"et2\" style=\"width: 332.25pt;\" width=\"443\">796 mm<\/td>\n<\/tr>\n<tr style=\"height: 15.75pt;\">\n<td class=\"et2\" style=\"height: 15.75pt; width: 332.25pt;\" width=\"443\" height=\"21\">Desplazador lateral de vertedera, lado derecho<\/td>\n<td class=\"et3\" style=\"width: 332.25pt;\" width=\"443\">678 mm<\/td>\n<\/tr>\n<tr style=\"height: 15.75pt;\">\n<td class=\"et2\" style=\"height: 15.75pt; width: 332.25pt;\" width=\"443\" height=\"21\">Desplazamiento central del c\u00edrculo, izq.<\/td>\n<td class=\"et2\" style=\"width: 332.25pt;\" width=\"443\">926mm<\/td>\n<\/tr>\n<tr style=\"height: 15.75pt;\">\n<td class=\"et2\" style=\"height: 15.75pt; width: 332.25pt;\" width=\"443\" height=\"21\">Desplazamiento central del c\u00edrculo, dcha.<\/td>\n<td class=\"et3\" style=\"width: 332.25pt;\" width=\"443\">758 mm<\/td>\n<\/tr>\n<tr style=\"height: 15.75pt;\">\n<td class=\"et2\" style=\"height: 15.75pt; width: 332.25pt;\" width=\"443\" height=\"21\">m\u00e1x. \u00c1ngulo de posici\u00f3n de la hoja<\/td>\n<td class=\"et2\" style=\"width: 332.25pt;\" width=\"443\">90\u00b0<\/td>\n<\/tr>\n<tr style=\"height: 15.75pt;\">\n<td class=\"et2\" style=\"height: 15.75pt; width: 332.25pt;\" width=\"443\" height=\"21\">Punta de hoja, adelante<\/td>\n<td class=\"et3\" style=\"width: 332.25pt;\" width=\"443\">40\u00b0<\/td>\n<\/tr>\n<tr style=\"height: 15.75pt;\">\n<td class=\"et2\" style=\"height: 15.75pt; width: 332.25pt;\" width=\"443\" height=\"21\">Punta de hoja, hacia atr\u00e1s<\/td>\n<td class=\"et2\" style=\"width: 332.25pt;\" width=\"443\">5\u00b0<\/td>\n<\/tr>\n<tr style=\"height: 15.75pt;\">\n<td class=\"et2\" style=\"height: 15.75pt; width: 332.25pt;\" width=\"443\" height=\"21\">\u00c1ngulo de corte de la hoja<\/td>\n<td class=\"et3\" style=\"width: 332.25pt;\" width=\"443\">\/<\/td>\n<\/tr>\n<tr style=\"height: 15.75pt;\">\n<td class=\"et2\" style=\"height: 15.75pt; width: 332.25pt;\" width=\"443\" height=\"21\">m\u00e1x. Alcance del hombro fuera de los neum\u00e1ticos, lado izquierdo<\/td>\n<td class=\"et2\" style=\"width: 332.25pt;\" width=\"443\">2394 mm<\/td>\n<\/tr>\n<tr style=\"height: 15.75pt;\">\n<td class=\"et2\" style=\"height: 15.75pt; width: 332.25pt;\" width=\"443\" height=\"21\">m\u00e1x. Alcance del hombro fuera de los neum\u00e1ticos, lado derecho<\/td>\n<td class=\"et3\" style=\"width: 332.25pt;\" width=\"443\">2108 mm<\/td>\n<\/tr>\n<tr style=\"height: 15.75pt;\">\n<td class=\"et2\" style=\"height: 15.75pt; width: 332.25pt;\" width=\"443\" height=\"21\">m\u00e1x. Ascensor sobre el suelo<\/td>\n<td class=\"et2\" style=\"width: 332.25pt;\" width=\"443\">475 mm<\/td>\n<\/tr>\n<tr style=\"height: 15.75pt;\">\n<td class=\"et2\" style=\"height: 15.75pt; width: 332.25pt;\" width=\"443\" height=\"21\">m\u00e1x. Profundidad de corte<\/td>\n<td class=\"et3\" style=\"width: 332.25pt;\" width=\"443\">715 mm<\/td>\n<\/tr>\n<tr style=\"height: 15.75pt;\">\n<td class=\"et2\" style=\"height: 15.75pt; width: 332.25pt;\" width=\"443\" height=\"21\">m\u00e1x. Altura de elevaci\u00f3n<\/td>\n<td class=\"et2\" style=\"width: 332.25pt;\" width=\"443\">475 mm<\/td>\n<\/tr>\n<tr style=\"height: 15.75pt;\">\n<td class=\"et2\" style=\"height: 15.75pt; width: 332.25pt;\" width=\"443\" height=\"21\">m\u00e1x. Tirar-tirar<\/td>\n<td class=\"et3\" style=\"width: 332.25pt;\" width=\"443\">\u226578kN<\/td>\n<\/tr>\n<tr style=\"height: 15.75pt;\">\n<td class=\"et4\" style=\"height: 15.75pt; width: 332.25pt;\" width=\"443\" height=\"21\">Capacidad de recarga del servicio<\/td>\n<td class=\"et4\" style=\"width: 332.25pt;\" width=\"443\"><\/td>\n<\/tr>\n<tr style=\"height: 15.75pt;\">\n<td class=\"et2\" style=\"height: 15.75pt; width: 332.25pt;\" width=\"443\" height=\"21\">Dep\u00f3sito de combustible<\/td>\n<td class=\"et3\" style=\"width: 332.25pt;\" width=\"443\">320L<\/td>\n<\/tr>\n<tr style=\"height: 15.75pt;\">\n<td class=\"et2\" style=\"height: 15.75pt; width: 332.25pt;\" width=\"443\" height=\"21\">Aceite de motor<\/td>\n<td class=\"et2\" style=\"width: 332.25pt;\" width=\"443\">22L<\/td>\n<\/tr>\n<tr style=\"height: 15.75pt;\">\n<td class=\"et2\" style=\"height: 15.75pt; width: 332.25pt;\" width=\"443\" height=\"21\">Refrigerante<\/td>\n<td class=\"et3\" style=\"width: 332.25pt;\" width=\"443\">65L<\/td>\n<\/tr>\n<tr style=\"height: 15.75pt;\">\n<td class=\"et2\" style=\"height: 15.75pt; width: 332.25pt;\" width=\"443\" height=\"21\">Transmisi\u00f3n<\/td>\n<td class=\"et2\" style=\"width: 332.25pt;\" width=\"443\">28L<\/td>\n<\/tr>\n<tr style=\"height: 15.75pt;\">\n<td class=\"et2\" style=\"height: 15.75pt; width: 332.25pt;\" width=\"443\" height=\"21\">Caja diferencial<\/td>\n<td class=\"et3\" style=\"width: 332.25pt;\" width=\"443\">33L<\/td>\n<\/tr>\n<tr style=\"height: 15.75pt;\">\n<td class=\"et2\" style=\"height: 15.75pt; width: 332.25pt;\" width=\"443\" height=\"21\">Estuche en t\u00e1ndem, cada lado<\/td>\n<td class=\"et2\" style=\"width: 332.25pt;\" width=\"443\">62L<\/td>\n<\/tr>\n<tr style=\"height: 15.75pt;\">\n<td class=\"et2\" style=\"height: 15.75pt; width: 332.25pt;\" width=\"443\" height=\"21\">Accionamiento circular, embrague antideslizante<\/td>\n<td class=\"et3\" style=\"width: 332.25pt;\" width=\"443\">2L<\/td>\n<\/tr>\n<tr style=\"height: 15.75pt;\">\n<td class=\"et2\" style=\"height: 15.75pt; width: 332.25pt;\" width=\"443\" height=\"21\">Accionamiento circular, con embrague deslizante<\/td>\n<td class=\"et2\" style=\"width: 332.25pt;\" width=\"443\">7L<\/td>\n<\/tr>\n<tr style=\"height: 15.75pt;\">\n<td class=\"et2\" style=\"height: 15.75pt; width: 332.25pt;\" width=\"443\" height=\"21\">Tanque de aceite hidr\u00e1ulico<\/td>\n<td class=\"et3\" style=\"width: 332.25pt;\" width=\"443\">55L<\/td>\n<\/tr>\n<tr style=\"height: 15.75pt;\">\n<td class=\"et2\" style=\"height: 15.75pt; width: 332.25pt;\" width=\"443\" height=\"21\">Eje trasero (reductor principal y t\u00e1ndem)<\/td>\n<td class=\"et2\" style=\"width: 332.25pt;\" width=\"443\">157L<\/td>\n<\/tr>\n<\/tbody>\n<\/table>\n<\/li>\n<\/ul>","protected":false},"excerpt":{"rendered":"<p>Est\u00e1ndar (peso operativo): 15.070 kg<br \/>\nm\u00edn. Radio de giro: 7,8 m<br \/>\nDistancia entre ejes: 6.140 mm<\/p>","protected":false},"featured_media":243,"comment_status":"closed","ping_status":"closed","template":"","meta":[],"product_brand":[],"product_cat":[20],"product_tag":[41],"class_list":{"0":"post-242","1":"product","2":"type-product","3":"status-publish","4":"has-post-thumbnail","6":"product_cat-motor-grader","7":"product_tag-sem-motor-grader-919","9":"first","10":"instock","11":"shipping-taxable","12":"product-type-simple"},"aioseo_notices":[],"_links":{"self":[{"href":"https:\/\/machpanda.com\/es\/wp-json\/wp\/v2\/product\/242","targetHints":{"allow":["GET"]}}],"collection":[{"href":"https:\/\/machpanda.com\/es\/wp-json\/wp\/v2\/product"}],"about":[{"href":"https:\/\/machpanda.com\/es\/wp-json\/wp\/v2\/types\/product"}],"replies":[{"embeddable":true,"href":"https:\/\/machpanda.com\/es\/wp-json\/wp\/v2\/comments?post=242"}],"wp:featuredmedia":[{"embeddable":true,"href":"https:\/\/machpanda.com\/es\/wp-json\/wp\/v2\/media\/243"}],"wp:attachment":[{"href":"https:\/\/machpanda.com\/es\/wp-json\/wp\/v2\/media?parent=242"}],"wp:term":[{"taxonomy":"product_brand","embeddable":true,"href":"https:\/\/machpanda.com\/es\/wp-json\/wp\/v2\/product_brand?post=242"},{"taxonomy":"product_cat","embeddable":true,"href":"https:\/\/machpanda.com\/es\/wp-json\/wp\/v2\/product_cat?post=242"},{"taxonomy":"product_tag","embeddable":true,"href":"https:\/\/machpanda.com\/es\/wp-json\/wp\/v2\/product_tag?post=242"}],"curies":[{"name":"wp","href":"https:\/\/api.w.org\/{rel}","templated":true}]}}