{"id":246,"date":"2022-06-14T01:47:52","date_gmt":"2022-06-14T01:47:52","guid":{"rendered":"https:\/\/machpanda.com\/?post_type=product&#038;p=246"},"modified":"2022-09-05T06:54:29","modified_gmt":"2022-09-05T06:54:29","slug":"sg18-3","status":"publish","type":"product","link":"https:\/\/machpanda.com\/es\/producto\/sg18-3\/","title":{"rendered":"MEJOR Motoniveladora SHANTUI SG18-3"},"content":{"rendered":"<p>La m\u00e1quina motoniveladora SHANTUI SG18-3 adopta el dispositivo de trabajo de tipo de engranaje de anillo externo para lograr un mayor par transmitido, mayor \u00e1ngulo de corte de la cuchilla, y una mejor capacidad de control de material y cuenta con la m\u00e1xima fuerza de tracci\u00f3n entre las m\u00e1quinas similares nacionales.<\/p>\n<p>Esta m\u00e1quina es aplicable para la nivelaci\u00f3n de grandes \u00e1reas, zanjas, raspado de pendientes, bulldozer, desgarramiento, limpieza de terrenos y remoci\u00f3n de nieve y es una m\u00e1quina idealmente esencial para la construcci\u00f3n de grandes edificios, proyectos de conservaci\u00f3n de agua, el motor cuenta con un rendimiento fiable y de alta eficiencia y ahorro de energ\u00eda.<\/p>\n<p>M\u00e1quina motoniveladora SHANTUI SG18-3 ,La transmisi\u00f3n hidr\u00e1ulica de cambio controlado electr\u00f3nicamente de 6 velocidades con tecnolog\u00eda ZF presenta una distribuci\u00f3n de relaci\u00f3n de velocidad razonable para asegurar que toda la m\u00e1quina tenga tres marchas de trabajo a elecci\u00f3n para asegurar la confiabilidad y flexibilidad de operaci\u00f3n.<\/p>\n<p>La estructura tipo caja soldada a partir de placas integrales presenta una alta resistencia.<\/p>\n<p>La corona dentada externa adoptada presenta un alto par transmitido, un mayor \u00e1ngulo de corte de la hoja y una mejor capacidad de manejo de materiales, y es especialmente \u00fatil cuando se manejan materiales secos y arcillas.<\/p>\n<p>M\u00e1quina motoniveladora SHANTUI SG18-3, Con operaciones simples y alta resistencia al impacto contra fuerzas externas, es aplicable para las condiciones de trabajo con alto volumen de operaci\u00f3n y ambiente de operaci\u00f3n severo.<\/p>\n<p>&nbsp;<\/p>\n<p>Se adoptan tecnolog\u00edas internacionales avanzadas de control de frenos hidr\u00e1ulicos y unidades hidr\u00e1ulicas de renombre internacional para garantizar la seguridad y confiabilidad del frenado.<\/p>\n<p>La direcci\u00f3n totalmente hidr\u00e1ulica de las ruedas delanteras est\u00e1 equipada con un radio de giro peque\u00f1o y una gran movilidad y flexibilidad.<\/p>\n<p data-spm-anchor-id=\"a2700.details.0.i28.4d5b2a02b2JBRU\">M\u00e1quina motoniveladora SHANTUI SG18-3 ,La cabina de lujo de alta calidad completamente sellada con campo visual total y el asiento de alta eficiencia de absorci\u00f3n de impactos maximizan la comodidad de operaci\u00f3n.<\/p>","protected":false},"excerpt":{"rendered":"<p>Potencia del motor: 132kw\/2200<br \/>\nPeso total: 15700 kg<br \/>\nAncho de la hoja de la pala: 3660\/3965 mm<\/p>","protected":false},"featured_media":762,"comment_status":"closed","ping_status":"closed","template":"","meta":[],"product_brand":[],"product_cat":[20],"product_tag":[80,43],"class_list":{"0":"post-246","1":"product","2":"type-product","3":"status-publish","4":"has-post-thumbnail","6":"product_cat-motor-grader","7":"product_tag-motor-grader_sg18-3","8":"product_tag-sg18-3","10":"first","11":"instock","12":"shipping-taxable","13":"product-type-simple"},"aioseo_notices":[],"_links":{"self":[{"href":"https:\/\/machpanda.com\/es\/wp-json\/wp\/v2\/product\/246","targetHints":{"allow":["GET"]}}],"collection":[{"href":"https:\/\/machpanda.com\/es\/wp-json\/wp\/v2\/product"}],"about":[{"href":"https:\/\/machpanda.com\/es\/wp-json\/wp\/v2\/types\/product"}],"replies":[{"embeddable":true,"href":"https:\/\/machpanda.com\/es\/wp-json\/wp\/v2\/comments?post=246"}],"wp:featuredmedia":[{"embeddable":true,"href":"https:\/\/machpanda.com\/es\/wp-json\/wp\/v2\/media\/762"}],"wp:attachment":[{"href":"https:\/\/machpanda.com\/es\/wp-json\/wp\/v2\/media?parent=246"}],"wp:term":[{"taxonomy":"product_brand","embeddable":true,"href":"https:\/\/machpanda.com\/es\/wp-json\/wp\/v2\/product_brand?post=246"},{"taxonomy":"product_cat","embeddable":true,"href":"https:\/\/machpanda.com\/es\/wp-json\/wp\/v2\/product_cat?post=246"},{"taxonomy":"product_tag","embeddable":true,"href":"https:\/\/machpanda.com\/es\/wp-json\/wp\/v2\/product_tag?post=246"}],"curies":[{"name":"wp","href":"https:\/\/api.w.org\/{rel}","templated":true}]}}