{"id":247,"date":"2022-06-14T01:50:18","date_gmt":"2022-06-14T01:50:18","guid":{"rendered":"https:\/\/machpanda.com\/?post_type=product&#038;p=247"},"modified":"2022-09-05T06:41:39","modified_gmt":"2022-09-05T06:41:39","slug":"sg21-3","status":"publish","type":"product","link":"https:\/\/machpanda.com\/es\/producto\/sg21-3\/","title":{"rendered":"Potente motoniveladora SHANTUI SG21-3"},"content":{"rendered":"<p>Potente motoniveladora SHANTUI SG21-3, La estructura tipo caja soldada de placas integrales se caracteriza por su alta resistencia. El engranaje de anillo externo adoptado cuenta con un alto par transmitido, mayor \u00e1ngulo de corte de la cuchilla, y una mejor capacidad de manejo de materiales y es especialmente \u00fatil durante el manejo de materiales secos y arcillas.<\/p>\n<p>Potente motoniveladora SHANTUI SG21-3, con operaciones simples y alta resistencia al impacto contra fuerzas externas, es aplicable para las condiciones de trabajo con alto volumen de operaci\u00f3n y ambiente de operaci\u00f3n severo.<\/p>\n<p align=\"left\">Potente motoniveladora SHANTUI SG21-3 ,Adopta Don gfeng Cum mins EEQSB 5 . 9 - C 1 8 0 o Sha ngchai SC 8 DK 1 9 0 G 3, Wei chai WP6G190E330 turboalimentado aire-aire controlado en fr\u00edo de alta presi\u00f3n motor common rail, las emisiones nacionales III.<br \/>\nPotente motoniveladora SHANTUI SG21-3 ,Su estructura compacta, rendimiento estable, alta eficiencia y ahorro de energ\u00eda. La gran reserva de par garantiza que la m\u00e1quina pueda producir potencia de forma estable en condiciones de trabajo severas y cumplir con sus requisitos de operaci\u00f3n.<\/p>\n<p align=\"left\">M\u00e1quina motoniveladora potente SHANTUI SG21-3 ,Es uno de los principales fabricantes de apoyo para la selecci\u00f3n de potencia de la industria de maquinaria de construcci\u00f3n.<\/p>\n<table style=\"border-collapse: collapse; width: 352.52pt;\" border=\"0\" width=\"470\" cellspacing=\"0\" cellpadding=\"0\">\n<tbody>\n<tr style=\"height: 14.25pt;\">\n<td class=\"et2\" style=\"height: 14.25pt; width: 224.25pt;\" width=\"299\" height=\"19\">Peso operativo de la m\u00e1quina (kg)<\/td>\n<td class=\"et2\" style=\"width: 128.25pt;\" width=\"171\">16800<\/td>\n<\/tr>\n<tr style=\"height: 14.25pt;\">\n<td class=\"et2\" style=\"height: 14.25pt; width: 224.25pt;\" width=\"299\" height=\"19\">Distancia entre ejes (mm)<\/td>\n<td class=\"et2\" style=\"width: 128.25pt;\" width=\"171\">6560<\/td>\n<\/tr>\n<tr style=\"height: 14.25pt;\">\n<td class=\"et2\" style=\"height: 14.25pt; width: 224.25pt;\" width=\"299\" height=\"19\">Ancho de rueda (mm)<\/td>\n<td class=\"et2\" style=\"width: 128.25pt;\" width=\"171\">2155<\/td>\n<\/tr>\n<tr style=\"height: 14.25pt;\">\n<td class=\"et2\" style=\"height: 14.25pt; width: 224.25pt;\" width=\"299\" height=\"19\">Distancia m\u00ednima al suelo (mm)<\/td>\n<td class=\"et2\" style=\"width: 128.25pt;\" width=\"171\">430<\/td>\n<\/tr>\n<tr style=\"height: 28.50pt;\">\n<td class=\"et2\" style=\"height: 28.50pt; width: 224.25pt;\" width=\"299\" height=\"38\">\u00c1ngulo de direcci\u00f3n de las ruedas delanteras (\u00b0)<\/td>\n<td class=\"et2\" style=\"width: 128.25pt;\" width=\"171\">\u00b145<\/td>\n<\/tr>\n<tr style=\"height: 14.25pt;\">\n<td class=\"et2\" style=\"height: 14.25pt; width: 224.25pt;\" width=\"299\" height=\"19\">\u00c1ngulo de direcci\u00f3n articulado (\u00b0)<\/td>\n<td class=\"et2\" style=\"width: 128.25pt;\" width=\"171\">\u00b125<\/td>\n<\/tr>\n<tr style=\"height: 14.25pt;\">\n<td class=\"et2\" style=\"height: 14.25pt; width: 224.25pt;\" width=\"299\" height=\"19\">Fuerza de tracci\u00f3n m\u00e1xima (kN)<\/td>\n<td class=\"et2\" style=\"width: 128.25pt;\" width=\"171\">88,2 (f = 0,75)<\/td>\n<\/tr>\n<tr style=\"height: 28.50pt;\">\n<td class=\"et2\" style=\"height: 28.50pt; width: 224.25pt;\" width=\"299\" height=\"38\">Radio de giro (mm)<\/td>\n<td class=\"et2\" style=\"width: 128.25pt;\" width=\"171\">8200 (Lado exterior de la rueda delantera)<\/td>\n<\/tr>\n<tr style=\"height: 14.25pt;\">\n<td class=\"et2\" style=\"height: 14.25pt; width: 224.25pt;\" width=\"299\" height=\"19\">Pendiente m\u00e1xima (\u00b0)<\/td>\n<td class=\"et2\" style=\"width: 128.25pt;\" width=\"171\">20<\/td>\n<\/tr>\n<tr style=\"height: 14.25pt;\">\n<td class=\"et2\" style=\"height: 14.25pt; width: 224.25pt;\" width=\"299\" height=\"19\">Ancho de la hoja de la pala (mm)<\/td>\n<td class=\"et2\" style=\"width: 128.25pt;\" width=\"171\">3660\/3965\/4270<\/td>\n<\/tr>\n<tr style=\"height: 14.25pt;\">\n<td class=\"et2\" style=\"height: 14.25pt; width: 224.25pt;\" width=\"299\" height=\"19\">Altura de la hoja de la pala (mm)<\/td>\n<td class=\"et2\" style=\"width: 128.25pt;\" width=\"171\">635<\/td>\n<\/tr>\n<tr style=\"height: 14.25pt;\">\n<td class=\"et2\" style=\"height: 14.25pt; width: 224.25pt;\" width=\"299\" height=\"19\">\u00c1ngulo de giro de la hoja (\u00ba)<\/td>\n<td class=\"et2\" style=\"width: 128.25pt;\" width=\"171\">360<\/td>\n<\/tr>\n<tr style=\"height: 14.25pt;\">\n<td class=\"et2\" style=\"height: 14.25pt; width: 224.25pt;\" width=\"299\" height=\"19\">\u00c1ngulo de corte de la hoja (\u00ba)<\/td>\n<td class=\"et2\" style=\"width: 128.25pt;\" width=\"171\">37-83<\/td>\n<\/tr>\n<tr style=\"height: 28.50pt;\">\n<td class=\"et2\" style=\"height: 28.50pt; width: 224.25pt;\" width=\"299\" height=\"38\">Profundidad m\u00e1xima de excavaci\u00f3n de la hoja (mm)<\/td>\n<td class=\"et2\" style=\"width: 128.25pt;\" width=\"171\">500<\/td>\n<\/tr>\n<tr style=\"height: 14.25pt;\">\n<td class=\"et2\" style=\"height: 14.25pt; width: 224.25pt;\" width=\"299\" height=\"19\">Longitud (mm)<\/td>\n<td class=\"et2\" style=\"width: 128.25pt;\" width=\"171\">9315<\/td>\n<\/tr>\n<tr style=\"height: 14.25pt;\">\n<td class=\"et2\" style=\"height: 14.25pt; width: 224.25pt;\" width=\"299\" height=\"19\">Ancho (mm)<\/td>\n<td class=\"et2\" style=\"width: 128.25pt;\" width=\"171\">2600<\/td>\n<\/tr>\n<tr style=\"height: 14.25pt;\">\n<td class=\"et2\" style=\"height: 14.25pt; width: 224.25pt;\" width=\"299\" height=\"19\">Altura (mm)<\/td>\n<td class=\"et2\" style=\"width: 128.25pt;\" width=\"171\">3400<\/td>\n<\/tr>\n<tr style=\"height: 14.25pt;\">\n<td class=\"et2\" style=\"height: 14.25pt; width: 224.25pt;\" width=\"299\" height=\"19\">Motor<\/td>\n<td class=\"et2\" style=\"width: 128.25pt;\" width=\"171\"><\/td>\n<\/tr>\n<tr style=\"height: 14.25pt;\">\n<td class=\"et2\" style=\"height: 14.25pt; width: 224.25pt;\" width=\"299\" height=\"19\">Modelo de motor<\/td>\n<td class=\"et2\" style=\"width: 128.25pt;\" width=\"171\">6CTAA8.3-C215<\/td>\n<\/tr>\n<tr style=\"height: 14.25pt;\">\n<td class=\"et2\" style=\"height: 14.25pt; width: 224.25pt;\" width=\"299\" height=\"19\">Emisi\u00f3n<\/td>\n<td class=\"et2\" style=\"width: 128.25pt;\" width=\"171\">China-II<\/td>\n<\/tr>\n<tr style=\"height: 28.50pt;\">\n<td class=\"et2\" style=\"height: 28.50pt; width: 224.25pt;\" width=\"299\" height=\"38\">Escribe<\/td>\n<td class=\"et2\" style=\"width: 128.25pt;\" width=\"171\">Inyecci\u00f3n directa mec\u00e1nica<\/td>\n<\/tr>\n<tr style=\"height: 28.50pt;\">\n<td class=\"et2\" style=\"height: 28.50pt; width: 224.25pt;\" width=\"299\" height=\"38\">Potencia nominal\/velocidad nominal (kw\/rpm)<\/td>\n<td class=\"et2\" style=\"width: 128.25pt;\" width=\"171\">160kW\/2200rpm<\/td>\n<\/tr>\n<tr style=\"height: 14.25pt;\">\n<td class=\"et2\" style=\"height: 14.25pt; width: 224.25pt;\" width=\"299\" height=\"19\">Sistema de manejo<\/td>\n<td class=\"et2\" style=\"width: 128.25pt;\" width=\"171\"><\/td>\n<\/tr>\n<tr style=\"height: 28.50pt;\">\n<td class=\"et2\" style=\"height: 28.50pt; width: 224.25pt;\" width=\"299\" height=\"38\">Convertidor de par<\/td>\n<td class=\"et2\" style=\"width: 128.25pt;\" width=\"171\">Trielemento monof\u00e1sico monoetapa<\/td>\n<\/tr>\n<tr style=\"height: 28.50pt;\">\n<td class=\"et2\" style=\"height: 28.50pt; width: 224.25pt;\" width=\"299\" height=\"38\">Transmisi\u00f3n<\/td>\n<td class=\"et2\" style=\"width: 128.25pt;\" width=\"171\">Cambio de potencia del contraeje<\/td>\n<\/tr>\n<tr style=\"height: 28.50pt;\">\n<td class=\"et2\" style=\"height: 28.50pt; width: 224.25pt;\" width=\"299\" height=\"38\">Engranajes<\/td>\n<td class=\"et2\" style=\"width: 128.25pt;\" width=\"171\">Seis adelante y tres atr\u00e1s<\/td>\n<\/tr>\n<tr style=\"height: 14.25pt;\">\n<td class=\"et2\" style=\"height: 14.25pt; width: 224.25pt;\" width=\"299\" height=\"19\">Velocidad para marcha adelante I (km\/h)<\/td>\n<td class=\"et2\" style=\"width: 128.25pt;\" width=\"171\">5.4<\/td>\n<\/tr>\n<tr style=\"height: 28.50pt;\">\n<td class=\"et2\" style=\"height: 28.50pt; width: 224.25pt;\" width=\"299\" height=\"38\">Velocidad para marcha adelante II (km\/h)<\/td>\n<td class=\"et2\" style=\"width: 128.25pt;\" width=\"171\">9.4<\/td>\n<\/tr>\n<tr style=\"height: 28.50pt;\">\n<td class=\"et2\" style=\"height: 28.50pt; width: 224.25pt;\" width=\"299\" height=\"38\">Velocidad para marcha adelante III (km\/h)<\/td>\n<td class=\"et2\" style=\"width: 128.25pt;\" width=\"171\">12.2<\/td>\n<\/tr>\n<tr style=\"height: 28.50pt;\">\n<td class=\"et2\" style=\"height: 28.50pt; width: 224.25pt;\" width=\"299\" height=\"38\">Velocidad para marcha adelante IV (km\/h)<\/td>\n<td class=\"et2\" style=\"width: 128.25pt;\" width=\"171\">20.5<\/td>\n<\/tr>\n<tr style=\"height: 14.25pt;\">\n<td class=\"et2\" style=\"height: 14.25pt; width: 224.25pt;\" width=\"299\" height=\"19\">Velocidad para marcha adelante V (km\/h)<\/td>\n<td class=\"et2\" style=\"width: 128.25pt;\" width=\"171\">25.4<\/td>\n<\/tr>\n<tr style=\"height: 28.50pt;\">\n<td class=\"et2\" style=\"height: 28.50pt; width: 224.25pt;\" width=\"299\" height=\"38\">Velocidad para marcha adelante VI (km\/h)<\/td>\n<td class=\"et2\" style=\"width: 128.25pt;\" width=\"171\">39.7<\/td>\n<\/tr>\n<tr style=\"height: 14.25pt;\">\n<td class=\"et2\" style=\"height: 14.25pt; width: 224.25pt;\" width=\"299\" height=\"19\">Velocidad para marcha atr\u00e1s I (km\/h)<\/td>\n<td class=\"et2\" style=\"width: 128.25pt;\" width=\"171\">5.4<\/td>\n<\/tr>\n<tr style=\"height: 28.50pt;\">\n<td class=\"et2\" style=\"height: 28.50pt; width: 224.25pt;\" width=\"299\" height=\"38\">Velocidad para marcha atr\u00e1s II (km\/h)<\/td>\n<td class=\"et2\" style=\"width: 128.25pt;\" width=\"171\">12.2<\/td>\n<\/tr>\n<tr style=\"height: 28.50pt;\">\n<td class=\"et2\" style=\"height: 28.50pt; width: 224.25pt;\" width=\"299\" height=\"38\">Velocidad para marcha atr\u00e1s III (km\/h)<\/td>\n<td class=\"et2\" style=\"width: 128.25pt;\" width=\"171\">25.4<\/td>\n<\/tr>\n<tr style=\"height: 14.25pt;\">\n<td class=\"et2\" style=\"height: 14.25pt; width: 224.25pt;\" width=\"299\" height=\"19\">Sistema de frenos<\/td>\n<td class=\"et2\" style=\"width: 128.25pt;\" width=\"171\"><\/td>\n<\/tr>\n<tr style=\"height: 14.25pt;\">\n<td class=\"et2\" style=\"height: 14.25pt; width: 224.25pt;\" width=\"299\" height=\"19\">Tipo de freno de servicio<\/td>\n<td class=\"et2\" style=\"width: 128.25pt;\" width=\"171\">Freno hidr\u00e1ulico<\/td>\n<\/tr>\n<tr style=\"height: 14.25pt;\">\n<td class=\"et2\" style=\"height: 14.25pt; width: 224.25pt;\" width=\"299\" height=\"19\">Tipo de freno de estacionamiento<\/td>\n<td class=\"et2\" style=\"width: 128.25pt;\" width=\"171\">Freno mec\u00e1nico<\/td>\n<\/tr>\n<tr style=\"height: 14.25pt;\">\n<td class=\"et2\" style=\"height: 14.25pt; width: 224.25pt;\" width=\"299\" height=\"19\">Presi\u00f3n de aceite de freno (MPa)<\/td>\n<td class=\"et2\" style=\"width: 128.25pt;\" width=\"171\">10<\/td>\n<\/tr>\n<tr style=\"height: 14.25pt;\">\n<td class=\"et2\" style=\"height: 14.25pt; width: 224.25pt;\" width=\"299\" height=\"19\">Sistema hidr\u00e1ulico<\/td>\n<td class=\"et2\" style=\"width: 128.25pt;\" width=\"171\"><\/td>\n<\/tr>\n<tr style=\"height: 57.00pt;\">\n<td class=\"et2\" style=\"height: 57.00pt; width: 224.25pt;\" width=\"299\" height=\"76\">bomba de trabajo<\/td>\n<td class=\"et2\" style=\"width: 128.25pt;\" width=\"171\">Bomba de engranajes de caudal constante, con caudal a 28ml\/r<\/td>\n<\/tr>\n<tr style=\"height: 28.50pt;\">\n<td class=\"et2\" style=\"height: 28.50pt; width: 224.25pt;\" width=\"299\" height=\"38\">V\u00e1lvula de operaci\u00f3n<\/td>\n<td class=\"et2\" style=\"width: 128.25pt;\" width=\"171\">V\u00e1lvula multiv\u00eda integral<\/td>\n<\/tr>\n<tr style=\"height: 28.50pt;\">\n<td class=\"et2\" style=\"height: 28.50pt; width: 224.25pt;\" width=\"299\" height=\"38\">Ajuste de presi\u00f3n de la v\u00e1lvula de seguridad (MPa)<\/td>\n<td class=\"et2\" style=\"width: 128.25pt;\" width=\"171\">16<\/td>\n<\/tr>\n<tr style=\"height: 28.50pt;\">\n<td class=\"et2\" style=\"height: 28.50pt; width: 224.25pt;\" width=\"299\" height=\"38\">Ajuste de presi\u00f3n de la v\u00e1lvula de seguridad (MPa)<\/td>\n<td class=\"et2\" style=\"width: 128.25pt;\" width=\"171\">12.5<\/td>\n<\/tr>\n<tr style=\"height: 14.25pt;\">\n<td class=\"et2\" style=\"height: 14.25pt; width: 224.25pt;\" width=\"299\" height=\"19\">Llenado de combustible\/aceites\/l\u00edquidos<\/td>\n<td class=\"et2\" style=\"width: 128.25pt;\" width=\"171\"><\/td>\n<\/tr>\n<tr style=\"height: 14.25pt;\">\n<td class=\"et2\" style=\"height: 14.25pt; width: 224.25pt;\" width=\"299\" height=\"19\">Tanque de combustible (L)<\/td>\n<td class=\"et2\" style=\"width: 128.25pt;\" width=\"171\">340<\/td>\n<\/tr>\n<tr style=\"height: 14.25pt;\">\n<td class=\"et2\" style=\"height: 14.25pt; width: 224.25pt;\" width=\"299\" height=\"19\">Tanque de combustible hidr\u00e1ulico de trabajo (L)<\/td>\n<td class=\"et2\" style=\"width: 128.25pt;\" width=\"171\">110<\/td>\n<\/tr>\n<tr style=\"height: 14.25pt;\">\n<td class=\"et2\" style=\"height: 14.25pt; width: 224.25pt;\" width=\"299\" height=\"19\">Transmisi\u00f3n (L)<\/td>\n<td class=\"et2\" style=\"width: 128.25pt;\" width=\"171\">28<\/td>\n<\/tr>\n<tr style=\"height: 14.25pt;\">\n<td class=\"et2\" style=\"height: 14.25pt; width: 224.25pt;\" width=\"299\" height=\"19\">Eje motriz (L)<\/td>\n<td class=\"et2\" style=\"width: 128.25pt;\" width=\"171\">25<\/td>\n<\/tr>\n<tr style=\"height: 14.25pt;\">\n<td class=\"et2\" style=\"height: 14.25pt; width: 224.25pt;\" width=\"299\" height=\"19\">Caja de equilibrio (L)<\/td>\n<td class=\"et2\" style=\"width: 128.25pt;\" width=\"171\">2X23<\/td>\n<\/tr>\n<\/tbody>\n<\/table>","protected":false},"excerpt":{"rendered":"<p>Potencia del motor: 160kw\/2200<br \/>\nPeso total: 16800 kg<br \/>\nAncho de la hoja de la pala: 3660\/3965\/4270 mm<\/p>","protected":false},"featured_media":761,"comment_status":"closed","ping_status":"closed","template":"","meta":[],"product_brand":[],"product_cat":[20],"product_tag":[79,44],"class_list":{"0":"post-247","1":"product","2":"type-product","3":"status-publish","4":"has-post-thumbnail","6":"product_cat-motor-grader","7":"product_tag-motor-grader_sg21-3","8":"product_tag-sg21-3","10":"first","11":"instock","12":"shipping-taxable","13":"product-type-simple"},"aioseo_notices":[],"_links":{"self":[{"href":"https:\/\/machpanda.com\/es\/wp-json\/wp\/v2\/product\/247","targetHints":{"allow":["GET"]}}],"collection":[{"href":"https:\/\/machpanda.com\/es\/wp-json\/wp\/v2\/product"}],"about":[{"href":"https:\/\/machpanda.com\/es\/wp-json\/wp\/v2\/types\/product"}],"replies":[{"embeddable":true,"href":"https:\/\/machpanda.com\/es\/wp-json\/wp\/v2\/comments?post=247"}],"wp:featuredmedia":[{"embeddable":true,"href":"https:\/\/machpanda.com\/es\/wp-json\/wp\/v2\/media\/761"}],"wp:attachment":[{"href":"https:\/\/machpanda.com\/es\/wp-json\/wp\/v2\/media?parent=247"}],"wp:term":[{"taxonomy":"product_brand","embeddable":true,"href":"https:\/\/machpanda.com\/es\/wp-json\/wp\/v2\/product_brand?post=247"},{"taxonomy":"product_cat","embeddable":true,"href":"https:\/\/machpanda.com\/es\/wp-json\/wp\/v2\/product_cat?post=247"},{"taxonomy":"product_tag","embeddable":true,"href":"https:\/\/machpanda.com\/es\/wp-json\/wp\/v2\/product_tag?post=247"}],"curies":[{"name":"wp","href":"https:\/\/api.w.org\/{rel}","templated":true}]}}