{"id":251,"date":"2022-06-14T01:53:36","date_gmt":"2022-06-14T01:53:36","guid":{"rendered":"https:\/\/machpanda.com\/?post_type=product&#038;p=251"},"modified":"2022-09-05T06:33:25","modified_gmt":"2022-09-05T06:33:25","slug":"sem510","status":"publish","type":"product","link":"https:\/\/machpanda.com\/es\/producto\/sem510\/","title":{"rendered":"Rodillo compactador potente SEM510-1"},"content":{"rendered":"<p>Potente rodillo compactador SEM510-1 Sistema de vibraci\u00f3n<br \/>\n* El sistema de vibraci\u00f3n tipo c\u00e1psula proporciona un mejor rendimiento y confiabilidad<br \/>\n* La bola de acero m\u00f3vil est\u00e1 encerrada dentro de la rueda exc\u00e9ntrica y la posici\u00f3n del centro de gravedad se ajusta a trav\u00e9s de<br \/>\nla direcci\u00f3n de rotaci\u00f3n para lograr el prop\u00f3sito de ajustar la amplitud.<br \/>\n* Vibraci\u00f3n estable, cambio de amplitud suave, reducci\u00f3n del impacto en el motor de vibraci\u00f3n y prolongaci\u00f3n de la vida \u00fatil<br \/>\n* Rueda exc\u00e9ntrica completamente sellada, sin contaminaci\u00f3n, prolonga la vida \u00fatil del rodamiento. Libre de mantenimiento en 2 a\u00f1os\/2000 horas, reduciendo<br \/>\ncostos de mantenimiento<\/p>\n<p>Potente sistema de refrigeraci\u00f3n Road Roller SEM510-1<br \/>\n* Ventilador de aspiraci\u00f3n, el aire fresco a baja temperatura entra por la parte trasera de toda la m\u00e1quina y pasa por el radiador hasta el motor<br \/>\npara asegurar el efecto de disipaci\u00f3n de calor<br \/>\n* Sistema de enfriamiento de alta temperatura opcional, puede funcionar a menos de 50 grados de temperatura ambiente<\/p>\n<p>Potente apisonadora SEM510-1 Sistema hidr\u00e1ulico<br \/>\n* Circuito hidr\u00e1ulico cerrado, la eficiencia de la transmisi\u00f3n hidr\u00e1ulica es 20% superior a la del circuito abierto<br \/>\n* Las bombas y motores de marcas de renombre mundial forman un sistema de circulaci\u00f3n cerrado para reducir el aceite<br \/>\n* Probabilidad de contaminaci\u00f3n, mayor limpieza del sistema, prolongando la vida \u00fatil del sistema hidr\u00e1ulico<br \/>\n* El sistema de vibraci\u00f3n tiene mayor presi\u00f3n y menor p\u00e9rdida de energ\u00eda<br \/>\n* El dise\u00f1o de la tuber\u00eda es m\u00e1s simple, lo que aumenta el espacio de mantenimiento<br \/>\n* Solo necesita estar equipado con un tanque de aceite hidr\u00e1ulico de menor volumen, lo que reduce los costos de mantenimiento<br \/>\n* Las juntas de medici\u00f3n de presi\u00f3n est\u00e1n dise\u00f1adas para la bomba de vibraci\u00f3n, lo que mejora la vida \u00fatil de la medici\u00f3n de presi\u00f3n<br \/>\narticulaciones<\/p>\n<p>Potente apisonadora SEM510-1 Motor con control electr\u00f3nico<br \/>\n* SEM518\/520 usa WP6G175E301 (129kW), SEM522 usa WP6G190E301 (140kW)<br \/>\n* Las emisiones cumplen con los tres est\u00e1ndares nacionales<\/p>\n<p>Potente rodillo de carretera SEM510-1 tablero de instrumentos<br \/>\n* El sistema de alarma de falla de tres niveles puede juzgar con precisi\u00f3n la gravedad de la falla en el punto de falla de acuerdo con la alarma<br \/>\nnivel<br \/>\n* Durante el uso, detecci\u00f3n en tiempo real de condiciones anormales de m\u00faltiples sistemas para evitar fallas<br \/>\n* El medidor de frecuencia de vibraci\u00f3n muestra la frecuencia de compactaci\u00f3n en tiempo real, monitorea el efecto de compactaci\u00f3n y la posible frecuencia<br \/>\nfen\u00f3meno de ca\u00edda; a trav\u00e9s del cambio de frecuencia, juzgue oportunamente la posible falla del sistema hidr\u00e1ulico<\/p>\n<p>Taxi<br \/>\n* Voltear manualmente la cabina como est\u00e1ndar<br \/>\n* Cabina basculante hidr\u00e1ulica opcional<br \/>\n* Reorganice el panel para que el interruptor de operaci\u00f3n sea m\u00e1s f\u00e1cil de usar<br \/>\n* Acelerador electr\u00f3nico tipo perilla, flexible y m\u00e1s confiable<\/p>","protected":false},"excerpt":{"rendered":"<p>Potencia nominal total est\u00e1ndar: 97,5 kW<\/p>\n<p>Velocidad nominal: 2200r\/min<\/p>\n<p>Radio de giro dentro del borde del tambor: 5990 mm<\/p>","protected":false},"featured_media":760,"comment_status":"closed","ping_status":"closed","template":"","meta":[],"product_brand":[],"product_cat":[21],"product_tag":[78,45],"class_list":{"0":"post-251","1":"product","2":"type-product","3":"status-publish","4":"has-post-thumbnail","6":"product_cat-road-roller","7":"product_tag-road-roller_sem510-1","8":"product_tag-sem510","10":"first","11":"instock","12":"shipping-taxable","13":"product-type-simple"},"aioseo_notices":[],"_links":{"self":[{"href":"https:\/\/machpanda.com\/es\/wp-json\/wp\/v2\/product\/251","targetHints":{"allow":["GET"]}}],"collection":[{"href":"https:\/\/machpanda.com\/es\/wp-json\/wp\/v2\/product"}],"about":[{"href":"https:\/\/machpanda.com\/es\/wp-json\/wp\/v2\/types\/product"}],"replies":[{"embeddable":true,"href":"https:\/\/machpanda.com\/es\/wp-json\/wp\/v2\/comments?post=251"}],"wp:featuredmedia":[{"embeddable":true,"href":"https:\/\/machpanda.com\/es\/wp-json\/wp\/v2\/media\/760"}],"wp:attachment":[{"href":"https:\/\/machpanda.com\/es\/wp-json\/wp\/v2\/media?parent=251"}],"wp:term":[{"taxonomy":"product_brand","embeddable":true,"href":"https:\/\/machpanda.com\/es\/wp-json\/wp\/v2\/product_brand?post=251"},{"taxonomy":"product_cat","embeddable":true,"href":"https:\/\/machpanda.com\/es\/wp-json\/wp\/v2\/product_cat?post=251"},{"taxonomy":"product_tag","embeddable":true,"href":"https:\/\/machpanda.com\/es\/wp-json\/wp\/v2\/product_tag?post=251"}],"curies":[{"name":"wp","href":"https:\/\/api.w.org\/{rel}","templated":true}]}}