{"id":255,"date":"2022-06-14T01:58:44","date_gmt":"2022-06-14T01:58:44","guid":{"rendered":"https:\/\/machpanda.com\/?post_type=product&#038;p=255"},"modified":"2022-09-05T06:21:48","modified_gmt":"2022-09-05T06:21:48","slug":"sem518","status":"publish","type":"product","link":"https:\/\/machpanda.com\/es\/producto\/sem518\/","title":{"rendered":"Rodillo compactador SEM 518-1 Potente"},"content":{"rendered":"<p>Rodillo compactador SEM 518-1 Potente\uff0cHay una cabina basculante \u00fanica en la industria para el mantenimiento de bombas hidr\u00e1ulicas, cajas de engranajes, tuber\u00edas hidr\u00e1ulicas y sistemas el\u00e9ctricos.<\/p>\n<table style=\"border-collapse: collapse; width: 289.52pt;\" border=\"0\" width=\"386\" cellspacing=\"0\" cellpadding=\"0\">\n<tbody>\n<tr style=\"height: 22.50pt;\">\n<td class=\"et2\" style=\"height: 22.50pt; width: 192.05pt;\" width=\"256\" height=\"30\">Modelo<\/td>\n<td class=\"et2\" style=\"width: 98.05pt;\" width=\"130\"><\/td>\n<\/tr>\n<tr style=\"height: 22.50pt;\">\n<td class=\"et4\" style=\"height: 22.50pt; width: 192.05pt;\" width=\"256\" height=\"30\">Modelo<\/td>\n<td class=\"et5\" style=\"width: 98.05pt;\" width=\"130\">SEM518<\/td>\n<\/tr>\n<tr style=\"height: 22.50pt;\">\n<td class=\"et2\" style=\"height: 22.50pt; width: 192.05pt;\" width=\"256\" height=\"30\">Especificaci\u00f3n del motor<\/td>\n<td class=\"et2\" style=\"width: 98.05pt;\" width=\"130\"><\/td>\n<\/tr>\n<tr style=\"height: 22.50pt;\">\n<td class=\"et4\" style=\"height: 22.50pt; width: 192.05pt;\" width=\"256\" height=\"30\">Emisi\u00f3n<\/td>\n<td class=\"et5\" style=\"width: 98.05pt;\" width=\"130\">China Etapa II<\/td>\n<\/tr>\n<tr style=\"height: 22.50pt;\">\n<td class=\"et4\" style=\"height: 22.50pt; width: 192.05pt;\" width=\"256\" height=\"30\">Potencia bruta nominal est\u00e1ndar<\/td>\n<td class=\"et4\" style=\"width: 98.05pt;\" width=\"130\">129kW<\/td>\n<\/tr>\n<tr style=\"height: 22.50pt;\">\n<td class=\"et4\" style=\"height: 22.50pt; width: 192.05pt;\" width=\"256\" height=\"30\">Velocidad nominal<\/td>\n<td class=\"et5\" style=\"width: 98.05pt;\" width=\"130\">2000 r\/min<\/td>\n<\/tr>\n<tr style=\"height: 22.50pt;\">\n<td class=\"et4\" style=\"height: 22.50pt; width: 192.05pt;\" width=\"256\" height=\"30\">Peso operativo<\/td>\n<td class=\"et4\" style=\"width: 98.05pt;\" width=\"130\">18.000 kg<\/td>\n<\/tr>\n<tr style=\"height: 22.50pt;\">\n<td class=\"et4\" style=\"height: 22.50pt; width: 192.05pt;\" width=\"256\" height=\"30\">Volumen del tanque de combustible<\/td>\n<td class=\"et5\" style=\"width: 98.05pt;\" width=\"130\">262L<\/td>\n<\/tr>\n<tr style=\"height: 22.50pt;\">\n<td class=\"et2\" style=\"height: 22.50pt; width: 192.05pt;\" width=\"256\" height=\"30\">Especificaciones de funcionamiento<\/td>\n<td class=\"et2\" style=\"width: 98.05pt;\" width=\"130\"><\/td>\n<\/tr>\n<tr style=\"height: 22.50pt;\">\n<td class=\"et4\" style=\"height: 22.50pt; width: 192.05pt;\" width=\"256\" height=\"30\">Radio de giro dentro del borde del tambor<\/td>\n<td class=\"et5\" style=\"width: 98.05pt;\" width=\"130\">6.350 mm<\/td>\n<\/tr>\n<tr style=\"height: 22.50pt;\">\n<td class=\"et4\" style=\"height: 22.50pt; width: 192.05pt;\" width=\"256\" height=\"30\">Presi\u00f3n est\u00e1tica<\/td>\n<td class=\"et4\" style=\"width: 98.05pt;\" width=\"130\">415N\/cm3<\/td>\n<\/tr>\n<tr style=\"height: 22.50pt;\">\n<td class=\"et4\" style=\"height: 22.50pt; width: 192.05pt;\" width=\"256\" height=\"30\">\u00c1ngulo de direcci\u00f3n<\/td>\n<td class=\"et5\" style=\"width: 98.05pt;\" width=\"130\">\u00b133\u00b0<\/td>\n<\/tr>\n<tr style=\"height: 22.50pt;\">\n<td class=\"et4\" style=\"height: 22.50pt; width: 192.05pt;\" width=\"256\" height=\"30\">\u00c1ngulo de giro<\/td>\n<td class=\"et4\" style=\"width: 98.05pt;\" width=\"130\">\u00b112\u00b0<\/td>\n<\/tr>\n<tr style=\"height: 22.50pt;\">\n<td class=\"et2\" style=\"height: 22.50pt; width: 192.05pt;\" width=\"256\" height=\"30\">Velocidad de viaje<\/td>\n<td class=\"et2\" style=\"width: 98.05pt;\" width=\"130\"><\/td>\n<\/tr>\n<tr style=\"height: 22.50pt;\">\n<td class=\"et4\" style=\"height: 22.50pt; width: 192.05pt;\" width=\"256\" height=\"30\">VIE<\/td>\n<td class=\"et4\" style=\"width: 98.05pt;\" width=\"130\">2,98 km\/h<\/td>\n<\/tr>\n<tr style=\"height: 22.50pt;\">\n<td class=\"et4\" style=\"height: 22.50pt; width: 192.05pt;\" width=\"256\" height=\"30\">F\/R II<\/td>\n<td class=\"et5\" style=\"width: 98.05pt;\" width=\"130\">5,88 km\/h<\/td>\n<\/tr>\n<tr style=\"height: 22.50pt;\">\n<td class=\"et4\" style=\"height: 22.50pt; width: 192.05pt;\" width=\"256\" height=\"30\">F\/R III<\/td>\n<td class=\"et4\" style=\"width: 98.05pt;\" width=\"130\">9,60 km\/h<\/td>\n<\/tr>\n<tr style=\"height: 22.50pt;\">\n<td class=\"et2\" style=\"height: 22.50pt; width: 192.05pt;\" width=\"256\" height=\"30\">Tiempo de ciclo hidr\u00e1ulico<\/td>\n<td class=\"et2\" style=\"width: 98.05pt;\" width=\"130\"><\/td>\n<\/tr>\n<tr style=\"height: 22.50pt;\">\n<td class=\"et4\" style=\"height: 22.50pt; width: 192.05pt;\" width=\"256\" height=\"30\">Volumen del tanque de aceite hidr\u00e1ulico<\/td>\n<td class=\"et4\" style=\"width: 98.05pt;\" width=\"130\">80L<\/td>\n<\/tr>\n<tr style=\"height: 22.50pt;\">\n<td class=\"et2\" style=\"height: 22.50pt; width: 192.05pt;\" width=\"256\" height=\"30\">Sistema vibratorio<\/td>\n<td class=\"et2\" style=\"width: 98.05pt;\" width=\"130\"><\/td>\n<\/tr>\n<tr style=\"height: 22.50pt;\">\n<td class=\"et4\" style=\"height: 22.50pt; width: 192.05pt;\" width=\"256\" height=\"30\">Frecuencia-Alta\/Baja<\/td>\n<td class=\"et4\" style=\"width: 98.05pt;\" width=\"130\">30\/28 Hz<\/td>\n<\/tr>\n<tr style=\"height: 22.50pt;\">\n<td class=\"et4\" style=\"height: 22.50pt; width: 192.05pt;\" width=\"256\" height=\"30\">Amplitud-Hi\/Lo<\/td>\n<td class=\"et5\" style=\"width: 98.05pt;\" width=\"130\">2\/1 mm<\/td>\n<\/tr>\n<tr style=\"height: 22.50pt;\">\n<td class=\"et4\" style=\"height: 22.50pt; width: 192.05pt;\" width=\"256\" height=\"30\">Fuerza de excitaci\u00f3n (alta\/baja)<\/td>\n<td class=\"et4\" style=\"width: 98.05pt;\" width=\"130\">327\/188KN<\/td>\n<\/tr>\n<tr style=\"height: 22.50pt;\">\n<td class=\"et2\" style=\"height: 22.50pt; width: 192.05pt;\" width=\"256\" height=\"30\">Dimensiones<\/td>\n<td class=\"et2\" style=\"width: 98.05pt;\" width=\"130\"><\/td>\n<\/tr>\n<tr style=\"height: 22.50pt;\">\n<td class=\"et4\" style=\"height: 22.50pt; width: 192.05pt;\" width=\"256\" height=\"30\">Ancho del tambor<\/td>\n<td class=\"et4\" style=\"width: 98.05pt;\" width=\"130\">2130 mm<\/td>\n<\/tr>\n<tr style=\"height: 22.50pt;\">\n<td class=\"et4\" style=\"height: 22.50pt; width: 192.05pt;\" width=\"256\" height=\"30\">Di\u00e1metro del tambor<\/td>\n<td class=\"et5\" style=\"width: 98.05pt;\" width=\"130\">1.600 mm<\/td>\n<\/tr>\n<tr style=\"height: 22.50pt;\">\n<td class=\"et4\" style=\"height: 22.50pt; width: 192.05pt;\" width=\"256\" height=\"30\">Grosor del tambor<\/td>\n<td class=\"et4\" style=\"width: 98.05pt;\" width=\"130\">40 mm<\/td>\n<\/tr>\n<tr style=\"height: 22.50pt;\">\n<td class=\"et2\" style=\"height: 22.50pt; width: 192.05pt;\" width=\"256\" height=\"30\">Especificaciones de neum\u00e1ticos<\/td>\n<td class=\"et2\" style=\"width: 98.05pt;\" width=\"130\"><\/td>\n<\/tr>\n<tr style=\"height: 22.50pt;\">\n<td class=\"et4\" style=\"height: 22.50pt; width: 192.05pt;\" width=\"256\" height=\"30\">Tipo de neum\u00e1ticos<\/td>\n<td class=\"et4\" style=\"width: 98.05pt;\" width=\"130\">20.5-25<\/td>\n<\/tr>\n<\/tbody>\n<\/table>","protected":false},"excerpt":{"rendered":"<p>Potencia nominal bruta est\u00e1ndar: 129kW<\/p>\n<p>Velocidad nominal: 2000 r\/min<\/p>\n<p>Radio de giro dentro del borde del tambor: 6350 mm<\/p>","protected":false},"featured_media":758,"comment_status":"closed","ping_status":"closed","template":"","meta":[],"product_brand":[],"product_cat":[21],"product_tag":[76,47],"class_list":{"0":"post-255","1":"product","2":"type-product","3":"status-publish","4":"has-post-thumbnail","6":"product_cat-road-roller","7":"product_tag-road-roller_sem518-1","8":"product_tag-sem518","10":"first","11":"instock","12":"shipping-taxable","13":"product-type-simple"},"aioseo_notices":[],"_links":{"self":[{"href":"https:\/\/machpanda.com\/es\/wp-json\/wp\/v2\/product\/255","targetHints":{"allow":["GET"]}}],"collection":[{"href":"https:\/\/machpanda.com\/es\/wp-json\/wp\/v2\/product"}],"about":[{"href":"https:\/\/machpanda.com\/es\/wp-json\/wp\/v2\/types\/product"}],"replies":[{"embeddable":true,"href":"https:\/\/machpanda.com\/es\/wp-json\/wp\/v2\/comments?post=255"}],"wp:featuredmedia":[{"embeddable":true,"href":"https:\/\/machpanda.com\/es\/wp-json\/wp\/v2\/media\/758"}],"wp:attachment":[{"href":"https:\/\/machpanda.com\/es\/wp-json\/wp\/v2\/media?parent=255"}],"wp:term":[{"taxonomy":"product_brand","embeddable":true,"href":"https:\/\/machpanda.com\/es\/wp-json\/wp\/v2\/product_brand?post=255"},{"taxonomy":"product_cat","embeddable":true,"href":"https:\/\/machpanda.com\/es\/wp-json\/wp\/v2\/product_cat?post=255"},{"taxonomy":"product_tag","embeddable":true,"href":"https:\/\/machpanda.com\/es\/wp-json\/wp\/v2\/product_tag?post=255"}],"curies":[{"name":"wp","href":"https:\/\/api.w.org\/{rel}","templated":true}]}}