{"id":257,"date":"2022-06-14T02:06:48","date_gmt":"2022-06-14T02:06:48","guid":{"rendered":"https:\/\/machpanda.com\/?post_type=product&#038;p=257"},"modified":"2022-09-05T06:13:53","modified_gmt":"2022-09-05T06:13:53","slug":"sr10-road-roller","status":"publish","type":"product","link":"https:\/\/machpanda.com\/es\/producto\/sr10-road-roller\/","title":{"rendered":"Potente rodillo compactador SHANTUI SR10"},"content":{"rendered":"<p>Potente rodillo compactador SHANTUI SR10\uff0c totalmente hidr\u00e1ulico vibrante solo tambor tipos de rodillo compactador.<br \/>\nLa elecci\u00f3n de alto grado y alto est\u00e1ndar de Shantui de las piezas cr\u00edticas del rodillo (incluyendo el motor, piezas de transmisi\u00f3n y piezas hidr\u00e1ulicas) garantiza el rendimiento y la fiabilidad del producto. Rodillo compactador SR10 de SHANTUI potente, el dise\u00f1o profesional en la presi\u00f3n lineal est\u00e1tica, amplitud de vibraci\u00f3n y frecuencia de vibraci\u00f3n y la velocidad apropiada y rendimiento de nivelaci\u00f3n realizan una eficiencia de trabajo m\u00e1xima mientras ofrece un alto rendimiento de compactaci\u00f3n.<\/p>\n<table style=\"border-collapse: collapse; width: 330.02pt;\" border=\"0\" width=\"440\" cellspacing=\"0\" cellpadding=\"0\">\n<tbody>\n<tr style=\"height: 22.50pt;\">\n<td class=\"et2\" style=\"height: 22.50pt; width: 206.05pt;\" width=\"274\" height=\"30\">Nombre del par\u00e1metro<\/td>\n<td class=\"et2\" style=\"width: 124.05pt;\" width=\"165\">SR10<\/td>\n<\/tr>\n<tr style=\"height: 22.50pt;\">\n<td class=\"et3\" style=\"height: 22.50pt; width: 206.05pt;\" width=\"274\" height=\"30\">Par\u00e1metros de rendimiento<\/td>\n<td class=\"et3\" style=\"width: 124.05pt;\" width=\"165\"><\/td>\n<\/tr>\n<tr style=\"height: 22.50pt;\">\n<td class=\"et5\" style=\"height: 22.50pt; width: 206.05pt;\" width=\"274\" height=\"30\">Peso operativo (Kg)<\/td>\n<td class=\"et5\" style=\"width: 124.05pt;\" width=\"165\">10000<\/td>\n<\/tr>\n<tr style=\"height: 22.50pt;\">\n<td class=\"et5\" style=\"height: 22.50pt; width: 206.05pt;\" width=\"274\" height=\"30\">Fuerza excitante (KN)<\/td>\n<td class=\"et5\" style=\"width: 124.05pt;\" width=\"165\">270\/180<\/td>\n<\/tr>\n<tr style=\"height: 22.50pt;\">\n<td class=\"et5\" style=\"height: 22.50pt; width: 206.05pt;\" width=\"274\" height=\"30\">Frecuencia de vibraci\u00f3n (Hz)<\/td>\n<td class=\"et5\" style=\"width: 124.05pt;\" width=\"165\">30\/35<\/td>\n<\/tr>\n<tr style=\"height: 22.50pt;\">\n<td class=\"et5\" style=\"height: 22.50pt; width: 206.05pt;\" width=\"274\" height=\"30\">Amplitud nominal (mm)<\/td>\n<td class=\"et5\" style=\"width: 124.05pt;\" width=\"165\">2\/1.0<\/td>\n<\/tr>\n<tr style=\"height: 22.50pt;\">\n<td class=\"et5\" style=\"height: 22.50pt; width: 206.05pt;\" width=\"274\" height=\"30\">Presi\u00f3n sobre el suelo (KPa)<\/td>\n<td class=\"et5\" style=\"width: 124.05pt;\" width=\"165\">&#8211;<\/td>\n<\/tr>\n<tr style=\"height: 22.50pt;\">\n<td class=\"et5\" style=\"height: 22.50pt; width: 206.05pt;\" width=\"274\" height=\"30\">Trepabilidad (%)<\/td>\n<td class=\"et5\" style=\"width: 124.05pt;\" width=\"165\">48<\/td>\n<\/tr>\n<tr style=\"height: 22.50pt;\">\n<td class=\"et3\" style=\"height: 22.50pt; width: 206.05pt;\" width=\"274\" height=\"30\">Motor<\/td>\n<td class=\"et3\" style=\"width: 124.05pt;\" width=\"165\"><\/td>\n<\/tr>\n<tr style=\"height: 22.50pt;\">\n<td class=\"et5\" style=\"height: 22.50pt; width: 206.05pt;\" width=\"274\" height=\"30\">Modelo de motor<\/td>\n<td class=\"et5\" style=\"width: 124.05pt;\" width=\"165\">WP4G110E220<\/td>\n<\/tr>\n<tr style=\"height: 22.50pt;\">\n<td class=\"et5\" style=\"height: 22.50pt; width: 206.05pt;\" width=\"274\" height=\"30\">Potencia nominal\/velocidad nominal (kW\/rpm)<\/td>\n<td class=\"et5\" style=\"width: 124.05pt;\" width=\"165\">82\/2200<\/td>\n<\/tr>\n<tr style=\"height: 22.50pt;\">\n<td class=\"et3\" style=\"height: 22.50pt; width: 206.05pt;\" width=\"274\" height=\"30\">Dimensiones totales<\/td>\n<td class=\"et3\" style=\"width: 124.05pt;\" width=\"165\"><\/td>\n<\/tr>\n<tr style=\"height: 22.50pt;\">\n<td class=\"et5\" style=\"height: 22.50pt; width: 206.05pt;\" width=\"274\" height=\"30\">Dimensiones totales de la m\u00e1quina (mm)<\/td>\n<td class=\"et5\" style=\"width: 124.05pt;\" width=\"165\">5909*2305*3130<\/td>\n<\/tr>\n<tr style=\"height: 22.50pt;\">\n<td class=\"et3\" style=\"height: 22.50pt; width: 206.05pt;\" width=\"274\" height=\"30\">Rendimiento de conducci\u00f3n<\/td>\n<td class=\"et3\" style=\"width: 124.05pt;\" width=\"165\"><\/td>\n<\/tr>\n<tr style=\"height: 22.50pt;\">\n<td class=\"et5\" style=\"height: 22.50pt; width: 206.05pt;\" width=\"274\" height=\"30\">Velocidad de avance (km\/h)<\/td>\n<td class=\"et5\" style=\"width: 124.05pt;\" width=\"165\">F1:0-5.3,F2:0-9.9<\/td>\n<\/tr>\n<tr style=\"height: 22.50pt;\">\n<td class=\"et5\" style=\"height: 22.50pt; width: 206.05pt;\" width=\"274\" height=\"30\">Velocidad de marcha atr\u00e1s (km\/h)<\/td>\n<td class=\"et5\" style=\"width: 124.05pt;\" width=\"165\">R1:0-5.3,R2:0-9.9<\/td>\n<\/tr>\n<tr style=\"height: 22.50pt;\">\n<td class=\"et3\" style=\"height: 22.50pt; width: 206.05pt;\" width=\"274\" height=\"30\">Sistema de chasis<\/td>\n<td class=\"et3\" style=\"width: 124.05pt;\" width=\"165\"><\/td>\n<\/tr>\n<tr style=\"height: 22.50pt;\">\n<td class=\"et5\" style=\"height: 22.50pt; width: 206.05pt;\" width=\"274\" height=\"30\">Distancia entre ejes (mm)<\/td>\n<td class=\"et5\" style=\"width: 124.05pt;\" width=\"165\">&#8211;<\/td>\n<\/tr>\n<tr style=\"height: 22.50pt;\">\n<td class=\"et3\" style=\"height: 22.50pt; width: 206.05pt;\" width=\"274\" height=\"30\">Capacidad del tanque<\/td>\n<td class=\"et3\" style=\"width: 124.05pt;\" width=\"165\"><\/td>\n<\/tr>\n<tr style=\"height: 22.50pt;\">\n<td class=\"et5\" style=\"height: 22.50pt; width: 206.05pt;\" width=\"274\" height=\"30\">Tanque de combustible (L)<\/td>\n<td class=\"et5\" style=\"width: 124.05pt;\" width=\"165\">230<\/td>\n<\/tr>\n<tr style=\"height: 22.50pt;\">\n<td class=\"et3\" style=\"height: 22.50pt; width: 206.05pt;\" width=\"274\" height=\"30\">dispositivo de trabajo<\/td>\n<td class=\"et3\" style=\"width: 124.05pt;\" width=\"165\"><\/td>\n<\/tr>\n<tr style=\"height: 22.50pt;\">\n<td class=\"et5\" style=\"height: 22.50pt; width: 206.05pt;\" width=\"274\" height=\"30\">Ancho de compactaci\u00f3n (mm)<\/td>\n<td class=\"et5\" style=\"width: 124.05pt;\" width=\"165\">2130<\/td>\n<\/tr>\n<\/tbody>\n<\/table>","protected":false},"excerpt":{"rendered":"<p>Peso total:<br \/>\nPotencia del motor de 10000kg: 82kw\/2200rpm<br \/>\nAncho de compactaci\u00f3n: 2130 mm<\/p>","protected":false},"featured_media":757,"comment_status":"closed","ping_status":"closed","template":"","meta":[],"product_brand":[],"product_cat":[21],"product_tag":[75,48],"class_list":{"0":"post-257","1":"product","2":"type-product","3":"status-publish","4":"has-post-thumbnail","6":"product_cat-road-roller","7":"product_tag-road-roller_sr10","8":"product_tag-sr10-road-roller","10":"first","11":"instock","12":"shipping-taxable","13":"product-type-simple"},"aioseo_notices":[],"_links":{"self":[{"href":"https:\/\/machpanda.com\/es\/wp-json\/wp\/v2\/product\/257","targetHints":{"allow":["GET"]}}],"collection":[{"href":"https:\/\/machpanda.com\/es\/wp-json\/wp\/v2\/product"}],"about":[{"href":"https:\/\/machpanda.com\/es\/wp-json\/wp\/v2\/types\/product"}],"replies":[{"embeddable":true,"href":"https:\/\/machpanda.com\/es\/wp-json\/wp\/v2\/comments?post=257"}],"wp:featuredmedia":[{"embeddable":true,"href":"https:\/\/machpanda.com\/es\/wp-json\/wp\/v2\/media\/757"}],"wp:attachment":[{"href":"https:\/\/machpanda.com\/es\/wp-json\/wp\/v2\/media?parent=257"}],"wp:term":[{"taxonomy":"product_brand","embeddable":true,"href":"https:\/\/machpanda.com\/es\/wp-json\/wp\/v2\/product_brand?post=257"},{"taxonomy":"product_cat","embeddable":true,"href":"https:\/\/machpanda.com\/es\/wp-json\/wp\/v2\/product_cat?post=257"},{"taxonomy":"product_tag","embeddable":true,"href":"https:\/\/machpanda.com\/es\/wp-json\/wp\/v2\/product_tag?post=257"}],"curies":[{"name":"wp","href":"https:\/\/api.w.org\/{rel}","templated":true}]}}