{"id":259,"date":"2022-06-14T02:12:54","date_gmt":"2022-06-14T02:12:54","guid":{"rendered":"https:\/\/machpanda.com\/?post_type=product&#038;p=259"},"modified":"2022-09-05T03:38:21","modified_gmt":"2022-09-05T03:38:21","slug":"sr12-5","status":"publish","type":"product","link":"https:\/\/machpanda.com\/es\/producto\/sr12-5\/","title":{"rendered":"Mejor Rodillo compactador SHANTUI SR12-5"},"content":{"rendered":"<p>Mejor Rodillo compactador SR12-5 de SHANTUI, la nueva generaci\u00f3n de Shantui, impulsi\u00f3n doble hidr\u00e1ulica completa, cambio de velocidad continuo de dos velocidades, el sistema de vibraci\u00f3n es un sistema cerrado, amplitud doble, los componentes hidr\u00e1ulicos son producidos por fabricantes de piezas hidr\u00e1ulicas de renombre internacional, asegurando la practicidad y estabilidad del sistema de vibraci\u00f3n de marcha. El sistema se ajusta razonablemente, fiable, ahorro de energ\u00eda y eficiente.<\/p>\n<p>Mejor apisonadora SHANTUI SR12-5:<\/p>\n<p>1. Potente<br \/>\nShantui y Weichai utilizan las ventajas de su propia plataforma para ajustar el rendimiento del motor, de modo que la zona de econom\u00eda de combustible del motor y las condiciones de trabajo comunes de este veh\u00edculo puedan maximizarse, ahorrando alrededor de 15%.<\/p>\n<p>2. Sistema hidr\u00e1ulico de remolque<br \/>\nCuando el rodillo no se puede mover por s\u00ed mismo, el sistema puede remolcar el rodillo en distancias cortas, lo cual es conveniente y eficiente.<\/p>\n<p>3. Dise\u00f1o humanizado<br \/>\nLa amortiguaci\u00f3n de tres etapas reduce efectivamente la vibraci\u00f3n transmitida por la rueda de acero y mejora la comodidad de operaci\u00f3n. Bater\u00eda de alto rendimiento sin mantenimiento, operaci\u00f3n con una sola manija, cambio de velocidad continuo de dos velocidades, lo que garantiza la comodidad de conducci\u00f3n.<\/p>\n<p>4. Medici\u00f3n de presi\u00f3n centralizada, detecci\u00f3n conveniente de vibraci\u00f3n, caminar, presi\u00f3n de direcci\u00f3n, etc.<\/p>\n<p>5. Eje de transmisi\u00f3n DA-NA original importado, excelente rendimiento.<\/p>\n<p>6. Mejor Rodillo compactador SHANTUI SR12-5,La cabina de nuevo dise\u00f1o basada en la ergonom\u00eda tiene un gran espacio, radio est\u00e1ndar y aire acondicionado, lo que mejora enormemente la experiencia de operaci\u00f3n del usuario.<\/p>","protected":false},"excerpt":{"rendered":"<p>Peso total: 26000 kg<br \/>\nDi\u00e1metro de la rueda de vibraci\u00f3n: 1600 mm<br \/>\nPotencia nominal: 140\/1800 kw\/rpm<\/p>","protected":false},"featured_media":755,"comment_status":"closed","ping_status":"closed","template":"","meta":[],"product_brand":[],"product_cat":[21],"product_tag":[74,49],"class_list":{"0":"post-259","1":"product","2":"type-product","3":"status-publish","4":"has-post-thumbnail","6":"product_cat-road-roller","7":"product_tag-road-roller_sr12-5","8":"product_tag-sr12-5","10":"first","11":"instock","12":"shipping-taxable","13":"product-type-simple"},"aioseo_notices":[],"_links":{"self":[{"href":"https:\/\/machpanda.com\/es\/wp-json\/wp\/v2\/product\/259","targetHints":{"allow":["GET"]}}],"collection":[{"href":"https:\/\/machpanda.com\/es\/wp-json\/wp\/v2\/product"}],"about":[{"href":"https:\/\/machpanda.com\/es\/wp-json\/wp\/v2\/types\/product"}],"replies":[{"embeddable":true,"href":"https:\/\/machpanda.com\/es\/wp-json\/wp\/v2\/comments?post=259"}],"wp:featuredmedia":[{"embeddable":true,"href":"https:\/\/machpanda.com\/es\/wp-json\/wp\/v2\/media\/755"}],"wp:attachment":[{"href":"https:\/\/machpanda.com\/es\/wp-json\/wp\/v2\/media?parent=259"}],"wp:term":[{"taxonomy":"product_brand","embeddable":true,"href":"https:\/\/machpanda.com\/es\/wp-json\/wp\/v2\/product_brand?post=259"},{"taxonomy":"product_cat","embeddable":true,"href":"https:\/\/machpanda.com\/es\/wp-json\/wp\/v2\/product_cat?post=259"},{"taxonomy":"product_tag","embeddable":true,"href":"https:\/\/machpanda.com\/es\/wp-json\/wp\/v2\/product_tag?post=259"}],"curies":[{"name":"wp","href":"https:\/\/api.w.org\/{rel}","templated":true}]}}