{"id":261,"date":"2022-06-14T02:15:18","date_gmt":"2022-06-14T02:15:18","guid":{"rendered":"https:\/\/machpanda.com\/?post_type=product&#038;p=261"},"modified":"2022-09-05T03:29:26","modified_gmt":"2022-09-05T03:29:26","slug":"sr12p-5","status":"publish","type":"product","link":"https:\/\/machpanda.com\/es\/producto\/sr12p-5\/","title":{"rendered":"Mejor Rodillo compactador SHANTUI SR12P-5"},"content":{"rendered":"<p>Mejor Rodillo compactador SHANTUI SR12P-5<\/p>\n<p>\u25cf El motor Weichai WP6G140E22, excelente rendimiento, alta confiabilidad, alta econom\u00eda de combustible, gran potencia puede hacer que toda la m\u00e1quina est\u00e9 en el mejor estado de compactaci\u00f3n y garantizar la calidad de la construcci\u00f3n.<\/p>\n<p>\u25cf La nueva rueda vibratoria patentada de Shantui tiene mejor estructura y estabilidad, y tiene una gran capacidad de aceite lubricante.<\/p>","protected":false},"excerpt":{"rendered":"<p>Peso bruto: 12000 kg<\/p>\n<p>Potencia del motor: 105kW\/2200rpm<\/p>\n<p>Ancho de compactaci\u00f3n: 2110 mm<\/p>","protected":false},"featured_media":753,"comment_status":"closed","ping_status":"closed","template":"","meta":[],"product_brand":[],"product_cat":[21],"product_tag":[73,50],"class_list":{"0":"post-261","1":"product","2":"type-product","3":"status-publish","4":"has-post-thumbnail","6":"product_cat-road-roller","7":"product_tag-road-roller_sr12p-5","8":"product_tag-sr12p-5","10":"first","11":"instock","12":"shipping-taxable","13":"product-type-simple"},"aioseo_notices":[],"_links":{"self":[{"href":"https:\/\/machpanda.com\/es\/wp-json\/wp\/v2\/product\/261","targetHints":{"allow":["GET"]}}],"collection":[{"href":"https:\/\/machpanda.com\/es\/wp-json\/wp\/v2\/product"}],"about":[{"href":"https:\/\/machpanda.com\/es\/wp-json\/wp\/v2\/types\/product"}],"replies":[{"embeddable":true,"href":"https:\/\/machpanda.com\/es\/wp-json\/wp\/v2\/comments?post=261"}],"wp:featuredmedia":[{"embeddable":true,"href":"https:\/\/machpanda.com\/es\/wp-json\/wp\/v2\/media\/753"}],"wp:attachment":[{"href":"https:\/\/machpanda.com\/es\/wp-json\/wp\/v2\/media?parent=261"}],"wp:term":[{"taxonomy":"product_brand","embeddable":true,"href":"https:\/\/machpanda.com\/es\/wp-json\/wp\/v2\/product_brand?post=261"},{"taxonomy":"product_cat","embeddable":true,"href":"https:\/\/machpanda.com\/es\/wp-json\/wp\/v2\/product_cat?post=261"},{"taxonomy":"product_tag","embeddable":true,"href":"https:\/\/machpanda.com\/es\/wp-json\/wp\/v2\/product_tag?post=261"}],"curies":[{"name":"wp","href":"https:\/\/api.w.org\/{rel}","templated":true}]}}