{"id":263,"date":"2022-06-14T02:21:15","date_gmt":"2022-06-14T02:21:15","guid":{"rendered":"https:\/\/machpanda.com\/?post_type=product&#038;p=263"},"modified":"2022-09-05T03:27:03","modified_gmt":"2022-09-05T03:27:03","slug":"sr14","status":"publish","type":"product","link":"https:\/\/machpanda.com\/es\/producto\/sr14\/","title":{"rendered":"Mejor Rodillo compactador SHANTUI SR14"},"content":{"rendered":"<p>Rodillo compactador SHANTUI SR14,Equipado con motor Cumins de alta calidad, mayor potencia con menor consumo de combustible.<br \/>\nSistema hidr\u00e1ulico<br \/>\nEl sistema de conducci\u00f3n y vibraci\u00f3n aporta estabilidad y fiabilidad.<br \/>\nDoble tracci\u00f3n hidr\u00e1ulica, infinitamente variable, direcci\u00f3n hidr\u00e1ulica, f\u00e1cil de operar.<br \/>\nVibraci\u00f3n de doble frecuencia y doble amplitud, asegura la excelente efectividad de la compactaci\u00f3n<br \/>\nLa transmisi\u00f3n completamente hidr\u00e1ulica y el control completamente el\u00e9ctrico-hidr\u00e1ulico facilitan la operaci\u00f3n y mejoran la automatizaci\u00f3n;<br \/>\nRodillo compactador SHANTUI SR14,El desplazamiento es impulsado por un motor hidr\u00e1ulico, una sola manija, velocidad infinitamente variable, f\u00e1cil de operar;<br \/>\nLa direcci\u00f3n totalmente articulada hidr\u00e1ulica la hace flexible;<br \/>\nCorte autom\u00e1tico del sistema de potencia de frenado para garantizar la seguridad y confiabilidad de la m\u00e1quina.<\/p>\n<table style=\"border-collapse: collapse; width: 421.52pt;\" border=\"0\" width=\"562\" cellspacing=\"0\" cellpadding=\"0\">\n<tbody>\n<tr style=\"height: 16.50pt;\">\n<td class=\"et3\" style=\"height: 16.50pt; width: 210.75pt;\" width=\"281\" height=\"22\">Nombre del par\u00e1metro<\/td>\n<td class=\"et3\" style=\"width: 210.75pt;\" width=\"281\">SR14<\/td>\n<\/tr>\n<tr style=\"height: 16.50pt;\">\n<td class=\"et4\" style=\"height: 16.50pt; width: 210.75pt;\" width=\"281\" height=\"22\">Par\u00e1metros de rendimiento<\/td>\n<td class=\"et4\" style=\"width: 210.75pt;\" width=\"281\"><\/td>\n<\/tr>\n<tr style=\"height: 16.50pt;\">\n<td class=\"et6\" style=\"height: 16.50pt; width: 210.75pt;\" width=\"281\" height=\"22\">Peso operativo (Kg)<\/td>\n<td class=\"et6\" style=\"width: 210.75pt;\" width=\"281\">14000<\/td>\n<\/tr>\n<tr style=\"height: 16.50pt;\">\n<td class=\"et6\" style=\"height: 16.50pt; width: 210.75pt;\" width=\"281\" height=\"22\">Fuerza excitante (KN)<\/td>\n<td class=\"et6\" style=\"width: 210.75pt;\" width=\"281\">310\/200<\/td>\n<\/tr>\n<tr style=\"height: 16.50pt;\">\n<td class=\"et6\" style=\"height: 16.50pt; width: 210.75pt;\" width=\"281\" height=\"22\">Frecuencia de vibraci\u00f3n (Hz)<\/td>\n<td class=\"et6\" style=\"width: 210.75pt;\" width=\"281\">30\/35<\/td>\n<\/tr>\n<tr style=\"height: 16.50pt;\">\n<td class=\"et6\" style=\"height: 16.50pt; width: 210.75pt;\" width=\"281\" height=\"22\">Amplitud nominal (mm)<\/td>\n<td class=\"et6\" style=\"width: 210.75pt;\" width=\"281\">1.65\/0.70<\/td>\n<\/tr>\n<tr style=\"height: 16.50pt;\">\n<td class=\"et6\" style=\"height: 16.50pt; width: 210.75pt;\" width=\"281\" height=\"22\">Trepabilidad (%)<\/td>\n<td class=\"et6\" style=\"width: 210.75pt;\" width=\"281\">45<\/td>\n<\/tr>\n<tr style=\"height: 16.50pt;\">\n<td class=\"et4\" style=\"height: 16.50pt; width: 210.75pt;\" width=\"281\" height=\"22\">Motor<\/td>\n<td class=\"et4\" style=\"width: 210.75pt;\" width=\"281\"><\/td>\n<\/tr>\n<tr style=\"height: 16.50pt;\">\n<td class=\"et6\" style=\"height: 16.50pt; width: 210.75pt;\" width=\"281\" height=\"22\">Modelo de motor<\/td>\n<td class=\"et6\" style=\"width: 210.75pt;\" width=\"281\">Weichai WP6G140E22<\/td>\n<\/tr>\n<tr style=\"height: 16.50pt;\">\n<td class=\"et6\" style=\"height: 16.50pt; width: 210.75pt;\" width=\"281\" height=\"22\">Potencia nominal\/velocidad nominal (kW\/rpm)<\/td>\n<td class=\"et6\" style=\"width: 210.75pt;\" width=\"281\">105kw\/2200rpm<\/td>\n<\/tr>\n<tr style=\"height: 16.50pt;\">\n<td class=\"et4\" style=\"height: 16.50pt; width: 210.75pt;\" width=\"281\" height=\"22\">Dimensiones totales<\/td>\n<td class=\"et4\" style=\"width: 210.75pt;\" width=\"281\"><\/td>\n<\/tr>\n<tr style=\"height: 16.50pt;\">\n<td class=\"et6\" style=\"height: 16.50pt; width: 210.75pt;\" width=\"281\" height=\"22\">Dimensiones totales de la m\u00e1quina (mm)<\/td>\n<td class=\"et6\" style=\"width: 210.75pt;\" width=\"281\">6140*2280*3100<\/td>\n<\/tr>\n<tr style=\"height: 16.50pt;\">\n<td class=\"et4\" style=\"height: 16.50pt; width: 210.75pt;\" width=\"281\" height=\"22\">Rendimiento de conducci\u00f3n<\/td>\n<td class=\"et4\" style=\"width: 210.75pt;\" width=\"281\"><\/td>\n<\/tr>\n<tr style=\"height: 16.50pt;\">\n<td class=\"et6\" style=\"height: 16.50pt; width: 210.75pt;\" width=\"281\" height=\"22\">Velocidad de avance (km\/h)<\/td>\n<td class=\"et6\" style=\"width: 210.75pt;\" width=\"281\">F1: 0-5,5, F2: 0-10<\/td>\n<\/tr>\n<tr style=\"height: 16.50pt;\">\n<td class=\"et6\" style=\"height: 16.50pt; width: 210.75pt;\" width=\"281\" height=\"22\">Velocidad de marcha atr\u00e1s (km\/h)<\/td>\n<td class=\"et6\" style=\"width: 210.75pt;\" width=\"281\">R1: 0-5.5, R2: 0-10<\/td>\n<\/tr>\n<tr style=\"height: 16.50pt;\">\n<td class=\"et4\" style=\"height: 16.50pt; width: 210.75pt;\" width=\"281\" height=\"22\">Sistema de chasis<\/td>\n<td class=\"et4\" style=\"width: 210.75pt;\" width=\"281\"><\/td>\n<\/tr>\n<tr style=\"height: 16.50pt;\">\n<td class=\"et6\" style=\"height: 16.50pt; width: 210.75pt;\" width=\"281\" height=\"22\">Distancia entre ejes (mm)<\/td>\n<td class=\"et6\" style=\"width: 210.75pt;\" width=\"281\">3100<\/td>\n<\/tr>\n<tr style=\"height: 16.50pt;\">\n<td class=\"et4\" style=\"height: 16.50pt; width: 210.75pt;\" width=\"281\" height=\"22\">Capacidad del tanque<\/td>\n<td class=\"et4\" style=\"width: 210.75pt;\" width=\"281\"><\/td>\n<\/tr>\n<tr style=\"height: 16.50pt;\">\n<td class=\"et6\" style=\"height: 16.50pt; width: 210.75pt;\" width=\"281\" height=\"22\">Tanque de combustible (L)<\/td>\n<td class=\"et6\" style=\"width: 210.75pt;\" width=\"281\">240<\/td>\n<\/tr>\n<tr style=\"height: 16.50pt;\">\n<td class=\"et4\" style=\"height: 16.50pt; width: 210.75pt;\" width=\"281\" height=\"22\">dispositivo de trabajo<\/td>\n<td class=\"et4\" style=\"width: 210.75pt;\" width=\"281\"><\/td>\n<\/tr>\n<tr style=\"height: 16.50pt;\">\n<td class=\"et6\" style=\"height: 16.50pt; width: 210.75pt;\" width=\"281\" height=\"22\">Ancho de compactaci\u00f3n<span class=\"font0\">(<\/span><span class=\"font1\">mil\u00edmetro<\/span><span class=\"font0\">\uff09<\/span><\/td>\n<td class=\"et6\" style=\"width: 210.75pt;\" width=\"281\">2130<\/td>\n<\/tr>\n<\/tbody>\n<\/table>","protected":false},"excerpt":{"rendered":"<p>Peso de la m\u00e1quina: 14000 kg<br \/>\nPotencia del motor: 105kw\/2200rpm<br \/>\nAncho de compactaci\u00f3n: 2130 mm<\/p>","protected":false},"featured_media":752,"comment_status":"closed","ping_status":"closed","template":"","meta":[],"product_brand":[],"product_cat":[21],"product_tag":[72,51],"class_list":{"0":"post-263","1":"product","2":"type-product","3":"status-publish","4":"has-post-thumbnail","6":"product_cat-road-roller","7":"product_tag-road-roller_sr14","8":"product_tag-sr14","10":"first","11":"instock","12":"shipping-taxable","13":"product-type-simple"},"aioseo_notices":[],"_links":{"self":[{"href":"https:\/\/machpanda.com\/es\/wp-json\/wp\/v2\/product\/263","targetHints":{"allow":["GET"]}}],"collection":[{"href":"https:\/\/machpanda.com\/es\/wp-json\/wp\/v2\/product"}],"about":[{"href":"https:\/\/machpanda.com\/es\/wp-json\/wp\/v2\/types\/product"}],"replies":[{"embeddable":true,"href":"https:\/\/machpanda.com\/es\/wp-json\/wp\/v2\/comments?post=263"}],"wp:featuredmedia":[{"embeddable":true,"href":"https:\/\/machpanda.com\/es\/wp-json\/wp\/v2\/media\/752"}],"wp:attachment":[{"href":"https:\/\/machpanda.com\/es\/wp-json\/wp\/v2\/media?parent=263"}],"wp:term":[{"taxonomy":"product_brand","embeddable":true,"href":"https:\/\/machpanda.com\/es\/wp-json\/wp\/v2\/product_brand?post=263"},{"taxonomy":"product_cat","embeddable":true,"href":"https:\/\/machpanda.com\/es\/wp-json\/wp\/v2\/product_cat?post=263"},{"taxonomy":"product_tag","embeddable":true,"href":"https:\/\/machpanda.com\/es\/wp-json\/wp\/v2\/product_tag?post=263"}],"curies":[{"name":"wp","href":"https:\/\/api.w.org\/{rel}","templated":true}]}}