{"id":266,"date":"2022-06-14T02:25:03","date_gmt":"2022-06-14T02:25:03","guid":{"rendered":"https:\/\/machpanda.com\/?post_type=product&#038;p=266"},"modified":"2022-09-05T02:30:12","modified_gmt":"2022-09-05T02:30:12","slug":"sr14ma","status":"publish","type":"product","link":"https:\/\/machpanda.com\/es\/producto\/sr14ma\/","title":{"rendered":"Mejor Rodillo compactador SHANTUI SR14MA"},"content":{"rendered":"<p>Rodillo compactador vibratorio de tambor simple mec\u00e1nico SR14MA de SHANTUI es una m\u00e1quina compactadora autopropulsada de alta eficiencia que utiliza su propio peso y la fuerza centr\u00edfuga para compactar varios tipos de materiales de construcci\u00f3n y construcci\u00f3n de carreteras. Rodillo compactador SR14MA de SHANTUI, Esta m\u00e1quina puede ser utilizada para la compactaci\u00f3n de proyectos de infraestructura y es especialmente adecuada para la compactaci\u00f3n de alta densidad de materiales no arcillosos, as\u00ed como materiales arcillosos y semi-arcillosos.<\/p>\n<table style=\"border-collapse: collapse; width: 354.77pt;\" border=\"0\" width=\"473\" cellspacing=\"0\" cellpadding=\"0\">\n<tbody>\n<tr style=\"height: 28.50pt;\">\n<td class=\"et3\" style=\"height: 28.50pt; width: 355.10pt;\" colspan=\"2\" width=\"473\" height=\"38\">PAR\u00c1METRO<\/td>\n<\/tr>\n<tr style=\"height: 22.50pt;\">\n<td class=\"et4\" style=\"height: 22.50pt; width: 206.05pt;\" width=\"274\" height=\"30\">Nombre del par\u00e1metro<\/td>\n<td class=\"et4\" style=\"width: 149.05pt;\" width=\"198\">SR14<\/td>\n<\/tr>\n<tr style=\"height: 22.50pt;\">\n<td class=\"et5\" style=\"height: 22.50pt; width: 206.05pt;\" width=\"274\" height=\"30\">Par\u00e1metros de rendimiento<\/td>\n<td class=\"et5\" style=\"width: 149.05pt;\" width=\"198\"><\/td>\n<\/tr>\n<tr style=\"height: 22.50pt;\">\n<td class=\"et7\" style=\"height: 22.50pt; width: 206.05pt;\" width=\"274\" height=\"30\">Peso operativo (Kg)<\/td>\n<td class=\"et7\" style=\"width: 149.05pt;\" width=\"198\">14000<\/td>\n<\/tr>\n<tr style=\"height: 22.50pt;\">\n<td class=\"et7\" style=\"height: 22.50pt; width: 206.05pt;\" width=\"274\" height=\"30\">Fuerza excitante (KN)<\/td>\n<td class=\"et7\" style=\"width: 149.05pt;\" width=\"198\">310\/200<\/td>\n<\/tr>\n<tr style=\"height: 22.50pt;\">\n<td class=\"et7\" style=\"height: 22.50pt; width: 206.05pt;\" width=\"274\" height=\"30\">Frecuencia de vibraci\u00f3n (Hz)<\/td>\n<td class=\"et7\" style=\"width: 149.05pt;\" width=\"198\">30\/35<\/td>\n<\/tr>\n<tr style=\"height: 22.50pt;\">\n<td class=\"et7\" style=\"height: 22.50pt; width: 206.05pt;\" width=\"274\" height=\"30\">Amplitud nominal (mm)<\/td>\n<td class=\"et7\" style=\"width: 149.05pt;\" width=\"198\">1.65\/0.70<\/td>\n<\/tr>\n<tr style=\"height: 22.50pt;\">\n<td class=\"et7\" style=\"height: 22.50pt; width: 206.05pt;\" width=\"274\" height=\"30\">Trepabilidad (%)<\/td>\n<td class=\"et7\" style=\"width: 149.05pt;\" width=\"198\">45<\/td>\n<\/tr>\n<tr style=\"height: 22.50pt;\">\n<td class=\"et5\" style=\"height: 22.50pt; width: 206.05pt;\" width=\"274\" height=\"30\">Motor<\/td>\n<td class=\"et5\" style=\"width: 149.05pt;\" width=\"198\"><\/td>\n<\/tr>\n<tr style=\"height: 22.50pt;\">\n<td class=\"et7\" style=\"height: 22.50pt; width: 206.05pt;\" width=\"274\" height=\"30\">Modelo de motor<\/td>\n<td class=\"et7\" style=\"width: 149.05pt;\" width=\"198\">Weichai WP6G140E22<\/td>\n<\/tr>\n<tr style=\"height: 22.50pt;\">\n<td class=\"et7\" style=\"height: 22.50pt; width: 206.05pt;\" width=\"274\" height=\"30\">Potencia nominal\/velocidad nominal (kW\/rpm)<\/td>\n<td class=\"et7\" style=\"width: 149.05pt;\" width=\"198\">105kw\/2200rpm<\/td>\n<\/tr>\n<tr style=\"height: 22.50pt;\">\n<td class=\"et5\" style=\"height: 22.50pt; width: 206.05pt;\" width=\"274\" height=\"30\">Dimensiones totales<\/td>\n<td class=\"et5\" style=\"width: 149.05pt;\" width=\"198\"><\/td>\n<\/tr>\n<tr style=\"height: 22.50pt;\">\n<td class=\"et7\" style=\"height: 22.50pt; width: 206.05pt;\" width=\"274\" height=\"30\">Dimensiones totales de la m\u00e1quina (mm)<\/td>\n<td class=\"et7\" style=\"width: 149.05pt;\" width=\"198\">6140*2280*3100<\/td>\n<\/tr>\n<tr style=\"height: 22.50pt;\">\n<td class=\"et5\" style=\"height: 22.50pt; width: 206.05pt;\" width=\"274\" height=\"30\">Rendimiento de conducci\u00f3n<\/td>\n<td class=\"et5\" style=\"width: 149.05pt;\" width=\"198\"><\/td>\n<\/tr>\n<tr style=\"height: 22.50pt;\">\n<td class=\"et7\" style=\"height: 22.50pt; width: 206.05pt;\" width=\"274\" height=\"30\">Velocidad de avance (km\/h)<\/td>\n<td class=\"et7\" style=\"width: 149.05pt;\" width=\"198\">F1: 0-5,5, F2: 0-10<\/td>\n<\/tr>\n<tr style=\"height: 22.50pt;\">\n<td class=\"et7\" style=\"height: 22.50pt; width: 206.05pt;\" width=\"274\" height=\"30\">Velocidad de marcha atr\u00e1s (km\/h)<\/td>\n<td class=\"et7\" style=\"width: 149.05pt;\" width=\"198\">R1: 0-5.5, R2: 0-10<\/td>\n<\/tr>\n<tr style=\"height: 22.50pt;\">\n<td class=\"et5\" style=\"height: 22.50pt; width: 206.05pt;\" width=\"274\" height=\"30\">Sistema de chasis<\/td>\n<td class=\"et5\" style=\"width: 149.05pt;\" width=\"198\"><\/td>\n<\/tr>\n<tr style=\"height: 22.50pt;\">\n<td class=\"et7\" style=\"height: 22.50pt; width: 206.05pt;\" width=\"274\" height=\"30\">Distancia entre ejes (mm)<\/td>\n<td class=\"et7\" style=\"width: 149.05pt;\" width=\"198\">3100<\/td>\n<\/tr>\n<tr style=\"height: 22.50pt;\">\n<td class=\"et5\" style=\"height: 22.50pt; width: 206.05pt;\" width=\"274\" height=\"30\">Capacidad del tanque<\/td>\n<td class=\"et5\" style=\"width: 149.05pt;\" width=\"198\"><\/td>\n<\/tr>\n<tr style=\"height: 22.50pt;\">\n<td class=\"et7\" style=\"height: 22.50pt; width: 206.05pt;\" width=\"274\" height=\"30\">Tanque de combustible (L)<\/td>\n<td class=\"et7\" style=\"width: 149.05pt;\" width=\"198\">240<\/td>\n<\/tr>\n<tr style=\"height: 22.50pt;\">\n<td class=\"et5\" style=\"height: 22.50pt; width: 206.05pt;\" width=\"274\" height=\"30\">dispositivo de trabajo<\/td>\n<td class=\"et5\" style=\"width: 149.05pt;\" width=\"198\"><\/td>\n<\/tr>\n<tr style=\"height: 22.50pt;\">\n<td class=\"et7\" style=\"height: 22.50pt; width: 206.05pt;\" width=\"274\" height=\"30\">Ancho de compactaci\u00f3n<span class=\"font4\">(<\/span><span class=\"font5\">mil\u00edmetro<\/span><span class=\"font4\">\uff09<\/span><\/td>\n<td class=\"et7\" style=\"width: 149.05pt;\" width=\"198\">2130<\/td>\n<\/tr>\n<\/tbody>\n<\/table>","protected":false},"excerpt":{"rendered":"<p>Peso de la m\u00e1quina: 14000 kg<br \/>\nPotencia del motor: 95kw\/2000rpm<br \/>\nAncho de compactaci\u00f3n: 2130 mm<\/p>","protected":false},"featured_media":751,"comment_status":"closed","ping_status":"closed","template":"","meta":[],"product_brand":[],"product_cat":[21],"product_tag":[71,52],"class_list":{"0":"post-266","1":"product","2":"type-product","3":"status-publish","4":"has-post-thumbnail","6":"product_cat-road-roller","7":"product_tag-road-roller_sr14ma","8":"product_tag-sr14ma","10":"first","11":"instock","12":"shipping-taxable","13":"product-type-simple"},"aioseo_notices":[],"_links":{"self":[{"href":"https:\/\/machpanda.com\/es\/wp-json\/wp\/v2\/product\/266","targetHints":{"allow":["GET"]}}],"collection":[{"href":"https:\/\/machpanda.com\/es\/wp-json\/wp\/v2\/product"}],"about":[{"href":"https:\/\/machpanda.com\/es\/wp-json\/wp\/v2\/types\/product"}],"replies":[{"embeddable":true,"href":"https:\/\/machpanda.com\/es\/wp-json\/wp\/v2\/comments?post=266"}],"wp:featuredmedia":[{"embeddable":true,"href":"https:\/\/machpanda.com\/es\/wp-json\/wp\/v2\/media\/751"}],"wp:attachment":[{"href":"https:\/\/machpanda.com\/es\/wp-json\/wp\/v2\/media?parent=266"}],"wp:term":[{"taxonomy":"product_brand","embeddable":true,"href":"https:\/\/machpanda.com\/es\/wp-json\/wp\/v2\/product_brand?post=266"},{"taxonomy":"product_cat","embeddable":true,"href":"https:\/\/machpanda.com\/es\/wp-json\/wp\/v2\/product_cat?post=266"},{"taxonomy":"product_tag","embeddable":true,"href":"https:\/\/machpanda.com\/es\/wp-json\/wp\/v2\/product_tag?post=266"}],"curies":[{"name":"wp","href":"https:\/\/api.w.org\/{rel}","templated":true}]}}