{"id":272,"date":"2022-06-14T02:30:43","date_gmt":"2022-06-14T02:30:43","guid":{"rendered":"https:\/\/machpanda.com\/?post_type=product&#038;p=272"},"modified":"2022-09-05T01:30:45","modified_gmt":"2022-09-05T01:30:45","slug":"sr20","status":"publish","type":"product","link":"https:\/\/machpanda.com\/es\/producto\/sr20\/","title":{"rendered":"El mejor rodillo compactador SR20"},"content":{"rendered":"<h4>Rodillo compactador vibratorio de tambor \u00fanico SR20 ton de la mejor marca china<\/h4>\n<p>Rodillo compactador SR20 Este producto es un rodillo compactador vibratorio hidr\u00e1ulico peque\u00f1o. Se utiliza principalmente para la compactaci\u00f3n de diversos materiales de construcci\u00f3n, tales como suelos no cohesivos, arena, tumbas, mezcla de grava-agregado. Es especialmente adecuado para la compactaci\u00f3n de carreteras residenciales, caminos rurales, garajes subterr\u00e1neos, parques infantiles y relleno de tierra de varias zanjas.<\/p>\n<table style=\"border-collapse: collapse; width: 321.02pt;\" border=\"0\" width=\"428\" cellspacing=\"0\" cellpadding=\"0\">\n<tbody>\n<tr style=\"height: 14.25pt;\">\n<td class=\"et2\" style=\"height: 14.25pt; width: 192.75pt;\" width=\"257\" height=\"19\">Peso de trabajo (kg)<\/td>\n<td class=\"et3\" style=\"width: 128.25pt;\" width=\"171\">20000<\/td>\n<\/tr>\n<tr style=\"height: 14.25pt;\">\n<td class=\"et2\" style=\"height: 14.25pt; width: 192.75pt;\" width=\"257\" height=\"19\">Compactaci\u00f3n (% de XS122)<\/td>\n<td class=\"et3\" style=\"width: 128.25pt;\" width=\"171\"><\/td>\n<\/tr>\n<tr style=\"height: 14.25pt;\">\n<td class=\"et2\" style=\"height: 14.25pt; width: 192.75pt;\" width=\"257\" height=\"19\">Frecuencia de vibraci\u00f3n (alta\/baja) (HZ)<\/td>\n<td class=\"et3\" style=\"width: 128.25pt;\" width=\"171\">30\/28<\/td>\n<\/tr>\n<tr style=\"height: 14.25pt;\">\n<td class=\"et2\" style=\"height: 14.25pt; width: 192.75pt;\" width=\"257\" height=\"19\">Fuerza excitante (alta\/baja) (KN)<\/td>\n<td class=\"et3\" style=\"width: 128.25pt;\" width=\"171\">360\/208<\/td>\n<\/tr>\n<tr style=\"height: 14.25pt;\">\n<td class=\"et2\" style=\"height: 14.25pt; width: 192.75pt;\" width=\"257\" height=\"19\">Presi\u00f3n est\u00e1tica (N\/cm)<\/td>\n<td class=\"et3\" style=\"width: 128.25pt;\" width=\"171\">461<\/td>\n<\/tr>\n<tr style=\"height: 14.25pt;\">\n<td class=\"et2\" style=\"height: 14.25pt; width: 192.75pt;\" width=\"257\" height=\"19\">motor<\/td>\n<td class=\"et3\" style=\"width: 128.25pt;\" width=\"171\"><\/td>\n<\/tr>\n<tr style=\"height: 14.25pt;\">\n<td class=\"et2\" style=\"height: 14.25pt; width: 192.75pt;\" width=\"257\" height=\"19\">Potencia nominal (kw)<\/td>\n<td class=\"et3\" style=\"width: 128.25pt;\" width=\"171\">129<\/td>\n<\/tr>\n<tr style=\"height: 14.25pt;\">\n<td class=\"et2\" style=\"height: 14.25pt; width: 192.75pt;\" width=\"257\" height=\"19\">Velocidad (r\/min)<\/td>\n<td class=\"et3\" style=\"width: 128.25pt;\" width=\"171\">2000<\/td>\n<\/tr>\n<tr style=\"height: 14.25pt;\">\n<td class=\"et2\" style=\"height: 14.25pt; width: 192.75pt;\" width=\"257\" height=\"19\">Volumen del tanque de combustible (L)<\/td>\n<td class=\"et3\" style=\"width: 128.25pt;\" width=\"171\">262<\/td>\n<\/tr>\n<tr style=\"height: 14.25pt;\">\n<td class=\"et2\" style=\"height: 14.25pt; width: 192.75pt;\" width=\"257\" height=\"19\">Volumen del tanque hidr\u00e1ulico (L)<\/td>\n<td class=\"et3\" style=\"width: 128.25pt;\" width=\"171\">80<\/td>\n<\/tr>\n<tr style=\"height: 14.25pt;\">\n<td class=\"et2\" style=\"height: 14.25pt; width: 192.75pt;\" width=\"257\" height=\"19\">tambor<\/td>\n<td class=\"et3\" style=\"width: 128.25pt;\" width=\"171\"><\/td>\n<\/tr>\n<tr style=\"height: 14.25pt;\">\n<td class=\"et2\" style=\"height: 14.25pt; width: 192.75pt;\" width=\"257\" height=\"19\">Ancho del rodillo (mm)<\/td>\n<td class=\"et3\" style=\"width: 128.25pt;\" width=\"171\">2130<\/td>\n<\/tr>\n<tr style=\"height: 14.25pt;\">\n<td class=\"et2\" style=\"height: 14.25pt; width: 192.75pt;\" width=\"257\" height=\"19\">Di\u00e1metro del tambor (mm)<\/td>\n<td class=\"et3\" style=\"width: 128.25pt;\" width=\"171\">1600<\/td>\n<\/tr>\n<tr style=\"height: 14.25pt;\">\n<td class=\"et2\" style=\"height: 14.25pt; width: 192.75pt;\" width=\"257\" height=\"19\">Grosor del rodillo (mm)<\/td>\n<td class=\"et3\" style=\"width: 128.25pt;\" width=\"171\">50<\/td>\n<\/tr>\n<tr style=\"height: 14.25pt;\">\n<td class=\"et2\" style=\"height: 14.25pt; width: 192.75pt;\" width=\"257\" height=\"19\">neum\u00e1tico<\/td>\n<td class=\"et3\" style=\"width: 128.25pt;\" width=\"171\"><\/td>\n<\/tr>\n<tr style=\"height: 14.25pt;\">\n<td class=\"et2\" style=\"height: 14.25pt; width: 192.75pt;\" width=\"257\" height=\"19\">tipo de neum\u00e1tico<\/td>\n<td class=\"et3\" style=\"width: 128.25pt;\" width=\"171\">20.5-25<\/td>\n<\/tr>\n<tr style=\"height: 14.25pt;\">\n<td class=\"et2\" style=\"height: 14.25pt; width: 192.75pt;\" width=\"257\" height=\"19\">velocidad<\/td>\n<td class=\"et3\" style=\"width: 128.25pt;\" width=\"171\"><\/td>\n<\/tr>\n<tr style=\"height: 14.25pt;\">\n<td class=\"et2\" style=\"height: 14.25pt; width: 192.75pt;\" width=\"257\" height=\"19\">F\/RI (km\/h)<\/td>\n<td class=\"et3\" style=\"width: 128.25pt;\" width=\"171\">2.98<\/td>\n<\/tr>\n<tr style=\"height: 14.25pt;\">\n<td class=\"et2\" style=\"height: 14.25pt; width: 192.75pt;\" width=\"257\" height=\"19\">F\/R II (km\/h)<\/td>\n<td class=\"et3\" style=\"width: 128.25pt;\" width=\"171\">5.88<\/td>\n<\/tr>\n<tr style=\"height: 14.25pt;\">\n<td class=\"et2\" style=\"height: 14.25pt; width: 192.75pt;\" width=\"257\" height=\"19\">F\/R III (km\/h)<\/td>\n<td class=\"et3\" style=\"width: 128.25pt;\" width=\"171\">9.6<\/td>\n<\/tr>\n<tr style=\"height: 14.25pt;\">\n<td class=\"et2\" style=\"height: 14.25pt; width: 192.75pt;\" width=\"257\" height=\"19\">\u00c1ngulo de giro (\u00b0)<\/td>\n<td class=\"et3\" style=\"width: 128.25pt;\" width=\"171\">\u00b112<\/td>\n<\/tr>\n<tr style=\"height: 14.25pt;\">\n<td class=\"et2\" style=\"height: 14.25pt; width: 192.75pt;\" width=\"257\" height=\"19\">\u00c1ngulo de direcci\u00f3n (\u00b0)<\/td>\n<td class=\"et3\" style=\"width: 128.25pt;\" width=\"171\">\u00b133<\/td>\n<\/tr>\n<tr style=\"height: 14.25pt;\">\n<td class=\"et2\" style=\"height: 14.25pt; width: 192.75pt;\" width=\"257\" height=\"19\">Radio de giro exterior (mm)<\/td>\n<td class=\"et3\" style=\"width: 128.25pt;\" width=\"171\">6350<\/td>\n<\/tr>\n<tr style=\"height: 14.25pt;\">\n<td class=\"et2\" style=\"height: 14.25pt; width: 192.75pt;\" width=\"257\" height=\"19\">M\u00e1xima capacidad de ascenso<\/td>\n<td class=\"et4\" style=\"width: 128.25pt;\" width=\"171\">34%<\/td>\n<\/tr>\n<\/tbody>\n<\/table>","protected":false},"excerpt":{"rendered":"<p>Tipo: Rodillo de un solo tambor<br \/>\nTama\u00f1o: 6298*2420*3210mm<br \/>\nPotencia (W): 128KW<\/p>","protected":false},"featured_media":747,"comment_status":"closed","ping_status":"closed","template":"","meta":[],"product_brand":[],"product_cat":[21],"product_tag":[68,55],"class_list":{"0":"post-272","1":"product","2":"type-product","3":"status-publish","4":"has-post-thumbnail","6":"product_cat-road-roller","7":"product_tag-road-roller_sr20","8":"product_tag-sr20","10":"first","11":"instock","12":"shipping-taxable","13":"product-type-simple"},"aioseo_notices":[],"_links":{"self":[{"href":"https:\/\/machpanda.com\/es\/wp-json\/wp\/v2\/product\/272","targetHints":{"allow":["GET"]}}],"collection":[{"href":"https:\/\/machpanda.com\/es\/wp-json\/wp\/v2\/product"}],"about":[{"href":"https:\/\/machpanda.com\/es\/wp-json\/wp\/v2\/types\/product"}],"replies":[{"embeddable":true,"href":"https:\/\/machpanda.com\/es\/wp-json\/wp\/v2\/comments?post=272"}],"wp:featuredmedia":[{"embeddable":true,"href":"https:\/\/machpanda.com\/es\/wp-json\/wp\/v2\/media\/747"}],"wp:attachment":[{"href":"https:\/\/machpanda.com\/es\/wp-json\/wp\/v2\/media?parent=272"}],"wp:term":[{"taxonomy":"product_brand","embeddable":true,"href":"https:\/\/machpanda.com\/es\/wp-json\/wp\/v2\/product_brand?post=272"},{"taxonomy":"product_cat","embeddable":true,"href":"https:\/\/machpanda.com\/es\/wp-json\/wp\/v2\/product_cat?post=272"},{"taxonomy":"product_tag","embeddable":true,"href":"https:\/\/machpanda.com\/es\/wp-json\/wp\/v2\/product_tag?post=272"}],"curies":[{"name":"wp","href":"https:\/\/api.w.org\/{rel}","templated":true}]}}