{"id":274,"date":"2022-06-14T02:32:33","date_gmt":"2022-06-14T02:32:33","guid":{"rendered":"https:\/\/machpanda.com\/?post_type=product&#038;p=274"},"modified":"2022-09-06T03:42:03","modified_gmt":"2022-09-06T03:42:03","slug":"powerful-shantui-road-roller-sr20ma","status":"publish","type":"product","link":"https:\/\/machpanda.com\/es\/producto\/powerful-shantui-road-roller-sr20ma\/","title":{"rendered":"Potente rodillo compactador SHANTUI SR20MA"},"content":{"rendered":"<p>Rodillo compactador potente SHANTUI SR20MA, el rodillo compactador es un rodillo compactador accionado mec\u00e1nicamente desarrollado por Shantui, y su tecnolog\u00eda ha alcanzado el nivel avanzado nacional. Este producto hereda m\u00e1s de 20 a\u00f1os de experiencia de Shantui en la producci\u00f3n de rodillos compactadores, con excelente calidad, rendimiento estable y confiable, fuerte comodidad de operaci\u00f3n, mantenimiento conveniente, alto peso propio, gran fuerza de excitaci\u00f3n, y alta eficiencia de compactaci\u00f3n.<\/p>\n<p>Rodillo compactador potente SHANTUI SR20MA\uff0cCompactaci\u00f3n de materiales no cohesivos como grava, piedra triturada, mezcla de arena y grava, suelo arenoso y relleno de roca en la capa base y la ingenier\u00eda de relleno, que puede ser ampliamente utilizado en la construcci\u00f3n de carreteras de alto grado, ferrocarriles, aeropuertos, puertos, presas, etc. en construcci\u00f3n.<\/p>","protected":false},"excerpt":{"rendered":"<p>Peso de la m\u00e1quina: 20000 kg<br \/>\nPotencia del motor: 128kw\/1800rpm<br \/>\nAncho de compactaci\u00f3n: 2140 mm<\/p>","protected":false},"featured_media":746,"comment_status":"closed","ping_status":"closed","template":"","meta":[],"product_brand":[],"product_cat":[21],"product_tag":[67,56],"class_list":{"0":"post-274","1":"product","2":"type-product","3":"status-publish","4":"has-post-thumbnail","6":"product_cat-road-roller","7":"product_tag-road-roller_sr20ma","8":"product_tag-sr20-1","10":"first","11":"instock","12":"shipping-taxable","13":"product-type-simple"},"aioseo_notices":[],"_links":{"self":[{"href":"https:\/\/machpanda.com\/es\/wp-json\/wp\/v2\/product\/274","targetHints":{"allow":["GET"]}}],"collection":[{"href":"https:\/\/machpanda.com\/es\/wp-json\/wp\/v2\/product"}],"about":[{"href":"https:\/\/machpanda.com\/es\/wp-json\/wp\/v2\/types\/product"}],"replies":[{"embeddable":true,"href":"https:\/\/machpanda.com\/es\/wp-json\/wp\/v2\/comments?post=274"}],"wp:featuredmedia":[{"embeddable":true,"href":"https:\/\/machpanda.com\/es\/wp-json\/wp\/v2\/media\/746"}],"wp:attachment":[{"href":"https:\/\/machpanda.com\/es\/wp-json\/wp\/v2\/media?parent=274"}],"wp:term":[{"taxonomy":"product_brand","embeddable":true,"href":"https:\/\/machpanda.com\/es\/wp-json\/wp\/v2\/product_brand?post=274"},{"taxonomy":"product_cat","embeddable":true,"href":"https:\/\/machpanda.com\/es\/wp-json\/wp\/v2\/product_cat?post=274"},{"taxonomy":"product_tag","embeddable":true,"href":"https:\/\/machpanda.com\/es\/wp-json\/wp\/v2\/product_tag?post=274"}],"curies":[{"name":"wp","href":"https:\/\/api.w.org\/{rel}","templated":true}]}}