{"id":276,"date":"2022-06-14T02:34:04","date_gmt":"2022-06-14T02:34:04","guid":{"rendered":"https:\/\/machpanda.com\/?post_type=product&#038;p=276"},"modified":"2022-09-06T03:41:39","modified_gmt":"2022-09-06T03:41:39","slug":"powerful-shantui-road-roller-sr26m-3","status":"publish","type":"product","link":"https:\/\/machpanda.com\/es\/producto\/powerful-shantui-road-roller-sr26m-3\/","title":{"rendered":"Potente rodillo compactador SHANTUI SR26M-3"},"content":{"rendered":"<p>1. Motor potente del rodillo compactador SR26M-3 Weichai WP6G190E331 de SHANTUI, con un excelente rendimiento, alta confiabilidad y buen ahorro de combustible, es la potencia de configuraci\u00f3n principal para la maquinaria de construcci\u00f3n china. 2. La nueva rueda de vibraci\u00f3n patentada de Shantui tiene una mejor estructura y estabilidad.<\/p>\n<p>Potente rodillo compactador SHANTUI SR26M-3<\/p>\n<table style=\"border-collapse: collapse; width: 392.27pt;\" border=\"0\" width=\"523\" cellspacing=\"0\" cellpadding=\"0\">\n<tbody>\n<tr style=\"height: 14.25pt;\">\n<td class=\"et2\" style=\"height: 14.25pt; width: 179.25pt;\" width=\"239\" height=\"19\">Nombre del par\u00e1metro<\/td>\n<td class=\"et2\" style=\"width: 213.00pt;\" width=\"284\">SR26M-3 (versi\u00f3n est\u00e1ndar)<\/td>\n<\/tr>\n<tr style=\"height: 14.25pt;\">\n<td class=\"et3\" style=\"height: 14.25pt; width: 179.25pt;\" width=\"239\" height=\"19\">Par\u00e1metros de rendimiento<\/td>\n<td class=\"et3\" style=\"width: 213.00pt;\" width=\"284\"><\/td>\n<\/tr>\n<tr style=\"height: 14.25pt;\">\n<td class=\"et4\" style=\"height: 14.25pt; width: 179.25pt;\" width=\"239\" height=\"19\">Peso operativo (Kg)<\/td>\n<td class=\"et4\" style=\"width: 213.00pt;\" align=\"right\" width=\"284\">26000<\/td>\n<\/tr>\n<tr style=\"height: 14.25pt;\">\n<td class=\"et4\" style=\"height: 14.25pt; width: 179.25pt;\" width=\"239\" height=\"19\">Fuerza excitante (KN)<\/td>\n<td class=\"et4\" style=\"width: 213.00pt;\" width=\"284\">435\/315<\/td>\n<\/tr>\n<tr style=\"height: 14.25pt;\">\n<td class=\"et4\" style=\"height: 14.25pt; width: 179.25pt;\" width=\"239\" height=\"19\">Frecuencia de vibraci\u00f3n (Hz)<\/td>\n<td class=\"et4\" style=\"width: 213.00pt;\" width=\"284\">29\/35<\/td>\n<\/tr>\n<tr style=\"height: 14.25pt;\">\n<td class=\"et4\" style=\"height: 14.25pt; width: 179.25pt;\" width=\"239\" height=\"19\">Amplitud nominal (mm)<\/td>\n<td class=\"et4\" style=\"width: 213.00pt;\" width=\"284\">&#8211;<\/td>\n<\/tr>\n<tr style=\"height: 14.25pt;\">\n<td class=\"et4\" style=\"height: 14.25pt; width: 179.25pt;\" width=\"239\" height=\"19\">Presi\u00f3n sobre el suelo (KPa)<\/td>\n<td class=\"et4\" style=\"width: 213.00pt;\" width=\"284\">&#8211;<\/td>\n<\/tr>\n<tr style=\"height: 14.25pt;\">\n<td class=\"et4\" style=\"height: 14.25pt; width: 179.25pt;\" width=\"239\" height=\"19\">Trepabilidad (%)<\/td>\n<td class=\"et4\" style=\"width: 213.00pt;\" width=\"284\">&#8211;<\/td>\n<\/tr>\n<tr style=\"height: 14.25pt;\">\n<td class=\"et3\" style=\"height: 14.25pt; width: 179.25pt;\" width=\"239\" height=\"19\">Motor<\/td>\n<td class=\"et3\" style=\"width: 213.00pt;\" width=\"284\"><\/td>\n<\/tr>\n<tr style=\"height: 14.25pt;\">\n<td class=\"et4\" style=\"height: 14.25pt; width: 179.25pt;\" width=\"239\" height=\"19\">Modelo de motor<\/td>\n<td class=\"et4\" style=\"width: 213.00pt;\" width=\"284\">WP6<\/td>\n<\/tr>\n<tr style=\"height: 27.75pt;\">\n<td class=\"et4\" style=\"height: 27.75pt; width: 179.25pt;\" width=\"239\" height=\"37\">Potencia nominal\/velocidad nominal (kW\/rpm)<\/td>\n<td class=\"et4\" style=\"width: 213.00pt;\" width=\"284\">140\/1800<\/td>\n<\/tr>\n<tr style=\"height: 14.25pt;\">\n<td class=\"et3\" style=\"height: 14.25pt; width: 179.25pt;\" width=\"239\" height=\"19\">Dimensiones totales<\/td>\n<td class=\"et3\" style=\"width: 213.00pt;\" width=\"284\"><\/td>\n<\/tr>\n<tr style=\"height: 27.75pt;\">\n<td class=\"et4\" style=\"height: 27.75pt; width: 179.25pt;\" width=\"239\" height=\"37\">Dimensiones totales de la m\u00e1quina (mm)<\/td>\n<td class=\"et4\" style=\"width: 213.00pt;\" width=\"284\">6442*2432*3314<\/td>\n<\/tr>\n<tr style=\"height: 14.25pt;\">\n<td class=\"et3\" style=\"height: 14.25pt; width: 179.25pt;\" width=\"239\" height=\"19\">Rendimiento de conducci\u00f3n<\/td>\n<td class=\"et3\" style=\"width: 213.00pt;\" width=\"284\"><\/td>\n<\/tr>\n<tr style=\"height: 14.25pt;\">\n<td class=\"et4\" style=\"height: 14.25pt; width: 179.25pt;\" width=\"239\" height=\"19\">Velocidad de avance (km\/h)<\/td>\n<td class=\"et4\" style=\"width: 213.00pt;\" width=\"284\">2.8\/5.5\/9.0<\/td>\n<\/tr>\n<tr style=\"height: 14.25pt;\">\n<td class=\"et4\" style=\"height: 14.25pt; width: 179.25pt;\" width=\"239\" height=\"19\">Velocidad de marcha atr\u00e1s (km\/h)<\/td>\n<td class=\"et4\" style=\"width: 213.00pt;\" width=\"284\">2.8\/5.5\/9.0<\/td>\n<\/tr>\n<tr style=\"height: 14.25pt;\">\n<td class=\"et3\" style=\"height: 14.25pt; width: 179.25pt;\" width=\"239\" height=\"19\">Sistema de chasis<\/td>\n<td class=\"et3\" style=\"width: 213.00pt;\" width=\"284\"><\/td>\n<\/tr>\n<tr style=\"height: 14.25pt;\">\n<td class=\"et4\" style=\"height: 14.25pt; width: 179.25pt;\" width=\"239\" height=\"19\">Distancia entre ejes (mm)<\/td>\n<td class=\"et4\" style=\"width: 213.00pt;\" width=\"284\">&#8211;<\/td>\n<\/tr>\n<tr style=\"height: 14.25pt;\">\n<td class=\"et3\" style=\"height: 14.25pt; width: 179.25pt;\" width=\"239\" height=\"19\">Capacidad del tanque<\/td>\n<td class=\"et3\" style=\"width: 213.00pt;\" width=\"284\"><\/td>\n<\/tr>\n<tr style=\"height: 14.25pt;\">\n<td class=\"et4\" style=\"height: 14.25pt; width: 179.25pt;\" width=\"239\" height=\"19\">Tanque de combustible (L)<\/td>\n<td class=\"et4\" style=\"width: 213.00pt;\" align=\"right\" width=\"284\">375<\/td>\n<\/tr>\n<tr style=\"height: 14.25pt;\">\n<td class=\"et3\" style=\"height: 14.25pt; width: 179.25pt;\" width=\"239\" height=\"19\">dispositivo de trabajo<\/td>\n<td class=\"et3\" style=\"width: 213.00pt;\" width=\"284\"><\/td>\n<\/tr>\n<tr style=\"height: 14.25pt;\">\n<td class=\"et4\" style=\"height: 14.25pt; width: 179.25pt;\" width=\"239\" height=\"19\">Ancho de compactaci\u00f3n (mm)<\/td>\n<td class=\"et4\" style=\"width: 213.00pt;\" align=\"right\" width=\"284\">2170<\/td>\n<\/tr>\n<\/tbody>\n<\/table>","protected":false},"excerpt":{"rendered":"<p>Peso de la m\u00e1quina: 26000<br \/>\nPotencia del motor: 140kw\/1800rpm<br \/>\nAncho de compactaci\u00f3n: 2170 mm<\/p>","protected":false},"featured_media":744,"comment_status":"closed","ping_status":"closed","template":"","meta":[],"product_brand":[],"product_cat":[21],"product_tag":[66,57],"class_list":{"0":"post-276","1":"product","2":"type-product","3":"status-publish","4":"has-post-thumbnail","6":"product_cat-road-roller","7":"product_tag-road-roller_sr26m-3","8":"product_tag-sr26-3","10":"first","11":"instock","12":"shipping-taxable","13":"product-type-simple"},"aioseo_notices":[],"_links":{"self":[{"href":"https:\/\/machpanda.com\/es\/wp-json\/wp\/v2\/product\/276","targetHints":{"allow":["GET"]}}],"collection":[{"href":"https:\/\/machpanda.com\/es\/wp-json\/wp\/v2\/product"}],"about":[{"href":"https:\/\/machpanda.com\/es\/wp-json\/wp\/v2\/types\/product"}],"replies":[{"embeddable":true,"href":"https:\/\/machpanda.com\/es\/wp-json\/wp\/v2\/comments?post=276"}],"wp:featuredmedia":[{"embeddable":true,"href":"https:\/\/machpanda.com\/es\/wp-json\/wp\/v2\/media\/744"}],"wp:attachment":[{"href":"https:\/\/machpanda.com\/es\/wp-json\/wp\/v2\/media?parent=276"}],"wp:term":[{"taxonomy":"product_brand","embeddable":true,"href":"https:\/\/machpanda.com\/es\/wp-json\/wp\/v2\/product_brand?post=276"},{"taxonomy":"product_cat","embeddable":true,"href":"https:\/\/machpanda.com\/es\/wp-json\/wp\/v2\/product_cat?post=276"},{"taxonomy":"product_tag","embeddable":true,"href":"https:\/\/machpanda.com\/es\/wp-json\/wp\/v2\/product_tag?post=276"}],"curies":[{"name":"wp","href":"https:\/\/api.w.org\/{rel}","templated":true}]}}